{"id":1394,"date":"2022-09-12T14:48:36","date_gmt":"2022-09-12T12:48:36","guid":{"rendered":"https:\/\/www.wasaline.com\/?page_id=1394"},"modified":"2026-04-02T09:23:12","modified_gmt":"2026-04-02T07:23:12","slug":"hotel-packages-from-vaasa","status":"publish","type":"page","link":"https:\/\/www.wasaline.com\/en\/hotel-packages-from-vaasa\/","title":{"rendered":"Hotel packages from Vaasa"},"content":{"rendered":"<div  class='flex_column av-3awaky-223c8b7cf8a4c89abde4d15e7c5483ed av_one_full  avia-builder-el-0  el_before_av_one_half  avia-builder-el-first  first flex_column_div  '     ><style type=\"text\/css\" data-created_by=\"avia_inline_auto\" id=\"style-css-av-kt7klok2-28f688165642fda8d1811d2cb2b28fde\">\n#top .av-special-heading.av-kt7klok2-28f688165642fda8d1811d2cb2b28fde{\npadding-bottom:10px;\n}\nbody .av-special-heading.av-kt7klok2-28f688165642fda8d1811d2cb2b28fde .av-special-heading-tag .heading-char{\nfont-size:25px;\n}\n.av-special-heading.av-kt7klok2-28f688165642fda8d1811d2cb2b28fde .av-subheading{\nfont-size:15px;\n}\n<\/style>\n<div  class='av-special-heading av-kt7klok2-28f688165642fda8d1811d2cb2b28fde av-special-heading-h1 blockquote modern-quote modern-centered  avia-builder-el-1  avia-builder-el-no-sibling  av-linked-heading'><h1 class='av-special-heading-tag '  itemprop=\"headline\"  >Hotel packages from Finland to Sweden<\/h1><div class=\"special-heading-border\"><div class=\"special-heading-inner-border\"><\/div><\/div><\/div><\/div>\n<div  class='flex_column av-ie8woi-5013708d6ed8defdd55f6e2702948248 av_one_half  avia-builder-el-2  el_after_av_one_full  el_before_av_one_half  first flex_column_div  column-top-margin'     ><section  class='av_textblock_section av-kt7knjqh-04e82b1e128592473f97bdaddd1fd5a9 '   itemscope=\"itemscope\" itemtype=\"https:\/\/schema.org\/CreativeWork\" ><div class='avia_textblock'  itemprop=\"text\" ><p>Did you know that we cooperate with several hotels in Ume\u00e5, Skellefte\u00e5 and \u00d6rnsk\u00f6ldsvik? We offer good prices for the hotel packages including both ferry ticket + hotel. Bring your car for a cheaper price when you book the car in combination with your hotel package booking.<\/p>\n<p><i>Read the\u00a0<a href=\"https:\/\/www.wasaline.com\/en\/travel-cancellation-and-transportation-terms\/#toggle-id-27\">cancellation terms<\/a>\u00a0for hotel packages.<\/i><\/p>\n<\/div><\/section><\/div>\n<div  class='flex_column av-1pd6ea-6b10509089d5d3c9ac0503efca22c80d av_one_half  avia-builder-el-4  el_after_av_one_half  el_before_av_one_full  flex_column_div  column-top-margin'     ><style type=\"text\/css\" data-created_by=\"avia_inline_auto\" id=\"style-css-av-l9fa4c02-7096eda5240690860352f9b61bcf80d4\">\n.avia-image-container.av-l9fa4c02-7096eda5240690860352f9b61bcf80d4 img.avia_image{\nbox-shadow:none;\n}\n.avia-image-container.av-l9fa4c02-7096eda5240690860352f9b61bcf80d4 .av-image-caption-overlay-center{\ncolor:#ffffff;\n}\n<\/style>\n<div  class='avia-image-container av-l9fa4c02-7096eda5240690860352f9b61bcf80d4 av-styling- avia-align-center  avia-builder-el-5  avia-builder-el-no-sibling '   itemprop=\"image\" itemscope=\"itemscope\" itemtype=\"https:\/\/schema.org\/ImageObject\" ><div class=\"avia-image-container-inner\"><div class=\"avia-image-overlay-wrap\"><img decoding=\"async\" fetchpriority=\"high\" class='wp-image-27499 avia-img-lazy-loading-not-27499 avia_image ' src=\"https:\/\/www.wasaline.com\/wp-content\/uploads\/2022\/10\/Vy-over-Umea.-Foto-Fredrik-Larsson-845x684.jpg\" alt='Vy \u00f6ver Ume\u00e5 centrum' title='Vy-over-Umea.-Foto-Fredrik-Larsson'  height=\"684\" width=\"845\"  itemprop=\"thumbnailUrl\" srcset=\"https:\/\/www.wasaline.com\/wp-content\/uploads\/2022\/10\/Vy-over-Umea.-Foto-Fredrik-Larsson-845x684.jpg 845w, https:\/\/www.wasaline.com\/wp-content\/uploads\/2022\/10\/Vy-over-Umea.-Foto-Fredrik-Larsson-495x400.jpg 495w\" sizes=\"(max-width: 845px) 100vw, 845px\" \/><\/div><\/div><\/div><\/div>\n<div  class='flex_column av-av_one_full-c3b372ad6f1642cd7c92869ade45eb87 av_one_full  avia-builder-el-6  el_after_av_one_half  el_before_av_one_full  first flex_column_div  column-top-margin'     ><style type=\"text\/css\" data-created_by=\"avia_inline_auto\" id=\"style-css-av-l9f9nk0g-0f8f152bbfafdab773a9b2c4c35c84f6\">\n#top .av-special-heading.av-l9f9nk0g-0f8f152bbfafdab773a9b2c4c35c84f6{\npadding-bottom:10px;\n}\nbody .av-special-heading.av-l9f9nk0g-0f8f152bbfafdab773a9b2c4c35c84f6 .av-special-heading-tag .heading-char{\nfont-size:25px;\n}\n.av-special-heading.av-l9f9nk0g-0f8f152bbfafdab773a9b2c4c35c84f6 .av-subheading{\nfont-size:15px;\n}\n<\/style>\n<div  class='av-special-heading av-l9f9nk0g-0f8f152bbfafdab773a9b2c4c35c84f6 av-special-heading-h2 blockquote modern-quote modern-centered  avia-builder-el-7  avia-builder-el-no-sibling  av-linked-heading'><h2 class='av-special-heading-tag '  itemprop=\"headline\"  >Book now<\/h2><div class=\"special-heading-border\"><div class=\"special-heading-inner-border\"><\/div><\/div><\/div><\/div><div  class='flex_column av-av_one_full-c3b372ad6f1642cd7c92869ade45eb87 av_one_full  avia-builder-el-8  el_after_av_one_full  el_before_av_one_full  first flex_column_div  column-top-margin'     ><section  class='av_textblock_section av-mnh5e0bp-f6357f03bc1c199dd2b5bb840f2bc3ca '   itemscope=\"itemscope\" itemtype=\"https:\/\/schema.org\/CreativeWork\" ><div class='avia_textblock'  itemprop=\"text\" ><p style=\"text-align: center;\">Change direction: <a href=\"https:\/\/www.wasaline.com\/en\/hotel-packages\/\">Hotel packages to Finland<\/a><\/p>\n<\/div><\/section><br \/>\n<div  class='avia-builder-widget-area clearfix  avia-builder-el-10  el_after_av_textblock  avia-builder-el-last '><div id=\"custom_html-13\" class=\"widget_text widget clearfix widget_custom_html\"><h3 class=\"widgettitle\">EN<\/h3><div class=\"textwidget custom-html-widget\"><style>\r\n.cb-widget-standard *, .cb-widget-standard :after, .cb-widget-standard :before {height: 60px;}\r\n#top select, #top .avia_ajax_form .select, #top .entry-content-wrapper select {padding-left: 20px;padding-top: 24px;\r\nfont-size: 16px;font-family: SofiaPro-Light, Open Sans;}\r\n#top .main_color .input-text, #top .main_color input[type='text'], #top .main_color input[type='input'], #top .main_color input[type='password'], #top .main_color input[type='email'], #top .main_color input[type='number'], #top .main_color input[type='url'], #top .main_color input[type='tel'], #top .main_color input[type='search'], #top .main_color textarea, #top .main_color select {height: 60px;padding-left: 20px;padding-top: 24px;\r\nfont-size: 16px;font-family: SofiaPro-Light, Open Sans;}\r\n.cb-js-scrollto-section-travelers {display:none !important;}\r\nbody .cb-widget-standard .cb-gui-select>span, body .cb-widget-standard .cb-gui-text>input, body .cb-widget-standard .cb-gui-text>span, body .cb-widget-standard input.cb-gui-text, body .cb-widget-standard select.cb-gui-select {padding: 28px 12px 7px 22px; font-family: SofiaPro-Light, Open Sans;}\r\nbody .cb-widget-standard .cb-gui-btn {\r\nfont-family: SofiaPro-Light, Open Sans;\r\nfont-size: 16px;\r\nfont-weight: 500;\r\ntext-transform:uppercase;\r\nbackground:#FBD872 !important;\r\ncolor:#003865 !important;\r\nborder: none;\r\npadding: 18px 10px 42px 10px;\r\nmin-width: 140px;\r\n}\r\n@media only screen and (min-width: 1001px) {\r\nbody .cb-widget-standard .cb-sections {min-height: 100px;}\r\n}\r\n@media only screen and (max-width: 1000px) {\r\nbody .cb-widget-standard .cb-sections {min-height: 250px;}\r\n}\r\n<\/style>\r\n\r\n\r\n\r\n<style>\r\n.cb-widget-standard *, .cb-widget-standard :after, .cb-widget-standard :before {\r\n    height: auto;\r\n}\r\n.cb-widget-standard .cb-gui-btn {\r\n    padding: 18px 10px 18px 10px !important;} <\/style>\r\n<script async type=\"text\/javascript\" src=\"https:\/\/destination.scandinavia.wasaline.com\/en\/widget?token=4957dacd-88e9-4e03-8845-d1221e20c2d7\"><\/script> <div id=\"4957dacd-88e9-4e03-8845-d1221e20c2d7\"><\/div><\/div><\/div><\/div><\/p><\/div><div  class='flex_column av-av_one_full-c3b372ad6f1642cd7c92869ade45eb87 av_one_full  avia-builder-el-11  el_after_av_one_full  el_before_av_one_full  first flex_column_div  column-top-margin'     ><section  class='av_textblock_section av-ldlo91c1-3c1a1a2f5c288192d0338d3cf88b4489 '   itemscope=\"itemscope\" itemtype=\"https:\/\/schema.org\/CreativeWork\" ><div class='avia_textblock'  itemprop=\"text\" ><p style=\"text-align: center;\"><a href=\"https:\/\/destination.scandinavia.wasaline.com\/en\/packages\/1983075\/hotel-package-to-sweden\">If you have difficulties using the booking widget above, click here<\/a><\/p>\n<\/div><\/section><\/div><div  class='flex_column av-av_one_full-c3b372ad6f1642cd7c92869ade45eb87 av_one_full  avia-builder-el-13  el_after_av_one_full  el_before_av_masonry_entries  avia-builder-el-last  first flex_column_div  column-top-margin'     ><style type=\"text\/css\" data-created_by=\"avia_inline_auto\" id=\"style-css-av-l9f9o6m2-a055c806e167e4d9debdcaa3664b1ee8\">\n#top .av-special-heading.av-l9f9o6m2-a055c806e167e4d9debdcaa3664b1ee8{\npadding-bottom:10px;\n}\nbody .av-special-heading.av-l9f9o6m2-a055c806e167e4d9debdcaa3664b1ee8 .av-special-heading-tag .heading-char{\nfont-size:25px;\n}\n.av-special-heading.av-l9f9o6m2-a055c806e167e4d9debdcaa3664b1ee8 .av-subheading{\nfont-size:15px;\n}\n<\/style>\n<div  class='av-special-heading av-l9f9o6m2-a055c806e167e4d9debdcaa3664b1ee8 av-special-heading-h2 blockquote modern-quote modern-centered  avia-builder-el-14  avia-builder-el-no-sibling  av-linked-heading'><h2 class='av-special-heading-tag '  itemprop=\"headline\"  >Campaigns with accommodation in Sweden<\/h2><div class=\"special-heading-border\"><div class=\"special-heading-inner-border\"><\/div><\/div><\/div><\/div><div id='productcard' class='av-masonry av-m876w8q9-4e0899655e45f6d81911c977e7adf3f0 noHover av-fixed-size av-large-gap av-hover-overlay-active av-masonry-animation-active av-masonry-col-flexible av-caption-always av-caption-style- av-masonry-entries av-desktop-columns-overwrite av-desktop-columns-3 av-medium-columns-overwrite av-medium-columns-2 av-small-columns-overwrite av-small-columns-1 av-mini-columns-overwrite av-mini-columns-1 '><div class=\"av-masonry-container isotope av-js-disabled\"><div class='av-masonry-entry isotope-item av-masonry-item-no-image '><\/div><a href=\"https:\/\/www.wasaline.com\/en\/campaigns\/spa-package-clarion-umea\/\"  id='av-masonry-1-item-81355' data-av-masonry-item='81355' class='av-masonry-entry isotope-item post-81355 kampanjer type-kampanjer status-publish format-standard has-post-thumbnail hentry tag-accommodation-in-sweden tag-campaigns-from-vaasa  av-masonry-item-with-image' title=\"elements-spa-umea\"  itemscope=\"itemscope\" itemtype=\"https:\/\/schema.org\/CreativeWork\" ><div class='av-inner-masonry-sizer'><\/div><figure class='av-inner-masonry main_color'><div class=\"av-masonry-outerimage-container\"><div class='av-masonry-image-container' style=\"background-image: url(https:\/\/www.wasaline.com\/wp-content\/uploads\/2026\/04\/elements-spa-umea-705x470.jpg);\"  title=\"elements-spa-umea\"   alt=\"Elements Spa at Clarion Ume\u00e5\" ><\/div><\/div><figcaption class='av-inner-masonry-content site-background'><div class='av-inner-masonry-content-pos'><div class='av-inner-masonry-content-pos-content'><div class='avia-arrow'><\/div><h3 class='av-masonry-entry-title entry-title '  itemprop=\"headline\" >Spa package at Clarion Hotel Ume\u00e5<\/h3><p class='fromprice'  itemprop=\"headline\" >from <strong>142,5\u20ac<\/strong> <\/p><\/div><\/div><\/figcaption><\/figure><\/a><!--end av-masonry entry--><a href=\"https:\/\/www.wasaline.com\/en\/campaigns\/elite\/\"  id='av-masonry-1-item-35790' data-av-masonry-item='35790' class='av-masonry-entry isotope-item post-35790 kampanjer type-kampanjer status-publish format-standard has-post-thumbnail hentry tag-accommodation-in-sweden tag-campaigns-from-vaasa  av-masonry-item-with-image' title=\"Elite Hotell Ume\u00e5\"  itemscope=\"itemscope\" itemtype=\"https:\/\/schema.org\/CreativeWork\" ><div class='av-inner-masonry-sizer'><\/div><figure class='av-inner-masonry main_color'><div class=\"av-masonry-outerimage-container\"><div class='av-masonry-image-container' style=\"background-image: url(https:\/\/www.wasaline.com\/wp-content\/uploads\/2023\/03\/Elite-Hotell-Umea-705x468.jpg);\"  title=\"Elite Hotell Ume\u00e5\"  ><\/div><\/div><figcaption class='av-inner-masonry-content site-background'><div class='av-inner-masonry-content-pos'><div class='av-inner-masonry-content-pos-content'><div class='avia-arrow'><\/div><h3 class='av-masonry-entry-title entry-title '  itemprop=\"headline\" >Special offer at Elite Hotel Mimer<\/h3><p class='fromprice'  itemprop=\"headline\" >from <strong>103\u20ac<\/strong> <\/p><\/div><\/div><\/figcaption><\/figure><\/a><!--end av-masonry entry--><\/div><\/div><\/p>\n[av_section min_height='' min_height_pc='25' min_height_px='500px' shadow='no-border-styling' bottom_border='no-border-styling' bottom_border_diagonal_color='#333333' bottom_border_diagonal_direction='' bottom_border_style='' padding='default' custom_margin='0px' custom_margin_sync='true' av-desktop-custom_margin='' av-desktop-custom_margin_sync='true' av-medium-custom_margin='' av-medium-custom_margin_sync='true' av-small-custom_margin='' av-small-custom_margin_sync='true' av-mini-custom_margin='' av-mini-custom_margin_sync='true' svg_div_top='' svg_div_top_color='#333333' svg_div_top_width='100' svg_div_top_height='50' svg_div_top_max_height='none' svg_div_top_opacity='' svg_div_bottom='' svg_div_bottom_color='#333333' svg_div_bottom_width='100' svg_div_bottom_height='50' svg_div_bottom_max_height='none' svg_div_bottom_opacity='' fold_type='' fold_height='' fold_more='L\u00e4s mer' fold_less='Read less' fold_text_style='' fold_btn_align='' color='main_color' background='bg_color' custom_bg='#f0f0f0' background_gradient_direction='vertical' background_gradient_color1='#000000' background_gradient_color2='#ffffff' background_gradient_color3='' src='' attachment='' attachment_size='' src_dynamic='' attach='scroll' position='top left' repeat='no-repeat' video='' video_ratio='16:9' overlay_opacity='0.5' overlay_color='' overlay_pattern='' overlay_custom_pattern='' custom_arrow_bg='' fold_overlay_color='' fold_text_color='' fold_btn_color='theme-color' fold_btn_bg_color='' fold_btn_font_color='' size-btn-text='' av-desktop-font-size-btn-text='' av-medium-font-size-btn-text='' av-small-font-size-btn-text='' av-mini-font-size-btn-text='' fold_timer='' z_index_fold='' css_position_z_index='' av-desktop-css_position_z_index='' av-medium-css_position_z_index='' av-small-css_position_z_index='' av-mini-css_position_z_index='' id='' custom_class='' template_class='' aria_label='' element_template='' one_element_template='' av_element_hidden_in_editor='0' av_uid='av-mazcieht' sc_version='1.0']\r\n\r\n[av_textblock fold_type='' fold_height='' fold_more='L\u00e4s mer' fold_less='Read less' fold_text_style='' fold_btn_align='' textblock_styling_align='center' textblock_styling='' textblock_styling_gap='' textblock_styling_mobile='' size='' av-desktop-font-size='' av-medium-font-size='' av-small-font-size='' av-mini-font-size='' font_color='' color='' fold_overlay_color='' fold_text_color='' fold_btn_color='theme-color' fold_btn_bg_color='' fold_btn_font_color='' size-btn-text='' av-desktop-font-size-btn-text='' av-medium-font-size-btn-text='' av-small-font-size-btn-text='' av-mini-font-size-btn-text='' fold_timer='' z_index_fold='' id='' custom_class='' template_class='' element_template='' one_element_template='' av_uid='av-mazcmw46' sc_version='1.0' admin_preview_bg='']\r\nSee all our travel types and find your next trip with Wasaline:\r\n[\/av_textblock]\r\n\r\n[av_buttonrow alignment='center' button_spacing='5' button_spacing_unit='px' size-btn-text='' av-desktop-font-size-btn-text='' av-medium-font-size-btn-text='' av-small-font-size-btn-text='' av-mini-font-size-btn-text='' text-padding='' text-padding_sync='true' av-desktop-text-padding='' av-desktop-text-padding_sync='true' av-medium-text-padding='' av-medium-text-padding_sync='true' av-small-text-padding='' av-small-text-padding_sync='true' av-mini-text-padding='' av-mini-text-padding_sync='true' alb_description='' id='' custom_class='' template_class='' element_template='' one_element_template='' av_uid='av-mazcf9lt' sc_version='1.0' admin_preview_bg='']\r\n[av_buttonrow_item label='Route trips' icon_select='no' icon='ue841' font='entypo-fontello' title_attr='' link='page,56084' link_dynamic='' link_target='' size='large' label_display='' size-text='' av-desktop-font-size-text='' av-medium-font-size-text='' av-small-font-size-text='' av-mini-font-size-text='' btn-padding='' btn-padding_sync='true' av-desktop-btn-padding='' av-desktop-btn-padding_sync='true' av-medium-btn-padding='' av-medium-btn-padding_sync='true' av-small-btn-padding='' av-small-btn-padding_sync='true' av-mini-btn-padding='' av-mini-btn-padding_sync='true' color_options='' color='theme-color' custom_bg='#444444' custom_font='#ffffff' btn_color_bg='theme-color' btn_custom_grad_direction='vertical' btn_custom_grad_1='#000000' btn_custom_grad_2='#ffffff' btn_custom_grad_3='' btn_custom_grad_opacity='0.7' btn_custom_bg='#444444' btn_color_bg_hover='theme-color-highlight' btn_custom_bg_hover='#444444' btn_color_font='theme-color' btn_custom_font='#ffffff' btn_color_font_hover='white' btn_custom_font_hover='#ffffff' border='' border_width='' border_width_sync='true' border_color='' border_radius='' border_radius_sync='true' box_shadow='' box_shadow_style='0px,0px,0px,0px' box_shadow_color='' hover_opacity='' sonar_effect_effect='' sonar_effect_color='' sonar_effect_duration='1' sonar_effect_scale='' sonar_effect_opac='0.5' element_template='' one_element_template='' av_uid='av-mazccpfc' sc_version='1.0']\r\n[av_buttonrow_item label='Day cruises' icon_select='no' icon='ue841' font='entypo-fontello' title_attr='' link='page,74663' link_dynamic='' link_target='' size='large' label_display='' size-text='' av-desktop-font-size-text='' av-medium-font-size-text='' av-small-font-size-text='' av-mini-font-size-text='' btn-padding='' btn-padding_sync='true' av-desktop-btn-padding='' av-desktop-btn-padding_sync='true' av-medium-btn-padding='' av-medium-btn-padding_sync='true' av-small-btn-padding='' av-small-btn-padding_sync='true' av-mini-btn-padding='' av-mini-btn-padding_sync='true' color_options='' color='theme-color' custom_bg='#444444' custom_font='#ffffff' btn_color_bg='theme-color' btn_custom_grad_direction='vertical' btn_custom_grad_1='#000000' btn_custom_grad_2='#ffffff' btn_custom_grad_3='' btn_custom_grad_opacity='0.7' btn_custom_bg='#444444' btn_color_bg_hover='theme-color-highlight' btn_custom_bg_hover='#444444' btn_color_font='theme-color' btn_custom_font='#ffffff' btn_color_font_hover='white' btn_custom_font_hover='#ffffff' border='' border_width='' border_width_sync='true' border_color='' border_radius='' border_radius_sync='true' box_shadow='' box_shadow_style='0px,0px,0px,0px' box_shadow_color='' hover_opacity='' sonar_effect_effect='' sonar_effect_color='' sonar_effect_duration='1' sonar_effect_scale='' sonar_effect_opac='0.5' element_template='' one_element_template='' av_uid='av-mazccpfc-4' sc_version='1.0']\r\n[av_buttonrow_item label='Hotel packages' icon_select='no' icon='ue841' font='entypo-fontello' title_attr='' link='page,1382' link_dynamic='' link_target='' size='large' label_display='' size-text='' av-desktop-font-size-text='' av-medium-font-size-text='' av-small-font-size-text='' av-mini-font-size-text='' btn-padding='' btn-padding_sync='true' av-desktop-btn-padding='' av-desktop-btn-padding_sync='true' av-medium-btn-padding='' av-medium-btn-padding_sync='true' av-small-btn-padding='' av-small-btn-padding_sync='true' av-mini-btn-padding='' av-mini-btn-padding_sync='true' color_options='' color='theme-color' custom_bg='#444444' custom_font='#ffffff' btn_color_bg='theme-color' btn_custom_grad_direction='vertical' btn_custom_grad_1='#000000' btn_custom_grad_2='#ffffff' btn_custom_grad_3='' btn_custom_grad_opacity='0.7' btn_custom_bg='#444444' btn_color_bg_hover='theme-color-highlight' btn_custom_bg_hover='#444444' btn_color_font='theme-color' btn_custom_font='#ffffff' btn_color_font_hover='white' btn_custom_font_hover='#ffffff' border='' border_width='' border_width_sync='true' border_color='' border_radius='' border_radius_sync='true' box_shadow='' box_shadow_style='0px,0px,0px,0px' box_shadow_color='' hover_opacity='' sonar_effect_effect='' sonar_effect_color='' sonar_effect_duration='1' sonar_effect_scale='' sonar_effect_opac='0.5' element_template='' one_element_template='' av_uid='av-mazccpfc-3' sc_version='1.0']\r\n[av_buttonrow_item label='Campaigns' icon_select='no' icon='ue841' font='entypo-fontello' title_attr='' link='page,1363' link_dynamic='' link_target='' size='large' label_display='' size-text='' av-desktop-font-size-text='' av-medium-font-size-text='' av-small-font-size-text='' av-mini-font-size-text='' btn-padding='' btn-padding_sync='true' av-desktop-btn-padding='' av-desktop-btn-padding_sync='true' av-medium-btn-padding='' av-medium-btn-padding_sync='true' av-small-btn-padding='' av-small-btn-padding_sync='true' av-mini-btn-padding='' av-mini-btn-padding_sync='true' color_options='' color='theme-color' custom_bg='#444444' custom_font='#ffffff' btn_color_bg='theme-color' btn_custom_grad_direction='vertical' btn_custom_grad_1='#000000' btn_custom_grad_2='#ffffff' btn_custom_grad_3='' btn_custom_grad_opacity='0.7' btn_custom_bg='#444444' btn_color_bg_hover='theme-color-highlight' btn_custom_bg_hover='#444444' btn_color_font='theme-color' btn_custom_font='#ffffff' btn_color_font_hover='white' btn_custom_font_hover='#ffffff' border='' border_width='' border_width_sync='true' border_color='' border_radius='' border_radius_sync='true' box_shadow='' box_shadow_style='0px,0px,0px,0px' box_shadow_color='' hover_opacity='' sonar_effect_effect='' sonar_effect_color='' sonar_effect_duration='1' sonar_effect_scale='' sonar_effect_opac='0.5' element_template='' one_element_template='' av_uid='av-mazccpfc-2' sc_version='1.0']\r\n[\/av_buttonrow]\r\n\r\n[\/av_section]\n","protected":false},"excerpt":{"rendered":"","protected":false},"author":3,"featured_media":0,"parent":0,"menu_order":0,"comment_status":"closed","ping_status":"closed","template":"","meta":{"_acf_changed":false,"footnotes":""},"class_list":["post-1394","page","type-page","status-publish","hentry"],"acf":[],"publishpress_future_action":{"enabled":false,"date":"2026-04-22 01:03:44","action":"change-status","newStatus":"draft","terms":[],"taxonomy":"translation_priority","extraData":[]},"publishpress_future_workflow_manual_trigger":{"enabledWorkflows":[]},"_links":{"self":[{"href":"https:\/\/www.wasaline.com\/en\/wp-json\/wp\/v2\/pages\/1394","targetHints":{"allow":["GET"]}}],"collection":[{"href":"https:\/\/www.wasaline.com\/en\/wp-json\/wp\/v2\/pages"}],"about":[{"href":"https:\/\/www.wasaline.com\/en\/wp-json\/wp\/v2\/types\/page"}],"author":[{"embeddable":true,"href":"https:\/\/www.wasaline.com\/en\/wp-json\/wp\/v2\/users\/3"}],"replies":[{"embeddable":true,"href":"https:\/\/www.wasaline.com\/en\/wp-json\/wp\/v2\/comments?post=1394"}],"version-history":[{"count":11,"href":"https:\/\/www.wasaline.com\/en\/wp-json\/wp\/v2\/pages\/1394\/revisions"}],"predecessor-version":[{"id":81319,"href":"https:\/\/www.wasaline.com\/en\/wp-json\/wp\/v2\/pages\/1394\/revisions\/81319"}],"wp:attachment":[{"href":"https:\/\/www.wasaline.com\/en\/wp-json\/wp\/v2\/media?parent=1394"}],"curies":[{"name":"wp","href":"https:\/\/api.w.org\/{rel}","templated":true}]}}