{"id":1459,"date":"2022-09-14T13:58:39","date_gmt":"2022-09-14T11:58:39","guid":{"rendered":"https:\/\/www.wasaline.com\/?page_id=1459"},"modified":"2026-02-05T10:31:10","modified_gmt":"2026-02-05T08:31:10","slug":"our-conference-packages","status":"publish","type":"page","link":"https:\/\/www.wasaline.com\/en\/groups-and-conference\/our-conference-packages\/","title":{"rendered":"Conference packages"},"content":{"rendered":"<div id='full_slider_1'  class='avia-fullwidth-slider main_color avia-shadow   avia-builder-el-0  el_before_av_heading  avia-builder-el-first   container_wrap fullsize'  ><div  class='avia-slideshow av-meid5j0p-357a95385c2e79536ca519e032e3ac54 avia-slideshow-featured_large av_slideshow_full avia-slide-slider av-slideshow-ui av-control-hidden av-no-slider-navigation av-hide-nav-arrows av-slideshow-manual av-loop-once av-loop-manual-endless av-default-height-applied   avia-slideshow-1' data-slideshow-options=\"{&quot;animation&quot;:&quot;slide&quot;,&quot;autoplay&quot;:false,&quot;loop_autoplay&quot;:&quot;once&quot;,&quot;interval&quot;:5,&quot;loop_manual&quot;:&quot;manual-endless&quot;,&quot;autoplay_stopper&quot;:false,&quot;noNavigation&quot;:true,&quot;bg_slider&quot;:false,&quot;keep_padding&quot;:false,&quot;hoverpause&quot;:false,&quot;show_slide_delay&quot;:0}\"  itemprop=\"image\" itemscope=\"itemscope\" itemtype=\"https:\/\/schema.org\/ImageObject\" ><ul class='avia-slideshow-inner ' style='padding-bottom: 42%;'><li  class='avia-slideshow-slide av-meid5j0p-357a95385c2e79536ca519e032e3ac54__0  av-single-slide slide-1 slide-odd'><div data-rel='slideshow-1' class='avia-slide-wrap '   ><img decoding=\"async\" fetchpriority=\"high\" class=\"wp-image-76908 avia-img-lazy-loading-not-76908\"  src=\"https:\/\/www.wasaline.com\/wp-content\/uploads\/2025\/08\/meeting-group-panorama.jpg\" width=\"1500\" height=\"630\" title='meeting-group-panorama' alt='Meeting group aboard Aurora Botnia - panorama version'  itemprop=\"thumbnailUrl\" srcset=\"https:\/\/www.wasaline.com\/wp-content\/uploads\/2025\/08\/meeting-group-panorama.jpg 1500w, https:\/\/www.wasaline.com\/wp-content\/uploads\/2025\/08\/meeting-group-panorama-300x126.jpg 300w, https:\/\/www.wasaline.com\/wp-content\/uploads\/2025\/08\/meeting-group-panorama-1030x433.jpg 1030w, https:\/\/www.wasaline.com\/wp-content\/uploads\/2025\/08\/meeting-group-panorama-768x323.jpg 768w, https:\/\/www.wasaline.com\/wp-content\/uploads\/2025\/08\/meeting-group-panorama-705x296.jpg 705w\" sizes=\"(max-width: 1500px) 100vw, 1500px\" \/><\/div><\/li><\/ul><\/div><\/div><div id='after_full_slider_1'  class='main_color av_default_container_wrap container_wrap fullsize'  ><div class='container av-section-cont-open' ><div class='template-page content  av-content-full alpha units'><div class='post-entry post-entry-type-page post-entry-1459'><div class='entry-content-wrapper clearfix'>\n\n<style type=\"text\/css\" data-created_by=\"avia_inline_auto\" id=\"style-css-av-kt3aaczs-f4ccec7522ac09a1ce9a9f7e7ca822e4\">\n#top .av-special-heading.av-kt3aaczs-f4ccec7522ac09a1ce9a9f7e7ca822e4{\npadding-bottom:10px;\n}\nbody .av-special-heading.av-kt3aaczs-f4ccec7522ac09a1ce9a9f7e7ca822e4 .av-special-heading-tag .heading-char{\nfont-size:25px;\n}\n.av-special-heading.av-kt3aaczs-f4ccec7522ac09a1ce9a9f7e7ca822e4 .av-subheading{\nfont-size:15px;\n}\n<\/style>\n<div  class='av-special-heading av-kt3aaczs-f4ccec7522ac09a1ce9a9f7e7ca822e4 av-special-heading-h1 blockquote modern-quote  avia-builder-el-1  el_after_av_slideshow_full  el_before_av_textblock  avia-builder-el-first '><h1 class='av-special-heading-tag '  itemprop=\"headline\"  >Conference packages<\/h1><div class=\"special-heading-border\"><div class=\"special-heading-inner-border\"><\/div><\/div><\/div>\n<section  class='av_textblock_section av-m05qlin2-633ff245a0a059e76a94414c4b2b19f9 '   itemscope=\"itemscope\" itemtype=\"https:\/\/schema.org\/CreativeWork\" ><div class='avia_textblock'  itemprop=\"text\" ><p>Our meeting packages include everything you need for a successful meeting day: <a href=\"https:\/\/www.wasaline.com\/en\/groups-and-conference\/conference-rooms\/\">modern and flexible conference facilities<\/a> with sea views, the latest meeting technology and high-quality meeting and <a href=\"https:\/\/www.wasaline.com\/en\/food-and-beverage\/\">restaurant services<\/a>.<\/p>\n<p>The conference department&#8217;s own bar is open as needed, and our conference staff is at your service throughout the journey, where even last-minute wishes will be fulfilled as much as possible.<\/p>\n<p>Choose one of the suggested packages, or <a href=\"https:\/\/www.wasaline.com\/en\/groups-and-conference\/contact\/\">contact our group sales<\/a> and let us customize the trip to meet your needs.<\/p>\n<p>Did you know that you can book your Conference package online (max. 15 persons). When booking online you get a discount of 5% for the whole package.<\/p>\n<p>Paket och priser fr\u00e5n 2.2.2026:<\/p>\n<\/div><\/section>\n\n<style type=\"text\/css\" data-created_by=\"avia_inline_auto\" id=\"style-css-av-2hhkuph-e21650dbc315130b15e009bc5e60c80e\">\n#top .hr.hr-invisible.av-2hhkuph-e21650dbc315130b15e009bc5e60c80e{\nheight:50px;\n}\n<\/style>\n<div  class='hr av-2hhkuph-e21650dbc315130b15e009bc5e60c80e hr-invisible  avia-builder-el-3  el_after_av_textblock  el_before_av_one_full '><span class='hr-inner '><span class=\"hr-inner-style\"><\/span><\/span><\/div>\n\n<style type=\"text\/css\" data-created_by=\"avia_inline_auto\" id=\"style-css-av-1lrrqr9-1c82958b724359635463612491943f81\">\n.flex_column.av-1lrrqr9-1c82958b724359635463612491943f81{\nborder-radius:0px 0px 0px 0px;\npadding:0px 0px 0px 0px;\n}\n<\/style>\n<div  class='flex_column av-1lrrqr9-1c82958b724359635463612491943f81 av_one_full  avia-builder-el-4  el_after_av_hr  el_before_av_one_full  first flex_column_div av-zero-column-padding  '     ><p><article  class='iconbox iconbox_left_content av-kt3ab6lo-24365920e16f5d82ebca64c1b1e930f5  avia-builder-el-5  el_before_av_textblock  avia-builder-el-first '  itemscope=\"itemscope\" itemtype=\"https:\/\/schema.org\/CreativeWork\" ><div class='iconbox_icon heading-color avia-iconfont avia-font-entypo-fontello' data-av_icon='\ue8b7' data-av_iconfont='entypo-fontello'  ><\/div><div class=\"iconbox_content\"><header class=\"entry-content-header\" aria-label=\"Icon: SILVER\"><h3 class='iconbox_content_title '  itemprop=\"headline\" >SILVER<\/h3><\/header><div class='iconbox_content_container '  itemprop=\"text\" ><p>Conference and seminar package, including buffet meal<\/p>\n<\/div><\/div><footer class=\"entry-footer\"><\/footer><\/article><br \/>\n<section  class='av_textblock_section av-m05qnlwi-50b81ea33c1de4cbfd16772057c062e8 '   itemscope=\"itemscope\" itemtype=\"https:\/\/schema.org\/CreativeWork\" ><div class='avia_textblock'  itemprop=\"text\" ><p><strong>This package contains:<\/strong><\/p>\n<ul>\n<li>Return tickets<\/li>\n<li>Conference room, one-way<\/li>\n<li>Coffee and savoury or sweet pastry of the day<\/li>\n<li>Archipelago buffet<\/li>\n<\/ul>\n<h3>from 99\u20ac \/ 1 089 SEK per person<\/h3>\n<p>Environmental fee is added to the price. <a href=\"https:\/\/www.wasaline.com\/en\/environmental-fee\/\">Read more \u2192<\/a><\/p>\n<\/div><\/section><br \/>\n<div  class='avia-buttonrow-wrap av-m05qjr2e-aa4329bac176d107e280d75d627353b5 avia-buttonrow-left  avia-builder-el-7  el_after_av_textblock  avia-builder-el-last '>\n\n<style type=\"text\/css\" data-created_by=\"avia_inline_auto\" id=\"style-css-av-b99kw3-a244cff6dd35877d0484f533dd177e51\">\n#top #wrap_all .avia-button.av-b99kw3-a244cff6dd35877d0484f533dd177e51{\nmargin-bottom:12px;\nmargin-right:12px;\n}\n<\/style>\n<a href='https:\/\/booking.wasaline.com\/en\/book\/book-conference\/'  class='avia-button av-b99kw3-a244cff6dd35877d0484f533dd177e51 avia-icon_select-no avia-size-large avia-color-theme-color'   aria-label=\"Book now\"><span class='avia_iconbox_title' >Book now<\/span><\/a>\n\n<style type=\"text\/css\" data-created_by=\"avia_inline_auto\" id=\"style-css-av-m05qjmp5-7dbe9878dcd1cee17b379f354f52228f\">\n#top #wrap_all .avia-button.av-m05qjmp5-7dbe9878dcd1cee17b379f354f52228f{\nmargin-bottom:12px;\nmargin-right:12px;\n}\n<\/style>\n<a href='https:\/\/www.wasaline.com\/en\/groups-and-conference\/contact\/'  class='avia-button av-m05qjmp5-7dbe9878dcd1cee17b379f354f52228f avia-icon_select-no avia-size-large avia-color-theme-color'   aria-label=\"Contact us\"><span class='avia_iconbox_title' >Contact us<\/span><\/a>\n<\/div><\/p><\/div>\n\n<style type=\"text\/css\" data-created_by=\"avia_inline_auto\" id=\"style-css-av-193ap91-63e9eec28aeadb89fa901788627bab32\">\n.flex_column.av-193ap91-63e9eec28aeadb89fa901788627bab32{\nborder-radius:0px 0px 0px 0px;\npadding:0px 0px 0px 0px;\n}\n<\/style>\n<div  class='flex_column av-193ap91-63e9eec28aeadb89fa901788627bab32 av_one_full  avia-builder-el-8  el_after_av_one_full  el_before_av_one_full  first flex_column_div av-zero-column-padding  column-top-margin'     ><p><article  class='iconbox iconbox_left_content av-kt3abj9r-65ac66cb4f08b12901baeac473e0aaa7  avia-builder-el-9  el_before_av_textblock  avia-builder-el-first '  itemscope=\"itemscope\" itemtype=\"https:\/\/schema.org\/CreativeWork\" ><div class='iconbox_icon heading-color avia-iconfont avia-font-entypo-fontello' data-av_icon='\ue8a8' data-av_iconfont='entypo-fontello'  ><\/div><div class=\"iconbox_content\"><header class=\"entry-content-header\" aria-label=\"Icon: GOLD\"><h3 class='iconbox_content_title '  itemprop=\"headline\" >GOLD<\/h3><\/header><div class='iconbox_content_container '  itemprop=\"text\" ><p>Choose our full-service alternative with something extra<\/p>\n<\/div><\/div><footer class=\"entry-footer\"><\/footer><\/article><br \/>\n<section  class='av_textblock_section av-m05qpv4z-3ccdc45a88baf4f68ee24052e0e145b5 '   itemscope=\"itemscope\" itemtype=\"https:\/\/schema.org\/CreativeWork\" ><div class='avia_textblock'  itemprop=\"text\" ><p><strong>This package contains:<\/strong><\/p>\n<ul>\n<li>Return tickets<\/li>\n<li>Conference room, one-way<\/li>\n<li>Coffee and focaccia<\/li>\n<li>Archipelago buffet<\/li>\n<li>All inclusive beverages on tap during meal (wine, beer and soft drinks)<\/li>\n<\/ul>\n<h3>from 112,50\u20ac \/ 1 238 SEK per person<\/h3>\n<p>Environmental fee is added to the price. <a href=\"https:\/\/www.wasaline.com\/en\/environmental-fee\/\">Read more \u2192<\/a><\/p>\n<\/div><\/section><br \/>\n<div  class='avia-buttonrow-wrap av-98a1ub-4764d51dc15a8518dcc012ad13996c06 avia-buttonrow-left  avia-builder-el-11  el_after_av_textblock  avia-builder-el-last '>\n\n<style type=\"text\/css\" data-created_by=\"avia_inline_auto\" id=\"style-css-av-7fcy1f-5ab526b73ee53fcec174c4824a6d4924\">\n#top #wrap_all .avia-button.av-7fcy1f-5ab526b73ee53fcec174c4824a6d4924{\nmargin-bottom:12px;\nmargin-right:12px;\n}\n<\/style>\n<a href='https:\/\/booking.wasaline.com\/en\/book\/book-conference\/'  class='avia-button av-7fcy1f-5ab526b73ee53fcec174c4824a6d4924 avia-icon_select-no avia-size-large avia-color-theme-color'   aria-label=\"Book now\"><span class='avia_iconbox_title' >Book now<\/span><\/a>\n\n<style type=\"text\/css\" data-created_by=\"avia_inline_auto\" id=\"style-css-av-jerg3-a8bea265366893d668cf55938c58319f\">\n#top #wrap_all .avia-button.av-jerg3-a8bea265366893d668cf55938c58319f{\nmargin-bottom:12px;\nmargin-right:12px;\n}\n<\/style>\n<a href='https:\/\/www.wasaline.com\/en\/groups-and-conference\/contact\/'  class='avia-button av-jerg3-a8bea265366893d668cf55938c58319f avia-icon_select-no avia-size-large avia-color-theme-color'   aria-label=\"Contact us\"><span class='avia_iconbox_title' >Contact us<\/span><\/a>\n<\/div><\/p><\/div>\n\n<style type=\"text\/css\" data-created_by=\"avia_inline_auto\" id=\"style-css-av-l88fn4rz-4f911199da331cc1f8008e2bb712871b\">\n.flex_column.av-l88fn4rz-4f911199da331cc1f8008e2bb712871b{\nborder-radius:0px 0px 0px 0px;\npadding:0px 0px 0px 0px;\n}\n<\/style>\n<div  class='flex_column av-l88fn4rz-4f911199da331cc1f8008e2bb712871b av_one_full  avia-builder-el-12  el_after_av_one_full  el_before_av_one_full  first flex_column_div av-zero-column-padding  column-top-margin'     ><p><article  class='iconbox iconbox_left_content av-kt3abunh-994697e5a8c67cab40bc792df7708a54  avia-builder-el-13  el_before_av_textblock  avia-builder-el-first '  itemscope=\"itemscope\" itemtype=\"https:\/\/schema.org\/CreativeWork\" ><div class='iconbox_icon heading-color avia-iconfont avia-font-entypo-fontello' data-av_icon='\ue80b' data-av_iconfont='entypo-fontello'  ><\/div><div class=\"iconbox_content\"><header class=\"entry-content-header\" aria-label=\"Icon: BUSINESS\"><h3 class='iconbox_content_title '  itemprop=\"headline\" >BUSINESS<\/h3><\/header><div class='iconbox_content_container '  itemprop=\"text\" ><p>The VIP treatment (for groups of maximum 40 persons)<\/p>\n<\/div><\/div><footer class=\"entry-footer\"><\/footer><\/article><br \/>\n<section  class='av_textblock_section av-m05qrbvv-26464121f31300953ac5aa5f5be972cb '   itemscope=\"itemscope\" itemtype=\"https:\/\/schema.org\/CreativeWork\" ><div class='avia_textblock'  itemprop=\"text\" ><p><strong>This package contains:<\/strong><\/p>\n<ul>\n<li>Return tickets<\/li>\n<li>Conference room, outbound and inbound trips<\/li>\n<li>Coffee, shrimp sandwich and chocolates<\/li>\n<li>A guided tour of Aurora Botnia<\/li>\n<li>3 course menu in Bistro Botnia<\/li>\n<li>Beverages with your meal (2 x 16 cl of wine or 2 x beer\/cider 0,33 cl)<\/li>\n<\/ul>\n<h3>from 131\u20ac \/ 1 441 SEK per person<\/h3>\n<p>Environmental fee is added the price. <a href=\"https:\/\/www.wasaline.com\/en\/environmental-fee\/\">Read more \u2192<\/a><\/p>\n<\/div><\/section><br \/>\n<div  class='avia-buttonrow-wrap av-m05qrgym-4a818a21473bdc055434d359270f4686 avia-buttonrow-left  avia-builder-el-15  el_after_av_textblock  avia-builder-el-last '>\n\n<style type=\"text\/css\" data-created_by=\"avia_inline_auto\" id=\"style-css-av-45t4cz-1f7405eb2d26d4daf1218ebe453970aa\">\n#top #wrap_all .avia-button.av-45t4cz-1f7405eb2d26d4daf1218ebe453970aa{\nmargin-bottom:12px;\nmargin-right:12px;\n}\n<\/style>\n<a href='https:\/\/www.wasaline.com\/en\/groups-and-conference\/contact\/'  class='avia-button av-45t4cz-1f7405eb2d26d4daf1218ebe453970aa avia-icon_select-no avia-size-large avia-color-theme-color'   aria-label=\"Contact us\"><span class='avia_iconbox_title' >Contact us<\/span><\/a>\n<\/div><\/p><\/div><div  class='flex_column av-2qxf03-6545d7aaf5d72ecff60c56d3536bba6e av_one_full  avia-builder-el-16  el_after_av_one_full  el_before_av_one_full  first flex_column_div  column-top-margin'     ><section  class='av_textblock_section av-m0gepmm7-5b418cd4d3a9024dec85063c6aa1b972 '   itemscope=\"itemscope\" itemtype=\"https:\/\/schema.org\/CreativeWork\" ><div class='avia_textblock'  itemprop=\"text\" ><p><strong>Included in all packages:<\/strong><\/p>\n<ul>\n<li>Meeting technology<\/li>\n<li>Wi-Fi<\/li>\n<li>Access to conference bar and lobby<\/li>\n<\/ul>\n<p><strong>Customize your conference:<\/strong><\/p>\n<p>Add delicacies of your choice such as tapas, salty and sweet snacks, fruit and smoothies to your conference booking. Contact sales for more information.<\/p>\n<\/div><\/section><\/div><\/p>\n<div  class='flex_column av-av_one_full-c3b372ad6f1642cd7c92869ade45eb87 av_one_full  avia-builder-el-18  el_after_av_one_full  avia-builder-el-last  first flex_column_div  column-top-margin'     ><p>\n<style type=\"text\/css\" data-created_by=\"avia_inline_auto\" id=\"style-css-av-av_heading-060e952918f7b5482ebd2f8661df62d4\">\n#top .av-special-heading.av-av_heading-060e952918f7b5482ebd2f8661df62d4{\npadding-bottom:10px;\n}\nbody .av-special-heading.av-av_heading-060e952918f7b5482ebd2f8661df62d4 .av-special-heading-tag .heading-char{\nfont-size:25px;\n}\n.av-special-heading.av-av_heading-060e952918f7b5482ebd2f8661df62d4 .av-subheading{\nfont-size:15px;\n}\n<\/style>\n<div  class='av-special-heading av-av_heading-060e952918f7b5482ebd2f8661df62d4 av-special-heading-h2 blockquote modern-quote  avia-builder-el-19  el_before_av_textblock  avia-builder-el-first '><h2 class='av-special-heading-tag '  itemprop=\"headline\"  >Contact us<\/h2><div class=\"special-heading-border\"><div class=\"special-heading-inner-border\"><\/div><\/div><\/div><br \/>\n<section  class='av_textblock_section av-av_textblock-9c22bd06a8fcf17d035d6d06adc7497c '   itemscope=\"itemscope\" itemtype=\"https:\/\/schema.org\/CreativeWork\" ><div class='avia_textblock'  itemprop=\"text\" ><p>Send us a message to request more information about our conference services. We will get back to you as soon as possible.<\/p>\n<link rel='stylesheet' id='formidable-css' href='https:\/\/www.wasaline.com\/wp-content\/plugins\/formidable\/css\/formidableforms.css?ver=417233' type='text\/css' media='all' \/>\n<div class=\"frm_forms  with_frm_style frm_style_formidables-stilmall\" id=\"frm_form_35_container\" data-token=\"1962d8e6aa35b4a001ca32430fd4da88\">\n<form enctype=\"multipart\/form-data\" method=\"post\" class=\"frm-show-form  frm_pro_form  frm_logic_form \" id=\"form_konferens-kort-offertforfragan\" data-token=\"1962d8e6aa35b4a001ca32430fd4da88\">\n<div class=\"frm_form_fields \">\n<fieldset>\n<legend class=\"frm_screen_reader\">Konferens kort offertf\u00f6rfr\u00e5gan<\/legend>\r\n\r\n<div class=\"frm_fields_container\">\n<input type=\"hidden\" name=\"frm_action\" value=\"create\" \/>\n<input type=\"hidden\" name=\"form_id\" value=\"35\" \/>\n<input type=\"hidden\" name=\"frm_hide_fields_35\" id=\"frm_hide_fields_35\" value=\"\" \/>\n<input type=\"hidden\" name=\"form_key\" value=\"konferens-kort-offertforfragan\" \/>\n<input type=\"hidden\" name=\"item_meta[0]\" value=\"\" \/>\n<input type=\"hidden\" id=\"frm_submit_entry_35\" name=\"frm_submit_entry_35\" value=\"7fddd9760c\" \/><input type=\"hidden\" name=\"_wp_http_referer\" value=\"\/en\/wp-json\/wp\/v2\/pages\/1459\" \/><div id=\"frm_field_860_container\" class=\"frm_form_field form-field  frm_required_field frm_top_container\">\r\n\t<label for=\"field_cb52e\" id=\"field_cb52e_label\" class=\"frm_primary_label\">Name\r\n\t\t<span class=\"frm_required\" aria-hidden=\"true\">*<\/span>\r\n\t<\/label>\r\n\t<input  type=\"text\" id=\"field_cb52e\" name=\"item_meta[860]\" value=\"\"  data-reqmsg=\"Required field\" aria-required=\"true\" data-invmsg=\"Name is in invalid format\" aria-invalid=\"false\"   \/>\r\n\t\r\n\t\r\n<\/div>\n<div id=\"frm_field_862_container\" class=\"frm_form_field form-field  frm_required_field frm_top_container\">\r\n\t<label for=\"field_tdnvd\" id=\"field_tdnvd_label\" class=\"frm_primary_label\">Email address\r\n\t\t<span class=\"frm_required\" aria-hidden=\"true\">*<\/span>\r\n\t<\/label>\r\n\t<input type=\"email\" id=\"field_tdnvd\" name=\"item_meta[862]\" value=\"\"  autocomplete=\"email\"  data-reqmsg=\"Required field\" aria-required=\"true\" data-invmsg=\"Email address is in invalid format\" aria-invalid=\"false\"  \/>\r\n\t\r\n\t\r\n<\/div>\n<div id=\"frm_field_865_container\" class=\"frm_form_field form-field  frm_required_field frm_top_container\">\r\n\t<label for=\"field_rwanx\" id=\"field_rwanx_label\" class=\"frm_primary_label\">Phone\r\n\t\t<span class=\"frm_required\" aria-hidden=\"true\">*<\/span>\r\n\t<\/label>\r\n\t<input type=\"tel\" id=\"field_rwanx\" name=\"item_meta[865]\" value=\"\"  style=\"width:255px\" data-reqmsg=\"Required field\" aria-required=\"true\" data-invmsg=\"Phone is in invalid format\" class=\"auto_width\" aria-invalid=\"false\" pattern=\"((\\+\\d{1,3}(-|.| )?\\(?\\d\\)?(-| |.)?\\d{1,5})|(\\(?\\d{2,6}\\)?))(-|.| )?(\\d{3,4})(-|.| )?(\\d{4})(( x| ext)\\d{1,5}){0,1}$\"  \/>\r\n\t\r\n\t\r\n<\/div>\n<div id=\"frm_field_861_container\" class=\"frm_form_field form-field  frm_required_field frm_top_container\">\r\n\t<label for=\"field_h8g6n\" id=\"field_h8g6n_label\" class=\"frm_primary_label\">I represent the following company, organization or group\r\n\t\t<span class=\"frm_required\" aria-hidden=\"true\">*<\/span>\r\n\t<\/label>\r\n\t<input  type=\"text\" id=\"field_h8g6n\" name=\"item_meta[861]\" value=\"\"  data-reqmsg=\"Required field\" aria-required=\"true\" data-invmsg=\"I represent the following company, organization or group is in invalid format\" aria-invalid=\"false\"   \/>\r\n\t\r\n\t\r\n<\/div>\n<div id=\"frm_field_864_container\" class=\"frm_form_field form-field  frm_top_container\">\r\n\t<label for=\"field_tdjlc\" id=\"field_tdjlc_label\" class=\"frm_primary_label\">I want to know more about\r\n\t\t<span class=\"frm_required\" aria-hidden=\"true\"><\/span>\r\n\t<\/label>\r\n\t<textarea name=\"item_meta[864]\" id=\"field_tdjlc\" rows=\"5\"  data-invmsg=\"I want to know more about is in invalid format\" aria-invalid=\"false\"  ><\/textarea>\r\n\t\r\n\t\r\n<\/div>\n<div id=\"frm_field_866_container\" class=\"frm_form_field form-field  frm_required_field frm_top_container vertical_radio\">\r\n\t<div  id=\"field_1ldku_label\" class=\"frm_primary_label\">Privacy policy:\r\n\t\t<span class=\"frm_required\" aria-hidden=\"true\">*<\/span>\r\n\t<\/div>\r\n\t<div class=\"frm_opt_container\" aria-labelledby=\"field_1ldku_label\" role=\"group\">\t\t<div class=\"frm_checkbox\" id=\"frm_checkbox_866-0\">\t\t\t<label  for=\"field_1ldku-0\">\n\t\t\t<input type=\"checkbox\" name=\"item_meta[866][]\" id=\"field_1ldku-0\" value=\"Val 1\"  data-reqmsg=\"Required field\" data-invmsg=\"Privacy policy: is invalid\"   aria-required=\"true\"  \/> Jag f\u00f6rst\u00e5r att Wasaline sparar mina uppgifter f\u00f6r att kunna fullf\u00f6lja tj\u00e4nsten<\/label><\/div>\n<\/div>\r\n\t\r\n\t\r\n<\/div>\n<div id=\"frm_field_868_container\" class=\"frm_form_field form-field  frm_none_container\">\r\n\t<label for=\"g-recaptcha-response\" id=\"field_z6ece_label\" class=\"frm_primary_label\">reCAPTCHA spam bot check\r\n\t\t<span class=\"frm_required\" aria-hidden=\"true\"><\/span>\r\n\t<\/label>\r\n\t<div  id=\"field_z6ece\" class=\"frm-g-recaptcha\" data-sitekey=\"6LfGteYnAAAAAAZGNMNTf-ueadyaywoM7PeuaOJU\" data-size=\"invisible\" data-theme=\"light\"><\/div>\r\n\t\r\n\t\r\n<\/div>\n<input type=\"hidden\" name=\"item_meta[867]\" id=\"field_9ulsy\" value=\"209\"  data-frmval=\"209\"   \/>\n<div id=\"frm_field_858_container\" class=\"frm_form_field form-field \">\r\n\t<div class=\"frm_submit frm_flex\">\r\n<button class=\"frm_button_submit frm_final_submit\" type=\"submit\"   formnovalidate=\"formnovalidate\">Send<\/button>\r\n\r\n\r\n\r\n<\/div>\r\n<\/div>\n\t<input type=\"hidden\" name=\"item_key\" value=\"\" \/>\n\t\t\t<div id=\"frm_field_1043_container\">\n\t\t\t<label for=\"field_aak87\" >\n\t\t\t\tIf you are human, leave this field blank.\t\t\t<\/label>\n\t\t\t<input  id=\"field_aak87\" type=\"text\" class=\"frm_form_field form-field frm_verify\" name=\"item_meta[1043]\" value=\"\"  \/>\n\t\t<\/div>\n\t\t<input name=\"frm_state\" type=\"hidden\" value=\"7\/eKXepN77vNnWZl37OhrOFS3gh0D5k3953ZchOebhZEGOlTq0u2a+239uIeIZsk\" \/><\/div>\n<\/fieldset>\n<\/div>\n\n<\/form>\n<\/div>\n\n<\/div><\/section><\/p><\/div>\n","protected":false},"excerpt":{"rendered":"","protected":false},"author":1,"featured_media":76908,"parent":337,"menu_order":20,"comment_status":"closed","ping_status":"closed","template":"","meta":{"_acf_changed":false,"footnotes":""},"class_list":["post-1459","page","type-page","status-publish","has-post-thumbnail","hentry"],"acf":[],"publishpress_future_action":{"enabled":false,"date":"2026-05-12 15:40:45","action":"change-status","newStatus":"draft","terms":[],"taxonomy":"translation_priority","extraData":[]},"publishpress_future_workflow_manual_trigger":{"enabledWorkflows":[]},"_links":{"self":[{"href":"https:\/\/www.wasaline.com\/en\/wp-json\/wp\/v2\/pages\/1459","targetHints":{"allow":["GET"]}}],"collection":[{"href":"https:\/\/www.wasaline.com\/en\/wp-json\/wp\/v2\/pages"}],"about":[{"href":"https:\/\/www.wasaline.com\/en\/wp-json\/wp\/v2\/types\/page"}],"author":[{"embeddable":true,"href":"https:\/\/www.wasaline.com\/en\/wp-json\/wp\/v2\/users\/1"}],"replies":[{"embeddable":true,"href":"https:\/\/www.wasaline.com\/en\/wp-json\/wp\/v2\/comments?post=1459"}],"version-history":[{"count":21,"href":"https:\/\/www.wasaline.com\/en\/wp-json\/wp\/v2\/pages\/1459\/revisions"}],"predecessor-version":[{"id":80011,"href":"https:\/\/www.wasaline.com\/en\/wp-json\/wp\/v2\/pages\/1459\/revisions\/80011"}],"up":[{"embeddable":true,"href":"https:\/\/www.wasaline.com\/en\/wp-json\/wp\/v2\/pages\/337"}],"wp:featuredmedia":[{"embeddable":true,"href":"https:\/\/www.wasaline.com\/en\/wp-json\/wp\/v2\/media\/76908"}],"wp:attachment":[{"href":"https:\/\/www.wasaline.com\/en\/wp-json\/wp\/v2\/media?parent=1459"}],"curies":[{"name":"wp","href":"https:\/\/api.w.org\/{rel}","templated":true}]}}