{"id":36609,"date":"2023-04-14T08:08:13","date_gmt":"2023-04-14T06:08:13","guid":{"rendered":"https:\/\/www.wasaline.com\/?page_id=36609"},"modified":"2025-08-19T11:42:21","modified_gmt":"2025-08-19T09:42:21","slug":"private-celebrations","status":"publish","type":"page","link":"https:\/\/www.wasaline.com\/en\/groups-and-conference\/private-celebrations\/","title":{"rendered":"Private celebrations"},"content":{"rendered":"<div id='full_slider_1'  class='avia-fullwidth-slider main_color avia-shadow   avia-builder-el-0  el_before_av_heading  avia-builder-el-first   container_wrap fullsize'  ><div  class='avia-slideshow av-meicume1-b0a1f800f831f41d7f87b9cf5192efc0 avia-slideshow-featured_large av_slideshow_full avia-slide-slider av-slideshow-ui av-control-hidden av-no-slider-navigation av-hide-nav-arrows av-slideshow-manual av-loop-once av-loop-manual-endless av-default-height-applied   avia-slideshow-1' data-slideshow-options=\"{&quot;animation&quot;:&quot;slide&quot;,&quot;autoplay&quot;:false,&quot;loop_autoplay&quot;:&quot;once&quot;,&quot;interval&quot;:5,&quot;loop_manual&quot;:&quot;manual-endless&quot;,&quot;autoplay_stopper&quot;:false,&quot;noNavigation&quot;:true,&quot;bg_slider&quot;:false,&quot;keep_padding&quot;:false,&quot;hoverpause&quot;:false,&quot;show_slide_delay&quot;:0}\"  itemprop=\"image\" itemscope=\"itemscope\" itemtype=\"https:\/\/schema.org\/ImageObject\" ><ul class='avia-slideshow-inner ' style='padding-bottom: 42%;'><li  class='avia-slideshow-slide av-meicume1-b0a1f800f831f41d7f87b9cf5192efc0__0  av-single-slide slide-1 slide-odd'><div data-rel='slideshow-1' class='avia-slide-wrap '   ><img decoding=\"async\" fetchpriority=\"high\" class=\"wp-image-76899 avia-img-lazy-loading-not-76899\"  src=\"https:\/\/www.wasaline.com\/wp-content\/uploads\/2025\/08\/private-parties-at-wasaline.jpg\" width=\"1500\" height=\"630\" title='private-parties-at-wasaline' alt='Private parties at Aurora Botnia'  itemprop=\"thumbnailUrl\" srcset=\"https:\/\/www.wasaline.com\/wp-content\/uploads\/2025\/08\/private-parties-at-wasaline.jpg 1500w, https:\/\/www.wasaline.com\/wp-content\/uploads\/2025\/08\/private-parties-at-wasaline-300x126.jpg 300w, https:\/\/www.wasaline.com\/wp-content\/uploads\/2025\/08\/private-parties-at-wasaline-1030x433.jpg 1030w, https:\/\/www.wasaline.com\/wp-content\/uploads\/2025\/08\/private-parties-at-wasaline-768x323.jpg 768w, https:\/\/www.wasaline.com\/wp-content\/uploads\/2025\/08\/private-parties-at-wasaline-705x296.jpg 705w\" sizes=\"(max-width: 1500px) 100vw, 1500px\" \/><\/div><\/li><\/ul><\/div><\/div><div id='after_full_slider_1'  class='main_color av_default_container_wrap container_wrap fullsize'  ><div class='container av-section-cont-open' ><div class='template-page content  av-content-full alpha units'><div class='post-entry post-entry-type-page post-entry-36609'><div class='entry-content-wrapper clearfix'>\n\n<style type=\"text\/css\" data-created_by=\"avia_inline_auto\" id=\"style-css-av-lgg4mo08-89f7d68c51ced7ff033456d1816909d8\">\n#top .av-special-heading.av-lgg4mo08-89f7d68c51ced7ff033456d1816909d8{\npadding-bottom:10px;\n}\nbody .av-special-heading.av-lgg4mo08-89f7d68c51ced7ff033456d1816909d8 .av-special-heading-tag .heading-char{\nfont-size:25px;\n}\n.av-special-heading.av-lgg4mo08-89f7d68c51ced7ff033456d1816909d8 .av-subheading{\nfont-size:15px;\n}\n<\/style>\n<div  class='av-special-heading av-lgg4mo08-89f7d68c51ced7ff033456d1816909d8 av-special-heading-h1 blockquote modern-quote  avia-builder-el-1  el_after_av_slideshow_full  el_before_av_hr  avia-builder-el-first '><h1 class='av-special-heading-tag '  itemprop=\"headline\"  >Private celebrations on board<\/h1><div class='av-subheading av-subheading_below'><p>Come together with friends and family for an unforgettable special occasion at sea.<\/p>\n<\/div><div class=\"special-heading-border\"><div class=\"special-heading-inner-border\"><\/div><\/div><\/div>\n\n<style type=\"text\/css\" data-created_by=\"avia_inline_auto\" id=\"style-css-av-lgg52918-797160dbdf2e1fe8527d1541c8eaf81c\">\n#top .hr.hr-invisible.av-lgg52918-797160dbdf2e1fe8527d1541c8eaf81c{\nheight:50px;\n}\n<\/style>\n<div  class='hr av-lgg52918-797160dbdf2e1fe8527d1541c8eaf81c hr-invisible  avia-builder-el-2  el_after_av_heading  el_before_av_textblock '><span class='hr-inner '><span class=\"hr-inner-style\"><\/span><\/span><\/div>\n<section  class='av_textblock_section av-lgkrjo4z-c4b0b02b8ba465b51a44c39d9a3f9b0b '   itemscope=\"itemscope\" itemtype=\"https:\/\/schema.org\/CreativeWork\" ><div class='avia_textblock'  itemprop=\"text\" ><p>Are you looking for a venue in Vaasa or Ume\u00e5 for your private event? Turn your sights to the sea! Aurora Botnia has everything you need &#8211; private meeting rooms, abundant restaurant services and a view to the beautiful archipelago.<\/p>\n<p>An 8-hour day cruise between Vaasa and Ume\u00e5 is perfect for private occasions such as:<\/p>\n<ul>\n<li>birthday parties<\/li>\n<li>anniversaries<\/li>\n<li>bachelor\/bachelorette parties<\/li>\n<li>graduations<\/li>\n<li>farewell parties<\/li>\n<\/ul>\n<p>Different spaces and atmospheres are just a few steps away &#8211; and nobody will leave the party early!<\/p>\n<p>You can decide to book a private meeting room for your event or to spend the cruise in the public facilities on board. Upon request the room is decorated for you. Movable walls enable us to accommodate even larger groups. The conference area has a dedicated bar and staff at your service.<\/p>\n<p>Delicious food is a big part of the Wasaline travel experience. Choose the abundant <a href=\"https:\/\/www.wasaline.com\/en\/food-and-beverage\/archipelago-buffet\/\">Archipelago Buffet<\/a> or the more intimate <a href=\"https:\/\/www.wasaline.com\/en\/food-and-beverage\/bistro-botnia\/\">Bistro Botnia<\/a>. We also have a bar with <a href=\"https:\/\/www.wasaline.com\/en\/events\/\">live music on most weekdays<\/a>.<\/p>\n<p><span lang=\"fi\">On a day cruise you can spend the day onboard the ship without embarking. We make 2-4 daily trips across Kvarken &#8211; <\/span><a href=\"https:\/\/www.wasaline.com\/en\/timetable\/\"><span lang=\"fi\">see our timetable here<\/span><\/a><span lang=\"fi\">.<\/span><\/p>\n<p>Environmental aspects of your journey are always taken care of at Wasaline. <a href=\"https:\/\/www.wasaline.com\/en\/about-us\/\">Learn more about our sustainability policy<\/a>.<\/p>\n<\/div><\/section>\n\n<style type=\"text\/css\" data-created_by=\"avia_inline_auto\" id=\"style-css-av-lgkrk5wg-a422a90ee9bc354a0ebac7730817d07c\">\n#top .av-special-heading.av-lgkrk5wg-a422a90ee9bc354a0ebac7730817d07c{\npadding-bottom:10px;\n}\nbody .av-special-heading.av-lgkrk5wg-a422a90ee9bc354a0ebac7730817d07c .av-special-heading-tag .heading-char{\nfont-size:25px;\n}\n.av-special-heading.av-lgkrk5wg-a422a90ee9bc354a0ebac7730817d07c .av-subheading{\nfont-size:15px;\n}\n<\/style>\n<div  class='av-special-heading av-lgkrk5wg-a422a90ee9bc354a0ebac7730817d07c av-special-heading-h2  avia-builder-el-4  el_after_av_textblock  el_before_av_hr '><h2 class='av-special-heading-tag '  itemprop=\"headline\"  >Event package examples<\/h2><div class=\"special-heading-border\"><div class=\"special-heading-inner-border\"><\/div><\/div><\/div>\n\n<style type=\"text\/css\" data-created_by=\"avia_inline_auto\" id=\"style-css-av-1poj20x-795cca3b8674a16063605d455dc7e6e5\">\n#top .hr.hr-invisible.av-1poj20x-795cca3b8674a16063605d455dc7e6e5{\nheight:50px;\n}\n<\/style>\n<div  class='hr av-1poj20x-795cca3b8674a16063605d455dc7e6e5 hr-invisible  avia-builder-el-5  el_after_av_heading  el_before_av_two_third '><span class='hr-inner '><span class=\"hr-inner-style\"><\/span><\/span><\/div>\n<div  class='flex_column av-4kcsgy7-5b13e6b5e952ff8ba0f546cbe94b3404 av_two_third  avia-builder-el-6  el_after_av_hr  el_before_av_one_third  first flex_column_div  '     ><article  class='iconbox iconbox_left_content av-lgg4usdg-2751846149f98920c9b8e12395acf831  avia-builder-el-7  avia-builder-el-no-sibling '  itemscope=\"itemscope\" itemtype=\"https:\/\/schema.org\/CreativeWork\" ><div class='iconbox_icon heading-color avia-iconfont avia-font-entypo-fontello' data-av_icon='\ue808' data-av_iconfont='entypo-fontello'  ><\/div><div class=\"iconbox_content\"><header class=\"entry-content-header\" aria-label=\"Icon: A dash better party\"><h3 class='iconbox_content_title '  itemprop=\"headline\" >A dash better party<\/h3><\/header><div class='iconbox_content_container '  itemprop=\"text\" ><p>For groups of 10 or more persons<\/p>\n<p>Package includes:<\/p>\n<ul>\n<li>Day cruise<\/li>\n<li>Archipelago buffet with All inclusive beverages<\/li>\n<li>Birthday drink at the bar for everyone<\/li>\n<\/ul>\n<p><strong>From 93,5\u20ac \/ 1 075 SEK per person<\/strong><\/p>\n<p>Environmental fee for 1 adult is included in the price. <a href=\"https:\/\/www.wasaline.com\/en\/environmental-fee\/\">Read more \u2192<\/a><\/p>\n<\/div><\/div><footer class=\"entry-footer\"><\/footer><\/article><\/div>\n<div  class='flex_column av-3u1wogf-6c1cfca52c78bdcfe29ff3ce9d6aeba2 av_one_third  avia-builder-el-8  el_after_av_two_third  el_before_av_two_third  flex_column_div  '     ><div  class='avia-button-wrap av-lgg50l1b-1822c8012471c7e6ea13f899d9ffe5b6-wrap avia-button-left  avia-builder-el-9  avia-builder-el-no-sibling '><a href='https:\/\/www.wasaline.com\/en\/groups-and-conference\/contact\/'  class='avia-button av-lgg50l1b-1822c8012471c7e6ea13f899d9ffe5b6 av-link-btn avia-icon_select-no avia-size-large avia-position-left avia-color-theme-color'   aria-label=\"Contact us\"><span class='avia_iconbox_title' >Contact us<\/span><\/a><\/div><\/div>\n<div  class='flex_column av-39wmfbj-97b096b65ce84758d66b2ea943f972a5 av_two_third  avia-builder-el-10  el_after_av_one_third  el_before_av_one_third  first flex_column_div  column-top-margin'     ><article  class='iconbox iconbox_left_content av-lgg4wpqg-dbe91e63c8bbf14932fcaf8ad2cbbbc4  avia-builder-el-11  avia-builder-el-no-sibling '  itemscope=\"itemscope\" itemtype=\"https:\/\/schema.org\/CreativeWork\" ><div class='iconbox_icon heading-color avia-iconfont avia-font-entypo-fontello' data-av_icon='\ue801' data-av_iconfont='entypo-fontello'  ><\/div><div class=\"iconbox_content\"><header class=\"entry-content-header\" aria-label=\"Icon: A dash better birthday\"><h3 class='iconbox_content_title '  itemprop=\"headline\" >A dash better birthday<\/h3><\/header><div class='iconbox_content_container '  itemprop=\"text\" ><p>For groups of 10 or more persons<\/p>\n<p>Package includes:<\/p>\n<ul>\n<li>Day cruise<\/li>\n<li>Conference room outbound and inbound<\/li>\n<li>Conference room decorations<\/li>\n<li>Birthday cake<\/li>\n<\/ul>\n<p><strong>From 70\u20ac \/ 804 SEK per person<\/strong><\/p>\n<p>Environmental fee for 1 adult is included in the price. <a href=\"https:\/\/www.wasaline.com\/en\/environmental-fee\/\">Read more \u2192<\/a><\/p>\n<\/div><\/div><footer class=\"entry-footer\"><\/footer><\/article><\/div>\n<div  class='flex_column av-2ws4tn3-5ce5ab431c0ecd045ccf0441d7d9fdf3 av_one_third  avia-builder-el-12  el_after_av_two_third  el_before_av_two_third  flex_column_div  column-top-margin'     ><div  class='avia-button-wrap av-4u1sdd-c72a8bf15502ac34d565e7aff2dfeda1-wrap avia-button-left  avia-builder-el-13  avia-builder-el-no-sibling '><a href='https:\/\/www.wasaline.com\/en\/groups-and-conference\/contact\/'  class='avia-button av-4u1sdd-c72a8bf15502ac34d565e7aff2dfeda1 av-link-btn avia-icon_select-no avia-size-large avia-position-left avia-color-theme-color'   aria-label=\"Contact us\"><span class='avia_iconbox_title' >Contact us<\/span><\/a><\/div><\/div>\n<div  class='flex_column av-24vfub3-3a1d670497b4a2004d471b1a31b0649e av_two_third  avia-builder-el-14  el_after_av_one_third  el_before_av_one_third  first flex_column_div  column-top-margin'     ><article  class='iconbox iconbox_left_content av-lgg4yay8-7ebff319084df923199391c4a9d0879f  avia-builder-el-15  avia-builder-el-no-sibling '  itemscope=\"itemscope\" itemtype=\"https:\/\/schema.org\/CreativeWork\" ><div class='iconbox_icon heading-color avia-iconfont avia-font-entypo-fontello' data-av_icon='\ue8a8' data-av_iconfont='entypo-fontello'  ><\/div><div class=\"iconbox_content\"><header class=\"entry-content-header\" aria-label=\"Icon: Birthday party deluxe\"><h3 class='iconbox_content_title '  itemprop=\"headline\" >Birthday party deluxe<\/h3><\/header><div class='iconbox_content_container '  itemprop=\"text\" ><p>For groups of 10 or more persons<\/p>\n<p>Package includes:<\/p>\n<ul>\n<li>Day cruise<\/li>\n<li>Conference room outbound and inbound<\/li>\n<li>Conference room decorations<\/li>\n<li>Birthday cake<\/li>\n<li>2 course menu in the bistro<\/li>\n<\/ul>\n<p><strong>From \u00a097\u20ac \/ 1 115 SEK per person<\/strong><\/p>\n<p>Environmental fee for 1 adult is included in the price. <a href=\"https:\/\/www.wasaline.com\/en\/environmental-fee\/\">Read more \u2192<\/a><\/p>\n<\/div><\/div><footer class=\"entry-footer\"><\/footer><\/article><\/div>\n<div  class='flex_column av-1rzpb7z-2246f2956bef7bfd6789552bb558a19f av_one_third  avia-builder-el-16  el_after_av_two_third  el_before_av_hr  flex_column_div  column-top-margin'     ><div  class='avia-button-wrap av-r1p2yp-56e0ba69e6bce179de8bdc024bffc670-wrap avia-button-left  avia-builder-el-17  avia-builder-el-no-sibling '><a href='https:\/\/www.wasaline.com\/en\/groups-and-conference\/contact\/'  class='avia-button av-r1p2yp-56e0ba69e6bce179de8bdc024bffc670 av-link-btn avia-icon_select-no avia-size-large avia-position-left avia-color-theme-color'   aria-label=\"Contact us\"><span class='avia_iconbox_title' >Contact us<\/span><\/a><\/div><\/div>\n\n<style type=\"text\/css\" data-created_by=\"avia_inline_auto\" id=\"style-css-av-qstq1b-3df02cfeeb1da860d37a3b08d2ca9ecf\">\n#top .hr.hr-invisible.av-qstq1b-3df02cfeeb1da860d37a3b08d2ca9ecf{\nheight:50px;\n}\n<\/style>\n<div  class='hr av-qstq1b-3df02cfeeb1da860d37a3b08d2ca9ecf hr-invisible  avia-builder-el-18  el_after_av_one_third  el_before_av_heading '><span class='hr-inner '><span class=\"hr-inner-style\"><\/span><\/span><\/div>\n\n<style type=\"text\/css\" data-created_by=\"avia_inline_auto\" id=\"style-css-av-lgg55mgg-8e638fb16c9c44121bdcfb0aa0b6ed01\">\n#top .av-special-heading.av-lgg55mgg-8e638fb16c9c44121bdcfb0aa0b6ed01{\npadding-bottom:10px;\n}\nbody .av-special-heading.av-lgg55mgg-8e638fb16c9c44121bdcfb0aa0b6ed01 .av-special-heading-tag .heading-char{\nfont-size:25px;\n}\n.av-special-heading.av-lgg55mgg-8e638fb16c9c44121bdcfb0aa0b6ed01 .av-subheading{\nfont-size:15px;\n}\n<\/style>\n<div  class='av-special-heading av-lgg55mgg-8e638fb16c9c44121bdcfb0aa0b6ed01 av-special-heading-h2 blockquote modern-quote  avia-builder-el-19  el_after_av_hr  el_before_av_textblock '><h2 class='av-special-heading-tag '  itemprop=\"headline\"  >Plan the perfect event<\/h2><div class=\"special-heading-border\"><div class=\"special-heading-inner-border\"><\/div><\/div><\/div>\n<section  class='av_textblock_section av-lgg54np3-61691faad91b1e638e23d419115336a4 '   itemscope=\"itemscope\" itemtype=\"https:\/\/schema.org\/CreativeWork\" ><div class='avia_textblock'  itemprop=\"text\" ><p>If the packages above do not exactly suit your plans, please <a href=\"https:\/\/www.wasaline.com\/en\/groups-and-conference\/contact\/\">contact our group sales<\/a>. We are happy to help you plan the perfect private celebration on board Aurora Botnia.<\/p>\n<link rel='stylesheet' id='formidable-css' href='https:\/\/www.wasaline.com\/wp-content\/plugins\/formidable\/css\/formidableforms.css?ver=3112242' type='text\/css' media='all' \/>\n<div class=\"frm_forms  with_frm_style frm_style_formidables-stilmall\" id=\"frm_form_35_container\" data-token=\"2e0ebd3f7d7f9bba8d2fce68cf943a76\">\n<form enctype=\"multipart\/form-data\" method=\"post\" class=\"frm-show-form  frm_pro_form  frm_logic_form \" id=\"form_konferens-kort-offertforfragan\" data-token=\"2e0ebd3f7d7f9bba8d2fce68cf943a76\">\n<div class=\"frm_form_fields \">\n<fieldset>\n<legend class=\"frm_screen_reader\">Konferens kort offertf\u00f6rfr\u00e5gan<\/legend>\r\n\r\n<div class=\"frm_fields_container\">\n<input type=\"hidden\" name=\"frm_action\" value=\"create\" \/>\n<input type=\"hidden\" name=\"form_id\" value=\"35\" \/>\n<input type=\"hidden\" name=\"frm_hide_fields_35\" id=\"frm_hide_fields_35\" value=\"\" \/>\n<input type=\"hidden\" name=\"form_key\" value=\"konferens-kort-offertforfragan\" \/>\n<input type=\"hidden\" name=\"item_meta[0]\" value=\"\" \/>\n<input type=\"hidden\" id=\"frm_submit_entry_35\" name=\"frm_submit_entry_35\" value=\"6ad24246cd\" \/><input type=\"hidden\" name=\"_wp_http_referer\" value=\"\/en\/wp-json\/wp\/v2\/pages\/36609\" \/><div id=\"frm_field_860_container\" class=\"frm_form_field form-field  frm_required_field frm_top_container\">\r\n\t<label for=\"field_cb52e\" id=\"field_cb52e_label\" class=\"frm_primary_label\">Name\r\n\t\t<span class=\"frm_required\" aria-hidden=\"true\">*<\/span>\r\n\t<\/label>\r\n\t<input  type=\"text\" id=\"field_cb52e\" name=\"item_meta[860]\" value=\"\"  data-reqmsg=\"Required field\" aria-required=\"true\" data-invmsg=\"Name is in invalid format\" aria-invalid=\"false\"   \/>\r\n\t\r\n\t\r\n<\/div>\n<div id=\"frm_field_862_container\" class=\"frm_form_field form-field  frm_required_field frm_top_container\">\r\n\t<label for=\"field_tdnvd\" id=\"field_tdnvd_label\" class=\"frm_primary_label\">Email address\r\n\t\t<span class=\"frm_required\" aria-hidden=\"true\">*<\/span>\r\n\t<\/label>\r\n\t<input type=\"email\" id=\"field_tdnvd\" name=\"item_meta[862]\" value=\"\"  autocomplete=\"email\"  data-reqmsg=\"Required field\" aria-required=\"true\" data-invmsg=\"Email address is in invalid format\" aria-invalid=\"false\"  \/>\r\n\t\r\n\t\r\n<\/div>\n<div id=\"frm_field_865_container\" class=\"frm_form_field form-field  frm_required_field frm_top_container\">\r\n\t<label for=\"field_rwanx\" id=\"field_rwanx_label\" class=\"frm_primary_label\">Phone\r\n\t\t<span class=\"frm_required\" aria-hidden=\"true\">*<\/span>\r\n\t<\/label>\r\n\t<input type=\"tel\" id=\"field_rwanx\" name=\"item_meta[865]\" value=\"\"  style=\"width:255px\" data-reqmsg=\"Required field\" aria-required=\"true\" data-invmsg=\"Phone is in invalid format\" class=\"auto_width\" aria-invalid=\"false\" pattern=\"((\\+\\d{1,3}(-|.| )?\\(?\\d\\)?(-| |.)?\\d{1,5})|(\\(?\\d{2,6}\\)?))(-|.| )?(\\d{3,4})(-|.| )?(\\d{4})(( x| ext)\\d{1,5}){0,1}$\"  \/>\r\n\t\r\n\t\r\n<\/div>\n<div id=\"frm_field_861_container\" class=\"frm_form_field form-field  frm_required_field frm_top_container\">\r\n\t<label for=\"field_h8g6n\" id=\"field_h8g6n_label\" class=\"frm_primary_label\">I represent the following company, organization or group\r\n\t\t<span class=\"frm_required\" aria-hidden=\"true\">*<\/span>\r\n\t<\/label>\r\n\t<input  type=\"text\" id=\"field_h8g6n\" name=\"item_meta[861]\" value=\"\"  data-reqmsg=\"Required field\" aria-required=\"true\" data-invmsg=\"I represent the following company, organization or group is in invalid format\" aria-invalid=\"false\"   \/>\r\n\t\r\n\t\r\n<\/div>\n<div id=\"frm_field_864_container\" class=\"frm_form_field form-field  frm_top_container\">\r\n\t<label for=\"field_tdjlc\" id=\"field_tdjlc_label\" class=\"frm_primary_label\">I want to know more about\r\n\t\t<span class=\"frm_required\" aria-hidden=\"true\"><\/span>\r\n\t<\/label>\r\n\t<textarea name=\"item_meta[864]\" id=\"field_tdjlc\" rows=\"5\"  data-invmsg=\"I want to know more about is in invalid format\" aria-invalid=\"false\"  ><\/textarea>\r\n\t\r\n\t\r\n<\/div>\n<div id=\"frm_field_866_container\" class=\"frm_form_field form-field  frm_required_field frm_top_container vertical_radio\">\r\n\t<div  id=\"field_1ldku_label\" class=\"frm_primary_label\">Privacy policy:\r\n\t\t<span class=\"frm_required\" aria-hidden=\"true\">*<\/span>\r\n\t<\/div>\r\n\t<div class=\"frm_opt_container\" aria-labelledby=\"field_1ldku_label\" role=\"group\">\t\t<div class=\"frm_checkbox\" id=\"frm_checkbox_866-0\">\t\t\t<label  for=\"field_1ldku-0\">\n\t\t\t<input type=\"checkbox\" name=\"item_meta[866][]\" id=\"field_1ldku-0\" value=\"Val 1\"  data-reqmsg=\"Required field\" data-invmsg=\"Privacy policy: is invalid\"   aria-required=\"true\"  \/> Jag f\u00f6rst\u00e5r att Wasaline sparar mina uppgifter f\u00f6r att kunna fullf\u00f6lja tj\u00e4nsten<\/label><\/div>\n<\/div>\r\n\t\r\n\t\r\n<\/div>\n<div id=\"frm_field_868_container\" class=\"frm_form_field form-field  frm_none_container\">\r\n\t<label for=\"g-recaptcha-response\" id=\"field_z6ece_label\" class=\"frm_primary_label\">reCAPTCHA spam bot check\r\n\t\t<span class=\"frm_required\" aria-hidden=\"true\"><\/span>\r\n\t<\/label>\r\n\t<div  id=\"field_z6ece\" class=\"frm-g-recaptcha\" data-sitekey=\"6LfGteYnAAAAAAZGNMNTf-ueadyaywoM7PeuaOJU\" data-size=\"invisible\" data-theme=\"light\"><\/div>\r\n\t\r\n\t\r\n<\/div>\n<input type=\"hidden\" name=\"item_meta[867]\" id=\"field_9ulsy\" value=\"214\"  data-frmval=\"214\"   \/>\n<div id=\"frm_field_858_container\" class=\"frm_form_field form-field \">\r\n\t<div class=\"frm_submit frm_flex\">\r\n<button class=\"frm_button_submit frm_final_submit\" type=\"submit\"   formnovalidate=\"formnovalidate\">Send<\/button>\r\n\r\n\r\n\r\n<\/div>\r\n<\/div>\n\t<input type=\"hidden\" name=\"item_key\" value=\"\" \/>\n\t\t\t<div id=\"frm_field_1043_container\">\n\t\t\t<label for=\"field_rbdg0\" >\n\t\t\t\tIf you are human, leave this field blank.\t\t\t<\/label>\n\t\t\t<input  id=\"field_rbdg0\" type=\"text\" class=\"frm_form_field form-field frm_verify\" name=\"item_meta[1043]\" value=\"\"  \/>\n\t\t<\/div>\n\t\t<input name=\"frm_state\" type=\"hidden\" value=\"7\/eKXepN77vNnWZl37OhrLmFLRJrC5Oes7oyhsqv6vW5Ghm5G5Erm5CrCbtpjCXw\" \/><\/div>\n<\/fieldset>\n<\/div>\n\n<\/form>\n<\/div>\n\n<\/div><\/section>\n","protected":false},"excerpt":{"rendered":"","protected":false},"author":4,"featured_media":36601,"parent":337,"menu_order":41,"comment_status":"closed","ping_status":"closed","template":"","meta":{"_acf_changed":false,"footnotes":""},"class_list":["post-36609","page","type-page","status-publish","has-post-thumbnail","hentry"],"acf":[],"publishpress_future_action":{"enabled":false,"date":"2026-04-22 05:49:13","action":"change-status","newStatus":"draft","terms":[],"taxonomy":"translation_priority","extraData":[]},"publishpress_future_workflow_manual_trigger":{"enabledWorkflows":[]},"_links":{"self":[{"href":"https:\/\/www.wasaline.com\/en\/wp-json\/wp\/v2\/pages\/36609","targetHints":{"allow":["GET"]}}],"collection":[{"href":"https:\/\/www.wasaline.com\/en\/wp-json\/wp\/v2\/pages"}],"about":[{"href":"https:\/\/www.wasaline.com\/en\/wp-json\/wp\/v2\/types\/page"}],"author":[{"embeddable":true,"href":"https:\/\/www.wasaline.com\/en\/wp-json\/wp\/v2\/users\/4"}],"replies":[{"embeddable":true,"href":"https:\/\/www.wasaline.com\/en\/wp-json\/wp\/v2\/comments?post=36609"}],"version-history":[{"count":14,"href":"https:\/\/www.wasaline.com\/en\/wp-json\/wp\/v2\/pages\/36609\/revisions"}],"predecessor-version":[{"id":76905,"href":"https:\/\/www.wasaline.com\/en\/wp-json\/wp\/v2\/pages\/36609\/revisions\/76905"}],"up":[{"embeddable":true,"href":"https:\/\/www.wasaline.com\/en\/wp-json\/wp\/v2\/pages\/337"}],"wp:featuredmedia":[{"embeddable":true,"href":"https:\/\/www.wasaline.com\/en\/wp-json\/wp\/v2\/media\/36601"}],"wp:attachment":[{"href":"https:\/\/www.wasaline.com\/en\/wp-json\/wp\/v2\/media?parent=36609"}],"curies":[{"name":"wp","href":"https:\/\/api.w.org\/{rel}","templated":true}]}}