{"id":1375,"date":"2022-09-12T14:11:48","date_gmt":"2022-09-12T12:11:48","guid":{"rendered":"https:\/\/www.wasaline.com\/?page_id=1375"},"modified":"2026-04-02T09:16:51","modified_gmt":"2026-04-02T07:16:51","slug":"hotellipaketit","status":"publish","type":"page","link":"https:\/\/www.wasaline.com\/fi\/hotellipaketit\/","title":{"rendered":"Hotellipaketit"},"content":{"rendered":"<div  class='flex_column av-g9rckv-2a8fcc14844c9127fccd1cc151dd4a20 av_one_full  avia-builder-el-0  el_before_av_one_half  avia-builder-el-first  first flex_column_div  '     ><style type=\"text\/css\" data-created_by=\"avia_inline_auto\" id=\"style-css-av-l9gogf1m-03d1b0f7c80540aac0cdba15b2558265\">\n#top .av-special-heading.av-l9gogf1m-03d1b0f7c80540aac0cdba15b2558265{\npadding-bottom:10px;\n}\nbody .av-special-heading.av-l9gogf1m-03d1b0f7c80540aac0cdba15b2558265 .av-special-heading-tag .heading-char{\nfont-size:25px;\n}\n.av-special-heading.av-l9gogf1m-03d1b0f7c80540aac0cdba15b2558265 .av-subheading{\nfont-size:15px;\n}\n<\/style>\n<div  class='av-special-heading av-l9gogf1m-03d1b0f7c80540aac0cdba15b2558265 av-special-heading-h1 blockquote modern-quote modern-centered  avia-builder-el-1  avia-builder-el-no-sibling  av-linked-heading'><h1 class='av-special-heading-tag '  itemprop=\"headline\"  >Hotellipaketit Ruotsista Suomeen<\/h1><div class=\"special-heading-border\"><div class=\"special-heading-inner-border\"><\/div><\/div><\/div><\/div>\n<div  class='flex_column av-ein6qn-a7cd70ed4920151bb983628fcadb77a4 av_one_half  avia-builder-el-2  el_after_av_one_full  el_before_av_one_half  first flex_column_div  column-top-margin'     ><section  class='av_textblock_section av-l9fmn2wg-56c85c15c85f523edf22327f9566f6ef '   itemscope=\"itemscope\" itemtype=\"https:\/\/schema.org\/CreativeWork\" ><div class='avia_textblock'  itemprop=\"text\" ><p>Wasaline tekee yhteisty\u00f6t\u00e4 usean eri hotellin kanssa Suomessa. Yhteisty\u00f6n ansiosta saat laivalipun sek\u00e4 hotelliy\u00f6pymisen usein edullisemmin pakettina kuin erikseen ostettuna. Varausj\u00e4rjestelm\u00e4st\u00e4mme l\u00f6yd\u00e4t parhan hinnan p\u00e4iv\u00e4m\u00e4\u00e4r\u00e4t, valitset haluamasi huonetyypin sek\u00e4 liit\u00e4t varaukseen laivan lis\u00e4palveluja, kuten hytin, salonkipaikan tai aterian.<\/p>\n<p><strong>Kolme syyt\u00e4 varata hotellimatka kauttamme<\/strong>:<\/p>\n<ul>\n<li>Yksi varaus, yksi lasku<\/li>\n<li>Saat matkallesi pakettimatkoja koskevan, vahvemman turvan (<a href=\"https:\/\/www.wasaline.com\/fi\/matkustus-peruutus-ja-kuljetusehdot\/#toggle-id-27\">tutustu peruutusehtoihin t\u00e4st\u00e4<\/a>)<\/li>\n<li>Varausj\u00e4rjestelm\u00e4 omalla kielell\u00e4si<\/li>\n<\/ul>\n<\/div><\/section><\/div>\n<div  class='flex_column av-cbztq7-854bc55553663491cb8896d59b7dd3a8 av_one_half  avia-builder-el-4  el_after_av_one_half  el_before_av_one_full  flex_column_div  column-top-margin'     ><style type=\"text\/css\" data-created_by=\"avia_inline_auto\" id=\"style-css-av-l9fminux-52b3db3dc09626c6d736aabb4cd092e6\">\n.avia-image-container.av-l9fminux-52b3db3dc09626c6d736aabb4cd092e6 img.avia_image{\nbox-shadow:none;\n}\n.avia-image-container.av-l9fminux-52b3db3dc09626c6d736aabb4cd092e6 .av-image-caption-overlay-center{\ncolor:#ffffff;\n}\n<\/style>\n<div  class='avia-image-container av-l9fminux-52b3db3dc09626c6d736aabb4cd092e6 av-styling- avia-align-center  avia-builder-el-5  avia-builder-el-no-sibling '   itemprop=\"image\" itemscope=\"itemscope\" itemtype=\"https:\/\/schema.org\/ImageObject\" ><div class=\"avia-image-container-inner\"><div class=\"avia-image-overlay-wrap\"><img decoding=\"async\" fetchpriority=\"high\" class='wp-image-27598 avia-img-lazy-loading-not-27598 avia_image ' src=\"https:\/\/www.wasaline.com\/wp-content\/uploads\/2022\/10\/Autumn-city_aerial-medium-845x684.jpg\" alt='Autumn city_aerial' title='Autumn city_aerial-medium'  height=\"684\" width=\"845\"  itemprop=\"thumbnailUrl\" srcset=\"https:\/\/www.wasaline.com\/wp-content\/uploads\/2022\/10\/Autumn-city_aerial-medium-845x684.jpg 845w, https:\/\/www.wasaline.com\/wp-content\/uploads\/2022\/10\/Autumn-city_aerial-medium-495x400.jpg 495w\" sizes=\"(max-width: 845px) 100vw, 845px\" \/><\/div><\/div><\/div><\/div>\n<div  class='flex_column av-12crun-ac038b022ae8eb7dbae42a8d358049ec av_one_full  avia-builder-el-6  el_after_av_one_half  el_before_av_one_full  first flex_column_div  column-top-margin'     ><style type=\"text\/css\" data-created_by=\"avia_inline_auto\" id=\"style-css-av-mazdatkq-0802387291d5809eaba33ffebfe1f21c\">\n#top .av-special-heading.av-mazdatkq-0802387291d5809eaba33ffebfe1f21c{\npadding-bottom:10px;\n}\nbody .av-special-heading.av-mazdatkq-0802387291d5809eaba33ffebfe1f21c .av-special-heading-tag .heading-char{\nfont-size:25px;\n}\n.av-special-heading.av-mazdatkq-0802387291d5809eaba33ffebfe1f21c .av-subheading{\nfont-size:15px;\n}\n<\/style>\n<div  class='av-special-heading av-mazdatkq-0802387291d5809eaba33ffebfe1f21c av-special-heading-h2 blockquote modern-quote modern-centered  avia-builder-el-7  avia-builder-el-no-sibling  av-linked-heading'><h2 class='av-special-heading-tag '  itemprop=\"headline\"  >Varaa hotellipaketti t\u00e4st\u00e4<\/h2><div class=\"special-heading-border\"><div class=\"special-heading-inner-border\"><\/div><\/div><\/div><\/div>\n<div  class='flex_column av-av_one_full-c3b372ad6f1642cd7c92869ade45eb87 av_one_full  avia-builder-el-8  el_after_av_one_full  el_before_av_one_full  first flex_column_div  column-top-margin'     ><section  class='av_textblock_section av-mnh4vecg-e8ab857e9f3098448af781e8aa056bda '   itemscope=\"itemscope\" itemtype=\"https:\/\/schema.org\/CreativeWork\" ><div class='avia_textblock'  itemprop=\"text\" ><p style=\"text-align: center;\">Vaihda matkan suunta: <a href=\"https:\/\/www.wasaline.com\/fi\/hotellipaketit-vaasasta\/\">Hotellipaketit Ruotsiin<\/a><\/p>\n<\/div><\/section><br \/>\n<div  class='avia-builder-widget-area clearfix  avia-builder-el-10  el_after_av_textblock  avia-builder-el-last '><div id=\"custom_html-9\" class=\"widget_text widget clearfix widget_custom_html\"><h3 class=\"widgettitle\">FI<\/h3><div class=\"textwidget custom-html-widget\"><style>\r\n.cb-widget-standard *, .cb-widget-standard :after, .cb-widget-standard :before {height: 60px;}\r\n#top select, #top .avia_ajax_form .select, #top .entry-content-wrapper select {padding-left: 20px;padding-top: 24px;\r\nfont-size: 16px;font-family: SofiaPro-Light, Open Sans;}\r\n#top .main_color .input-text, #top .main_color input[type='text'], #top .main_color input[type='input'], #top .main_color input[type='password'], #top .main_color input[type='email'], #top .main_color input[type='number'], #top .main_color input[type='url'], #top .main_color input[type='tel'], #top .main_color input[type='search'], #top .main_color textarea, #top .main_color select {height: 60px;padding-left: 20px;padding-top: 24px;\r\nfont-size: 16px;font-family: SofiaPro-Light, Open Sans;}\r\n.cb-js-scrollto-section-travelers {display:none !important;}\r\nbody .cb-widget-standard .cb-gui-select>span, body .cb-widget-standard .cb-gui-text>input, body .cb-widget-standard .cb-gui-text>span, body .cb-widget-standard input.cb-gui-text, body .cb-widget-standard select.cb-gui-select {padding: 28px 12px 7px 22px; font-family: SofiaPro-Light, Open Sans;}\r\nbody .cb-widget-standard .cb-gui-btn {\r\nfont-family: SofiaPro-Light, Open Sans;\r\nfont-size: 16px;\r\nfont-weight: 500;\r\ntext-transform:uppercase;\r\nbackground:#FBD872 !important;\r\ncolor:#003865 !important;\r\nborder: none;\r\npadding: 18px 10px 42px 10px;\r\nmin-width: 140px;\r\n}\r\n@media only screen and (min-width: 1001px) {\r\nbody .cb-widget-standard .cb-sections {min-height: 100px;}\r\n}\r\n@media only screen and (max-width: 1000px) {\r\nbody .cb-widget-standard .cb-sections {min-height: 250px;}\r\n}\r\n<\/style>\r\n\r\n<style>\r\n.cb-widget-standard *, .cb-widget-standard :after, .cb-widget-standard :before {height: auto;}.cb-widget-standard .cb-gui-btn { padding: 18px 10px 18px 10px !important;} <\/style>\r\n<script async type=\"text\/javascript\" src=\"https:\/\/destination.finland.wasaline.com\/fi\/widget?token=1e744342-b21c-4119-b1a1-6b1f1420a231\"><\/script> <div id=\"1e744342-b21c-4119-b1a1-6b1f1420a231\"><\/div><\/div><\/div><\/div><\/p><\/div><div  class='flex_column av-av_one_full-c3b372ad6f1642cd7c92869ade45eb87 av_one_full  avia-builder-el-11  el_after_av_one_full  el_before_av_one_full  first flex_column_div  column-top-margin'     ><section  class='av_textblock_section av-ldlne1je-2db115f25cc919df9492d890652953cc '   itemscope=\"itemscope\" itemtype=\"https:\/\/schema.org\/CreativeWork\" ><div class='avia_textblock'  itemprop=\"text\" ><p style=\"text-align: center;\"><a href=\"https:\/\/destination.finland.wasaline.com\/fi\/paketit\/1983074\/hotel-package-to-finland\">Jos yll\u00e4olevan varauslomakkeen k\u00e4yt\u00f6ss\u00e4 ilmenee ongelmia, napsauta t\u00e4st\u00e4<\/a><\/p>\n<\/div><\/section><\/div><div  class='flex_column av-2fg6e7-bee422029bd7e519c76900775f9ea0e6 av_one_full  avia-builder-el-13  el_after_av_one_full  el_before_av_masonry_entries  avia-builder-el-last  first flex_column_div  column-top-margin'     ><style type=\"text\/css\" data-created_by=\"avia_inline_auto\" id=\"style-css-av-l9fmnyrv-b5a492ff26cceff0b91725ad99777a1b\">\n#top .av-special-heading.av-l9fmnyrv-b5a492ff26cceff0b91725ad99777a1b{\npadding-bottom:10px;\n}\nbody .av-special-heading.av-l9fmnyrv-b5a492ff26cceff0b91725ad99777a1b .av-special-heading-tag .heading-char{\nfont-size:25px;\n}\n.av-special-heading.av-l9fmnyrv-b5a492ff26cceff0b91725ad99777a1b .av-subheading{\nfont-size:15px;\n}\n<\/style>\n<div  class='av-special-heading av-l9fmnyrv-b5a492ff26cceff0b91725ad99777a1b av-special-heading-h2 blockquote modern-quote modern-centered  avia-builder-el-14  avia-builder-el-no-sibling  av-linked-heading'><h2 class='av-special-heading-tag '  itemprop=\"headline\"  >Kampanjat, joihin sis\u00e4ltyy majoitus Suomessa<\/h2><div class=\"special-heading-border\"><div class=\"special-heading-inner-border\"><\/div><\/div><\/div><\/div><\/p>\n<div id='productcard' class='av-masonry av-m876ssno-92f5e260f31f2e508872d03d2b35cd55 noHover av-fixed-size av-large-gap av-hover-overlay-active av-masonry-animation-active av-masonry-col-flexible av-caption-always av-caption-style- av-masonry-entries av-desktop-columns-overwrite av-desktop-columns-3 av-medium-columns-overwrite av-medium-columns-2 av-small-columns-overwrite av-small-columns-1 av-mini-columns-overwrite av-mini-columns-1 '><div class=\"av-masonry-container isotope av-js-disabled\"><div class='av-masonry-entry isotope-item av-masonry-item-no-image '><\/div><a href=\"https:\/\/www.wasaline.com\/fi\/kampanjat\/busa-bada\/\"  id='av-masonry-1-item-80597' data-av-masonry-item='80597' class='av-masonry-entry isotope-item post-80597 kampanjer type-kampanjer status-publish format-standard has-post-thumbnail hentry tag-kampanjat-uumajasta tag-yopyminen-suomessa  av-masonry-item-with-image' title=\"powerpark-tropiclandia-package\"  itemscope=\"itemscope\" itemtype=\"https:\/\/schema.org\/CreativeWork\" ><div class='av-inner-masonry-sizer'><\/div><figure class='av-inner-masonry main_color'><div class=\"av-masonry-outerimage-container\"><div class='av-masonry-image-container' style=\"background-image: url(https:\/\/www.wasaline.com\/wp-content\/uploads\/2026\/02\/powerpark-tropiclandia-package-705x470.jpg);\"  title=\"powerpark-tropiclandia-package\"   alt=\"PowerPark and Tropiclandia travel package\" ><\/div><\/div><figcaption class='av-inner-masonry-content site-background'><div class='av-inner-masonry-content-pos'><div class='av-inner-masonry-content-pos-content'><div class='avia-arrow'><\/div><h3 class='av-masonry-entry-title entry-title '  itemprop=\"headline\" >Busa &#038; Bada PowerPark ja Tropiclandia<\/h3><p class='fromprice'  itemprop=\"headline\" >alk. <strong>5928 SEK<\/strong> <\/p><\/div><\/div><\/figcaption><\/figure><\/a><!--end av-masonry entry--><a href=\"https:\/\/www.wasaline.com\/fi\/kampanjat\/kylpylapaketti-scandic-waskia-ja-tropiclandia\/\"  id='av-masonry-1-item-27087' data-av-masonry-item='27087' class='av-masonry-entry isotope-item post-27087 kampanjer type-kampanjer status-publish format-standard has-post-thumbnail hentry tag-yopyminen-suomessa  av-masonry-item-with-image' title=\"Tropiclandia\"  itemscope=\"itemscope\" itemtype=\"https:\/\/schema.org\/CreativeWork\" ><div class='av-inner-masonry-sizer'><\/div><figure class='av-inner-masonry main_color'><div class=\"av-masonry-outerimage-container\"><div class='av-masonry-image-container' style=\"background-image: url(https:\/\/www.wasaline.com\/wp-content\/uploads\/2022\/10\/Tropiclandia-webb-705x471.jpg);\"  title=\"Tropiclandia\"   alt=\"Tropiclandia\" ><\/div><\/div><figcaption class='av-inner-masonry-content site-background'><div class='av-inner-masonry-content-pos'><div class='av-inner-masonry-content-pos-content'><div class='avia-arrow'><\/div><h3 class='av-masonry-entry-title entry-title '  itemprop=\"headline\" >Kylpyl\u00e4paketti Scandic Waskia ja Tropiclandia<\/h3><p class='fromprice'  itemprop=\"headline\" >alk. <strong>1118 SEK<\/strong> <\/p><\/div><\/div><\/figcaption><\/figure><\/a><!--end av-masonry entry--><a href=\"https:\/\/www.wasaline.com\/fi\/kampanjat\/powerpark-paketti\/\"  id='av-masonry-1-item-30039' data-av-masonry-item='30039' class='av-masonry-entry isotope-item post-30039 kampanjer type-kampanjer status-publish format-standard has-post-thumbnail hentry tag-kampanjat-uumajasta tag-yopyminen-suomessa  av-masonry-item-with-image' title=\"powerpark-header-2024\"  itemscope=\"itemscope\" itemtype=\"https:\/\/schema.org\/CreativeWork\" ><div class='av-inner-masonry-sizer'><\/div><figure class='av-inner-masonry main_color'><div class=\"av-masonry-outerimage-container\"><div class='av-masonry-image-container' style=\"background-image: url(https:\/\/www.wasaline.com\/wp-content\/uploads\/2022\/11\/powerpark-header-2024-705x296.jpg);\"  title=\"powerpark-header-2024\"   alt=\"PowerPark entrance\" ><\/div><\/div><figcaption class='av-inner-masonry-content site-background'><div class='av-inner-masonry-content-pos'><div class='av-inner-masonry-content-pos-content'><div class='avia-arrow'><\/div><h3 class='av-masonry-entry-title entry-title '  itemprop=\"headline\" >PowerPark paketti<\/h3><p class='fromprice'  itemprop=\"headline\" >alk. <strong>3872 SEK<\/strong> <\/p><\/div><\/div><\/figcaption><\/figure><\/a><!--end av-masonry entry--><a href=\"https:\/\/www.wasaline.com\/fi\/kampanjat\/sokoshotels\/\"  id='av-masonry-1-item-51903' data-av-masonry-item='51903' class='av-masonry-entry isotope-item post-51903 kampanjer type-kampanjer status-publish format-standard has-post-thumbnail hentry tag-kampanjat-uumajasta tag-yopyminen-suomessa  av-masonry-item-with-image' title=\"royal-interior1\"  itemscope=\"itemscope\" itemtype=\"https:\/\/schema.org\/CreativeWork\" ><div class='av-inner-masonry-sizer'><\/div><figure class='av-inner-masonry main_color'><div class=\"av-masonry-outerimage-container\"><div class='av-masonry-image-container' style=\"background-image: url(https:\/\/www.wasaline.com\/wp-content\/uploads\/2024\/02\/royal-interior1-705x470.jpg);\"  title=\"royal-interior1\"   alt=\"Interior at Original Sokos Hotel Royal\" ><\/div><\/div><figcaption class='av-inner-masonry-content site-background'><div class='av-inner-masonry-content-pos'><div class='av-inner-masonry-content-pos-content'><div class='avia-arrow'><\/div><h3 class='av-masonry-entry-title entry-title '  itemprop=\"headline\" >Sokos Hotelsin kes\u00e4tarjous<\/h3><p class='fromprice'  itemprop=\"headline\" >alk. <strong>1296 SEK<\/strong> <\/p><\/div><\/div><\/figcaption><\/figure><\/a><!--end av-masonry entry--><\/div><\/div>\n[av_section min_height='' min_height_pc='25' min_height_px='500px' shadow='no-border-styling' bottom_border='no-border-styling' bottom_border_diagonal_color='#333333' bottom_border_diagonal_direction='' bottom_border_style='' padding='default' custom_margin='0px' custom_margin_sync='true' av-desktop-custom_margin='' av-desktop-custom_margin_sync='true' av-medium-custom_margin='' av-medium-custom_margin_sync='true' av-small-custom_margin='' av-small-custom_margin_sync='true' av-mini-custom_margin='' av-mini-custom_margin_sync='true' svg_div_top='' svg_div_top_color='#333333' svg_div_top_width='100' svg_div_top_height='50' svg_div_top_max_height='none' svg_div_top_opacity='' svg_div_bottom='' svg_div_bottom_color='#333333' svg_div_bottom_width='100' svg_div_bottom_height='50' svg_div_bottom_max_height='none' svg_div_bottom_opacity='' fold_type='' fold_height='' fold_more='L\u00e4s mer' fold_less='Read less' fold_text_style='' fold_btn_align='' color='main_color' background='bg_color' custom_bg='#f0f0f0' background_gradient_direction='vertical' background_gradient_color1='#000000' background_gradient_color2='#ffffff' background_gradient_color3='' src='' attachment='' attachment_size='' src_dynamic='' attach='scroll' position='top left' repeat='no-repeat' video='' video_ratio='16:9' overlay_opacity='0.5' overlay_color='' overlay_pattern='' overlay_custom_pattern='' custom_arrow_bg='' fold_overlay_color='' fold_text_color='' fold_btn_color='theme-color' fold_btn_bg_color='' fold_btn_font_color='' size-btn-text='' av-desktop-font-size-btn-text='' av-medium-font-size-btn-text='' av-small-font-size-btn-text='' av-mini-font-size-btn-text='' fold_timer='' z_index_fold='' css_position_z_index='' av-desktop-css_position_z_index='' av-medium-css_position_z_index='' av-small-css_position_z_index='' av-mini-css_position_z_index='' id='' custom_class='' template_class='' aria_label='' element_template='' one_element_template='' av_element_hidden_in_editor='0' av_uid='av-mazcoklz' sc_version='1.0']\r\n\r\n[av_textblock fold_type='' fold_height='' fold_more='L\u00e4s mer' fold_less='Read less' fold_text_style='' fold_btn_align='' textblock_styling_align='center' textblock_styling='' textblock_styling_gap='' textblock_styling_mobile='' size='' av-desktop-font-size='' av-medium-font-size='' av-small-font-size='' av-mini-font-size='' font_color='' color='' fold_overlay_color='' fold_text_color='' fold_btn_color='theme-color' fold_btn_bg_color='' fold_btn_font_color='' size-btn-text='' av-desktop-font-size-btn-text='' av-medium-font-size-btn-text='' av-small-font-size-btn-text='' av-mini-font-size-btn-text='' fold_timer='' z_index_fold='' id='' custom_class='' template_class='' element_template='' one_element_template='' av_uid='av-mazcpl1g' sc_version='1.0' admin_preview_bg='']\r\nTutustu kaikkiin matkatyyppeihimme ja l\u00f6yd\u00e4 seuraava matkasi Wasalinella:\r\n[\/av_textblock]\r\n\r\n[av_buttonrow alignment='center' button_spacing='5' button_spacing_unit='px' size-btn-text='' av-desktop-font-size-btn-text='' av-medium-font-size-btn-text='' av-small-font-size-btn-text='' av-mini-font-size-btn-text='' text-padding='' text-padding_sync='true' av-desktop-text-padding='' av-desktop-text-padding_sync='true' av-medium-text-padding='' av-medium-text-padding_sync='true' av-small-text-padding='' av-small-text-padding_sync='true' av-mini-text-padding='' av-mini-text-padding_sync='true' alb_description='' id='' custom_class='' template_class='' element_template='' one_element_template='' av_uid='av-mazcrfrp' sc_version='1.0' admin_preview_bg='']\r\n[av_buttonrow_item label='Reittimatkat' icon_select='no' icon='ue841' font='entypo-fontello' title_attr='' link='page,56100' link_dynamic='' link_target='' size='large' label_display='' size-text='' av-desktop-font-size-text='' av-medium-font-size-text='' av-small-font-size-text='' av-mini-font-size-text='' btn-padding='' btn-padding_sync='true' av-desktop-btn-padding='' av-desktop-btn-padding_sync='true' av-medium-btn-padding='' av-medium-btn-padding_sync='true' av-small-btn-padding='' av-small-btn-padding_sync='true' av-mini-btn-padding='' av-mini-btn-padding_sync='true' color_options='' color='theme-color' custom_bg='#444444' custom_font='#ffffff' btn_color_bg='theme-color' btn_custom_grad_direction='vertical' btn_custom_grad_1='#000000' btn_custom_grad_2='#ffffff' btn_custom_grad_3='' btn_custom_grad_opacity='0.7' btn_custom_bg='#444444' btn_color_bg_hover='theme-color-highlight' btn_custom_bg_hover='#444444' btn_color_font='theme-color' btn_custom_font='#ffffff' btn_color_font_hover='white' btn_custom_font_hover='#ffffff' border='' border_width='' border_width_sync='true' border_color='' border_radius='' border_radius_sync='true' box_shadow='' box_shadow_style='0px,0px,0px,0px' box_shadow_color='' hover_opacity='' sonar_effect_effect='' sonar_effect_color='' sonar_effect_duration='1' sonar_effect_scale='' sonar_effect_opac='0.5' element_template='' one_element_template='' av_uid='av-mazcqd3k' sc_version='1.0']\r\n[av_buttonrow_item label='P\u00e4iv\u00e4risteilyt' icon_select='no' icon='ue841' font='entypo-fontello' title_attr='' link='page,74651' link_dynamic='' link_target='' size='large' label_display='' size-text='' av-desktop-font-size-text='' av-medium-font-size-text='' av-small-font-size-text='' av-mini-font-size-text='' btn-padding='' btn-padding_sync='true' av-desktop-btn-padding='' av-desktop-btn-padding_sync='true' av-medium-btn-padding='' av-medium-btn-padding_sync='true' av-small-btn-padding='' av-small-btn-padding_sync='true' av-mini-btn-padding='' av-mini-btn-padding_sync='true' color_options='' color='theme-color' custom_bg='#444444' custom_font='#ffffff' btn_color_bg='theme-color' btn_custom_grad_direction='vertical' btn_custom_grad_1='#000000' btn_custom_grad_2='#ffffff' btn_custom_grad_3='' btn_custom_grad_opacity='0.7' btn_custom_bg='#444444' btn_color_bg_hover='theme-color-highlight' btn_custom_bg_hover='#444444' btn_color_font='theme-color' btn_custom_font='#ffffff' btn_color_font_hover='white' btn_custom_font_hover='#ffffff' border='' border_width='' border_width_sync='true' border_color='' border_radius='' border_radius_sync='true' box_shadow='' box_shadow_style='0px,0px,0px,0px' box_shadow_color='' hover_opacity='' sonar_effect_effect='' sonar_effect_color='' sonar_effect_duration='1' sonar_effect_scale='' sonar_effect_opac='0.5' element_template='' one_element_template='' av_uid='av-mazcqd3k-3' sc_version='1.0']\r\n[av_buttonrow_item label='Hotellipaketit' icon_select='no' icon='ue841' font='entypo-fontello' title_attr='' link='page,1391' link_dynamic='' link_target='' size='large' label_display='' size-text='' av-desktop-font-size-text='' av-medium-font-size-text='' av-small-font-size-text='' av-mini-font-size-text='' btn-padding='' btn-padding_sync='true' av-desktop-btn-padding='' av-desktop-btn-padding_sync='true' av-medium-btn-padding='' av-medium-btn-padding_sync='true' av-small-btn-padding='' av-small-btn-padding_sync='true' av-mini-btn-padding='' av-mini-btn-padding_sync='true' color_options='' color='theme-color' custom_bg='#444444' custom_font='#ffffff' btn_color_bg='theme-color' btn_custom_grad_direction='vertical' btn_custom_grad_1='#000000' btn_custom_grad_2='#ffffff' btn_custom_grad_3='' btn_custom_grad_opacity='0.7' btn_custom_bg='#444444' btn_color_bg_hover='theme-color-highlight' btn_custom_bg_hover='#444444' btn_color_font='theme-color' btn_custom_font='#ffffff' btn_color_font_hover='white' btn_custom_font_hover='#ffffff' border='' border_width='' border_width_sync='true' border_color='' border_radius='' border_radius_sync='true' box_shadow='' box_shadow_style='0px,0px,0px,0px' box_shadow_color='' hover_opacity='' sonar_effect_effect='' sonar_effect_color='' sonar_effect_duration='1' sonar_effect_scale='' sonar_effect_opac='0.5' element_template='' one_element_template='' av_uid='av-mazcqd3k-2' sc_version='1.0']\r\n[av_buttonrow_item label='Kampanjat' icon_select='no' icon='ue841' font='entypo-fontello' title_attr='' link='page,1360' link_dynamic='' link_target='' size='large' label_display='' size-text='' av-desktop-font-size-text='' av-medium-font-size-text='' av-small-font-size-text='' av-mini-font-size-text='' btn-padding='' btn-padding_sync='true' av-desktop-btn-padding='' av-desktop-btn-padding_sync='true' av-medium-btn-padding='' av-medium-btn-padding_sync='true' av-small-btn-padding='' av-small-btn-padding_sync='true' av-mini-btn-padding='' av-mini-btn-padding_sync='true' color_options='' color='theme-color' custom_bg='#444444' custom_font='#ffffff' btn_color_bg='theme-color' btn_custom_grad_direction='vertical' btn_custom_grad_1='#000000' btn_custom_grad_2='#ffffff' btn_custom_grad_3='' btn_custom_grad_opacity='0.7' btn_custom_bg='#444444' btn_color_bg_hover='theme-color-highlight' btn_custom_bg_hover='#444444' btn_color_font='theme-color' btn_custom_font='#ffffff' btn_color_font_hover='white' btn_custom_font_hover='#ffffff' border='' border_width='' border_width_sync='true' border_color='' border_radius='' border_radius_sync='true' box_shadow='' box_shadow_style='0px,0px,0px,0px' box_shadow_color='' hover_opacity='' sonar_effect_effect='' sonar_effect_color='' sonar_effect_duration='1' sonar_effect_scale='' sonar_effect_opac='0.5' element_template='' one_element_template='' av_uid='av-mazcqd3k-1' sc_version='1.0']\r\n[\/av_buttonrow]\r\n\r\n[\/av_section]\n","protected":false},"excerpt":{"rendered":"","protected":false},"author":3,"featured_media":0,"parent":0,"menu_order":0,"comment_status":"closed","ping_status":"closed","template":"","meta":{"_acf_changed":false,"footnotes":""},"class_list":["post-1375","page","type-page","status-publish","hentry"],"acf":[],"publishpress_future_action":{"enabled":false,"date":"2026-05-07 22:18:12","action":"change-status","newStatus":"draft","terms":[],"taxonomy":"translation_priority","extraData":[]},"publishpress_future_workflow_manual_trigger":{"enabledWorkflows":[]},"_links":{"self":[{"href":"https:\/\/www.wasaline.com\/fi\/wp-json\/wp\/v2\/pages\/1375","targetHints":{"allow":["GET"]}}],"collection":[{"href":"https:\/\/www.wasaline.com\/fi\/wp-json\/wp\/v2\/pages"}],"about":[{"href":"https:\/\/www.wasaline.com\/fi\/wp-json\/wp\/v2\/types\/page"}],"author":[{"embeddable":true,"href":"https:\/\/www.wasaline.com\/fi\/wp-json\/wp\/v2\/users\/3"}],"replies":[{"embeddable":true,"href":"https:\/\/www.wasaline.com\/fi\/wp-json\/wp\/v2\/comments?post=1375"}],"version-history":[{"count":18,"href":"https:\/\/www.wasaline.com\/fi\/wp-json\/wp\/v2\/pages\/1375\/revisions"}],"predecessor-version":[{"id":81309,"href":"https:\/\/www.wasaline.com\/fi\/wp-json\/wp\/v2\/pages\/1375\/revisions\/81309"}],"wp:attachment":[{"href":"https:\/\/www.wasaline.com\/fi\/wp-json\/wp\/v2\/media?parent=1375"}],"curies":[{"name":"wp","href":"https:\/\/api.w.org\/{rel}","templated":true}]}}