{"id":1456,"date":"2022-09-14T13:58:39","date_gmt":"2022-09-14T11:58:39","guid":{"rendered":"https:\/\/www.wasaline.com\/?page_id=1456"},"modified":"2026-02-05T10:31:48","modified_gmt":"2026-02-05T08:31:48","slug":"kokouspakettimme","status":"publish","type":"page","link":"https:\/\/www.wasaline.com\/fi\/ryhmat-ja-konferenssi\/kokouspakettimme\/","title":{"rendered":"Kokouspaketit"},"content":{"rendered":"<div id='full_slider_1'  class='avia-fullwidth-slider main_color avia-shadow   avia-builder-el-0  el_before_av_heading  avia-builder-el-first   container_wrap fullsize'  ><div  class='avia-slideshow av-meid6x0q-2bfbf7e19c2c0721e018ae7d771f3ba1 avia-slideshow-featured_large av_slideshow_full avia-slide-slider av-slideshow-ui av-control-hidden av-no-slider-navigation av-hide-nav-arrows av-slideshow-manual av-loop-once av-loop-manual-endless av-default-height-applied   avia-slideshow-1' data-slideshow-options=\"{&quot;animation&quot;:&quot;slide&quot;,&quot;autoplay&quot;:false,&quot;loop_autoplay&quot;:&quot;once&quot;,&quot;interval&quot;:5,&quot;loop_manual&quot;:&quot;manual-endless&quot;,&quot;autoplay_stopper&quot;:false,&quot;noNavigation&quot;:true,&quot;bg_slider&quot;:false,&quot;keep_padding&quot;:false,&quot;hoverpause&quot;:false,&quot;show_slide_delay&quot;:0}\"  itemprop=\"image\" itemscope=\"itemscope\" itemtype=\"https:\/\/schema.org\/ImageObject\" ><ul class='avia-slideshow-inner ' style='padding-bottom: 42%;'><li  class='avia-slideshow-slide av-meid6x0q-2bfbf7e19c2c0721e018ae7d771f3ba1__0  av-single-slide slide-1 slide-odd'><div data-rel='slideshow-1' class='avia-slide-wrap '   ><img decoding=\"async\" fetchpriority=\"high\" class=\"wp-image-76909 avia-img-lazy-loading-not-76909\"  src=\"https:\/\/www.wasaline.com\/wp-content\/uploads\/2025\/08\/meeting-group-panorama.jpg\" width=\"1500\" height=\"630\" title='meeting-group-panorama' alt='Meeting group aboard Aurora Botnia - panorama version'  itemprop=\"thumbnailUrl\" srcset=\"https:\/\/www.wasaline.com\/wp-content\/uploads\/2025\/08\/meeting-group-panorama.jpg 1500w, https:\/\/www.wasaline.com\/wp-content\/uploads\/2025\/08\/meeting-group-panorama-300x126.jpg 300w, https:\/\/www.wasaline.com\/wp-content\/uploads\/2025\/08\/meeting-group-panorama-1030x433.jpg 1030w, https:\/\/www.wasaline.com\/wp-content\/uploads\/2025\/08\/meeting-group-panorama-768x323.jpg 768w, https:\/\/www.wasaline.com\/wp-content\/uploads\/2025\/08\/meeting-group-panorama-705x296.jpg 705w\" sizes=\"(max-width: 1500px) 100vw, 1500px\" \/><\/div><\/li><\/ul><\/div><\/div><div id='after_full_slider_1'  class='main_color av_default_container_wrap container_wrap fullsize'  ><div class='container av-section-cont-open' ><div class='template-page content  av-content-full alpha units'><div class='post-entry post-entry-type-page post-entry-1456'><div class='entry-content-wrapper clearfix'>\n\n<style type=\"text\/css\" data-created_by=\"avia_inline_auto\" id=\"style-css-av-kt3a5yhx-79ae32f98a2503e50daaf6ba49e82d01\">\n#top .av-special-heading.av-kt3a5yhx-79ae32f98a2503e50daaf6ba49e82d01{\npadding-bottom:10px;\n}\nbody .av-special-heading.av-kt3a5yhx-79ae32f98a2503e50daaf6ba49e82d01 .av-special-heading-tag .heading-char{\nfont-size:25px;\n}\n.av-special-heading.av-kt3a5yhx-79ae32f98a2503e50daaf6ba49e82d01 .av-subheading{\nfont-size:15px;\n}\n<\/style>\n<div  class='av-special-heading av-kt3a5yhx-79ae32f98a2503e50daaf6ba49e82d01 av-special-heading-h1 blockquote modern-quote  avia-builder-el-1  el_after_av_slideshow_full  el_before_av_textblock  avia-builder-el-first '><h1 class='av-special-heading-tag '  itemprop=\"headline\"  >Kokouspaketit<\/h1><div class=\"special-heading-border\"><div class=\"special-heading-inner-border\"><\/div><\/div><\/div>\n<section  class='av_textblock_section av-m05q71zs-3fd8a7184b182bccc55c3bbeee6c8aa0 '   itemscope=\"itemscope\" itemtype=\"https:\/\/schema.org\/CreativeWork\" ><div class='avia_textblock'  itemprop=\"text\" ><p>Kokouspakettimme sis\u00e4lt\u00e4v\u00e4t kaiken tarvittavan onnistuneeseen kokousp\u00e4iv\u00e4\u00e4n: <a href=\"https:\/\/www.wasaline.com\/fi\/ryhmat-ja-konferenssi\/kokoustilat\/\">nykyaikaiset ja joustavat kokoustilat<\/a> merin\u00e4k\u00f6aloineen, uusimman kokoustekniikan sek\u00e4 laadukkaat kokous- ja <a href=\"https:\/\/www.wasaline.com\/fi\/ruoka-ja-juoma\/\">ravintolapalvelut<\/a>.<\/p>\n<p>Kokousosaston oma baari on avoinna tarpeen mukaan ja kokoushenkil\u00f6kuntamme on palveluksessanne koko matkan ajan, jolloin my\u00f6s viime hetken toiveet pyrit\u00e4\u00e4n toteuttamaan mahdollisuuksien mukaan.<\/p>\n<p>Valitse jokin valmiista vaihtoehdoista tai <a href=\"https:\/\/www.wasaline.com\/fi\/ryhmat-ja-konferenssi\/yhteystiedot\/\">ota yhteytt\u00e4 ryhm\u00e4myyntiimme<\/a> jolloin r\u00e4\u00e4t\u00e4l\u00f6imme matkan vastaamaan toiveitanne.<\/p>\n<p>Tiesitk\u00f6 ett\u00e4 voit varata konferenssimatkan (max 15 henkil\u00f6lle) my\u00f6s netiss\u00e4 ja saat silloin 5% alennuksen paketista.<\/p>\n<p>Kokouspaketit ja -hinnat 2.2.2026 alkaen:<\/p>\n<\/div><\/section>\n\n<style type=\"text\/css\" data-created_by=\"avia_inline_auto\" id=\"style-css-av-2ff7t8q-6d4575aabd8026d470a6df24af301d4d\">\n#top .hr.hr-invisible.av-2ff7t8q-6d4575aabd8026d470a6df24af301d4d{\nheight:50px;\n}\n<\/style>\n<div  class='hr av-2ff7t8q-6d4575aabd8026d470a6df24af301d4d hr-invisible  avia-builder-el-3  el_after_av_textblock  el_before_av_one_full '><span class='hr-inner '><span class=\"hr-inner-style\"><\/span><\/span><\/div>\n\n<style type=\"text\/css\" data-created_by=\"avia_inline_auto\" id=\"style-css-av-1kxchqi-5cde8c1b55ff31b38ba605f50d42d345\">\n.flex_column.av-1kxchqi-5cde8c1b55ff31b38ba605f50d42d345{\nborder-radius:0px 0px 0px 0px;\npadding:0px 0px 0px 0px;\n}\n<\/style>\n<div  class='flex_column av-1kxchqi-5cde8c1b55ff31b38ba605f50d42d345 av_one_full  avia-builder-el-4  el_after_av_hr  el_before_av_one_full  first flex_column_div av-zero-column-padding  '     ><p><article  class='iconbox iconbox_left_content av-kt3a6wm1-3c68ed7131d55a4c7658a80c3cef8a86  avia-builder-el-5  el_before_av_textblock  avia-builder-el-first '  itemscope=\"itemscope\" itemtype=\"https:\/\/schema.org\/CreativeWork\" ><div class='iconbox_icon heading-color avia-iconfont avia-font-entypo-fontello' data-av_icon='\ue8b7' data-av_iconfont='entypo-fontello'  ><\/div><div class=\"iconbox_content\"><header class=\"entry-content-header\" aria-label=\"Icon: SILVER\"><h3 class='iconbox_content_title '  itemprop=\"headline\" >SILVER<\/h3><\/header><div class='iconbox_content_container '  itemprop=\"text\" ><p>Kokous- ja seminaaripaketti, jossa mukana buffet-ruokailu<\/p>\n<\/div><\/div><footer class=\"entry-footer\"><\/footer><\/article><br \/>\n<section  class='av_textblock_section av-m05qbd7n-66014d39d3db4dfa9d96c0a04c13c6ac '   itemscope=\"itemscope\" itemtype=\"https:\/\/schema.org\/CreativeWork\" ><div class='avia_textblock'  itemprop=\"text\" ><p><strong>Sis\u00e4lt\u00e4\u00e4<\/strong>:<\/p>\n<ul>\n<li>Laivaliput meno-paluu<\/li>\n<li>Kokoustila yhteen suuntaan<\/li>\n<li>Kokouskahvi ja p\u00e4iv\u00e4n suolainen tai makea kahvileip\u00e4<\/li>\n<li>Saaristolaisp\u00f6yt\u00e4<\/li>\n<\/ul>\n<h3>alk. 99\u20ac\/hl\u00f6<\/h3>\n<p>Hintaan lis\u00e4t\u00e4\u00e4n ymp\u00e4rist\u00f6maksu. <a href=\"https:\/\/www.wasaline.com\/fi\/ymparistomaksu\/\">Lue lis\u00e4\u00e4 \u2192<\/a><\/p>\n<\/div><\/section><br \/>\n<div  class='avia-buttonrow-wrap av-m05qg16i-f21e9ebd46b7069fba77a8297a456c57 avia-buttonrow-left  avia-builder-el-7  el_after_av_textblock  avia-builder-el-last '>\n\n<style type=\"text\/css\" data-created_by=\"avia_inline_auto\" id=\"style-css-av-d48mq8-0bd13f1d71945603a850c418012a04a6\">\n#top #wrap_all .avia-button.av-d48mq8-0bd13f1d71945603a850c418012a04a6{\nmargin-bottom:5px;\nmargin-right:5px;\n}\n<\/style>\n<a href='https:\/\/booking.wasaline.com\/fi\/varaa\/varaa-konferenssi\/'  class='avia-button av-d48mq8-0bd13f1d71945603a850c418012a04a6 avia-icon_select-no avia-size-large avia-color-theme-color'   aria-label=\"Varaa nyt\"><span class='avia_iconbox_title' >Varaa nyt<\/span><\/a>\n\n<style type=\"text\/css\" data-created_by=\"avia_inline_auto\" id=\"style-css-av-a6roww-e1100c80527b4021d5de3baa6e87ab22\">\n#top #wrap_all .avia-button.av-a6roww-e1100c80527b4021d5de3baa6e87ab22{\nmargin-bottom:5px;\nmargin-right:5px;\n}\n<\/style>\n<a href='https:\/\/www.wasaline.com\/fi\/ryhmat-ja-konferenssi\/yhteystiedot\/'  class='avia-button av-a6roww-e1100c80527b4021d5de3baa6e87ab22 avia-icon_select-no avia-size-large avia-color-theme-color'   aria-label=\"Pyyd\u00e4 lis\u00e4tietoja\"><span class='avia_iconbox_title' >Pyyd\u00e4 lis\u00e4tietoja<\/span><\/a>\n<\/div><\/p><\/div>\n\n<style type=\"text\/css\" data-created_by=\"avia_inline_auto\" id=\"style-css-av-10a2y4q-71269435d1352b6108ebb9368b3b4e3f\">\n.flex_column.av-10a2y4q-71269435d1352b6108ebb9368b3b4e3f{\nborder-radius:0px 0px 0px 0px;\npadding:0px 0px 0px 0px;\n}\n<\/style>\n<div  class='flex_column av-10a2y4q-71269435d1352b6108ebb9368b3b4e3f av_one_full  avia-builder-el-8  el_after_av_one_full  el_before_av_one_full  first flex_column_div av-zero-column-padding  column-top-margin'     ><p><article  class='iconbox iconbox_left_content av-kt3a7bir-55ce7f47b81b9752f41d192f2a47f801  avia-builder-el-9  el_before_av_textblock  avia-builder-el-first '  itemscope=\"itemscope\" itemtype=\"https:\/\/schema.org\/CreativeWork\" ><div class='iconbox_icon heading-color avia-iconfont avia-font-entypo-fontello' data-av_icon='\ue8a8' data-av_iconfont='entypo-fontello'  ><\/div><div class=\"iconbox_content\"><header class=\"entry-content-header\" aria-label=\"Icon: GOLD\"><h3 class='iconbox_content_title '  itemprop=\"headline\" >GOLD<\/h3><\/header><div class='iconbox_content_container '  itemprop=\"text\" ><p>Unohda tavallinen ja sano kyll\u00e4 t\u00e4yden palvelun kokousmatkalle<\/p>\n<\/div><\/div><footer class=\"entry-footer\"><\/footer><\/article><br \/>\n<section  class='av_textblock_section av-m05qcrf5-245e794117737994dcc2490666a26225 '   itemscope=\"itemscope\" itemtype=\"https:\/\/schema.org\/CreativeWork\" ><div class='avia_textblock'  itemprop=\"text\" ><p><strong>Sis\u00e4lt\u00e4\u00e4:<\/strong><\/p>\n<ul>\n<li>Laivaliput meno-paluu<\/li>\n<li>Kokoustila yhteen suuntaan<\/li>\n<li>Kokouskahvi ja focaccia<\/li>\n<li>Saaristolaisp\u00f6yt\u00e4<\/li>\n<li>All inclusive -juomapaketti aterian aikana (viini, olut ja virvoitusjuomat hanasta)<\/li>\n<\/ul>\n<h3>alk. 112,50\u20ac\/hl\u00f6<\/h3>\n<p>Hintaan lis\u00e4t\u00e4\u00e4n ymp\u00e4rist\u00f6maksu. <a href=\"https:\/\/www.wasaline.com\/fi\/ymparistomaksu\/\">Lue lis\u00e4\u00e4 \u2192<\/a><\/p>\n<\/div><\/section><br \/>\n<div  class='avia-buttonrow-wrap av-m05qg5p0-d77f88161dfea9f5ac399f7d4967cd8d avia-buttonrow-left  avia-builder-el-11  el_after_av_textblock  avia-builder-el-last '>\n\n<style type=\"text\/css\" data-created_by=\"avia_inline_auto\" id=\"style-css-av-9wi6g0-008b576b6888ab968015ecde401d6e9c\">\n#top #wrap_all .avia-button.av-9wi6g0-008b576b6888ab968015ecde401d6e9c{\nmargin-bottom:5px;\nmargin-right:5px;\n}\n<\/style>\n<a href='https:\/\/booking.wasaline.com\/fi\/varaa\/varaa-konferenssi\/'  class='avia-button av-9wi6g0-008b576b6888ab968015ecde401d6e9c avia-icon_select-no avia-size-large avia-color-theme-color'   aria-label=\"Varaa nyt\"><span class='avia_iconbox_title' >Varaa nyt<\/span><\/a>\n\n<style type=\"text\/css\" data-created_by=\"avia_inline_auto\" id=\"style-css-av-78tltc-5b29e01640b4af5b47bce65db9307459\">\n#top #wrap_all .avia-button.av-78tltc-5b29e01640b4af5b47bce65db9307459{\nmargin-bottom:5px;\nmargin-right:5px;\n}\n<\/style>\n<a href='https:\/\/www.wasaline.com\/fi\/ryhmat-ja-konferenssi\/yhteystiedot\/'  class='avia-button av-78tltc-5b29e01640b4af5b47bce65db9307459 avia-icon_select-no avia-size-large avia-color-theme-color'   aria-label=\"Pyyd\u00e4 lis\u00e4tietoja\"><span class='avia_iconbox_title' >Pyyd\u00e4 lis\u00e4tietoja<\/span><\/a>\n<\/div><\/p><\/div>\n\n<style type=\"text\/css\" data-created_by=\"avia_inline_auto\" id=\"style-css-av-5tuops-1e57b0d3845786ffa36200dff6051ff9\">\n.flex_column.av-5tuops-1e57b0d3845786ffa36200dff6051ff9{\nborder-radius:0px 0px 0px 0px;\npadding:0px 0px 0px 0px;\n}\n<\/style>\n<div  class='flex_column av-5tuops-1e57b0d3845786ffa36200dff6051ff9 av_one_full  avia-builder-el-12  el_after_av_one_full  el_before_av_one_full  first flex_column_div av-zero-column-padding  column-top-margin'     ><p><article  class='iconbox iconbox_left_content av-kt3a8h5g-c1c507df0b33b1fd5a36b8e85e73324d  avia-builder-el-13  el_before_av_textblock  avia-builder-el-first '  itemscope=\"itemscope\" itemtype=\"https:\/\/schema.org\/CreativeWork\" ><div class='iconbox_icon heading-color avia-iconfont avia-font-entypo-fontello' data-av_icon='\ue80b' data-av_iconfont='entypo-fontello'  ><\/div><div class=\"iconbox_content\"><header class=\"entry-content-header\" aria-label=\"Icon: BUSINESS\"><h3 class='iconbox_content_title '  itemprop=\"headline\" >BUSINESS<\/h3><\/header><div class='iconbox_content_container '  itemprop=\"text\" ><p>Tee matkasta viel\u00e4 hiukan parempi ja v\u00e4h\u00e4n p\u00e4\u00e4lle (max. 40 henkil\u00f6n ryhmille)<\/p>\n<\/div><\/div><footer class=\"entry-footer\"><\/footer><\/article><br \/>\n<section  class='av_textblock_section av-m05qf19a-0c75aa785844221ae589a4cef7a7fe05 '   itemscope=\"itemscope\" itemtype=\"https:\/\/schema.org\/CreativeWork\" ><div class='avia_textblock'  itemprop=\"text\" ><p><strong>Sis\u00e4lt\u00e4\u00e4:<\/strong><\/p>\n<ul>\n<li>Laivaliput meno-paluu<\/li>\n<li>Kokoustila meno- ja paluumatkalla<\/li>\n<li>Kokouskahvi, katkarapuleip\u00e4 ja suklaata<\/li>\n<li>Henkil\u00f6kunnan tervehdys ja Aurora Botnian esittelykierros<\/li>\n<li>3 ruokalajin menu bistrossa<\/li>\n<li>Ruokajuomat (2 x 16 cl viini\u00e4 tai 2 x olut\/siideri 0,33 cl)<\/li>\n<\/ul>\n<h3>alk. 131\u20ac\/hl\u00f6<\/h3>\n<p>Hintaan lis\u00e4t\u00e4\u00e4n ymp\u00e4rist\u00f6maksu. <a href=\"https:\/\/www.wasaline.com\/fi\/ymparistomaksu\/\">Lue lis\u00e4\u00e4 \u2192<\/a><\/p>\n<\/div><\/section><br \/>\n<div  class='avia-buttonrow-wrap av-m05qgb3p-ec60fff336b6a6378f459a816d111e53 avia-buttonrow-left  avia-builder-el-15  el_after_av_textblock  avia-builder-el-last '>\n\n<style type=\"text\/css\" data-created_by=\"avia_inline_auto\" id=\"style-css-av-4lxbpc-76b233e66ea0e7eedf4d5341f0f9c17c\">\n#top #wrap_all .avia-button.av-4lxbpc-76b233e66ea0e7eedf4d5341f0f9c17c{\nmargin-bottom:5px;\nmargin-right:5px;\n}\n<\/style>\n<a href='https:\/\/www.wasaline.com\/fi\/ryhmat-ja-konferenssi\/yhteystiedot\/'  class='avia-button av-4lxbpc-76b233e66ea0e7eedf4d5341f0f9c17c avia-icon_select-no avia-size-large avia-color-theme-color'   aria-label=\"Pyyd\u00e4 lis\u00e4tietoja\"><span class='avia_iconbox_title' >Pyyd\u00e4 lis\u00e4tietoja<\/span><\/a>\n<\/div><\/p><\/div><div  class='flex_column av-2886w0-be77f7a9b204fba4a8119d5a7933aad9 av_one_full  avia-builder-el-16  el_after_av_one_full  el_before_av_one_full  first flex_column_div  column-top-margin'     ><section  class='av_textblock_section av-m0gef74j-34c03480a99918b71cc1ebdaa2c5765a '   itemscope=\"itemscope\" itemtype=\"https:\/\/schema.org\/CreativeWork\" ><div class='avia_textblock'  itemprop=\"text\" ><p><strong>Kaikkiin paketteihin sis\u00e4ltyy:<\/strong><\/p>\n<ul>\n<li>Kokoustekniikka<\/li>\n<li>Wi-Fi<\/li>\n<li>Kokousosaston baarin ja aulatilojen k\u00e4ytt\u00f6<\/li>\n<\/ul>\n<p><strong>Tarjoilut toiveesi mukaan:<\/strong><\/p>\n<p>Kokousvarauksiin voidaan lis\u00e4t\u00e4 monenlaisia herkkuja, kuten tapaksia, makeita tai suolaisia v\u00e4lipaloja, hedelmi\u00e4 ja smoothieita. Pyyd\u00e4 lis\u00e4tietoja ryhm\u00e4myynnilt\u00e4mme.<\/p>\n<\/div><\/section><\/div><\/p>\n<div  class='flex_column av-av_one_full-c3b372ad6f1642cd7c92869ade45eb87 av_one_full  avia-builder-el-18  el_after_av_one_full  avia-builder-el-last  first flex_column_div  column-top-margin'     ><p>\n<style type=\"text\/css\" data-created_by=\"avia_inline_auto\" id=\"style-css-av-av_heading-4ec11a05e9583945a5597bf5fbc9a316\">\n#top .av-special-heading.av-av_heading-4ec11a05e9583945a5597bf5fbc9a316{\npadding-bottom:10px;\n}\nbody .av-special-heading.av-av_heading-4ec11a05e9583945a5597bf5fbc9a316 .av-special-heading-tag .heading-char{\nfont-size:25px;\n}\n.av-special-heading.av-av_heading-4ec11a05e9583945a5597bf5fbc9a316 .av-subheading{\nfont-size:15px;\n}\n<\/style>\n<div  class='av-special-heading av-av_heading-4ec11a05e9583945a5597bf5fbc9a316 av-special-heading-h2 blockquote modern-quote  avia-builder-el-19  el_before_av_textblock  avia-builder-el-first '><h2 class='av-special-heading-tag '  itemprop=\"headline\"  >J\u00e4t\u00e4 yhteydenottopyynt\u00f6<\/h2><div class=\"special-heading-border\"><div class=\"special-heading-inner-border\"><\/div><\/div><\/div><br \/>\n<section  class='av_textblock_section av-av_textblock-9c22bd06a8fcf17d035d6d06adc7497c '   itemscope=\"itemscope\" itemtype=\"https:\/\/schema.org\/CreativeWork\" ><div class='avia_textblock'  itemprop=\"text\" ><p>L\u00e4het\u00e4 meille viesti t\u00e4ll\u00e4 lomakkeella, niin olemme sinuun pian yhteydess\u00e4.<\/p>\n<link rel='stylesheet' id='formidable-css' href='https:\/\/www.wasaline.com\/wp-content\/plugins\/formidable\/css\/formidableforms.css?ver=417233' type='text\/css' media='all' \/>\n<div class=\"frm_forms  with_frm_style frm_style_formidables-stilmall\" id=\"frm_form_35_container\" data-token=\"cf4c0c8f6b6b96d53b27806aff434d8c\">\n<form enctype=\"multipart\/form-data\" method=\"post\" class=\"frm-show-form  frm_pro_form  frm_logic_form \" id=\"form_konferens-kort-offertforfragan\" data-token=\"cf4c0c8f6b6b96d53b27806aff434d8c\">\n<div class=\"frm_form_fields \">\n<fieldset>\n<legend class=\"frm_screen_reader\">Konferens kort offertf\u00f6rfr\u00e5gan<\/legend>\r\n\r\n<div class=\"frm_fields_container\">\n<input type=\"hidden\" name=\"frm_action\" value=\"create\" \/>\n<input type=\"hidden\" name=\"form_id\" value=\"35\" \/>\n<input type=\"hidden\" name=\"frm_hide_fields_35\" id=\"frm_hide_fields_35\" value=\"\" \/>\n<input type=\"hidden\" name=\"form_key\" value=\"konferens-kort-offertforfragan\" \/>\n<input type=\"hidden\" name=\"item_meta[0]\" value=\"\" \/>\n<input type=\"hidden\" id=\"frm_submit_entry_35\" name=\"frm_submit_entry_35\" value=\"9bf5affb56\" \/><input type=\"hidden\" name=\"_wp_http_referer\" value=\"\/fi\/wp-json\/wp\/v2\/pages\/1456\" \/><div id=\"frm_field_860_container\" class=\"frm_form_field form-field  frm_required_field frm_top_container\">\r\n\t<label for=\"field_cb52e\" id=\"field_cb52e_label\" class=\"frm_primary_label\">Nimi\r\n\t\t<span class=\"frm_required\" aria-hidden=\"true\">*<\/span>\r\n\t<\/label>\r\n\t<input  type=\"text\" id=\"field_cb52e\" name=\"item_meta[860]\" value=\"\"  data-reqmsg=\"Pakollinen kentt\u00e4\" aria-required=\"true\" data-invmsg=\"Nimi on v\u00e4\u00e4r\u00e4ss\u00e4 muodossa\" aria-invalid=\"false\"   \/>\r\n\t\r\n\t\r\n<\/div>\n<div id=\"frm_field_862_container\" class=\"frm_form_field form-field  frm_required_field frm_top_container\">\r\n\t<label for=\"field_tdnvd\" id=\"field_tdnvd_label\" class=\"frm_primary_label\">S\u00e4hk\u00f6postiosoite\r\n\t\t<span class=\"frm_required\" aria-hidden=\"true\">*<\/span>\r\n\t<\/label>\r\n\t<input type=\"email\" id=\"field_tdnvd\" name=\"item_meta[862]\" value=\"\"  autocomplete=\"email\"  data-reqmsg=\"Pakollinen kentt\u00e4\" aria-required=\"true\" data-invmsg=\"S\u00e4hk\u00f6postiosoite on v\u00e4\u00e4r\u00e4ss\u00e4 muodossa\" aria-invalid=\"false\"  \/>\r\n\t\r\n\t\r\n<\/div>\n<div id=\"frm_field_865_container\" class=\"frm_form_field form-field  frm_required_field frm_top_container\">\r\n\t<label for=\"field_rwanx\" id=\"field_rwanx_label\" class=\"frm_primary_label\">Puhelinnumero\r\n\t\t<span class=\"frm_required\" aria-hidden=\"true\">*<\/span>\r\n\t<\/label>\r\n\t<input type=\"tel\" id=\"field_rwanx\" name=\"item_meta[865]\" value=\"\"  style=\"width:255px\" data-reqmsg=\"Pakollinen kentt\u00e4\" aria-required=\"true\" data-invmsg=\"Puhelinnumero on v\u00e4\u00e4r\u00e4ss\u00e4 muodossa\" class=\"auto_width\" aria-invalid=\"false\" pattern=\"((\\+\\d{1,3}(-|.| )?\\(?\\d\\)?(-| |.)?\\d{1,5})|(\\(?\\d{2,6}\\)?))(-|.| )?(\\d{3,4})(-|.| )?(\\d{4})(( x| ext)\\d{1,5}){0,1}$\"  \/>\r\n\t\r\n\t\r\n<\/div>\n<div id=\"frm_field_861_container\" class=\"frm_form_field form-field  frm_required_field frm_top_container\">\r\n\t<label for=\"field_h8g6n\" id=\"field_h8g6n_label\" class=\"frm_primary_label\">Edustamani yritys, organisaatio tai ryhm\u00e4\r\n\t\t<span class=\"frm_required\" aria-hidden=\"true\">*<\/span>\r\n\t<\/label>\r\n\t<input  type=\"text\" id=\"field_h8g6n\" name=\"item_meta[861]\" value=\"\"  data-reqmsg=\"Pakollinen kentt\u00e4\" aria-required=\"true\" data-invmsg=\"Edustamani yritys, organisaatio tai ryhm\u00e4 on v\u00e4\u00e4r\u00e4ss\u00e4 muodossa\" aria-invalid=\"false\"   \/>\r\n\t\r\n\t\r\n<\/div>\n<div id=\"frm_field_864_container\" class=\"frm_form_field form-field  frm_top_container\">\r\n\t<label for=\"field_tdjlc\" id=\"field_tdjlc_label\" class=\"frm_primary_label\">Haluan lis\u00e4tietoja:\r\n\t\t<span class=\"frm_required\" aria-hidden=\"true\"><\/span>\r\n\t<\/label>\r\n\t<textarea name=\"item_meta[864]\" id=\"field_tdjlc\" rows=\"5\"  data-invmsg=\"Haluan lis\u00e4tietoja: on v\u00e4\u00e4r\u00e4ss\u00e4 muodossa\" aria-invalid=\"false\"  ><\/textarea>\r\n\t\r\n\t\r\n<\/div>\n<div id=\"frm_field_866_container\" class=\"frm_form_field form-field  frm_required_field frm_top_container vertical_radio\">\r\n\t<div  id=\"field_1ldku_label\" class=\"frm_primary_label\">Tietosuoja:\r\n\t\t<span class=\"frm_required\" aria-hidden=\"true\">*<\/span>\r\n\t<\/div>\r\n\t<div class=\"frm_opt_container\" aria-labelledby=\"field_1ldku_label\" role=\"group\">\t\t<div class=\"frm_checkbox\" id=\"frm_checkbox_866-0\">\t\t\t<label  for=\"field_1ldku-0\">\n\t\t\t<input type=\"checkbox\" name=\"item_meta[866][]\" id=\"field_1ldku-0\" value=\"Val 1\"  data-reqmsg=\"Pakollinen kentt\u00e4\" data-invmsg=\"Tietosuoja: is invalid\"   aria-required=\"true\"  \/> Jag f\u00f6rst\u00e5r att Wasaline sparar mina uppgifter f\u00f6r att kunna fullf\u00f6lja tj\u00e4nsten<\/label><\/div>\n<\/div>\r\n\t\r\n\t\r\n<\/div>\n<div id=\"frm_field_868_container\" class=\"frm_form_field form-field  frm_none_container\">\r\n\t<label for=\"g-recaptcha-response\" id=\"field_z6ece_label\" class=\"frm_primary_label\">reCAPTCHA bottitarkistus\r\n\t\t<span class=\"frm_required\" aria-hidden=\"true\"><\/span>\r\n\t<\/label>\r\n\t<div  id=\"field_z6ece\" class=\"frm-g-recaptcha\" data-sitekey=\"6LfGteYnAAAAAAZGNMNTf-ueadyaywoM7PeuaOJU\" data-size=\"invisible\" data-theme=\"light\"><\/div>\r\n\t\r\n\t\r\n<\/div>\n<input type=\"hidden\" name=\"item_meta[867]\" id=\"field_9ulsy\" value=\"208\"  data-frmval=\"208\"   \/>\n<div id=\"frm_field_858_container\" class=\"frm_form_field form-field \">\r\n\t<div class=\"frm_submit frm_flex\">\r\n<button class=\"frm_button_submit frm_final_submit\" type=\"submit\"   formnovalidate=\"formnovalidate\">L\u00e4het\u00e4<\/button>\r\n\r\n\r\n\r\n<\/div>\r\n<\/div>\n\t<input type=\"hidden\" name=\"item_key\" value=\"\" \/>\n\t\t\t<div id=\"frm_field_1043_container\">\n\t\t\t<label for=\"field_h8nua\" >\n\t\t\t\tIf you are human, leave this field blank.\t\t\t<\/label>\n\t\t\t<input  id=\"field_h8nua\" type=\"text\" class=\"frm_form_field form-field frm_verify\" name=\"item_meta[1043]\" value=\"\"  \/>\n\t\t<\/div>\n\t\t<input name=\"frm_state\" type=\"hidden\" value=\"7\/eKXepN77vNnWZl37OhrDE1KHtw08usH\/QLIN06qatEGOlTq0u2a+239uIeIZsk\" \/><\/div>\n<\/fieldset>\n<\/div>\n\n<\/form>\n<\/div>\n\n<\/div><\/section><\/p><\/div>\n","protected":false},"excerpt":{"rendered":"","protected":false},"author":1,"featured_media":76909,"parent":340,"menu_order":20,"comment_status":"closed","ping_status":"closed","template":"","meta":{"_acf_changed":false,"footnotes":""},"class_list":["post-1456","page","type-page","status-publish","has-post-thumbnail","hentry"],"acf":[],"publishpress_future_action":{"enabled":false,"date":"2026-04-26 10:39:55","action":"change-status","newStatus":"draft","terms":[],"taxonomy":"translation_priority","extraData":[]},"publishpress_future_workflow_manual_trigger":{"enabledWorkflows":[]},"_links":{"self":[{"href":"https:\/\/www.wasaline.com\/fi\/wp-json\/wp\/v2\/pages\/1456","targetHints":{"allow":["GET"]}}],"collection":[{"href":"https:\/\/www.wasaline.com\/fi\/wp-json\/wp\/v2\/pages"}],"about":[{"href":"https:\/\/www.wasaline.com\/fi\/wp-json\/wp\/v2\/types\/page"}],"author":[{"embeddable":true,"href":"https:\/\/www.wasaline.com\/fi\/wp-json\/wp\/v2\/users\/1"}],"replies":[{"embeddable":true,"href":"https:\/\/www.wasaline.com\/fi\/wp-json\/wp\/v2\/comments?post=1456"}],"version-history":[{"count":20,"href":"https:\/\/www.wasaline.com\/fi\/wp-json\/wp\/v2\/pages\/1456\/revisions"}],"predecessor-version":[{"id":80013,"href":"https:\/\/www.wasaline.com\/fi\/wp-json\/wp\/v2\/pages\/1456\/revisions\/80013"}],"up":[{"embeddable":true,"href":"https:\/\/www.wasaline.com\/fi\/wp-json\/wp\/v2\/pages\/340"}],"wp:featuredmedia":[{"embeddable":true,"href":"https:\/\/www.wasaline.com\/fi\/wp-json\/wp\/v2\/media\/76909"}],"wp:attachment":[{"href":"https:\/\/www.wasaline.com\/fi\/wp-json\/wp\/v2\/media?parent=1456"}],"curies":[{"name":"wp","href":"https:\/\/api.w.org\/{rel}","templated":true}]}}