{"id":1483,"date":"2022-09-14T14:03:02","date_gmt":"2022-09-14T12:03:02","guid":{"rendered":"https:\/\/www.wasaline.com\/?page_id=1483"},"modified":"2026-01-13T21:24:42","modified_gmt":"2026-01-13T19:24:42","slug":"yhteystiedot","status":"publish","type":"page","link":"https:\/\/www.wasaline.com\/fi\/ryhmat-ja-konferenssi\/yhteystiedot\/","title":{"rendered":"Yhteystiedot"},"content":{"rendered":"<div  class='flex_column av-av_one_full-01f644d0804b0fcad59e148d39d81d1d av_one_full  avia-builder-el-0  el_before_av_one_half  avia-builder-el-first  first flex_column_div  '     ><style type=\"text\/css\" data-created_by=\"avia_inline_auto\" id=\"style-css-av-lxmxv304-f9a8de319533c1a0b7dfdd94fab2b1f7\">\n#top .av-special-heading.av-lxmxv304-f9a8de319533c1a0b7dfdd94fab2b1f7{\npadding-bottom:10px;\n}\nbody .av-special-heading.av-lxmxv304-f9a8de319533c1a0b7dfdd94fab2b1f7 .av-special-heading-tag .heading-char{\nfont-size:25px;\n}\n.av-special-heading.av-lxmxv304-f9a8de319533c1a0b7dfdd94fab2b1f7 .av-subheading{\nfont-size:15px;\n}\n<\/style>\n<div  class='av-special-heading av-lxmxv304-f9a8de319533c1a0b7dfdd94fab2b1f7 av-special-heading-h1 blockquote modern-quote modern-centered  avia-builder-el-1  avia-builder-el-no-sibling '><h1 class='av-special-heading-tag '  itemprop=\"headline\"  >Ryhm\u00e4- ja kokousmyynnin yhteystiedot<\/h1><div class=\"special-heading-border\"><div class=\"special-heading-inner-border\"><\/div><\/div><\/div><\/div>\n\n<style type=\"text\/css\" data-created_by=\"avia_inline_auto\" id=\"style-css-av-23obm4a-832ed41e077bede709019def054cccd3\">\n.flex_column.av-23obm4a-832ed41e077bede709019def054cccd3{\nborder-radius:0px 0px 0px 0px;\npadding:0px 0px 0px 0px;\n}\n<\/style>\n<div  class='flex_column av-23obm4a-832ed41e077bede709019def054cccd3 av_one_half  avia-builder-el-2  el_after_av_one_full  el_before_av_one_half  first flex_column_div av-zero-column-padding  column-top-margin'     ><section  class='av_textblock_section av-1t62xi2-e5bf4f8922e93b7a8e517ac1ea588f9f '   itemscope=\"itemscope\" itemtype=\"https:\/\/schema.org\/CreativeWork\" ><div class='avia_textblock'  itemprop=\"text\" ><h3>Vastaamme mielell\u00e4mme kaikkiin kysymyksiinne konferenssiasioissa.<\/h3>\n<p>SUOMI: Puh. +358 20 771 6813<br \/>\nRUOTSI: Puh. +46 90 185205<\/p>\n<p>S\u00e4hk\u00f6posti: <a href=\"mailto:group@wasaline.com\">group@wasaline.com<\/a><\/p>\n<\/div><\/section><\/div>\n\n<style type=\"text\/css\" data-created_by=\"avia_inline_auto\" id=\"style-css-av-139s9bu-2c9d98b55114941cdb659cf45e97c66c\">\n.flex_column.av-139s9bu-2c9d98b55114941cdb659cf45e97c66c{\nborder-radius:0px 0px 0px 0px;\npadding:0px 0px 0px 0px;\n}\n<\/style>\n<div  class='flex_column av-139s9bu-2c9d98b55114941cdb659cf45e97c66c av_one_half  avia-builder-el-4  el_after_av_one_half  el_before_av_heading  flex_column_div av-zero-column-padding  column-top-margin'     ><section  class='av_textblock_section av-sxk1x6-13dc0be7f1ca131b50e4a2724ed8e695 '   itemscope=\"itemscope\" itemtype=\"https:\/\/schema.org\/CreativeWork\" ><div class='avia_textblock'  itemprop=\"text\" ><h3>Ryhm\u00e4varauksen aukioloajat:<\/h3>\n<p><strong>Maanantai &#8211;\u00a0perjantai<\/strong><br \/>\nKello 9.00 \u2013 15.00 Suomen aikaa<br \/>\nKello 8.00 \u2013 14.00 Ruotsin aikaa<\/p>\n<\/div><\/section><\/div>\n\n<style type=\"text\/css\" data-created_by=\"avia_inline_auto\" id=\"style-css-av-l84b8e5z-cb859081b7ef608390970e3e7aee0ae7\">\n#top .av-special-heading.av-l84b8e5z-cb859081b7ef608390970e3e7aee0ae7{\nmargin:20px 0 20px 0;\npadding-bottom:10px;\n}\nbody .av-special-heading.av-l84b8e5z-cb859081b7ef608390970e3e7aee0ae7 .av-special-heading-tag .heading-char{\nfont-size:25px;\n}\n.av-special-heading.av-l84b8e5z-cb859081b7ef608390970e3e7aee0ae7 .av-subheading{\nfont-size:15px;\n}\n<\/style>\n<div  class='av-special-heading av-l84b8e5z-cb859081b7ef608390970e3e7aee0ae7 av-special-heading-h3 blockquote modern-quote modern-centered  avia-builder-el-6  el_after_av_one_half  el_before_av_one_half '><h3 class='av-special-heading-tag '  itemprop=\"headline\"  >Ryhm\u00e4- ja kokousmyyntitiimimme<\/h3><div class=\"special-heading-border\"><div class=\"special-heading-inner-border\"><\/div><\/div><\/div>\n\n<style type=\"text\/css\" data-created_by=\"avia_inline_auto\" id=\"style-css-av-3ybzgt-209f29e6f8c914754d3359a5745fafdd\">\n.flex_column.av-3ybzgt-209f29e6f8c914754d3359a5745fafdd{\nborder-radius:0px 0px 0px 0px;\npadding:0px 0px 0px 0px;\n}\n<\/style>\n<div  class='flex_column av-3ybzgt-209f29e6f8c914754d3359a5745fafdd av_one_half  avia-builder-el-7  el_after_av_heading  el_before_av_one_half  first flex_column_div av-zero-column-padding  '     ><section  class='avia-team-member av-lub4qjuk-9b903f559717442c6dec8cceca4f4bfb  avia-builder-el-8  avia-builder-el-no-sibling '  itemscope=\"itemscope\" itemtype=\"https:\/\/schema.org\/Person\" ><div class=\"team-img-container\"><img decoding=\"async\" fetchpriority=\"high\" class='wp-image-26206 avia-img-lazy-loading-not-26206 avia_image avia_image_team' src=\"https:\/\/www.wasaline.com\/wp-content\/uploads\/2022\/10\/wasaline-niina-aitamurto-495x400-1.jpg\" alt='Niina Jansson'  itemprop=\"image\"   height=\"400\" width=\"495\" srcset=\"https:\/\/www.wasaline.com\/wp-content\/uploads\/2022\/10\/wasaline-niina-aitamurto-495x400-1.jpg 495w, https:\/\/www.wasaline.com\/wp-content\/uploads\/2022\/10\/wasaline-niina-aitamurto-495x400-1-300x242.jpg 300w\" sizes=\"(max-width: 495px) 100vw, 495px\" \/><\/div><h3 class='team-member-name '  itemprop=\"name\" >Niina Jansson<\/h3><div class='team-member-job-title '  itemprop=\"jobTitle\" >Head of Sales and Business Development<\/div><div class='team-member-description '  itemprop=\"description\" ><p>Matkanj\u00e4rjest\u00e4j\u00e4t, j\u00e4lleenmyyj\u00e4t, myynnin yhteisty\u00f6sopimukset, messut ja tapahtumat, yritysmyynti<br \/>\n+358 50 375 0003<br \/>\n<a href=\"mailto:niina.jansson@wasaline.com\">niina.jansson@wasaline.com<\/a><\/p>\n<\/div><span class='hidden team-member-affiliation'  itemprop=\"affiliation\" >Wasaline<\/span><\/section><\/div>\n\n<style type=\"text\/css\" data-created_by=\"avia_inline_auto\" id=\"style-css-av-5u8ma3-4e3ad93e26ee85837bdf10243684d613\">\n.flex_column.av-5u8ma3-4e3ad93e26ee85837bdf10243684d613{\nborder-radius:0px 0px 0px 0px;\npadding:0px 0px 0px 0px;\n}\n<\/style>\n<div  class='flex_column av-5u8ma3-4e3ad93e26ee85837bdf10243684d613 av_one_half  avia-builder-el-9  el_after_av_one_half  el_before_av_one_half  flex_column_div av-zero-column-padding  '     ><p><section  class='avia-team-member av-la9efxkx-1895cfb457fc373b541ff0e5a2ef8896  avia-builder-el-10  el_before_av_button  avia-builder-el-first '  itemscope=\"itemscope\" itemtype=\"https:\/\/schema.org\/Person\" ><div class=\"team-img-container\"><img decoding=\"async\" fetchpriority=\"high\" class='wp-image-26209 avia-img-lazy-loading-not-26209 avia_image avia_image_team' src=\"https:\/\/www.wasaline.com\/wp-content\/uploads\/2022\/10\/wasaline-jani-vasti-495x400-1.jpg\" alt='Jani V\u00e4sti'  itemprop=\"image\"   height=\"400\" width=\"495\" srcset=\"https:\/\/www.wasaline.com\/wp-content\/uploads\/2022\/10\/wasaline-jani-vasti-495x400-1.jpg 495w, https:\/\/www.wasaline.com\/wp-content\/uploads\/2022\/10\/wasaline-jani-vasti-495x400-1-300x242.jpg 300w\" sizes=\"(max-width: 495px) 100vw, 495px\" \/><\/div><h3 class='team-member-name '  itemprop=\"name\" >Jani V\u00e4sti<\/h3><div class='team-member-job-title '  itemprop=\"jobTitle\" >Sales Manager<\/div><div class='team-member-description '  itemprop=\"description\" ><p>Yritysmyynti, Suomi<br \/>\n+358 41 458 9110<br \/>\n<a href=\"mailto:jani.vasti@wasaline.com\">jani.vasti@wasaline.com<\/a><\/p>\n<\/div><span class='hidden team-member-affiliation'  itemprop=\"affiliation\" >Wasaline<\/span><\/section><br \/>\n<div  class='avia-button-wrap av-lzfynp4w-789e0941d2cf2a318c8b7b2e301e1c3e-wrap avia-button-left  avia-builder-el-11  el_after_av_team_member  avia-builder-el-last '><a href='https:\/\/meetings.hubspot.com\/jani-vaesti'  class='avia-button av-lzfynp4w-789e0941d2cf2a318c8b7b2e301e1c3e av-link-btn avia-icon_select-yes-left-icon avia-size-medium avia-position-left avia-color-theme-color'  target=\"_blank\"  rel=\"noopener noreferrer\"  aria-label=\"Varaa Teams-tapaaminen\"><span class='avia_button_icon avia_button_icon_left avia-iconfont avia-font-entypo-fontello' data-av_icon='\ue85b' data-av_iconfont='entypo-fontello' ><\/span><span class='avia_iconbox_title' >Varaa Teams-tapaaminen<\/span><\/a><\/div><\/p><\/div>\n\n<style type=\"text\/css\" data-created_by=\"avia_inline_auto\" id=\"style-css-av-3n3gu3-77d17b76539ffd675632eb00242d1d66\">\n.flex_column.av-3n3gu3-77d17b76539ffd675632eb00242d1d66{\nborder-radius:0px 0px 0px 0px;\npadding:0px 0px 0px 0px;\n}\n<\/style>\n<div  class='flex_column av-3n3gu3-77d17b76539ffd675632eb00242d1d66 av_one_half  avia-builder-el-12  el_after_av_one_half  el_before_av_heading  first flex_column_div av-zero-column-padding  column-top-margin'     ><section  class='avia-team-member av-lxki34lh-0aad2a83056c7352b5d5a243883e98f1  avia-builder-el-13  avia-builder-el-no-sibling '  itemscope=\"itemscope\" itemtype=\"https:\/\/schema.org\/Person\" ><div class=\"team-img-container\"><img decoding=\"async\" fetchpriority=\"high\" class='wp-image-26212 avia-img-lazy-loading-not-26212 avia_image avia_image_team' src=\"https:\/\/www.wasaline.com\/wp-content\/uploads\/2022\/10\/wasaline-camilla-heikkila-495x400-1.jpg\" alt='Camilla Heikkil\u00e4'  itemprop=\"image\"   height=\"400\" width=\"495\" srcset=\"https:\/\/www.wasaline.com\/wp-content\/uploads\/2022\/10\/wasaline-camilla-heikkila-495x400-1.jpg 495w, https:\/\/www.wasaline.com\/wp-content\/uploads\/2022\/10\/wasaline-camilla-heikkila-495x400-1-300x242.jpg 300w\" sizes=\"(max-width: 495px) 100vw, 495px\" \/><\/div><h3 class='team-member-name '  itemprop=\"name\" >Camilla Heikkil\u00e4<\/h3><div class='team-member-job-title '  itemprop=\"jobTitle\" >Group Sales Coordinator<\/div><div class='team-member-description '  itemprop=\"description\" ><p>+358 20 771 6813<br \/>\n<a href=\"mailto:group@wasaline.com\">group@wasaline.com<\/a><\/p>\n<\/div><span class='hidden team-member-affiliation'  itemprop=\"affiliation\" >Wasaline<\/span><\/section><\/div>\n\n<style type=\"text\/css\" data-created_by=\"avia_inline_auto\" id=\"style-css-av-l84dq3g9-e2a803126359a2d2f332d4d8dc1264ac\">\n#top .av-special-heading.av-l84dq3g9-e2a803126359a2d2f332d4d8dc1264ac{\nmargin:20px 0 20px 0;\npadding-bottom:10px;\n}\nbody .av-special-heading.av-l84dq3g9-e2a803126359a2d2f332d4d8dc1264ac .av-special-heading-tag .heading-char{\nfont-size:25px;\n}\n.av-special-heading.av-l84dq3g9-e2a803126359a2d2f332d4d8dc1264ac .av-subheading{\nfont-size:15px;\n}\n<\/style>\n<div  class='av-special-heading av-l84dq3g9-e2a803126359a2d2f332d4d8dc1264ac av-special-heading-h3 blockquote modern-quote modern-centered  avia-builder-el-14  el_after_av_one_half  el_before_av_one_full '><h3 class='av-special-heading-tag '  itemprop=\"headline\"  >L\u00e4het\u00e4 tarjouspyynt\u00f6<\/h3><div class=\"special-heading-border\"><div class=\"special-heading-inner-border\"><\/div><\/div><\/div>\n\n<style type=\"text\/css\" data-created_by=\"avia_inline_auto\" id=\"style-css-av-34vlq3-a85e58ff5758dc15ff11cacfee3ea647\">\n.flex_column.av-34vlq3-a85e58ff5758dc15ff11cacfee3ea647{\nborder-radius:0px 0px 0px 0px;\npadding:0px 0px 0px 0px;\n}\n<\/style>\n<div  class='flex_column av-34vlq3-a85e58ff5758dc15ff11cacfee3ea647 av_one_full  avia-builder-el-15  el_after_av_heading  avia-builder-el-last  first flex_column_div av-zero-column-padding  '     ><section  class='av_textblock_section av-l84dpifu-d95b64f19d2c4c9ed9b9814777b58431 '   itemscope=\"itemscope\" itemtype=\"https:\/\/schema.org\/CreativeWork\" ><div class='avia_textblock'  itemprop=\"text\" ><link rel='stylesheet' id='formidable-css' href='https:\/\/www.wasaline.com\/wp-content\/plugins\/formidable\/css\/formidableforms.css?ver=417233' type='text\/css' media='all' \/>\n<div class=\"frm_forms  with_frm_style frm_style_formidables-stilmall\" id=\"frm_form_35_container\" data-token=\"c082cb4e75585e6c47dfae083f329bbc\">\n<form enctype=\"multipart\/form-data\" method=\"post\" class=\"frm-show-form  frm_pro_form  frm_logic_form \" id=\"form_konferens-kort-offertforfragan\" data-token=\"c082cb4e75585e6c47dfae083f329bbc\">\n<div class=\"frm_form_fields \">\n<fieldset>\n<legend class=\"frm_screen_reader\">Konferens kort offertf\u00f6rfr\u00e5gan<\/legend>\r\n\r\n<div class=\"frm_fields_container\">\n<input type=\"hidden\" name=\"frm_action\" value=\"create\" \/>\n<input type=\"hidden\" name=\"form_id\" value=\"35\" \/>\n<input type=\"hidden\" name=\"frm_hide_fields_35\" id=\"frm_hide_fields_35\" value=\"\" \/>\n<input type=\"hidden\" name=\"form_key\" value=\"konferens-kort-offertforfragan\" \/>\n<input type=\"hidden\" name=\"item_meta[0]\" value=\"\" \/>\n<input type=\"hidden\" id=\"frm_submit_entry_35\" name=\"frm_submit_entry_35\" value=\"ac32d4f25b\" \/><input type=\"hidden\" name=\"_wp_http_referer\" value=\"\/fi\/wp-json\/wp\/v2\/pages\/1483\" \/><div id=\"frm_field_860_container\" class=\"frm_form_field form-field  frm_required_field frm_top_container\">\r\n\t<label for=\"field_cb52e\" id=\"field_cb52e_label\" class=\"frm_primary_label\">Nimi\r\n\t\t<span class=\"frm_required\" aria-hidden=\"true\">*<\/span>\r\n\t<\/label>\r\n\t<input  type=\"text\" id=\"field_cb52e\" name=\"item_meta[860]\" value=\"\"  data-reqmsg=\"Pakollinen kentt\u00e4\" aria-required=\"true\" data-invmsg=\"Nimi on v\u00e4\u00e4r\u00e4ss\u00e4 muodossa\" aria-invalid=\"false\"   \/>\r\n\t\r\n\t\r\n<\/div>\n<div id=\"frm_field_862_container\" class=\"frm_form_field form-field  frm_required_field frm_top_container\">\r\n\t<label for=\"field_tdnvd\" id=\"field_tdnvd_label\" class=\"frm_primary_label\">S\u00e4hk\u00f6postiosoite\r\n\t\t<span class=\"frm_required\" aria-hidden=\"true\">*<\/span>\r\n\t<\/label>\r\n\t<input type=\"email\" id=\"field_tdnvd\" name=\"item_meta[862]\" value=\"\"  autocomplete=\"email\"  data-reqmsg=\"Pakollinen kentt\u00e4\" aria-required=\"true\" data-invmsg=\"S\u00e4hk\u00f6postiosoite on v\u00e4\u00e4r\u00e4ss\u00e4 muodossa\" aria-invalid=\"false\"  \/>\r\n\t\r\n\t\r\n<\/div>\n<div id=\"frm_field_865_container\" class=\"frm_form_field form-field  frm_required_field frm_top_container\">\r\n\t<label for=\"field_rwanx\" id=\"field_rwanx_label\" class=\"frm_primary_label\">Puhelinnumero\r\n\t\t<span class=\"frm_required\" aria-hidden=\"true\">*<\/span>\r\n\t<\/label>\r\n\t<input type=\"tel\" id=\"field_rwanx\" name=\"item_meta[865]\" value=\"\"  style=\"width:255px\" data-reqmsg=\"Pakollinen kentt\u00e4\" aria-required=\"true\" data-invmsg=\"Puhelinnumero on v\u00e4\u00e4r\u00e4ss\u00e4 muodossa\" class=\"auto_width\" aria-invalid=\"false\" pattern=\"((\\+\\d{1,3}(-|.| )?\\(?\\d\\)?(-| |.)?\\d{1,5})|(\\(?\\d{2,6}\\)?))(-|.| )?(\\d{3,4})(-|.| )?(\\d{4})(( x| ext)\\d{1,5}){0,1}$\"  \/>\r\n\t\r\n\t\r\n<\/div>\n<div id=\"frm_field_861_container\" class=\"frm_form_field form-field  frm_required_field frm_top_container\">\r\n\t<label for=\"field_h8g6n\" id=\"field_h8g6n_label\" class=\"frm_primary_label\">Edustamani yritys, organisaatio tai ryhm\u00e4\r\n\t\t<span class=\"frm_required\" aria-hidden=\"true\">*<\/span>\r\n\t<\/label>\r\n\t<input  type=\"text\" id=\"field_h8g6n\" name=\"item_meta[861]\" value=\"\"  data-reqmsg=\"Pakollinen kentt\u00e4\" aria-required=\"true\" data-invmsg=\"Edustamani yritys, organisaatio tai ryhm\u00e4 on v\u00e4\u00e4r\u00e4ss\u00e4 muodossa\" aria-invalid=\"false\"   \/>\r\n\t\r\n\t\r\n<\/div>\n<div id=\"frm_field_864_container\" class=\"frm_form_field form-field  frm_top_container\">\r\n\t<label for=\"field_tdjlc\" id=\"field_tdjlc_label\" class=\"frm_primary_label\">Haluan lis\u00e4tietoja:\r\n\t\t<span class=\"frm_required\" aria-hidden=\"true\"><\/span>\r\n\t<\/label>\r\n\t<textarea name=\"item_meta[864]\" id=\"field_tdjlc\" rows=\"5\"  data-invmsg=\"Haluan lis\u00e4tietoja: on v\u00e4\u00e4r\u00e4ss\u00e4 muodossa\" aria-invalid=\"false\"  ><\/textarea>\r\n\t\r\n\t\r\n<\/div>\n<div id=\"frm_field_866_container\" class=\"frm_form_field form-field  frm_required_field frm_top_container vertical_radio\">\r\n\t<div  id=\"field_1ldku_label\" class=\"frm_primary_label\">Tietosuoja:\r\n\t\t<span class=\"frm_required\" aria-hidden=\"true\">*<\/span>\r\n\t<\/div>\r\n\t<div class=\"frm_opt_container\" aria-labelledby=\"field_1ldku_label\" role=\"group\">\t\t<div class=\"frm_checkbox\" id=\"frm_checkbox_866-0\">\t\t\t<label  for=\"field_1ldku-0\">\n\t\t\t<input type=\"checkbox\" name=\"item_meta[866][]\" id=\"field_1ldku-0\" value=\"Val 1\"  data-reqmsg=\"Pakollinen kentt\u00e4\" data-invmsg=\"Tietosuoja: is invalid\"   aria-required=\"true\"  \/> Jag f\u00f6rst\u00e5r att Wasaline sparar mina uppgifter f\u00f6r att kunna fullf\u00f6lja tj\u00e4nsten<\/label><\/div>\n<\/div>\r\n\t\r\n\t\r\n<\/div>\n<div id=\"frm_field_868_container\" class=\"frm_form_field form-field  frm_none_container\">\r\n\t<label for=\"g-recaptcha-response\" id=\"field_z6ece_label\" class=\"frm_primary_label\">reCAPTCHA bottitarkistus\r\n\t\t<span class=\"frm_required\" aria-hidden=\"true\"><\/span>\r\n\t<\/label>\r\n\t<div  id=\"field_z6ece\" class=\"frm-g-recaptcha\" data-sitekey=\"6LfGteYnAAAAAAZGNMNTf-ueadyaywoM7PeuaOJU\" data-size=\"invisible\" data-theme=\"light\"><\/div>\r\n\t\r\n\t\r\n<\/div>\n<input type=\"hidden\" name=\"item_meta[867]\" id=\"field_9ulsy\" value=\"209\"  data-frmval=\"209\"   \/>\n<div id=\"frm_field_858_container\" class=\"frm_form_field form-field \">\r\n\t<div class=\"frm_submit frm_flex\">\r\n<button class=\"frm_button_submit frm_final_submit\" type=\"submit\"   formnovalidate=\"formnovalidate\">L\u00e4het\u00e4<\/button>\r\n\r\n\r\n\r\n<\/div>\r\n<\/div>\n\t<input type=\"hidden\" name=\"item_key\" value=\"\" \/>\n\t\t\t<div id=\"frm_field_1043_container\">\n\t\t\t<label for=\"field_f3gvq\" >\n\t\t\t\tIf you are human, leave this field blank.\t\t\t<\/label>\n\t\t\t<input  id=\"field_f3gvq\" type=\"text\" class=\"frm_form_field form-field frm_verify\" name=\"item_meta[1043]\" value=\"\"  \/>\n\t\t<\/div>\n\t\t<input name=\"frm_state\" type=\"hidden\" value=\"7\/eKXepN77vNnWZl37OhrBWOHEl5gZAYOCT891qGe69EGOlTq0u2a+239uIeIZsk\" \/><\/div>\n<\/fieldset>\n<\/div>\n\n<\/form>\n<\/div>\n\n<\/div><\/section><\/div>\n","protected":false},"excerpt":{"rendered":"","protected":false},"author":1,"featured_media":0,"parent":340,"menu_order":50,"comment_status":"closed","ping_status":"closed","template":"","meta":{"_acf_changed":false,"footnotes":""},"class_list":["post-1483","page","type-page","status-publish","hentry"],"acf":[],"publishpress_future_action":{"enabled":false,"date":"2026-05-07 18:30:50","action":"change-status","newStatus":"draft","terms":[],"taxonomy":"translation_priority","extraData":[]},"publishpress_future_workflow_manual_trigger":{"enabledWorkflows":[]},"_links":{"self":[{"href":"https:\/\/www.wasaline.com\/fi\/wp-json\/wp\/v2\/pages\/1483","targetHints":{"allow":["GET"]}}],"collection":[{"href":"https:\/\/www.wasaline.com\/fi\/wp-json\/wp\/v2\/pages"}],"about":[{"href":"https:\/\/www.wasaline.com\/fi\/wp-json\/wp\/v2\/types\/page"}],"author":[{"embeddable":true,"href":"https:\/\/www.wasaline.com\/fi\/wp-json\/wp\/v2\/users\/1"}],"replies":[{"embeddable":true,"href":"https:\/\/www.wasaline.com\/fi\/wp-json\/wp\/v2\/comments?post=1483"}],"version-history":[{"count":20,"href":"https:\/\/www.wasaline.com\/fi\/wp-json\/wp\/v2\/pages\/1483\/revisions"}],"predecessor-version":[{"id":79720,"href":"https:\/\/www.wasaline.com\/fi\/wp-json\/wp\/v2\/pages\/1483\/revisions\/79720"}],"up":[{"embeddable":true,"href":"https:\/\/www.wasaline.com\/fi\/wp-json\/wp\/v2\/pages\/340"}],"wp:attachment":[{"href":"https:\/\/www.wasaline.com\/fi\/wp-json\/wp\/v2\/media?parent=1483"}],"curies":[{"name":"wp","href":"https:\/\/api.w.org\/{rel}","templated":true}]}}