{"id":1520,"date":"2022-09-14T14:37:24","date_gmt":"2022-09-14T12:37:24","guid":{"rendered":"https:\/\/www.wasaline.com\/?page_id=1520"},"modified":"2025-09-23T17:54:09","modified_gmt":"2025-09-23T15:54:09","slug":"tilaa-uutiskirje","status":"publish","type":"page","link":"https:\/\/www.wasaline.com\/fi\/tilaa-uutiskirje\/","title":{"rendered":"Tilaa uutiskirje"},"content":{"rendered":"<div  class='flex_column av-61nw80-1b190fcabafce4ffa09fe2db4c62ed36 av_one_full  avia-builder-el-0  el_before_av_one_half  avia-builder-el-first  first flex_column_div  '     ><style type=\"text\/css\" data-created_by=\"avia_inline_auto\" id=\"style-css-av-mfwq92sa-66f120222a554a06f676f6939449aeb5\">\n#top .av-special-heading.av-mfwq92sa-66f120222a554a06f676f6939449aeb5{\npadding-bottom:10px;\n}\nbody .av-special-heading.av-mfwq92sa-66f120222a554a06f676f6939449aeb5 .av-special-heading-tag .heading-char{\nfont-size:25px;\n}\n.av-special-heading.av-mfwq92sa-66f120222a554a06f676f6939449aeb5 .av-subheading{\nfont-size:15px;\n}\n<\/style>\n<div  class='av-special-heading av-mfwq92sa-66f120222a554a06f676f6939449aeb5 av-special-heading-h1 blockquote modern-quote modern-centered  avia-builder-el-1  avia-builder-el-no-sibling '><h1 class='av-special-heading-tag '  itemprop=\"headline\"  >Tilaa Wasalinen uutiskirje<\/h1><div class=\"special-heading-border\"><div class=\"special-heading-inner-border\"><\/div><\/div><\/div><\/div>\n<div class='av-column-wrapper-individual av-mobile-columns-flex av-columns-reverse'><div  class='flex_column av-4emjvk-739d42d8c8f1d2a7bbf2d0ed2d10322a av_one_half  avia-builder-el-2  el_after_av_one_full  el_before_av_one_half  first flex_column_div  column-top-margin'     ><section  class='av_textblock_section av-mfwqaio0-cabadaae974dd767bf9504b0e7b32b1c '   itemscope=\"itemscope\" itemtype=\"https:\/\/schema.org\/CreativeWork\" ><div class='avia_textblock'  itemprop=\"text\" ><link rel='stylesheet' id='formidable-css' href='https:\/\/www.wasaline.com\/wp-content\/plugins\/formidable\/css\/formidableforms.css?ver=3112242' type='text\/css' media='all' \/>\n<div class=\"frm_forms  with_frm_style frm_style_formidables-stilmall\" id=\"frm_form_44_container\" data-token=\"c39c4f3ee6edb93c128988147285cfd7\">\n<form enctype=\"multipart\/form-data\" method=\"post\" class=\"frm-show-form  frm_pro_form  frm_logic_form \" id=\"form_newsletter-signup\" data-token=\"c39c4f3ee6edb93c128988147285cfd7\">\n<div class=\"frm_form_fields \">\n<fieldset>\n<legend class=\"frm_screen_reader\">Newsletter signup<\/legend>\r\n\r\n<div class=\"frm_fields_container\">\n<input type=\"hidden\" name=\"frm_action\" value=\"create\" \/>\n<input type=\"hidden\" name=\"form_id\" value=\"44\" \/>\n<input type=\"hidden\" name=\"frm_hide_fields_44\" id=\"frm_hide_fields_44\" value=\"\" \/>\n<input type=\"hidden\" name=\"form_key\" value=\"newsletter-signup\" \/>\n<input type=\"hidden\" name=\"item_meta[0]\" value=\"\" \/>\n<input type=\"hidden\" id=\"frm_submit_entry_44\" name=\"frm_submit_entry_44\" value=\"9c56cf2372\" \/><input type=\"hidden\" name=\"_wp_http_referer\" value=\"\/fi\/wp-json\/wp\/v2\/pages\/1520\" \/><div id=\"frm_field_1018_container\" class=\"frm_form_field form-field  frm_top_container frm12 frm_first\">\r\n\t<label for=\"field_moi67\" id=\"field_moi67_label\" class=\"frm_primary_label\">F\u00f6rnamn - Etunimi - First name\r\n\t\t<span class=\"frm_required\" aria-hidden=\"true\"><\/span>\r\n\t<\/label>\r\n\t<input  type=\"text\" id=\"field_moi67\" name=\"item_meta[1018]\" value=\"\"  data-invmsg=\"F\u00f6rnamn - Etunimi - First name on v\u00e4\u00e4r\u00e4ss\u00e4 muodossa\" aria-invalid=\"false\"   \/>\r\n\t\r\n\t\r\n<\/div>\n<div id=\"frm_field_1019_container\" class=\"frm_form_field form-field  frm_top_container frm12 frm_first\">\r\n\t<label for=\"field_6nkzl\" id=\"field_6nkzl_label\" class=\"frm_primary_label\">Efternamn - Sukunimi - Last name\r\n\t\t<span class=\"frm_required\" aria-hidden=\"true\"><\/span>\r\n\t<\/label>\r\n\t<input  type=\"text\" id=\"field_6nkzl\" name=\"item_meta[1019]\" value=\"\"  data-invmsg=\"Efternamn - Sukunimi - Last name on v\u00e4\u00e4r\u00e4ss\u00e4 muodossa\" aria-invalid=\"false\"   \/>\r\n\t\r\n\t\r\n<\/div>\n<div id=\"frm_field_1020_container\" class=\"frm_form_field form-field  frm_required_field frm_top_container\">\r\n\t<label for=\"field_rt30\" id=\"field_rt30_label\" class=\"frm_primary_label\">E-mail\r\n\t\t<span class=\"frm_required\" aria-hidden=\"true\">*<\/span>\r\n\t<\/label>\r\n\t<input type=\"email\" id=\"field_rt30\" name=\"item_meta[1020]\" value=\"\"  autocomplete=\"email\"  data-reqmsg=\"Obligatoriskt f\u00e4lt - Pakollinen kentt\u00e4 - Required field\" aria-required=\"true\" data-invmsg=\"Ogiltigt format - Virheellinen muoto - Error in format\" aria-invalid=\"false\"  \/>\r\n\t\r\n\t\r\n<\/div>\n<div id=\"frm_field_1021_container\" class=\"frm_form_field form-field  frm_required_field frm_top_container vertical_radio\">\r\n\t<div  id=\"field_ckq8k_label\" class=\"frm_primary_label\">Land - Maa - Country\r\n\t\t<span class=\"frm_required\" aria-hidden=\"true\">*<\/span>\r\n\t<\/div>\r\n\t<div class=\"frm_opt_container\" aria-labelledby=\"field_ckq8k_label\" role=\"radiogroup\" aria-required=\"true\">\t\t<div class=\"frm_radio\" id=\"frm_radio_1021-0\">\t\t\t<label  for=\"field_ckq8k-0\">\n\t\t\t\t\t<input type=\"radio\" name=\"item_meta[1021]\" id=\"field_ckq8k-0\" value=\"SE\"\n\t\t data-reqmsg=\"Obligatoriskt f\u00e4lt - Pakollinen kentt\u00e4 - Required field\" data-invmsg=\"Land - Maa - Country on v\u00e4\u00e4r\u00e4ss\u00e4 muodossa\"   \/> Sweden<\/label><\/div>\n\t\t<div class=\"frm_radio\" id=\"frm_radio_1021-1\">\t\t\t<label  for=\"field_ckq8k-1\">\n\t\t\t\t\t<input type=\"radio\" name=\"item_meta[1021]\" id=\"field_ckq8k-1\" value=\"FI\"\n\t\t data-reqmsg=\"Obligatoriskt f\u00e4lt - Pakollinen kentt\u00e4 - Required field\" data-invmsg=\"Land - Maa - Country on v\u00e4\u00e4r\u00e4ss\u00e4 muodossa\"   \/> Finland<\/label><\/div>\n\t\t<div class=\"frm_radio\" id=\"frm_radio_1021-2\">\t\t\t<label  for=\"field_ckq8k-2\">\n\t\t\t\t\t<input type=\"radio\" name=\"item_meta[1021]\" id=\"field_ckq8k-2\" value=\"INT\"\n\t\t data-reqmsg=\"Obligatoriskt f\u00e4lt - Pakollinen kentt\u00e4 - Required field\" data-invmsg=\"Land - Maa - Country on v\u00e4\u00e4r\u00e4ss\u00e4 muodossa\"   \/> Other<\/label><\/div>\n<\/div>\r\n\t\r\n\t\r\n<\/div>\n<div id=\"frm_field_1022_container\" class=\"frm_form_field form-field  frm_required_field frm_top_container vertical_radio\">\r\n\t<div  id=\"field_eb63y_label\" class=\"frm_primary_label\">Spr\u00e5k - Kieli - Language\r\n\t\t<span class=\"frm_required\" aria-hidden=\"true\">*<\/span>\r\n\t<\/div>\r\n\t<div class=\"frm_opt_container\" aria-labelledby=\"field_eb63y_label\" role=\"radiogroup\" aria-required=\"true\">\t\t<div class=\"frm_radio\" id=\"frm_radio_1022-0\">\t\t\t<label  for=\"field_eb63y-0\">\n\t\t\t\t\t<input type=\"radio\" name=\"item_meta[1022]\" id=\"field_eb63y-0\" value=\"P\u00e5 svenska\"\n\t\t data-reqmsg=\"Obligatoriskt f\u00e4lt - Pakollinen kentt\u00e4 - Required field\" data-invmsg=\"Spr\u00e5k - Kieli - Language on v\u00e4\u00e4r\u00e4ss\u00e4 muodossa\"   \/> P\u00e5 svenska<\/label><\/div>\n\t\t<div class=\"frm_radio\" id=\"frm_radio_1022-1\">\t\t\t<label  for=\"field_eb63y-1\">\n\t\t\t\t\t<input type=\"radio\" name=\"item_meta[1022]\" id=\"field_eb63y-1\" value=\"Suomeksi\"\n\t\t data-reqmsg=\"Obligatoriskt f\u00e4lt - Pakollinen kentt\u00e4 - Required field\" data-invmsg=\"Spr\u00e5k - Kieli - Language on v\u00e4\u00e4r\u00e4ss\u00e4 muodossa\"   \/> Suomeksi<\/label><\/div>\n\t\t<div class=\"frm_radio\" id=\"frm_radio_1022-2\">\t\t\t<label  for=\"field_eb63y-2\">\n\t\t\t\t\t<input type=\"radio\" name=\"item_meta[1022]\" id=\"field_eb63y-2\" value=\"In English\"\n\t\t data-reqmsg=\"Obligatoriskt f\u00e4lt - Pakollinen kentt\u00e4 - Required field\" data-invmsg=\"Spr\u00e5k - Kieli - Language on v\u00e4\u00e4r\u00e4ss\u00e4 muodossa\"   \/> In English<\/label><\/div>\n<\/div>\r\n\t\r\n\t\r\n<\/div>\n<div id=\"frm_field_1017_container\" class=\"frm_form_field form-field \">\r\n\t<div class=\"frm_submit frm_flex\">\r\n<button class=\"frm_button_submit frm_final_submit\" type=\"submit\"   formnovalidate=\"formnovalidate\">Best\u00e4ll - Tilaa - Subscribe<\/button>\r\n\r\n\r\n\r\n<\/div>\r\n<\/div>\n\t<input type=\"hidden\" name=\"item_key\" value=\"\" \/>\n\t\t\t<div id=\"frm_field_1043_container\">\n\t\t\t<label for=\"field_xc6a2\" >\n\t\t\t\tIf you are human, leave this field blank.\t\t\t<\/label>\n\t\t\t<input  id=\"field_xc6a2\" type=\"text\" class=\"frm_form_field form-field frm_verify\" name=\"item_meta[1043]\" value=\"\"  \/>\n\t\t<\/div>\n\t\t<input name=\"frm_state\" type=\"hidden\" value=\"7\/eKXepN77vNnWZl37OhrHr6dHSx8\/RMwFXoh4fd3HlEGOlTq0u2a+239uIeIZsk\" \/><\/div>\n<\/fieldset>\n<\/div>\n\n<\/form>\n<\/div>\n\n<\/div><\/section><\/div>\n<div  class='flex_column av-2wl1ao-60a192edaee52237d39930ddc3c0aff9 av_one_half  avia-builder-el-4  el_after_av_one_half  avia-builder-el-last  flex_column_div  column-top-margin'     ><section  class='av_textblock_section av-mfwq9ya4-4c7515364bea45572f1686467c5b352a '   itemscope=\"itemscope\" itemtype=\"https:\/\/schema.org\/CreativeWork\" ><div class='avia_textblock'  itemprop=\"text\" ><p>Uutiskirjeemme tilaajana saat hy\u00f6dyllist\u00e4 tietoa matkoista, teemoista ja tarjouksista.<\/p>\n<p>L\u00e4het\u00e4mme kirjeit\u00e4 1-2 kertaa kuussa. Voit milloin vain peruuttaa kirjeen tilauksen napsauttamalla viestin lopussa olevaa linkki\u00e4.<\/p>\n<\/div><\/section><\/div><\/div><!--close flex column wrapper. Autoclose: 1 -->\n","protected":false},"excerpt":{"rendered":"","protected":false},"author":1,"featured_media":0,"parent":0,"menu_order":0,"comment_status":"closed","ping_status":"closed","template":"","meta":{"_acf_changed":false,"footnotes":""},"class_list":["post-1520","page","type-page","status-publish","hentry"],"acf":[],"publishpress_future_action":{"enabled":false,"date":"2026-04-21 23:40:16","action":"change-status","newStatus":"draft","terms":[],"taxonomy":"translation_priority","extraData":[]},"publishpress_future_workflow_manual_trigger":{"enabledWorkflows":[]},"_links":{"self":[{"href":"https:\/\/www.wasaline.com\/fi\/wp-json\/wp\/v2\/pages\/1520","targetHints":{"allow":["GET"]}}],"collection":[{"href":"https:\/\/www.wasaline.com\/fi\/wp-json\/wp\/v2\/pages"}],"about":[{"href":"https:\/\/www.wasaline.com\/fi\/wp-json\/wp\/v2\/types\/page"}],"author":[{"embeddable":true,"href":"https:\/\/www.wasaline.com\/fi\/wp-json\/wp\/v2\/users\/1"}],"replies":[{"embeddable":true,"href":"https:\/\/www.wasaline.com\/fi\/wp-json\/wp\/v2\/comments?post=1520"}],"version-history":[{"count":6,"href":"https:\/\/www.wasaline.com\/fi\/wp-json\/wp\/v2\/pages\/1520\/revisions"}],"predecessor-version":[{"id":77255,"href":"https:\/\/www.wasaline.com\/fi\/wp-json\/wp\/v2\/pages\/1520\/revisions\/77255"}],"wp:attachment":[{"href":"https:\/\/www.wasaline.com\/fi\/wp-json\/wp\/v2\/media?parent=1520"}],"curies":[{"name":"wp","href":"https:\/\/api.w.org\/{rel}","templated":true}]}}