{"id":1530,"date":"2022-09-14T14:38:54","date_gmt":"2022-09-14T12:38:54","guid":{"rendered":"https:\/\/www.wasaline.com\/?page_id=1530"},"modified":"2024-04-15T17:13:06","modified_gmt":"2024-04-15T15:13:06","slug":"evasteasetukset","status":"publish","type":"page","link":"https:\/\/www.wasaline.com\/fi\/evasteasetukset\/","title":{"rendered":"Ev\u00e4steasetukset"},"content":{"rendered":"<section  class='av_textblock_section av-wpjfes-3ea3a86b8a822e2fb008c550b4888bd2 '   itemscope=\"itemscope\" itemtype=\"https:\/\/schema.org\/CreativeWork\" ><div class='avia_textblock'  itemprop=\"text\" ><p><strong>K\u00e4yt\u00e4mme ev\u00e4steit\u00e4<\/strong><\/p>\n<p>Voimme pyyt\u00e4\u00e4 ev\u00e4steiden asettamista laitteellesi. K\u00e4yt\u00e4mme ev\u00e4steit\u00e4 ilmoittaaksemme meille, kun vierailet verkkosivustollamme, kuinka olet vuorovaikutuksessa kanssamme, rikastamme k\u00e4ytt\u00f6kokemustasi ja mukautamme suhdettasi verkkosivustoomme.<\/p>\n<p>Napsauta eri luokan otsikoita saadaksesi lis\u00e4tietoja. Voit my\u00f6s muuttaa joitain asetuksiasi. Huomaa, ett\u00e4 tietyntyyppisten ev\u00e4steiden est\u00e4minen voi vaikuttaa kokemukseesi verkkosivustoillamme ja palveluissamme, joita voimme tarjota.<\/p>\n<\/div><\/section>\n<section  class='av_textblock_section av-kx5tbgzz-ac445d0dc4fbda0d50f681c0b8a7c7b1 '   itemscope=\"itemscope\" itemtype=\"https:\/\/schema.org\/CreativeWork\" ><div class='avia_textblock'  itemprop=\"text\" ><p><strong>Olennaiset ev\u00e4steet<\/strong><\/p>\n<p>N\u00e4m\u00e4 ev\u00e4steet ovat ehdottoman v\u00e4ltt\u00e4m\u00e4tt\u00f6mi\u00e4, jotta voimme tarjota sinulle verkkosivustomme kautta saatavia palveluja ja k\u00e4ytt\u00e4\u00e4 joitain sen ominaisuuksia.<\/p>\n<p>Koska n\u00e4m\u00e4 ev\u00e4steet ovat ehdottoman v\u00e4ltt\u00e4m\u00e4tt\u00f6mi\u00e4 verkkosivuston toimittamiseksi, et voi kielt\u00e4yty\u00e4 niist\u00e4 vaikuttamatta sivuston toimintaan. Voit est\u00e4\u00e4 tai poistaa ne muuttamalla selaimesi asetuksia ja pakottamalla est\u00e4m\u00e4\u00e4n kaikki t\u00e4m\u00e4n sivuston ev\u00e4steet.<\/p>\n<p><b>Google Analytics\u00a0<\/b><\/p>\n<p>N\u00e4m\u00e4 ev\u00e4steet ker\u00e4\u00e4v\u00e4t tietoja, joita k\u00e4ytet\u00e4\u00e4n joko aggregaattimuodossa auttamaan meit\u00e4 ymm\u00e4rt\u00e4m\u00e4\u00e4n verkkosivustomme k\u00e4ytt\u00f6\u00e4 tai markkinointikampanjoidemme tehokkuutta tai auttamaan meit\u00e4 mukauttamaan verkkosivustoamme ja sovellustamme sinulle kokemuksen parantamiseksi.<\/p>\n<p>Jos et halua, ett\u00e4 seuraamme visistisi sivustollemme, voit poistaa seurannan selaimestasi t\u00e4\u00e4lt\u00e4:<\/p>\n<div data-disabled_by_browser=\"Please enable this feature in your browser settings and reload the page.\" class=\"av-switch-aviaPrivacyGoogleTrackingDisabled av-toggle-switch av-cookie-disable-external-toggle av-cookie-save-unchecked av-cookie-default-unchecked av-cookie-sc-disabled\"><label><input type=\"checkbox\"  id=\"aviaPrivacyGoogleTrackingDisabled\" class=\"aviaPrivacyGoogleTrackingDisabled \" name=\"aviaPrivacyGoogleTrackingDisabled\" disabled=\"disabled\"><span class=\"toggle-track\"><\/span><span class=\"toggle-label-content\">Click to enable\/disable Google Analytics tracking.<\/span><\/label><p><strong>Please enable cookie consent messages in backend to use this feature.<\/strong><\/p><\/div>\n<p><strong>MUUT ULKOISET PALVELUT<\/strong><\/p>\n<p>K\u00e4yt\u00e4mme my\u00f6s erilaisia \u200b\u200bulkoisia palveluita, kuten Google Webfonts, Google Maps ja ulkoiset videopalvelut. Koska n\u00e4m\u00e4 palveluntarjoajat voivat ker\u00e4t\u00e4 henkil\u00f6kohtaisia \u200b\u200btietoja, kuten IP-osoitteesi, sallimme sinun est\u00e4\u00e4 ne t\u00e4\u00e4ll\u00e4. Huomaa, ett\u00e4 t\u00e4m\u00e4 saattaa heikent\u00e4\u00e4 huomattavasti sivustomme toimivuutta ja ulkon\u00e4k\u00f6\u00e4. Muutokset tulevat voimaan, kun lataat sivun uudelleen.<\/p>\n<p><strong>TIETOSUOJAK\u00c4YT\u00c4NT\u00d6<\/strong><\/p>\n<p>Voit lukea yksityiskohtaisesti ev\u00e4steist\u00e4 ja tietosuoja-asetuksista tietosuojasivultamme<\/p>\n<\/div><\/section>\n","protected":false},"excerpt":{"rendered":"","protected":false},"author":1,"featured_media":0,"parent":0,"menu_order":0,"comment_status":"closed","ping_status":"closed","template":"","meta":{"_acf_changed":false,"footnotes":""},"class_list":["post-1530","page","type-page","status-publish","hentry"],"acf":[],"publishpress_future_action":{"enabled":false,"date":"2026-04-21 23:40:18","action":"change-status","newStatus":"draft","terms":[],"taxonomy":"translation_priority","extraData":[]},"publishpress_future_workflow_manual_trigger":{"enabledWorkflows":[]},"_links":{"self":[{"href":"https:\/\/www.wasaline.com\/fi\/wp-json\/wp\/v2\/pages\/1530","targetHints":{"allow":["GET"]}}],"collection":[{"href":"https:\/\/www.wasaline.com\/fi\/wp-json\/wp\/v2\/pages"}],"about":[{"href":"https:\/\/www.wasaline.com\/fi\/wp-json\/wp\/v2\/types\/page"}],"author":[{"embeddable":true,"href":"https:\/\/www.wasaline.com\/fi\/wp-json\/wp\/v2\/users\/1"}],"replies":[{"embeddable":true,"href":"https:\/\/www.wasaline.com\/fi\/wp-json\/wp\/v2\/comments?post=1530"}],"version-history":[{"count":4,"href":"https:\/\/www.wasaline.com\/fi\/wp-json\/wp\/v2\/pages\/1530\/revisions"}],"predecessor-version":[{"id":68915,"href":"https:\/\/www.wasaline.com\/fi\/wp-json\/wp\/v2\/pages\/1530\/revisions\/68915"}],"wp:attachment":[{"href":"https:\/\/www.wasaline.com\/fi\/wp-json\/wp\/v2\/media?parent=1530"}],"curies":[{"name":"wp","href":"https:\/\/api.w.org\/{rel}","templated":true}]}}