{"id":1558,"date":"2022-09-14T14:44:42","date_gmt":"2022-09-14T12:44:42","guid":{"rendered":"https:\/\/www.wasaline.com\/?page_id=1558"},"modified":"2025-02-20T23:46:43","modified_gmt":"2025-02-20T21:46:43","slug":"sponsorointi","status":"publish","type":"page","link":"https:\/\/www.wasaline.com\/fi\/meista\/sponsorointi\/","title":{"rendered":"Sponsorointi"},"content":{"rendered":"\n<style type=\"text\/css\" data-created_by=\"avia_inline_auto\" id=\"style-css-av-22og1y-44c661fa819c757586401eb22a392c4e\">\n#top .av-special-heading.av-22og1y-44c661fa819c757586401eb22a392c4e{\npadding-bottom:10px;\n}\nbody .av-special-heading.av-22og1y-44c661fa819c757586401eb22a392c4e .av-special-heading-tag .heading-char{\nfont-size:25px;\n}\n.av-special-heading.av-22og1y-44c661fa819c757586401eb22a392c4e .av-subheading{\nfont-size:15px;\n}\n<\/style>\n<div  class='av-special-heading av-22og1y-44c661fa819c757586401eb22a392c4e av-special-heading-h2  avia-builder-el-0  el_before_av_one_full  avia-builder-el-first '><h2 class='av-special-heading-tag '  itemprop=\"headline\"  >SPONSOROINTI<\/h2><div class=\"special-heading-border\"><div class=\"special-heading-inner-border\"><\/div><\/div><\/div>\n<div  class='flex_column av-av_one_full-01f644d0804b0fcad59e148d39d81d1d av_one_full  avia-builder-el-1  el_after_av_heading  el_before_av_one_full  first flex_column_div  '     ><section  class='av_textblock_section av-2ii5ba-36ab2eb0f72fbf74a554b9d2bda3bf1c '   itemscope=\"itemscope\" itemtype=\"https:\/\/schema.org\/CreativeWork\" ><div class='avia_textblock'  itemprop=\"text\" ><p>Sponsorointi tarkoittaa Wasalinelle yhteisty\u00f6mahdollisuutta, joka mahdollistaa n\u00e4kyvyyden saamisen ja Wasalinen br\u00e4ndin tunnettavuuden lis\u00e4\u00e4mist\u00e4 mm. osallistumalla erilaisiin asiakas- ja yleis\u00f6tapahtumiin. Teemme sponsorointisopimukset aina kirjallisesti. Sponsorointi on osa Wasalinen markkinointia ja tapahtuu liiketoiminnallisista syist\u00e4 sek\u00e4 edellytt\u00e4\u00e4 my\u00f6s vastasuorituksia, jotka ovat kohtuullisessa suhteessa panokseemme.<\/p>\n<p>Huom! Sponsorointi ei ole hyv\u00e4ntekev\u00e4isyytt\u00e4.<\/p>\n<p>Wasalinen sponsoroinnin tavoitteita:<\/p>\n<ul>\n<li>Antaa selke\u00e4\u00e4 n\u00e4kyvyytt\u00e4<\/li>\n<li>Lis\u00e4\u00e4 Wasalinen tunnettavuutta<\/li>\n<li>Luoda uusia liiketoimintamahdollisuuksia<\/li>\n<li>Syvent\u00e4\u00e4 ja parantaa asiakassuhteitamme<\/li>\n<\/ul>\n<\/div><\/section><\/div>\n\n<style type=\"text\/css\" data-created_by=\"avia_inline_auto\" id=\"style-css-av-lsu1qu14-7666603a324ebd72a7b0d4064cd31ddc\">\n.flex_column.av-lsu1qu14-7666603a324ebd72a7b0d4064cd31ddc{\nborder-width:1px;\nborder-color:#003865;\nborder-style:solid;\npadding:10px 10px 10px 10px;\n}\n<\/style>\n<div  class='flex_column av-lsu1qu14-7666603a324ebd72a7b0d4064cd31ddc av_one_full  avia-builder-el-3  el_after_av_one_full  el_before_av_one_full  first flex_column_div  column-top-margin'     ><article  class='iconbox iconbox_left av-lsu1plzs-78e2b770c2a8142e2bb500c76b249b61  avia-builder-el-4  avia-builder-el-no-sibling '  itemscope=\"itemscope\" itemtype=\"https:\/\/schema.org\/CreativeWork\" ><div class=\"iconbox_content\"><header class=\"entry-content-header\" aria-label=\"Icon: Suomalaiset urheilijat ja seurat\"><div class='iconbox_icon heading-color avia-iconfont avia-font-entypo-fontello' data-av_icon='\ue81f' data-av_iconfont='entypo-fontello'  ><\/div><h3 class='iconbox_content_title '  itemprop=\"headline\" >Suomalaiset urheilijat ja seurat<\/h3><\/header><div class='iconbox_content_container '  itemprop=\"text\" ><p>Vuosina 2024 ja 2025 ohjaamme kaiken tukemme <a href=\"https:\/\/wasastars.fi\/\" target=\"_blank\" rel=\"noopener\">Wasa Stars -organisaation<\/a> kautta.<\/p>\n<\/div><\/div><footer class=\"entry-footer\"><\/footer><\/article><\/div><div  class='flex_column av-av_one_full-01f644d0804b0fcad59e148d39d81d1d av_one_full  avia-builder-el-5  el_after_av_one_full  avia-builder-el-last  first flex_column_div  column-top-margin'     ><section  class='av_textblock_section av-lsu1o6xu-782d8bd6fe4e4cc46cc0aba373c4e378 '   itemscope=\"itemscope\" itemtype=\"https:\/\/schema.org\/CreativeWork\" ><div class='avia_textblock'  itemprop=\"text\" ><p>Hakemuksista tulee k\u00e4yd\u00e4 ilmi:<\/p>\n<ul>\n<li>Miten Wasaline hy\u00f6tyy yhteisty\u00f6st\u00e4?<\/li>\n<li>Miten sponsorointikohde liittyy Wasalineen?<\/li>\n<li>Perustiedot kohteesta<\/li>\n<li>Tavoitellut kohderyhm\u00e4t? Kohderyhm\u00e4n suuruus?<\/li>\n<li>Suunniteltu n\u00e4kyvyys<\/li>\n<li>Tarjotun yhteisty\u00f6n kesto ja kustannus?<\/li>\n<li>Yhteisty\u00f6vastikkeet<\/li>\n<li>Muut yhteisty\u00f6kumppanit<\/li>\n<\/ul>\n<p>Toivomme, ett\u00e4 sponsorointiin liittyv\u00e4t yhteydenotot, niin tiedustelut kuin hakemusten l\u00e4hett\u00e4minenkin, tapahtuu s\u00e4hk\u00f6isesti osoitteeseen <a href=\"mailto:marketing@wasaline.com\">marketing@wasaline.com<\/a>. K\u00e4sittelemme hakemuksia noin kerran kuukaudessa.<\/p>\n<\/div><\/section><\/div><\/p>\n","protected":false},"excerpt":{"rendered":"","protected":false},"author":1,"featured_media":0,"parent":349,"menu_order":0,"comment_status":"closed","ping_status":"closed","template":"","meta":{"_acf_changed":false,"footnotes":""},"class_list":["post-1558","page","type-page","status-publish","hentry"],"acf":[],"publishpress_future_action":{"enabled":false,"date":"2026-04-21 23:40:17","action":"change-status","newStatus":"draft","terms":[],"taxonomy":"translation_priority","extraData":[]},"publishpress_future_workflow_manual_trigger":{"enabledWorkflows":[]},"_links":{"self":[{"href":"https:\/\/www.wasaline.com\/fi\/wp-json\/wp\/v2\/pages\/1558","targetHints":{"allow":["GET"]}}],"collection":[{"href":"https:\/\/www.wasaline.com\/fi\/wp-json\/wp\/v2\/pages"}],"about":[{"href":"https:\/\/www.wasaline.com\/fi\/wp-json\/wp\/v2\/types\/page"}],"author":[{"embeddable":true,"href":"https:\/\/www.wasaline.com\/fi\/wp-json\/wp\/v2\/users\/1"}],"replies":[{"embeddable":true,"href":"https:\/\/www.wasaline.com\/fi\/wp-json\/wp\/v2\/comments?post=1558"}],"version-history":[{"count":5,"href":"https:\/\/www.wasaline.com\/fi\/wp-json\/wp\/v2\/pages\/1558\/revisions"}],"predecessor-version":[{"id":70577,"href":"https:\/\/www.wasaline.com\/fi\/wp-json\/wp\/v2\/pages\/1558\/revisions\/70577"}],"up":[{"embeddable":true,"href":"https:\/\/www.wasaline.com\/fi\/wp-json\/wp\/v2\/pages\/349"}],"wp:attachment":[{"href":"https:\/\/www.wasaline.com\/fi\/wp-json\/wp\/v2\/media?parent=1558"}],"curies":[{"name":"wp","href":"https:\/\/api.w.org\/{rel}","templated":true}]}}