{"id":26346,"date":"2022-10-10T16:32:44","date_gmt":"2022-10-10T14:32:44","guid":{"rendered":"https:\/\/www.wasaline.com\/?page_id=26346"},"modified":"2022-10-10T16:50:52","modified_gmt":"2022-10-10T14:50:52","slug":"visit-vaasa","status":"publish","type":"page","link":"https:\/\/www.wasaline.com\/fi\/visit-vaasa\/","title":{"rendered":"Visit Vaasa"},"content":{"rendered":"<div id='full_slider_1'  class='avia-fullwidth-slider main_color avia-shadow   avia-builder-el-0  el_before_av_one_full  avia-builder-el-first   container_wrap fullsize'  ><div  class='avia-slideshow av-l92vsugb-f8402bc60666bb7118628d4b03165d67 avia-slideshow-featured_large av_slideshow_full avia-slide-slider av-slideshow-ui av-control-default av-slideshow-manual av-loop-once av-loop-manual-endless av-default-height-applied   avia-slideshow-1' data-slideshow-options=\"{&quot;animation&quot;:&quot;slide&quot;,&quot;autoplay&quot;:false,&quot;loop_autoplay&quot;:&quot;once&quot;,&quot;interval&quot;:5,&quot;loop_manual&quot;:&quot;manual-endless&quot;,&quot;autoplay_stopper&quot;:false,&quot;noNavigation&quot;:false,&quot;bg_slider&quot;:false,&quot;keep_padding&quot;:false,&quot;hoverpause&quot;:false,&quot;show_slide_delay&quot;:0}\"  itemprop=\"image\" itemscope=\"itemscope\" itemtype=\"https:\/\/schema.org\/ImageObject\" ><ul class='avia-slideshow-inner ' style='padding-bottom: 42.038834951456%;'><li  class='avia-slideshow-slide av-l92vsugb-f8402bc60666bb7118628d4b03165d67__0  av-single-slide slide-1 slide-odd'><div data-rel='slideshow-1' class='avia-slide-wrap '   ><img decoding=\"async\" fetchpriority=\"high\" class=\"wp-image-26333 avia-img-lazy-loading-not-26333\"  src=\"https:\/\/www.wasaline.com\/wp-content\/uploads\/2022\/10\/VisitVasa-banner@4x-1030x433-1.png\" width=\"1030\" height=\"433\" title='Visit Vaasa  I  Vasa' alt='Visit Vaasa I Vasa'  itemprop=\"thumbnailUrl\" srcset=\"https:\/\/www.wasaline.com\/wp-content\/uploads\/2022\/10\/VisitVasa-banner@4x-1030x433-1.png 1030w, https:\/\/www.wasaline.com\/wp-content\/uploads\/2022\/10\/VisitVasa-banner@4x-1030x433-1-300x126.png 300w, https:\/\/www.wasaline.com\/wp-content\/uploads\/2022\/10\/VisitVasa-banner@4x-1030x433-1-768x323.png 768w, https:\/\/www.wasaline.com\/wp-content\/uploads\/2022\/10\/VisitVasa-banner@4x-1030x433-1-705x296.png 705w\" sizes=\"(max-width: 1030px) 100vw, 1030px\" \/><\/div><\/li><\/ul><\/div><\/div><div id='after_full_slider_1'  class='main_color av_default_container_wrap container_wrap fullsize'  ><div class='container av-section-cont-open' ><div class='template-page content  av-content-full alpha units'><div class='post-entry post-entry-type-page post-entry-26346'><div class='entry-content-wrapper clearfix'>\n\n<style type=\"text\/css\" data-created_by=\"avia_inline_auto\" id=\"style-css-av-1q4tycj-19743332c69738b145d0578fe0699983\">\n.flex_column.av-1q4tycj-19743332c69738b145d0578fe0699983{\nborder-radius:0px 0px 0px 0px;\npadding:0px 0px 0px 0px;\n}\n<\/style>\n<div  class='flex_column av-1q4tycj-19743332c69738b145d0578fe0699983 av_one_full  avia-builder-el-1  el_after_av_slideshow_full  avia-builder-el-no-sibling  first flex_column_div av-zero-column-padding  '     ><p>\n<style type=\"text\/css\" data-created_by=\"avia_inline_auto\" id=\"style-css-av-kybakrob-3c64e4c020563fa6eb84c416afc9f722\">\n#top .av-special-heading.av-kybakrob-3c64e4c020563fa6eb84c416afc9f722{\npadding-bottom:10px;\n}\nbody .av-special-heading.av-kybakrob-3c64e4c020563fa6eb84c416afc9f722 .av-special-heading-tag .heading-char{\nfont-size:25px;\n}\n.av-special-heading.av-kybakrob-3c64e4c020563fa6eb84c416afc9f722 .av-subheading{\nfont-size:15px;\n}\n<\/style>\n<div  class='av-special-heading av-kybakrob-3c64e4c020563fa6eb84c416afc9f722 av-special-heading-h1 blockquote modern-quote  avia-builder-el-2  el_before_av_textblock  avia-builder-el-first  av-linked-heading'><h1 class='av-special-heading-tag '  itemprop=\"headline\"  >Vaasan seutu houkuttelee kaikilla aisteilla<\/h1><div class=\"special-heading-border\"><div class=\"special-heading-inner-border\"><\/div><\/div><\/div><br \/>\n<section  class='av_textblock_section av-4wczz7-4d30c3abcb2ad7ff1bc1ad575d551e2d '   itemscope=\"itemscope\" itemtype=\"https:\/\/schema.org\/CreativeWork\" ><div class='avia_textblock'  itemprop=\"text\" ><p>Jos haet itsellesi tai kanssamatkustajille mielenkiintoista ja monipuolista matkakohdetta on Vaasan seutu erinomainen valinta. Karun kaunis rannikko, maailmanperint\u00f6saaristo, rehev\u00e4t jokilaaksot ja lakeudet. Lis\u00e4t\u00e4\u00e4n t\u00e4h\u00e4n yritteli\u00e4\u00e4t ihmiset, vilkas kulttuuriel\u00e4m\u00e4 ja hyv\u00e4t ostosmahdollisuudet niin n\u00e4ist\u00e4 on hyv\u00e4 ker\u00e4t\u00e4 juuri sinulle sopiva paketti.<\/p>\n<\/div><\/section><br \/>\n<div id='av-masonry-1' class='av-masonry av-plgzk3-4a87334cca15d6ecde88d4a82731803b noHover av-fixed-size av-large-gap av-hover-overlay- av-masonry-animation- av-masonry-col-3 av-caption-always av-caption-style-overlay av-masonry-entries '><div class=\"av-masonry-container isotope av-js-disabled\"><div class='av-masonry-entry isotope-item av-masonry-item-no-image '><\/div><a href=\"https:\/\/www.wasaline.com\/fi\/portfolio-item\/haasteellinen-vuosi-wasalinelle-koronasta-huolimatta-paljon-positiivisia-asioita\/\"  id='av-masonry-1-item-1079' data-av-masonry-item='1079' class='av-masonry-entry isotope-item post-1079 portfolio type-portfolio status-publish hentry tag-lehdisto  av-masonry-item-no-image' title=\"Haasteellinen vuosi Wasalinelle, koronasta huolimatta paljon positiivisia asioita \u00a0\"  itemscope=\"itemscope\" itemtype=\"https:\/\/schema.org\/CreativeWork\" ><div class='av-inner-masonry-sizer'><\/div><figure class='av-inner-masonry main_color'><figcaption class='av-inner-masonry-content site-background'><div class='av-inner-masonry-content-pos'><div class='av-inner-masonry-content-pos-content'><div class='avia-arrow'><\/div><h3 class='av-masonry-entry-title entry-title '  itemprop=\"headline\" >Haasteellinen vuosi Wasalinelle, koronasta huolimatta paljon positiivisia asioita \u00a0<\/h3><p class='fromprice'  itemprop=\"headline\" > <\/p><\/div><\/div><\/figcaption><\/figure><\/a><!--end av-masonry entry--><a href=\"https:\/\/www.wasaline.com\/fi\/portfolio-item\/aurora-botnian-matkaa-voi-nyt-simuloida\/\"  id='av-masonry-1-item-1069' data-av-masonry-item='1069' class='av-masonry-entry isotope-item post-1069 portfolio type-portfolio status-publish hentry tag-lehdisto  av-masonry-item-no-image' title=\"Aurora Botnian matkaa voi nyt simuloida\"  itemscope=\"itemscope\" itemtype=\"https:\/\/schema.org\/CreativeWork\" ><div class='av-inner-masonry-sizer'><\/div><figure class='av-inner-masonry main_color'><figcaption class='av-inner-masonry-content site-background'><div class='av-inner-masonry-content-pos'><div class='av-inner-masonry-content-pos-content'><div class='avia-arrow'><\/div><h3 class='av-masonry-entry-title entry-title '  itemprop=\"headline\" >Aurora Botnian matkaa voi nyt simuloida<\/h3><p class='fromprice'  itemprop=\"headline\" > <\/p><\/div><\/div><\/figcaption><\/figure><\/a><!--end av-masonry entry--><a href=\"https:\/\/www.wasaline.com\/fi\/portfolio-item\/aurora-botnialle-kayttoon-pelastusveneiden-sijaan-evakuointijarjestelma\/\"  id='av-masonry-1-item-1057' data-av-masonry-item='1057' class='av-masonry-entry isotope-item post-1057 portfolio type-portfolio status-publish hentry tag-lehdisto  av-masonry-item-no-image' title=\"Aurora Botnialle k\u00e4ytt\u00f6\u00f6n pelastusveneiden sijaan evakuointij\u00e4rjestelm\u00e4\u00a0\"  itemscope=\"itemscope\" itemtype=\"https:\/\/schema.org\/CreativeWork\" ><div class='av-inner-masonry-sizer'><\/div><figure class='av-inner-masonry main_color'><figcaption class='av-inner-masonry-content site-background'><div class='av-inner-masonry-content-pos'><div class='av-inner-masonry-content-pos-content'><div class='avia-arrow'><\/div><h3 class='av-masonry-entry-title entry-title '  itemprop=\"headline\" >Aurora Botnialle k\u00e4ytt\u00f6\u00f6n pelastusveneiden sijaan evakuointij\u00e4rjestelm\u00e4\u00a0<\/h3><p class='fromprice'  itemprop=\"headline\" > <\/p><\/div><\/div><\/figcaption><\/figure><\/a><!--end av-masonry entry--><\/div><\/div><\/p><\/div>\n","protected":false},"excerpt":{"rendered":"","protected":false},"author":3,"featured_media":0,"parent":0,"menu_order":0,"comment_status":"closed","ping_status":"closed","template":"","meta":{"_acf_changed":false,"footnotes":""},"class_list":["post-26346","page","type-page","status-publish","hentry"],"acf":[],"publishpress_future_action":{"enabled":false,"date":"2026-04-12 04:46:38","action":"change-status","newStatus":"draft","terms":[],"taxonomy":"translation_priority","extraData":[]},"publishpress_future_workflow_manual_trigger":{"enabledWorkflows":[]},"_links":{"self":[{"href":"https:\/\/www.wasaline.com\/fi\/wp-json\/wp\/v2\/pages\/26346","targetHints":{"allow":["GET"]}}],"collection":[{"href":"https:\/\/www.wasaline.com\/fi\/wp-json\/wp\/v2\/pages"}],"about":[{"href":"https:\/\/www.wasaline.com\/fi\/wp-json\/wp\/v2\/types\/page"}],"author":[{"embeddable":true,"href":"https:\/\/www.wasaline.com\/fi\/wp-json\/wp\/v2\/users\/3"}],"replies":[{"embeddable":true,"href":"https:\/\/www.wasaline.com\/fi\/wp-json\/wp\/v2\/comments?post=26346"}],"version-history":[{"count":5,"href":"https:\/\/www.wasaline.com\/fi\/wp-json\/wp\/v2\/pages\/26346\/revisions"}],"predecessor-version":[{"id":26383,"href":"https:\/\/www.wasaline.com\/fi\/wp-json\/wp\/v2\/pages\/26346\/revisions\/26383"}],"wp:attachment":[{"href":"https:\/\/www.wasaline.com\/fi\/wp-json\/wp\/v2\/media?parent=26346"}],"curies":[{"name":"wp","href":"https:\/\/api.w.org\/{rel}","templated":true}]}}