{"id":30449,"date":"2022-12-05T20:42:18","date_gmt":"2022-12-05T18:42:18","guid":{"rendered":"https:\/\/www.wasaline.com\/?page_id=30449"},"modified":"2022-12-05T20:45:42","modified_gmt":"2022-12-05T18:45:42","slug":"my-care","status":"publish","type":"page","link":"https:\/\/www.wasaline.com\/fi\/my-care\/","title":{"rendered":"My Care"},"content":{"rendered":"\n<style type=\"text\/css\" data-created_by=\"avia_inline_auto\" id=\"style-css-av-lbb4w4h9-835280fadea3cdaa47daf31a1e0b957c\">\n#top .av-special-heading.av-lbb4w4h9-835280fadea3cdaa47daf31a1e0b957c{\npadding-bottom:10px;\n}\nbody .av-special-heading.av-lbb4w4h9-835280fadea3cdaa47daf31a1e0b957c .av-special-heading-tag .heading-char{\nfont-size:25px;\n}\n.av-special-heading.av-lbb4w4h9-835280fadea3cdaa47daf31a1e0b957c .av-subheading{\nfont-size:15px;\n}\n<\/style>\n<div  class='av-special-heading av-lbb4w4h9-835280fadea3cdaa47daf31a1e0b957c av-special-heading-h1  avia-builder-el-0  el_before_av_textblock  avia-builder-el-first '><h1 class='av-special-heading-tag '  itemprop=\"headline\"  >DNV on tarkastanut Wasalinen infektiosuojaty\u00f6t<\/h1><div class=\"special-heading-border\"><div class=\"special-heading-inner-border\"><\/div><\/div><\/div>\n<section  class='av_textblock_section av-lbb4zp3u-849d0ef91a89341a4bb5c1b05fc141a0 '   itemscope=\"itemscope\" itemtype=\"https:\/\/schema.org\/CreativeWork\" ><div class='avia_textblock'  itemprop=\"text\" ><p>Det Norske Veritas Germanischer Lloyd (DNV) on arvioinut Wasalinen infektiosuojatoimet My Care -menetelm\u00e4n mukaisesti. Tarkastus kattaa toiminnan <a href=\"https:\/\/www.wasaline.com\/fi\/laivamme\/\">Aurora Botnia -aluksella<\/a> sek\u00e4 Vaasan ja Uumajan terminaaleissa. T\u00e4m\u00e4 vahvistaa Wasalinen kyky\u00e4 hallita ja ehk\u00e4ist\u00e4 infektioriskej\u00e4, mukaan lukien Covid-19.<\/p>\n<p>Wasaline on ty\u00f6skennellyt pitk\u00e4\u00e4n m\u00e4\u00e4r\u00e4tietoisesti ja j\u00e4rjestelm\u00e4llisesti matkustajien ja henkil\u00f6kunnan turvallisuuden varmistamiseksi. DNV:n My Care -tarkastuksen avulla Wasaline saa infektionhallintaty\u00f6h\u00f6n kolmannen osapuolen varmistuksen.<\/p>\n<p>\u201dMy Care -arviointi, joka perustuu sairaalaymp\u00e4rist\u00f6n infektioriskistandardiin, tarjoaa hyv\u00e4n pohjan rutiinien ja prosessien kehitt\u00e4miselle&#8221;, sanoo Curt Ruokolahti, DNV:n liiketoiminnan kehitysp\u00e4\u00e4llikk\u00f6.<\/p>\n<\/div><\/section>\n<div  class='flex_column av-av_one_half-fad18e03df51ae3bf2ee71e19bdd8f00 av_one_half  avia-builder-el-2  el_after_av_textblock  el_before_av_one_half  first flex_column_div  column-top-margin'     ><section  class='av_textblock_section av-lbb52jvw-da006816c3540276da649a78e6a2b60d '   itemscope=\"itemscope\" itemtype=\"https:\/\/schema.org\/CreativeWork\" ><div class='avia_textblock'  itemprop=\"text\" ><p><a href=\"https:\/\/pages.vetoolchain.com\/10004800-3fb5-4220-a07c-1c2500200007\/index.html?vid=0x81bcd945001590753120008e0e13966519a0e7c8003ea8ac10dcdfdd9c3f93b9&amp;fbclid=IwAR1wiyaRuqWf0GivNIPaRExjmyDK06tdOUB8lInPDKD1unU8cCpl_osYQ1A\">Wasalinen infektiosuojaty\u00f6t &#8211; Readiness Statement<\/a><\/p>\n<\/div><\/section><\/div><div  class='flex_column av-av_one_half-9871ad29194e33185df5013cff296793 av_one_half  avia-builder-el-4  el_after_av_one_half  avia-builder-el-last  flex_column_div  column-top-margin'     ><style type=\"text\/css\" data-created_by=\"avia_inline_auto\" id=\"style-css-av-lbb510mh-99ccfd65e4d88bc449a52f95189415c9\">\n.avia-image-container.av-lbb510mh-99ccfd65e4d88bc449a52f95189415c9 img.avia_image{\nbox-shadow:none;\n}\n.avia-image-container.av-lbb510mh-99ccfd65e4d88bc449a52f95189415c9 .av-image-caption-overlay-center{\ncolor:#ffffff;\n}\n<\/style>\n<div  class='avia-image-container av-lbb510mh-99ccfd65e4d88bc449a52f95189415c9 av-styling- avia-align-center  avia-builder-el-5  avia-builder-el-no-sibling '   itemprop=\"image\" itemscope=\"itemscope\" itemtype=\"https:\/\/schema.org\/ImageObject\" ><div class=\"avia-image-container-inner\"><div class=\"avia-image-overlay-wrap\"><img decoding=\"async\" fetchpriority=\"high\" class='wp-image-27210 avia-img-lazy-loading-not-27210 avia_image ' src=\"https:\/\/www.wasaline.com\/wp-content\/uploads\/2022\/10\/wasaline-mycare-bla_webb-1030x202-1-300x59.png\" alt='Wasaline My care logo' title='Wasaline My care logo'  height=\"59\" width=\"300\"  itemprop=\"thumbnailUrl\" srcset=\"https:\/\/www.wasaline.com\/wp-content\/uploads\/2022\/10\/wasaline-mycare-bla_webb-1030x202-1-300x59.png 300w, https:\/\/www.wasaline.com\/wp-content\/uploads\/2022\/10\/wasaline-mycare-bla_webb-1030x202-1-768x151.png 768w, https:\/\/www.wasaline.com\/wp-content\/uploads\/2022\/10\/wasaline-mycare-bla_webb-1030x202-1-705x138.png 705w, https:\/\/www.wasaline.com\/wp-content\/uploads\/2022\/10\/wasaline-mycare-bla_webb-1030x202-1.png 1030w\" sizes=\"(max-width: 300px) 100vw, 300px\" \/><\/div><\/div><\/div><\/div><\/p>\n","protected":false},"excerpt":{"rendered":"","protected":false},"author":4,"featured_media":0,"parent":0,"menu_order":0,"comment_status":"closed","ping_status":"closed","template":"","meta":{"_acf_changed":false,"footnotes":""},"class_list":["post-30449","page","type-page","status-publish","hentry"],"acf":[],"publishpress_future_action":{"enabled":false,"date":"2026-04-27 11:25:09","action":"change-status","newStatus":"draft","terms":[],"taxonomy":"translation_priority","extraData":[]},"publishpress_future_workflow_manual_trigger":{"enabledWorkflows":[]},"_links":{"self":[{"href":"https:\/\/www.wasaline.com\/fi\/wp-json\/wp\/v2\/pages\/30449","targetHints":{"allow":["GET"]}}],"collection":[{"href":"https:\/\/www.wasaline.com\/fi\/wp-json\/wp\/v2\/pages"}],"about":[{"href":"https:\/\/www.wasaline.com\/fi\/wp-json\/wp\/v2\/types\/page"}],"author":[{"embeddable":true,"href":"https:\/\/www.wasaline.com\/fi\/wp-json\/wp\/v2\/users\/4"}],"replies":[{"embeddable":true,"href":"https:\/\/www.wasaline.com\/fi\/wp-json\/wp\/v2\/comments?post=30449"}],"version-history":[{"count":3,"href":"https:\/\/www.wasaline.com\/fi\/wp-json\/wp\/v2\/pages\/30449\/revisions"}],"predecessor-version":[{"id":30452,"href":"https:\/\/www.wasaline.com\/fi\/wp-json\/wp\/v2\/pages\/30449\/revisions\/30452"}],"wp:attachment":[{"href":"https:\/\/www.wasaline.com\/fi\/wp-json\/wp\/v2\/media?parent=30449"}],"curies":[{"name":"wp","href":"https:\/\/api.w.org\/{rel}","templated":true}]}}