{"id":30708,"date":"2022-12-08T21:35:28","date_gmt":"2022-12-08T19:35:28","guid":{"rendered":"https:\/\/www.wasaline.com\/?page_id=30708"},"modified":"2025-01-14T22:52:57","modified_gmt":"2025-01-14T20:52:57","slug":"messutarjous","status":"publish","type":"page","link":"https:\/\/www.wasaline.com\/fi\/messutarjous\/","title":{"rendered":"Messutarjous"},"content":{"rendered":"<div id='av-layout-grid-1'  class='av-layout-grid-container av-6mkl6qc-7db850080ba1a807db6449fd240471a6 entry-content-wrapper main_color av-flex-cells  avia-builder-el-0  avia-builder-el-no-sibling   container_wrap fullsize'  >\n<div class='flex_cell av-650u4qc-86b59d8a8e9f8b98b89942b7b2fa0ea8 av-gridrow-cell av_one_half no_margin  avia-builder-el-1  el_before_av_cell_one_half  avia-builder-el-first '  ><div class='flex_cell_inner'><p>\n<style type=\"text\/css\" data-created_by=\"avia_inline_auto\" id=\"style-css-av-lbfgtr34-ec2d6b0117cbff25ae28450e09c1dbdb\">\n.avia-image-container.av-lbfgtr34-ec2d6b0117cbff25ae28450e09c1dbdb img.avia_image{\nbox-shadow:none;\n}\n.avia-image-container.av-lbfgtr34-ec2d6b0117cbff25ae28450e09c1dbdb .av-image-caption-overlay-center{\ncolor:#ffffff;\n}\n<\/style>\n<div  class='avia-image-container av-lbfgtr34-ec2d6b0117cbff25ae28450e09c1dbdb av-styling- avia-align-center  avia-builder-el-2  el_before_av_hr  avia-builder-el-first '   itemprop=\"image\" itemscope=\"itemscope\" itemtype=\"https:\/\/schema.org\/ImageObject\" ><div class=\"avia-image-container-inner\"><div class=\"avia-image-overlay-wrap\"><img decoding=\"async\" fetchpriority=\"high\" class='wp-image-42261 avia-img-lazy-loading-not-42261 avia_image ' src=\"https:\/\/www.wasaline.com\/wp-content\/uploads\/2023\/08\/aurorabotnia-summer2023-markostampehl-845x321.jpg\" alt='Aurora Botnia. Photo by Marko Stampehl' title='aurorabotnia-summer2023-markostampehl'  height=\"321\" width=\"845\"  itemprop=\"thumbnailUrl\"  \/><\/div><\/div><\/div><br \/>\n\n<style type=\"text\/css\" data-created_by=\"avia_inline_auto\" id=\"style-css-av-lbfguhth-32bdb3794a3fc0f0d5cf6e18dd0aa9e8\">\n#top .hr.hr-invisible.av-lbfguhth-32bdb3794a3fc0f0d5cf6e18dd0aa9e8{\nmargin-top:-61px;\nheight:1px;\n}\n<\/style>\n<div  class='hr av-lbfguhth-32bdb3794a3fc0f0d5cf6e18dd0aa9e8 hr-invisible  avia-builder-el-3  el_after_av_image  el_before_av_table '><span class='hr-inner '><span class=\"hr-inner-style\"><\/span><\/span><\/div><br \/>\n<div  class='avia-table av-5od8hec-4545c997e4c5cdd239438c179b4bf7e5 main_color avia-pricing-table-container avia_pricing_default  avia-builder-el-4  el_after_av_hr  avia-builder-el-last  avia-table-1'  itemscope=\"itemscope\" itemtype=\"https:\/\/schema.org\/Table\" ><div class=\"pricing-table-wrap\"><ul class='pricing-table '><li class='avia-heading-row'><div class='first-table-item'>Tarjous: Wasaline Matkamessuilla<\/div><span class='pricing-extra'><\/span><\/li><li class=''>-20 % henkil\u00f6lipuista koodilla MATKA25<\/li><li class=''>Varaa 16.-26.1. v\u00e4lisen\u00e4 aikana. Matkustusaika 20.1.-21.6. ja 10.8.-28.12.2025<\/li><li class='avia-button-row'><div  class='avia-button-wrap av-lbfgobps-eb34005001127eac87676c670c4afa02-wrap avia-button-center  avia-builder-el-5  avia-builder-el-no-sibling '><a href='https:\/\/booking.wasaline.com\/fi\/book\/ticket\/journeySearch\/?clear&amp;bookingFlow=STDONEWAY'  class='avia-button av-lbfgobps-eb34005001127eac87676c670c4afa02 av-link-btn avia-icon_select-no avia-size-large avia-position-center avia-color-theme-color'   aria-label=\"Varaa koodilla MATKA25\"><span class='avia_iconbox_title' >Varaa koodilla MATKA25<\/span><\/a><\/div><br \/><\/li><li class=''>Hintaan lis\u00e4t\u00e4\u00e4n ETS-, satama- ja polttoainelis\u00e4maksu. <a href=\"https:\/\/www.wasaline.com\/fi\/ets\/\">Lue lis\u00e4\u00e4 \u2192<\/a><\/li><li class=''>Koskee reittimatkoja ja risteilyj\u00e4. 1 tarjoushintainen varaus\/asiakas. Hintaan lis\u00e4t\u00e4\u00e4n ETS-, satama- ja polttoainelis\u00e4maksu. Ei yhdistett\u00e4viss\u00e4 muihin etuihin ja valmiisiin paketteihin. Max 6 henkil\u00f6\u00e4\/varaus. Ei koske ryhm\u00e4varauksia.<\/li><\/ul><\/div><\/div><\/p>\n<\/div><\/div><div class='flex_cell av-j3obec-0f37c61ccc1f8e2f02be8ab76e196795 av-gridrow-cell av_one_half no_margin  avia-builder-el-6  el_after_av_cell_one_half  avia-builder-el-last '  ><div class='flex_cell_inner'><p>\n<style type=\"text\/css\" data-created_by=\"avia_inline_auto\" id=\"style-css-av-lbffs9gr-cbb44e631f0d792ef14f0322cd83841e\">\n#top .av-special-heading.av-lbffs9gr-cbb44e631f0d792ef14f0322cd83841e{\npadding-bottom:10px;\n}\nbody .av-special-heading.av-lbffs9gr-cbb44e631f0d792ef14f0322cd83841e .av-special-heading-tag .heading-char{\nfont-size:25px;\n}\n.av-special-heading.av-lbffs9gr-cbb44e631f0d792ef14f0322cd83841e .av-subheading{\nfont-size:15px;\n}\n<\/style>\n<div  class='av-special-heading av-lbffs9gr-cbb44e631f0d792ef14f0322cd83841e av-special-heading-h1  avia-builder-el-7  el_before_av_textblock  avia-builder-el-first '><h1 class='av-special-heading-tag '  itemprop=\"headline\"  >Messutarjous<\/h1><div class=\"special-heading-border\"><div class=\"special-heading-inner-border\"><\/div><\/div><\/div><br \/>\n<section  class='av_textblock_section av-lbfgklqb-bd6ec9f627fe130dce961a68dd4c5581 '   itemscope=\"itemscope\" itemtype=\"https:\/\/schema.org\/CreativeWork\" ><div class='avia_textblock'  itemprop=\"text\" ><p><strong>Wasalinella on aina tarjolla mielenkiintoisia matkoja Merenkurkun yli.\u00a0<\/strong><\/p>\n<p>Tervetuloa modernille ja mukavalle Aurora Botnialle! Matkusta mukavasti laivan rauhallisissa salongeissa, nauti herkullisista annoksista ravintoloissa sek\u00e4 viihteest\u00e4 baarissa ja tee l\u00f6yt\u00f6j\u00e4 hyvin varustellusta myym\u00e4l\u00e4st\u00e4. Yhdensuuntainen matka Merenkurkun yli kest\u00e4\u00e4 vain noin 4 tuntia ja p\u00e4iv\u00e4risteily 8-9 tuntia.<\/p>\n<h2>Suunnittele matkasi<\/h2>\n<p>Kopioi alennuskoodi <strong>MATKA25 <\/strong>talteen ja suunnittele lomasi n\u00e4ist\u00e4 linkeist\u00e4:<\/p>\n<ul>\n<li><a href=\"https:\/\/www.wasaline.com\/fi\/kohteet\/\">Matkakohteet<\/a><\/li>\n<li><a href=\"https:\/\/www.wasaline.com\/fi\/kampanjat\/\">Kampanjat<\/a><\/li>\n<li><a href=\"https:\/\/www.wasaline.com\/fi\/tapahtumat\/\">Tapahtumat laivalla<\/a><\/li>\n<li><a href=\"https:\/\/www.wasaline.com\/fi\/aikataulu\/\">Aikataulu<\/a><\/li>\n<li><a href=\"https:\/\/www.wasaline.com\/fi\/hinnat\/\">Hinnat<\/a><\/li>\n<\/ul>\n<p>Koodi sy\u00f6tet\u00e4\u00e4n varausj\u00e4rjestelm\u00e4ss\u00e4mme kohdassa 6: Matkustajat<\/p>\n<p><em>Huom. Koodi ei ole voimassa 22.6.-9.8.2025. Pahoittelemme puutteellista tietoa messuflyeriss\u00e4.<\/em><\/p>\n<\/div><\/section><br \/>\n<div  class='avia-button-wrap av-ld1bsb7z-ad86ced9d7a80e3148fd8067edf3d89a-wrap avia-button-left  avia-builder-el-9  el_after_av_textblock  avia-builder-el-last '><a href='https:\/\/booking.wasaline.com\/fi\/book\/ticket\/journeySearch\/?clear&amp;bookingFlow=STDONEWAY'  class='avia-button av-ld1bsb7z-ad86ced9d7a80e3148fd8067edf3d89a av-link-btn avia-icon_select-no avia-size-large avia-position-left avia-color-theme-color'   aria-label=\"Varaa matka\"><span class='avia_iconbox_title' >Varaa matka<\/span><\/a><\/div><\/p>\n<\/div><\/div><\/div>\n","protected":false},"excerpt":{"rendered":"","protected":false},"author":4,"featured_media":0,"parent":0,"menu_order":0,"comment_status":"closed","ping_status":"closed","template":"","meta":{"_acf_changed":false,"footnotes":""},"class_list":["post-30708","page","type-page","status-publish","hentry"],"acf":[],"publishpress_future_action":{"enabled":false,"date":"2026-04-28 11:04:31","action":"change-status","newStatus":"draft","terms":[],"taxonomy":"translation_priority","extraData":[]},"publishpress_future_workflow_manual_trigger":{"enabledWorkflows":[]},"_links":{"self":[{"href":"https:\/\/www.wasaline.com\/fi\/wp-json\/wp\/v2\/pages\/30708","targetHints":{"allow":["GET"]}}],"collection":[{"href":"https:\/\/www.wasaline.com\/fi\/wp-json\/wp\/v2\/pages"}],"about":[{"href":"https:\/\/www.wasaline.com\/fi\/wp-json\/wp\/v2\/types\/page"}],"author":[{"embeddable":true,"href":"https:\/\/www.wasaline.com\/fi\/wp-json\/wp\/v2\/users\/4"}],"replies":[{"embeddable":true,"href":"https:\/\/www.wasaline.com\/fi\/wp-json\/wp\/v2\/comments?post=30708"}],"version-history":[{"count":20,"href":"https:\/\/www.wasaline.com\/fi\/wp-json\/wp\/v2\/pages\/30708\/revisions"}],"predecessor-version":[{"id":68521,"href":"https:\/\/www.wasaline.com\/fi\/wp-json\/wp\/v2\/pages\/30708\/revisions\/68521"}],"wp:attachment":[{"href":"https:\/\/www.wasaline.com\/fi\/wp-json\/wp\/v2\/media?parent=30708"}],"curies":[{"name":"wp","href":"https:\/\/api.w.org\/{rel}","templated":true}]}}