{"id":34832,"date":"2023-02-15T13:15:22","date_gmt":"2023-02-15T11:15:22","guid":{"rendered":"https:\/\/www.wasaline.com\/?page_id=34832"},"modified":"2025-05-26T13:09:59","modified_gmt":"2025-05-26T11:09:59","slug":"rahdin-asiakaskysely","status":"publish","type":"page","link":"https:\/\/www.wasaline.com\/fi\/rahdin-asiakaskysely\/","title":{"rendered":"Rahdin asiakastutkimus"},"content":{"rendered":"\n<style type=\"text\/css\" data-created_by=\"avia_inline_auto\" id=\"style-css-av-lee3yqi1-72af461b138b8383ef7a40758976a663\">\n#top .av-special-heading.av-lee3yqi1-72af461b138b8383ef7a40758976a663{\npadding-bottom:10px;\n}\nbody .av-special-heading.av-lee3yqi1-72af461b138b8383ef7a40758976a663 .av-special-heading-tag .heading-char{\nfont-size:25px;\n}\n.av-special-heading.av-lee3yqi1-72af461b138b8383ef7a40758976a663 .av-subheading{\nfont-size:15px;\n}\n<\/style>\n<div  class='av-special-heading av-lee3yqi1-72af461b138b8383ef7a40758976a663 av-special-heading-h1  avia-builder-el-0  el_before_av_textblock  avia-builder-el-first '><h1 class='av-special-heading-tag '  itemprop=\"headline\"  >Rahdin asiakaskysely<\/h1><div class=\"special-heading-border\"><div class=\"special-heading-inner-border\"><\/div><\/div><\/div>\n<section  class='av_textblock_section av-lee3z8c0-fe7645d17cffea178597d6f01fa94cce '   itemscope=\"itemscope\" itemtype=\"https:\/\/schema.org\/CreativeWork\" ><div class='avia_textblock'  itemprop=\"text\" ><p><strong>Hyv\u00e4 rahtiasiakkaamme<\/strong>,<\/p>\n<p>olette eritt\u00e4in t\u00e4rkeit\u00e4 meille! Osallistumalla t\u00e4h\u00e4n lyhyeen kyselyyn autatte meit\u00e4 kehitt\u00e4m\u00e4\u00e4n palveluitamme. Vastaaminen kest\u00e4\u00e4 vain muutamia minuutteja.<\/p>\n<p>Kiitos jo etuk\u00e4teen!<\/p>\n<p>Wasaline Cargo<\/p>\n<\/div><\/section>\n<div  class='avia-buttonrow-wrap av-makuqg8j-cb2a9311acd981f8824dc3c205556745 avia-buttonrow-center  avia-builder-el-2  el_after_av_textblock  el_before_av_hr '>\n\n<style type=\"text\/css\" data-created_by=\"avia_inline_auto\" id=\"style-css-av-14rz40g-3140c16fc1fc161a4a2543b7b38f6ce1\">\n#top #wrap_all .avia-button.av-14rz40g-3140c16fc1fc161a4a2543b7b38f6ce1{\nmargin-bottom:5px;\nmargin-right:3px;\nmargin-left:3px;\n}\n<\/style>\n<a href='https:\/\/www.wasaline.com\/en\/cargo-customer-survey\/'  class='avia-button av-14rz40g-3140c16fc1fc161a4a2543b7b38f6ce1 avia-icon_select-no avia-size-medium avia-color-theme-color'   aria-label=\"Take survey in English\"><span class='avia_iconbox_title' >Take survey in English<\/span><\/a>\n\n<style type=\"text\/css\" data-created_by=\"avia_inline_auto\" id=\"style-css-av-2fwbrk-a9382ee579a1dbb7041f84ad9b6411de\">\n#top #wrap_all .avia-button.av-2fwbrk-a9382ee579a1dbb7041f84ad9b6411de{\nmargin-bottom:5px;\nmargin-right:3px;\nmargin-left:3px;\n}\n<\/style>\n<a href='https:\/\/www.wasaline.com\/cargo-survey\/'  class='avia-button av-2fwbrk-a9382ee579a1dbb7041f84ad9b6411de avia-icon_select-no avia-size-medium avia-color-theme-color'   aria-label=\"Svara p\u00e5 svenska\"><span class='avia_iconbox_title' >Svara p\u00e5 svenska<\/span><\/a>\n<\/div>\n\n<style type=\"text\/css\" data-created_by=\"avia_inline_auto\" id=\"style-css-av-lee4yey8-abc5c4d791713e7255361bbbc0a798e5\">\n#top .hr.hr-invisible.av-lee4yey8-abc5c4d791713e7255361bbbc0a798e5{\nheight:16px;\n}\n<\/style>\n<div  class='hr av-lee4yey8-abc5c4d791713e7255361bbbc0a798e5 hr-invisible  avia-builder-el-3  el_after_av_buttonrow  el_before_av_textblock '><span class='hr-inner '><span class=\"hr-inner-style\"><\/span><\/span><\/div>\n<section  class='av_textblock_section av-lee3zvd4-f0835d21209c28308dd22be4c97c20d9 '   itemscope=\"itemscope\" itemtype=\"https:\/\/schema.org\/CreativeWork\" ><div class='avia_textblock'  itemprop=\"text\" ><p>Kysely on sulkeutunut.<\/p>\n<\/div><\/section>\n\n<div  class='hr av-ia10nk-584c6c73702b7be85bd03224798e159a hr-default  avia-builder-el-6  el_after_av_codeblock  avia-builder-el-last '><span class='hr-inner '><span class=\"hr-inner-style\"><\/span><\/span><\/div>\n","protected":false},"excerpt":{"rendered":"","protected":false},"author":4,"featured_media":0,"parent":0,"menu_order":0,"comment_status":"closed","ping_status":"closed","template":"","meta":{"_acf_changed":false,"footnotes":""},"class_list":["post-34832","page","type-page","status-publish","hentry"],"acf":[],"publishpress_future_action":{"enabled":false,"date":"2026-04-11 02:04:02","action":"change-status","newStatus":"draft","terms":[],"taxonomy":"translation_priority","extraData":[]},"publishpress_future_workflow_manual_trigger":{"enabledWorkflows":[]},"_links":{"self":[{"href":"https:\/\/www.wasaline.com\/fi\/wp-json\/wp\/v2\/pages\/34832","targetHints":{"allow":["GET"]}}],"collection":[{"href":"https:\/\/www.wasaline.com\/fi\/wp-json\/wp\/v2\/pages"}],"about":[{"href":"https:\/\/www.wasaline.com\/fi\/wp-json\/wp\/v2\/types\/page"}],"author":[{"embeddable":true,"href":"https:\/\/www.wasaline.com\/fi\/wp-json\/wp\/v2\/users\/4"}],"replies":[{"embeddable":true,"href":"https:\/\/www.wasaline.com\/fi\/wp-json\/wp\/v2\/comments?post=34832"}],"version-history":[{"count":19,"href":"https:\/\/www.wasaline.com\/fi\/wp-json\/wp\/v2\/pages\/34832\/revisions"}],"predecessor-version":[{"id":74744,"href":"https:\/\/www.wasaline.com\/fi\/wp-json\/wp\/v2\/pages\/34832\/revisions\/74744"}],"wp:attachment":[{"href":"https:\/\/www.wasaline.com\/fi\/wp-json\/wp\/v2\/media?parent=34832"}],"curies":[{"name":"wp","href":"https:\/\/api.w.org\/{rel}","templated":true}]}}