{"id":36591,"date":"2023-04-14T08:08:13","date_gmt":"2023-04-14T06:08:13","guid":{"rendered":"https:\/\/www.wasaline.com\/?page_id=36591"},"modified":"2025-08-19T11:41:38","modified_gmt":"2025-08-19T09:41:38","slug":"juhlat-laivalla","status":"publish","type":"page","link":"https:\/\/www.wasaline.com\/fi\/ryhmat-ja-konferenssi\/juhlat-laivalla\/","title":{"rendered":"Juhlat laivalla"},"content":{"rendered":"<div id='full_slider_1'  class='avia-fullwidth-slider main_color avia-shadow   avia-builder-el-0  el_before_av_heading  avia-builder-el-first   container_wrap fullsize'  ><div  class='avia-slideshow av-meictlcz-19218a9f3cee1ec39650954f585ec138 avia-slideshow-featured_large av_slideshow_full avia-slide-slider av-slideshow-ui av-control-hidden av-no-slider-navigation av-hide-nav-arrows av-slideshow-manual av-loop-once av-loop-manual-endless av-default-height-applied   avia-slideshow-1' data-slideshow-options=\"{&quot;animation&quot;:&quot;slide&quot;,&quot;autoplay&quot;:false,&quot;loop_autoplay&quot;:&quot;once&quot;,&quot;interval&quot;:5,&quot;loop_manual&quot;:&quot;manual-endless&quot;,&quot;autoplay_stopper&quot;:false,&quot;noNavigation&quot;:true,&quot;bg_slider&quot;:false,&quot;keep_padding&quot;:false,&quot;hoverpause&quot;:false,&quot;show_slide_delay&quot;:0}\"  itemprop=\"image\" itemscope=\"itemscope\" itemtype=\"https:\/\/schema.org\/ImageObject\" ><ul class='avia-slideshow-inner ' style='padding-bottom: 42%;'><li  class='avia-slideshow-slide av-meictlcz-19218a9f3cee1ec39650954f585ec138__0  av-single-slide slide-1 slide-odd'><div data-rel='slideshow-1' class='avia-slide-wrap '   ><img decoding=\"async\" fetchpriority=\"high\" class=\"wp-image-76900 avia-img-lazy-loading-not-76900\"  src=\"https:\/\/www.wasaline.com\/wp-content\/uploads\/2025\/08\/private-parties-at-wasaline.jpg\" width=\"1500\" height=\"630\" title='private-parties-at-wasaline' alt='Private parties at Aurora Botnia'  itemprop=\"thumbnailUrl\" srcset=\"https:\/\/www.wasaline.com\/wp-content\/uploads\/2025\/08\/private-parties-at-wasaline.jpg 1500w, https:\/\/www.wasaline.com\/wp-content\/uploads\/2025\/08\/private-parties-at-wasaline-300x126.jpg 300w, https:\/\/www.wasaline.com\/wp-content\/uploads\/2025\/08\/private-parties-at-wasaline-1030x433.jpg 1030w, https:\/\/www.wasaline.com\/wp-content\/uploads\/2025\/08\/private-parties-at-wasaline-768x323.jpg 768w, https:\/\/www.wasaline.com\/wp-content\/uploads\/2025\/08\/private-parties-at-wasaline-705x296.jpg 705w\" sizes=\"(max-width: 1500px) 100vw, 1500px\" \/><\/div><\/li><\/ul><\/div><\/div><div id='after_full_slider_1'  class='main_color av_default_container_wrap container_wrap fullsize'  ><div class='container av-section-cont-open' ><div class='template-page content  av-content-full alpha units'><div class='post-entry post-entry-type-page post-entry-36591'><div class='entry-content-wrapper clearfix'>\n\n<style type=\"text\/css\" data-created_by=\"avia_inline_auto\" id=\"style-css-av-lgg4mo08-523facdd1077f55b35b4455f4dba5781\">\n#top .av-special-heading.av-lgg4mo08-523facdd1077f55b35b4455f4dba5781{\npadding-bottom:10px;\n}\nbody .av-special-heading.av-lgg4mo08-523facdd1077f55b35b4455f4dba5781 .av-special-heading-tag .heading-char{\nfont-size:25px;\n}\n.av-special-heading.av-lgg4mo08-523facdd1077f55b35b4455f4dba5781 .av-subheading{\nfont-size:15px;\n}\n<\/style>\n<div  class='av-special-heading av-lgg4mo08-523facdd1077f55b35b4455f4dba5781 av-special-heading-h1 blockquote modern-quote  avia-builder-el-1  el_after_av_slideshow_full  el_before_av_hr  avia-builder-el-first '><h1 class='av-special-heading-tag '  itemprop=\"headline\"  >Juhlat laivalla<\/h1><div class='av-subheading av-subheading_below'><p>Ikimuistoiset juhlat laineilla parhaiden yst\u00e4vien tai perheen kanssa.<\/p>\n<\/div><div class=\"special-heading-border\"><div class=\"special-heading-inner-border\"><\/div><\/div><\/div>\n\n<style type=\"text\/css\" data-created_by=\"avia_inline_auto\" id=\"style-css-av-lgg52918-797160dbdf2e1fe8527d1541c8eaf81c\">\n#top .hr.hr-invisible.av-lgg52918-797160dbdf2e1fe8527d1541c8eaf81c{\nheight:50px;\n}\n<\/style>\n<div  class='hr av-lgg52918-797160dbdf2e1fe8527d1541c8eaf81c hr-invisible  avia-builder-el-2  el_after_av_heading  el_before_av_textblock '><span class='hr-inner '><span class=\"hr-inner-style\"><\/span><\/span><\/div>\n<section  class='av_textblock_section av-lgkoy4qx-85cc8098bb5b0ad30788f86fd5a16ce4 '   itemscope=\"itemscope\" itemtype=\"https:\/\/schema.org\/CreativeWork\" ><div class='avia_textblock'  itemprop=\"text\" ><p>Kun etsit vuokrattavaa juhlatilaa Vaasan seudulta, k\u00e4\u00e4nn\u00e4 katseesi merelle! Aurora Botnialla on kaikki mit\u00e4 tarvitset: tyylik\u00e4s juhlatila, monipuoliset ravintolapalvelut ja merin\u00e4k\u00f6ala kaupan p\u00e4\u00e4lle.<\/p>\n<p>8 tunnin p\u00e4iv\u00e4risteily Vaasasta Uumajaan on kestoltaan t\u00e4ydellinen:<\/p>\n<ul>\n<li>syntym\u00e4- ja h\u00e4\u00e4p\u00e4iville<\/li>\n<li>valmistujaisille<\/li>\n<li>polttareille<\/li>\n<li>l\u00e4ksi\u00e4isille<\/li>\n<\/ul>\n<p>ja muille yst\u00e4vien kesken vietett\u00e4ville yksityistilaisuuksille. Juhlien erilaiset tilat ja tunnelmat ovat parin askeleen p\u00e4\u00e4ss\u00e4 toisistaan &#8211; eik\u00e4 kukaan livist\u00e4 kotiin juuri silloin, kun ilo on ylimmill\u00e4\u00e4n!<\/p>\n<p>Juhlan luonteesta riippuen voitte valita, haluatteko <a href=\"https:\/\/www.wasaline.com\/fi\/ryhmat-ja-konferenssi\/kokoustilat\/\">kokoustilan<\/a> seurueenne k\u00e4ytt\u00f6\u00f6n vai viet\u00e4ttek\u00f6 mieluummin aikaa laivan julkisissa tiloissa. Tarvittaessa tila koristellaan valmiiksi. Liikuteltavien v\u00e4liseinien ansiosta viihtyis\u00e4t tilat j\u00e4rjestyv\u00e4t my\u00f6s suuremmille ryhmille. Kokousosastolla on oma baari ja henkil\u00f6kunta palveluksessanne koko matkan ajan.<\/p>\n<p>Herkullinen ruoka on iso osa Aurora Botnialla matkustamista. Valitse herkkuja notkuva <a href=\"https:\/\/www.wasaline.com\/fi\/ruoka-ja-juoma\/saaristolaispoyta\/\">Saaristolaisp\u00f6yt\u00e4<\/a> tai kauden hienoimpia makuja intiimiss\u00e4 ymp\u00e4rist\u00f6ss\u00e4 tarjoileva <a href=\"https:\/\/www.wasaline.com\/fi\/ruoka-ja-juoma\/bistro-botnia\/\">Bistro Botnia<\/a>. Maistuvat juomat tarjoillaan baarissa, jossa on <a href=\"https:\/\/www.wasaline.com\/fi\/tapahtumat\/\">el\u00e4v\u00e4\u00e4 musiikkia useina p\u00e4ivin\u00e4 viikossa<\/a>.<\/p>\n<p>Juhlap\u00e4iv\u00e4 laivalla onnistuu ilman laivasta poistumista. Teemme p\u00e4ivitt\u00e4in 2-4 matkaa Merenkurkun yli, joten <a href=\"https:\/\/www.wasaline.com\/fi\/aikataulu\/\">aikataulustamme<\/a> l\u00f6ytyy varmasti sopiva ajankohta.<\/p>\n<p>Aurora Botnialla matkasi ymp\u00e4rist\u00f6n\u00e4k\u00f6kohdat on otettu huomioon. T\u00e4st\u00e4 linkist\u00e4 voit tutustua <a href=\"https:\/\/www.wasaline.com\/fi\/meista\/\">vastuullisuuspolitiikkaamme<\/a>.<\/p>\n<\/div><\/section>\n\n<style type=\"text\/css\" data-created_by=\"avia_inline_auto\" id=\"style-css-av-lgkoyiwz-52c8b8cb7947bb563fab59ab6a0e1ea6\">\n#top .av-special-heading.av-lgkoyiwz-52c8b8cb7947bb563fab59ab6a0e1ea6{\npadding-bottom:10px;\n}\nbody .av-special-heading.av-lgkoyiwz-52c8b8cb7947bb563fab59ab6a0e1ea6 .av-special-heading-tag .heading-char{\nfont-size:25px;\n}\n.av-special-heading.av-lgkoyiwz-52c8b8cb7947bb563fab59ab6a0e1ea6 .av-subheading{\nfont-size:15px;\n}\n<\/style>\n<div  class='av-special-heading av-lgkoyiwz-52c8b8cb7947bb563fab59ab6a0e1ea6 av-special-heading-h2  avia-builder-el-4  el_after_av_textblock  el_before_av_hr '><h2 class='av-special-heading-tag '  itemprop=\"headline\"  >Esimerkkipaketit<\/h2><div class=\"special-heading-border\"><div class=\"special-heading-inner-border\"><\/div><\/div><\/div>\n\n<style type=\"text\/css\" data-created_by=\"avia_inline_auto\" id=\"style-css-av-ik7kgf-73f8c161de36c18968c1f05b36e8f97f\">\n#top .hr.hr-invisible.av-ik7kgf-73f8c161de36c18968c1f05b36e8f97f{\nheight:50px;\n}\n<\/style>\n<div  class='hr av-ik7kgf-73f8c161de36c18968c1f05b36e8f97f hr-invisible  avia-builder-el-5  el_after_av_heading  el_before_av_two_third '><span class='hr-inner '><span class=\"hr-inner-style\"><\/span><\/span><\/div>\n<div  class='flex_column av-4kcsgy7-5b13e6b5e952ff8ba0f546cbe94b3404 av_two_third  avia-builder-el-6  el_after_av_hr  el_before_av_one_third  first flex_column_div  '     ><article  class='iconbox iconbox_left_content av-lgg4usdg-c66489074f61ecdc9bad5a0f907a75f6  avia-builder-el-7  avia-builder-el-no-sibling '  itemscope=\"itemscope\" itemtype=\"https:\/\/schema.org\/CreativeWork\" ><div class='iconbox_icon heading-color avia-iconfont avia-font-entypo-fontello' data-av_icon='\ue808' data-av_iconfont='entypo-fontello'  ><\/div><div class=\"iconbox_content\"><header class=\"entry-content-header\" aria-label=\"Icon: Hiukan paremmat juhlat\"><h3 class='iconbox_content_title '  itemprop=\"headline\" >Hiukan paremmat juhlat<\/h3><\/header><div class='iconbox_content_container '  itemprop=\"text\" ><p>v\u00e4hint\u00e4\u00e4n 10 hengen ryhmille<\/p>\n<p>Paketti sis\u00e4lt\u00e4\u00e4:<\/p>\n<ul>\n<li>P\u00e4iv\u00e4risteily<\/li>\n<li>Saaristolaisp\u00f6yt\u00e4 All inclusive -juomapaketilla<\/li>\n<li>Juhladrinkki baarissa koko seurueelle (my\u00f6s alkoholiton vaihtoehto)<\/li>\n<\/ul>\n<p><strong>Alk. 93,5\u20ac\/hl\u00f6<\/strong><\/p>\n<p>Hinta sis\u00e4lt\u00e4\u00e4 1 aikuisen ymp\u00e4rist\u00f6maksun. <a href=\"https:\/\/www.wasaline.com\/fi\/ymparistomaksu\/\">Lue lis\u00e4\u00e4 \u2192<\/a><\/p>\n<\/div><\/div><footer class=\"entry-footer\"><\/footer><\/article><\/div>\n<div  class='flex_column av-3u1wogf-6c1cfca52c78bdcfe29ff3ce9d6aeba2 av_one_third  avia-builder-el-8  el_after_av_two_third  el_before_av_two_third  flex_column_div  '     ><div  class='avia-button-wrap av-lgg50l1b-9ce360fdfaad93b5af878fbb078f2851-wrap avia-button-left  avia-builder-el-9  avia-builder-el-no-sibling '><a href='https:\/\/www.wasaline.com\/fi\/ryhmat-ja-konferenssi\/yhteystiedot\/'  class='avia-button av-lgg50l1b-9ce360fdfaad93b5af878fbb078f2851 av-link-btn avia-icon_select-no avia-size-large avia-position-left avia-color-theme-color'   aria-label=\"Pyyd\u00e4 lis\u00e4tietoja\"><span class='avia_iconbox_title' >Pyyd\u00e4 lis\u00e4tietoja<\/span><\/a><\/div><\/div>\n<div  class='flex_column av-39wmfbj-97b096b65ce84758d66b2ea943f972a5 av_two_third  avia-builder-el-10  el_after_av_one_third  el_before_av_one_third  first flex_column_div  column-top-margin'     ><article  class='iconbox iconbox_left_content av-lgg4wpqg-d4b17e5dfcf6b3f152840fc431213dc3  avia-builder-el-11  avia-builder-el-no-sibling '  itemscope=\"itemscope\" itemtype=\"https:\/\/schema.org\/CreativeWork\" ><div class='iconbox_icon heading-color avia-iconfont avia-font-entypo-fontello' data-av_icon='\ue801' data-av_iconfont='entypo-fontello'  ><\/div><div class=\"iconbox_content\"><header class=\"entry-content-header\" aria-label=\"Icon: Hiukan paremmat syntt\u00e4rit\"><h3 class='iconbox_content_title '  itemprop=\"headline\" >Hiukan paremmat syntt\u00e4rit<\/h3><\/header><div class='iconbox_content_container '  itemprop=\"text\" ><p>v\u00e4hint\u00e4\u00e4n 10 hengen ryhmille<\/p>\n<p>Paketti sis\u00e4lt\u00e4\u00e4:<\/p>\n<ul>\n<li>P\u00e4iv\u00e4risteily<\/li>\n<li>Kokoustilan k\u00e4ytt\u00f6 meno- ja paluumatkalla<\/li>\n<li>Kokoustilan koristelu<\/li>\n<li>Syntt\u00e4rikakku<\/li>\n<\/ul>\n<p><strong>Alk. 70\u20ac\/hl\u00f6<\/strong><\/p>\n<p>Hinta sis\u00e4lt\u00e4\u00e4 1 aikuisen ymp\u00e4rist\u00f6maksun. <a href=\"https:\/\/www.wasaline.com\/fi\/ymparistomaksu\/\">Lue lis\u00e4\u00e4 \u2192<\/a><\/p>\n<\/div><\/div><footer class=\"entry-footer\"><\/footer><\/article><\/div>\n<div  class='flex_column av-2ws4tn3-5ce5ab431c0ecd045ccf0441d7d9fdf3 av_one_third  avia-builder-el-12  el_after_av_two_third  el_before_av_two_third  flex_column_div  column-top-margin'     ><div  class='avia-button-wrap av-2eeqdpr-9660b0c18fa31e9b9031750543087632-wrap avia-button-left  avia-builder-el-13  avia-builder-el-no-sibling '><a href='https:\/\/www.wasaline.com\/fi\/ryhmat-ja-konferenssi\/yhteystiedot\/'  class='avia-button av-2eeqdpr-9660b0c18fa31e9b9031750543087632 av-link-btn avia-icon_select-no avia-size-large avia-position-left avia-color-theme-color'   aria-label=\"Pyyd\u00e4 lis\u00e4tietoja\"><span class='avia_iconbox_title' >Pyyd\u00e4 lis\u00e4tietoja<\/span><\/a><\/div><\/div>\n<div  class='flex_column av-24vfub3-3a1d670497b4a2004d471b1a31b0649e av_two_third  avia-builder-el-14  el_after_av_one_third  el_before_av_one_third  first flex_column_div  column-top-margin'     ><article  class='iconbox iconbox_left_content av-lgg4yay8-47aa9acee86e00e3b23315879b3447f7  avia-builder-el-15  avia-builder-el-no-sibling '  itemscope=\"itemscope\" itemtype=\"https:\/\/schema.org\/CreativeWork\" ><div class='iconbox_icon heading-color avia-iconfont avia-font-entypo-fontello' data-av_icon='\ue8a8' data-av_iconfont='entypo-fontello'  ><\/div><div class=\"iconbox_content\"><header class=\"entry-content-header\" aria-label=\"Icon: Syntt\u00e4rit deluxe\"><h3 class='iconbox_content_title '  itemprop=\"headline\" >Syntt\u00e4rit deluxe<\/h3><\/header><div class='iconbox_content_container '  itemprop=\"text\" ><p>v\u00e4hint\u00e4\u00e4n 10 hengen ryhmille<\/p>\n<p>Paketti sis\u00e4lt\u00e4\u00e4:<\/p>\n<ul>\n<li>P\u00e4iv\u00e4risteily<\/li>\n<li>Kokoustilan k\u00e4ytt\u00f6 meno- ja paluumatkalla<\/li>\n<li>Kokoustilan koristelu<\/li>\n<li>Syntt\u00e4rikakku<\/li>\n<li>2 ruokalajin menu bistrossa<\/li>\n<\/ul>\n<p><strong>Alk. 97 \u20ac\/hl\u00f6<\/strong><\/p>\n<p>Hinta sis\u00e4lt\u00e4\u00e4 1 aikuisen ymp\u00e4rist\u00f6maksun. <a href=\"https:\/\/www.wasaline.com\/fi\/ymparistomaksu\/\">Lue lis\u00e4\u00e4 \u2192<\/a><\/p>\n<\/div><\/div><footer class=\"entry-footer\"><\/footer><\/article><\/div>\n<div  class='flex_column av-1rzpb7z-2246f2956bef7bfd6789552bb558a19f av_one_third  avia-builder-el-16  el_after_av_two_third  el_before_av_hr  flex_column_div  column-top-margin'     ><div  class='avia-button-wrap av-zffkbz-88ce334f5d4db2432eba9e36912d43ef-wrap avia-button-left  avia-builder-el-17  avia-builder-el-no-sibling '><a href='https:\/\/www.wasaline.com\/fi\/ryhmat-ja-konferenssi\/yhteystiedot\/'  class='avia-button av-zffkbz-88ce334f5d4db2432eba9e36912d43ef av-link-btn avia-icon_select-no avia-size-large avia-position-left avia-color-theme-color'   aria-label=\"Pyyd\u00e4 lis\u00e4tietoja\"><span class='avia_iconbox_title' >Pyyd\u00e4 lis\u00e4tietoja<\/span><\/a><\/div><\/div>\n\n<style type=\"text\/css\" data-created_by=\"avia_inline_auto\" id=\"style-css-av-qstq1b-3df02cfeeb1da860d37a3b08d2ca9ecf\">\n#top .hr.hr-invisible.av-qstq1b-3df02cfeeb1da860d37a3b08d2ca9ecf{\nheight:50px;\n}\n<\/style>\n<div  class='hr av-qstq1b-3df02cfeeb1da860d37a3b08d2ca9ecf hr-invisible  avia-builder-el-18  el_after_av_one_third  el_before_av_heading '><span class='hr-inner '><span class=\"hr-inner-style\"><\/span><\/span><\/div>\n\n<style type=\"text\/css\" data-created_by=\"avia_inline_auto\" id=\"style-css-av-lgg55mgg-fb77df22861f5e8c7992986b5136901b\">\n#top .av-special-heading.av-lgg55mgg-fb77df22861f5e8c7992986b5136901b{\npadding-bottom:10px;\n}\nbody .av-special-heading.av-lgg55mgg-fb77df22861f5e8c7992986b5136901b .av-special-heading-tag .heading-char{\nfont-size:25px;\n}\n.av-special-heading.av-lgg55mgg-fb77df22861f5e8c7992986b5136901b .av-subheading{\nfont-size:15px;\n}\n<\/style>\n<div  class='av-special-heading av-lgg55mgg-fb77df22861f5e8c7992986b5136901b av-special-heading-h2 blockquote modern-quote  avia-builder-el-19  el_after_av_hr  el_before_av_textblock '><h2 class='av-special-heading-tag '  itemprop=\"headline\"  >Suunnitteluapua juhlien j\u00e4rjest\u00e4miseen<\/h2><div class=\"special-heading-border\"><div class=\"special-heading-inner-border\"><\/div><\/div><\/div>\n<section  class='av_textblock_section av-lgg54np3-61691faad91b1e638e23d419115336a4 '   itemscope=\"itemscope\" itemtype=\"https:\/\/schema.org\/CreativeWork\" ><div class='avia_textblock'  itemprop=\"text\" ><p>Mik\u00e4li haluat j\u00e4rjest\u00e4\u00e4 juhlat laivalla, mutta et l\u00f6yt\u00e4nyt sopivaa n\u00e4ist\u00e4 vaihtoehdoista, <a href=\"https:\/\/www.wasaline.com\/fi\/ryhmat-ja-konferenssi\/yhteystiedot\/\">otathan yhteytt\u00e4 ryhm\u00e4myyntiimme<\/a>. Suunnitellaan yhdess\u00e4 juuri teid\u00e4n tilaisuuteenne sopiva juhlapaketti.<\/p>\n<link rel='stylesheet' id='formidable-css' href='https:\/\/www.wasaline.com\/wp-content\/plugins\/formidable\/css\/formidableforms.css?ver=3112242' type='text\/css' media='all' \/>\n<div class=\"frm_forms  with_frm_style frm_style_formidables-stilmall\" id=\"frm_form_35_container\" data-token=\"2e0ebd3f7d7f9bba8d2fce68cf943a76\">\n<form enctype=\"multipart\/form-data\" method=\"post\" class=\"frm-show-form  frm_pro_form  frm_logic_form \" id=\"form_konferens-kort-offertforfragan\" data-token=\"2e0ebd3f7d7f9bba8d2fce68cf943a76\">\n<div class=\"frm_form_fields \">\n<fieldset>\n<legend class=\"frm_screen_reader\">Konferens kort offertf\u00f6rfr\u00e5gan<\/legend>\r\n\r\n<div class=\"frm_fields_container\">\n<input type=\"hidden\" name=\"frm_action\" value=\"create\" \/>\n<input type=\"hidden\" name=\"form_id\" value=\"35\" \/>\n<input type=\"hidden\" name=\"frm_hide_fields_35\" id=\"frm_hide_fields_35\" value=\"\" \/>\n<input type=\"hidden\" name=\"form_key\" value=\"konferens-kort-offertforfragan\" \/>\n<input type=\"hidden\" name=\"item_meta[0]\" value=\"\" \/>\n<input type=\"hidden\" id=\"frm_submit_entry_35\" name=\"frm_submit_entry_35\" value=\"6ad24246cd\" \/><input type=\"hidden\" name=\"_wp_http_referer\" value=\"\/fi\/wp-json\/wp\/v2\/pages\/36591\" \/><div id=\"frm_field_860_container\" class=\"frm_form_field form-field  frm_required_field frm_top_container\">\r\n\t<label for=\"field_cb52e\" id=\"field_cb52e_label\" class=\"frm_primary_label\">Nimi\r\n\t\t<span class=\"frm_required\" aria-hidden=\"true\">*<\/span>\r\n\t<\/label>\r\n\t<input  type=\"text\" id=\"field_cb52e\" name=\"item_meta[860]\" value=\"\"  data-reqmsg=\"Pakollinen kentt\u00e4\" aria-required=\"true\" data-invmsg=\"Nimi on v\u00e4\u00e4r\u00e4ss\u00e4 muodossa\" aria-invalid=\"false\"   \/>\r\n\t\r\n\t\r\n<\/div>\n<div id=\"frm_field_862_container\" class=\"frm_form_field form-field  frm_required_field frm_top_container\">\r\n\t<label for=\"field_tdnvd\" id=\"field_tdnvd_label\" class=\"frm_primary_label\">S\u00e4hk\u00f6postiosoite\r\n\t\t<span class=\"frm_required\" aria-hidden=\"true\">*<\/span>\r\n\t<\/label>\r\n\t<input type=\"email\" id=\"field_tdnvd\" name=\"item_meta[862]\" value=\"\"  autocomplete=\"email\"  data-reqmsg=\"Pakollinen kentt\u00e4\" aria-required=\"true\" data-invmsg=\"S\u00e4hk\u00f6postiosoite on v\u00e4\u00e4r\u00e4ss\u00e4 muodossa\" aria-invalid=\"false\"  \/>\r\n\t\r\n\t\r\n<\/div>\n<div id=\"frm_field_865_container\" class=\"frm_form_field form-field  frm_required_field frm_top_container\">\r\n\t<label for=\"field_rwanx\" id=\"field_rwanx_label\" class=\"frm_primary_label\">Puhelinnumero\r\n\t\t<span class=\"frm_required\" aria-hidden=\"true\">*<\/span>\r\n\t<\/label>\r\n\t<input type=\"tel\" id=\"field_rwanx\" name=\"item_meta[865]\" value=\"\"  style=\"width:255px\" data-reqmsg=\"Pakollinen kentt\u00e4\" aria-required=\"true\" data-invmsg=\"Puhelinnumero on v\u00e4\u00e4r\u00e4ss\u00e4 muodossa\" class=\"auto_width\" aria-invalid=\"false\" pattern=\"((\\+\\d{1,3}(-|.| )?\\(?\\d\\)?(-| |.)?\\d{1,5})|(\\(?\\d{2,6}\\)?))(-|.| )?(\\d{3,4})(-|.| )?(\\d{4})(( x| ext)\\d{1,5}){0,1}$\"  \/>\r\n\t\r\n\t\r\n<\/div>\n<div id=\"frm_field_861_container\" class=\"frm_form_field form-field  frm_required_field frm_top_container\">\r\n\t<label for=\"field_h8g6n\" id=\"field_h8g6n_label\" class=\"frm_primary_label\">Edustamani yritys, organisaatio tai ryhm\u00e4\r\n\t\t<span class=\"frm_required\" aria-hidden=\"true\">*<\/span>\r\n\t<\/label>\r\n\t<input  type=\"text\" id=\"field_h8g6n\" name=\"item_meta[861]\" value=\"\"  data-reqmsg=\"Pakollinen kentt\u00e4\" aria-required=\"true\" data-invmsg=\"Edustamani yritys, organisaatio tai ryhm\u00e4 on v\u00e4\u00e4r\u00e4ss\u00e4 muodossa\" aria-invalid=\"false\"   \/>\r\n\t\r\n\t\r\n<\/div>\n<div id=\"frm_field_864_container\" class=\"frm_form_field form-field  frm_top_container\">\r\n\t<label for=\"field_tdjlc\" id=\"field_tdjlc_label\" class=\"frm_primary_label\">Haluan lis\u00e4tietoja:\r\n\t\t<span class=\"frm_required\" aria-hidden=\"true\"><\/span>\r\n\t<\/label>\r\n\t<textarea name=\"item_meta[864]\" id=\"field_tdjlc\" rows=\"5\"  data-invmsg=\"Haluan lis\u00e4tietoja: on v\u00e4\u00e4r\u00e4ss\u00e4 muodossa\" aria-invalid=\"false\"  ><\/textarea>\r\n\t\r\n\t\r\n<\/div>\n<div id=\"frm_field_866_container\" class=\"frm_form_field form-field  frm_required_field frm_top_container vertical_radio\">\r\n\t<div  id=\"field_1ldku_label\" class=\"frm_primary_label\">Tietosuoja:\r\n\t\t<span class=\"frm_required\" aria-hidden=\"true\">*<\/span>\r\n\t<\/div>\r\n\t<div class=\"frm_opt_container\" aria-labelledby=\"field_1ldku_label\" role=\"group\">\t\t<div class=\"frm_checkbox\" id=\"frm_checkbox_866-0\">\t\t\t<label  for=\"field_1ldku-0\">\n\t\t\t<input type=\"checkbox\" name=\"item_meta[866][]\" id=\"field_1ldku-0\" value=\"Val 1\"  data-reqmsg=\"Pakollinen kentt\u00e4\" data-invmsg=\"Tietosuoja: is invalid\"   aria-required=\"true\"  \/> Jag f\u00f6rst\u00e5r att Wasaline sparar mina uppgifter f\u00f6r att kunna fullf\u00f6lja tj\u00e4nsten<\/label><\/div>\n<\/div>\r\n\t\r\n\t\r\n<\/div>\n<div id=\"frm_field_868_container\" class=\"frm_form_field form-field  frm_none_container\">\r\n\t<label for=\"g-recaptcha-response\" id=\"field_z6ece_label\" class=\"frm_primary_label\">reCAPTCHA bottitarkistus\r\n\t\t<span class=\"frm_required\" aria-hidden=\"true\"><\/span>\r\n\t<\/label>\r\n\t<div  id=\"field_z6ece\" class=\"frm-g-recaptcha\" data-sitekey=\"6LfGteYnAAAAAAZGNMNTf-ueadyaywoM7PeuaOJU\" data-size=\"invisible\" data-theme=\"light\"><\/div>\r\n\t\r\n\t\r\n<\/div>\n<input type=\"hidden\" name=\"item_meta[867]\" id=\"field_9ulsy\" value=\"214\"  data-frmval=\"214\"   \/>\n<div id=\"frm_field_858_container\" class=\"frm_form_field form-field \">\r\n\t<div class=\"frm_submit frm_flex\">\r\n<button class=\"frm_button_submit frm_final_submit\" type=\"submit\"   formnovalidate=\"formnovalidate\">L\u00e4het\u00e4<\/button>\r\n\r\n\r\n\r\n<\/div>\r\n<\/div>\n\t<input type=\"hidden\" name=\"item_key\" value=\"\" \/>\n\t\t\t<div id=\"frm_field_1043_container\">\n\t\t\t<label for=\"field_r0gj7\" >\n\t\t\t\tIf you are human, leave this field blank.\t\t\t<\/label>\n\t\t\t<input  id=\"field_r0gj7\" type=\"text\" class=\"frm_form_field form-field frm_verify\" name=\"item_meta[1043]\" value=\"\"  \/>\n\t\t<\/div>\n\t\t<input name=\"frm_state\" type=\"hidden\" value=\"7\/eKXepN77vNnWZl37OhrA+DVgU5pS1dQ7JW4c9TZ2W5Ghm5G5Erm5CrCbtpjCXw\" \/><\/div>\n<\/fieldset>\n<\/div>\n\n<\/form>\n<\/div>\n\n<\/div><\/section>\n","protected":false},"excerpt":{"rendered":"","protected":false},"author":4,"featured_media":36600,"parent":340,"menu_order":41,"comment_status":"closed","ping_status":"closed","template":"","meta":{"_acf_changed":false,"footnotes":""},"class_list":["post-36591","page","type-page","status-publish","has-post-thumbnail","hentry"],"acf":[],"publishpress_future_action":{"enabled":false,"date":"2026-04-22 02:42:26","action":"change-status","newStatus":"draft","terms":[],"taxonomy":"translation_priority","extraData":[]},"publishpress_future_workflow_manual_trigger":{"enabledWorkflows":[]},"_links":{"self":[{"href":"https:\/\/www.wasaline.com\/fi\/wp-json\/wp\/v2\/pages\/36591","targetHints":{"allow":["GET"]}}],"collection":[{"href":"https:\/\/www.wasaline.com\/fi\/wp-json\/wp\/v2\/pages"}],"about":[{"href":"https:\/\/www.wasaline.com\/fi\/wp-json\/wp\/v2\/types\/page"}],"author":[{"embeddable":true,"href":"https:\/\/www.wasaline.com\/fi\/wp-json\/wp\/v2\/users\/4"}],"replies":[{"embeddable":true,"href":"https:\/\/www.wasaline.com\/fi\/wp-json\/wp\/v2\/comments?post=36591"}],"version-history":[{"count":17,"href":"https:\/\/www.wasaline.com\/fi\/wp-json\/wp\/v2\/pages\/36591\/revisions"}],"predecessor-version":[{"id":76903,"href":"https:\/\/www.wasaline.com\/fi\/wp-json\/wp\/v2\/pages\/36591\/revisions\/76903"}],"up":[{"embeddable":true,"href":"https:\/\/www.wasaline.com\/fi\/wp-json\/wp\/v2\/pages\/340"}],"wp:featuredmedia":[{"embeddable":true,"href":"https:\/\/www.wasaline.com\/fi\/wp-json\/wp\/v2\/media\/36600"}],"wp:attachment":[{"href":"https:\/\/www.wasaline.com\/fi\/wp-json\/wp\/v2\/media?parent=36591"}],"curies":[{"name":"wp","href":"https:\/\/api.w.org\/{rel}","templated":true}]}}