{"id":38114,"date":"2023-04-25T21:11:57","date_gmt":"2023-04-25T19:11:57","guid":{"rendered":"https:\/\/www.wasaline.com\/?page_id=38114"},"modified":"2024-04-30T08:41:39","modified_gmt":"2024-04-30T06:41:39","slug":"mukavuudet","status":"publish","type":"page","link":"https:\/\/www.wasaline.com\/fi\/mukavuudet\/","title":{"rendered":"Mukavuudet"},"content":{"rendered":"\n<div  class='hr av-av_hr-f04ef840c2b66cff6c43fead44ee8d66 hr-default  avia-builder-el-1  el_after_av_codeblock  el_before_av_heading '><span class='hr-inner '><span class=\"hr-inner-style\"><\/span><\/span><\/div>\n\n<style type=\"text\/css\" data-created_by=\"avia_inline_auto\" id=\"style-css-av-lhhhxdy1-6c8750599feac65a82e93c0bdf0d94b2\">\n#top .av-special-heading.av-lhhhxdy1-6c8750599feac65a82e93c0bdf0d94b2{\npadding-bottom:10px;\n}\nbody .av-special-heading.av-lhhhxdy1-6c8750599feac65a82e93c0bdf0d94b2 .av-special-heading-tag .heading-char{\nfont-size:25px;\n}\n.av-special-heading.av-lhhhxdy1-6c8750599feac65a82e93c0bdf0d94b2 .av-subheading{\nfont-size:15px;\n}\n<\/style>\n<div  class='av-special-heading av-lhhhxdy1-6c8750599feac65a82e93c0bdf0d94b2 av-special-heading-h2 blockquote modern-quote modern-centered  avia-builder-el-2  el_after_av_hr  el_before_av_hr '><h2 class='av-special-heading-tag '  itemprop=\"headline\"  >Tutustu Aurora Botniaan<\/h2><div class=\"special-heading-border\"><div class=\"special-heading-inner-border\"><\/div><\/div><\/div>\n\n<style type=\"text\/css\" data-created_by=\"avia_inline_auto\" id=\"style-css-av-lhhi2hlm-e3380dc73257d3aa8d19c0e8fd94e42e\">\n#top .hr.hr-invisible.av-lhhi2hlm-e3380dc73257d3aa8d19c0e8fd94e42e{\nmargin-top:-30px;\nheight:1px;\n}\n<\/style>\n<div  class='hr av-lhhi2hlm-e3380dc73257d3aa8d19c0e8fd94e42e hr-invisible  avia-builder-el-3  el_after_av_heading  el_before_av_layout_row  avia-builder-el-last '><span class='hr-inner '><span class=\"hr-inner-style\"><\/span><\/span><\/div>\n<\/div><\/div><\/div><!-- close content main div --><\/div><\/div><div id='av-layout-grid-1'  class='av-layout-grid-container av-3avt5uh-bc5121bdd5aeaf88cdb5b48b8fe156ff entry-content-wrapper main_color av-flex-cells  avia-builder-el-4  el_after_av_hr  avia-builder-el-last  grid-row-not-first  container_wrap fullsize'  >\n<div class='flex_cell av-2uop7yx-9e6b5060e27af4339fd33f132b553e11 av-gridrow-cell av_one_third no_margin  avia-builder-el-5  el_before_av_cell_one_third  avia-builder-el-first '  ><div class='flex_cell_inner'><p>\n<style type=\"text\/css\" data-created_by=\"avia_inline_auto\" id=\"style-css-av-lgwohskm-320eece3b87528966210edf7c1b6d7df\">\n.avia-image-container.av-lgwohskm-320eece3b87528966210edf7c1b6d7df img.avia_image{\nbox-shadow:none;\n}\n.avia-image-container.av-lgwohskm-320eece3b87528966210edf7c1b6d7df .av-image-caption-overlay-center{\ncolor:#ffffff;\n}\n<\/style>\n<div  class='avia-image-container av-lgwohskm-320eece3b87528966210edf7c1b6d7df av-styling- avia-align-center  avia-builder-el-6  el_before_av_heading  avia-builder-el-first '   itemprop=\"image\" itemscope=\"itemscope\" itemtype=\"https:\/\/schema.org\/ImageObject\" ><div class=\"avia-image-container-inner\"><div class=\"avia-image-overlay-wrap\"><img decoding=\"async\" fetchpriority=\"high\" class='wp-image-1684 avia-img-lazy-loading-not-1684 avia_image ' src=\"https:\/\/www.wasaline.com\/wp-content\/uploads\/2022\/09\/Archipelago-Buffet-Aurora-Botnia-845x321.jpg\" alt='Archipelago Buffet Aurora Botnia' title='Archipelago Buffet Aurora Botnia'  height=\"321\" width=\"845\"  itemprop=\"thumbnailUrl\"  \/><\/div><\/div><\/div><br \/>\n\n<style type=\"text\/css\" data-created_by=\"avia_inline_auto\" id=\"style-css-av-2euxe1l-3938811a0d68ab34e21046053105ccb1\">\n#top .av-special-heading.av-2euxe1l-3938811a0d68ab34e21046053105ccb1{\nmargin:10px 10px 10px 10px;\npadding-bottom:10px;\n}\nbody .av-special-heading.av-2euxe1l-3938811a0d68ab34e21046053105ccb1 .av-special-heading-tag .heading-char{\nfont-size:25px;\n}\n.av-special-heading.av-2euxe1l-3938811a0d68ab34e21046053105ccb1 .av-subheading{\nfont-size:15px;\n}\n<\/style>\n<div  class='av-special-heading av-2euxe1l-3938811a0d68ab34e21046053105ccb1 av-special-heading-h3 blockquote modern-quote  avia-builder-el-7  el_after_av_image  el_before_av_toggle_container '><h3 class='av-special-heading-tag '  itemprop=\"headline\"  >Sy\u00f6, juo ja nauti<\/h3><div class='av-subheading av-subheading_below'><p>Sinut on kutsuttu makumatkalle Merenkurkkuun.<\/p>\n<\/div><div class=\"special-heading-border\"><div class=\"special-heading-inner-border\"><\/div><\/div><\/div><br \/>\n<div  class='togglecontainer av-ls2vigcp-d108455748177091a7cbe74200ef5aa5  avia-builder-el-8  el_after_av_heading  avia-builder-el-last  toggle_close_all' >\n<section class='av_toggle_section av-av_toggle-02c825d7eddd38cfeee51c86fda0dff4'  itemscope=\"itemscope\" itemtype=\"https:\/\/schema.org\/CreativeWork\" ><div role=\"tablist\" class=\"single_toggle\" data-tags=\"{All} \"  ><p id='toggle-toggle-id-1' data-fake-id='#toggle-id-1' class='toggler  av-title-above '  itemprop=\"headline\"  role='tab' tabindex='0' aria-controls='toggle-id-1' data-slide-speed=\"200\" data-title=\"Saaristolaisp\u00f6yt\u00e4\" data-title-open=\"\" data-aria_collapsed=\"Click to expand: Saaristolaisp\u00f6yt\u00e4\" data-aria_expanded=\"Click to collapse: Saaristolaisp\u00f6yt\u00e4\">Saaristolaisp\u00f6yt\u00e4<span class=\"toggle_icon\"><span class=\"vert_icon\"><\/span><span class=\"hor_icon\"><\/span><\/span><\/p><div id='toggle-id-1' aria-labelledby='toggle-toggle-id-1' role='region' class='toggle_wrap  av-title-above'  ><div class='toggle_content invers-color '  itemprop=\"text\" ><p>Monipuolinen <a href=\"https:\/\/www.wasaline.com\/fi\/ruoka-ja-juoma\/saaristolaispoyta\/\">Saaristolaisp\u00f6yt\u00e4<\/a> on suuri ylpeytemme ja kaikenik\u00e4isten suosikki. Nyt valittavissa my\u00f6s All inclusive -juomien kera.<\/p>\n<\/div><\/div><\/div><\/section>\n<section class='av_toggle_section av-ls2vifka-0514e131eaac432a7be377837275c332'  itemscope=\"itemscope\" itemtype=\"https:\/\/schema.org\/CreativeWork\" ><div role=\"tablist\" class=\"single_toggle\" data-tags=\"{All} \"  ><p id='toggle-toggle-id-2' data-fake-id='#toggle-id-2' class='toggler  av-title-above '  itemprop=\"headline\"  role='tab' tabindex='0' aria-controls='toggle-id-2' data-slide-speed=\"200\" data-title=\"Bistro Botnia\" data-title-open=\"\" data-aria_collapsed=\"Click to expand: Bistro Botnia\" data-aria_expanded=\"Click to collapse: Bistro Botnia\">Bistro Botnia<span class=\"toggle_icon\"><span class=\"vert_icon\"><\/span><span class=\"hor_icon\"><\/span><\/span><\/p><div id='toggle-id-2' aria-labelledby='toggle-toggle-id-2' role='region' class='toggle_wrap  av-title-above'  ><div class='toggle_content invers-color '  itemprop=\"text\" ><p><a href=\"https:\/\/www.wasaline.com\/fi\/ruoka-ja-juoma\/bistro-botnia\/\">Bistro Botnia<\/a> on rento ja mutkaton ravintola, jossa on aina jotain tuoretta ja mielenkiintoista kokeiltavaa.<\/p>\n<\/div><\/div><\/div><\/section>\n<section class='av_toggle_section av-av_toggle-ab99529e5d6b1f33c750d5e842fffa79'  itemscope=\"itemscope\" itemtype=\"https:\/\/schema.org\/CreativeWork\" ><div role=\"tablist\" class=\"single_toggle\" data-tags=\"{All} \"  ><p id='toggle-toggle-id-3' data-fake-id='#toggle-id-3' class='toggler  av-title-above '  itemprop=\"headline\"  role='tab' tabindex='0' aria-controls='toggle-id-3' data-slide-speed=\"200\" data-title=\"Kahvila\" data-title-open=\"\" data-aria_collapsed=\"Click to expand: Kahvila\" data-aria_expanded=\"Click to collapse: Kahvila\">Kahvila<span class=\"toggle_icon\"><span class=\"vert_icon\"><\/span><span class=\"hor_icon\"><\/span><\/span><\/p><div id='toggle-id-3' aria-labelledby='toggle-toggle-id-3' role='region' class='toggle_wrap  av-title-above'  ><div class='toggle_content invers-color '  itemprop=\"text\" ><p><a href=\"https:\/\/www.wasaline.com\/fi\/ruoka-ja-juoma\/kahvila\/\">Kahvilassamme<\/a> haukkaat nopean v\u00e4lipalan tai nautit kursailemattomasta kotiruoasta.<\/p>\n<\/div><\/div><\/div><\/section>\n<section class='av_toggle_section av-av_toggle-e094c1c090b4c9abd2d9a87e081edd81'  itemscope=\"itemscope\" itemtype=\"https:\/\/schema.org\/CreativeWork\" ><div role=\"tablist\" class=\"single_toggle\" data-tags=\"{All} \"  ><p id='toggle-toggle-id-4' data-fake-id='#toggle-id-4' class='toggler  av-title-above '  itemprop=\"headline\"  role='tab' tabindex='0' aria-controls='toggle-id-4' data-slide-speed=\"200\" data-title=\"Baari ja pubi\" data-title-open=\"\" data-aria_collapsed=\"Click to expand: Baari ja pubi\" data-aria_expanded=\"Click to collapse: Baari ja pubi\">Baari ja pubi<span class=\"toggle_icon\"><span class=\"vert_icon\"><\/span><span class=\"hor_icon\"><\/span><\/span><\/p><div id='toggle-id-4' aria-labelledby='toggle-toggle-id-4' role='region' class='toggle_wrap  av-title-above'  ><div class='toggle_content invers-color '  itemprop=\"text\" ><p>L\u00f6yd\u00e4 laaja valikoima oluita, viinej\u00e4, siidereit\u00e4 ja muita juomia edulliseen merihintaan. Useimmilla l\u00e4hd\u00f6ill\u00e4 voit nauttia <a href=\"https:\/\/www.wasaline.com\/fi\/ruoka-ja-juoma\/baari-ja-pubi\/\">baarissa ja pubissa<\/a> my\u00f6s el\u00e4v\u00e4st\u00e4 musiikista.<\/p>\n<\/div><\/div><\/div><\/section>\n<\/div><\/p>\n<\/div><\/div><div class='flex_cell av-276742h-c04141a986f389ca598e9f977fba6b5a av-gridrow-cell av_one_third no_margin  avia-builder-el-9  el_after_av_cell_one_third  el_before_av_cell_one_third '  ><div class='flex_cell_inner'><p>\n<style type=\"text\/css\" data-created_by=\"avia_inline_auto\" id=\"style-css-av-lgwoim0x-2dfe666b5c1a9491428d1501eeaf57a5\">\n.avia-image-container.av-lgwoim0x-2dfe666b5c1a9491428d1501eeaf57a5 img.avia_image{\nbox-shadow:none;\n}\n.avia-image-container.av-lgwoim0x-2dfe666b5c1a9491428d1501eeaf57a5 .av-image-caption-overlay-center{\ncolor:#ffffff;\n}\n<\/style>\n<div  class='avia-image-container av-lgwoim0x-2dfe666b5c1a9491428d1501eeaf57a5 av-styling- avia-align-center  avia-builder-el-10  el_before_av_heading  avia-builder-el-first '   itemprop=\"image\" itemscope=\"itemscope\" itemtype=\"https:\/\/schema.org\/ImageObject\" ><div class=\"avia-image-container-inner\"><div class=\"avia-image-overlay-wrap\"><img decoding=\"async\" fetchpriority=\"high\" class='wp-image-26550 avia-img-lazy-loading-not-26550 avia_image ' src=\"https:\/\/www.wasaline.com\/wp-content\/uploads\/2022\/10\/Wasaline-cabin-845x321.jpg\" alt='Aurora Botnia cabin sea view' title='Aurora Botnia cabin sea view'  height=\"321\" width=\"845\"  itemprop=\"thumbnailUrl\"  \/><\/div><\/div><\/div><br \/>\n\n<style type=\"text\/css\" data-created_by=\"avia_inline_auto\" id=\"style-css-av-1n59bnd-27e4d35f18a17afc725ae8f360abf164\">\n#top .av-special-heading.av-1n59bnd-27e4d35f18a17afc725ae8f360abf164{\nmargin:10px 10px 10px 10px;\npadding-bottom:10px;\n}\nbody .av-special-heading.av-1n59bnd-27e4d35f18a17afc725ae8f360abf164 .av-special-heading-tag .heading-char{\nfont-size:25px;\n}\n.av-special-heading.av-1n59bnd-27e4d35f18a17afc725ae8f360abf164 .av-subheading{\nfont-size:15px;\n}\n<\/style>\n<div  class='av-special-heading av-1n59bnd-27e4d35f18a17afc725ae8f360abf164 av-special-heading-h3 blockquote modern-quote  avia-builder-el-11  el_after_av_image  el_before_av_toggle_container '><h3 class='av-special-heading-tag '  itemprop=\"headline\"  >Matkusta omalla tavallasi<\/h3><div class='av-subheading av-subheading_below'><p>Koe Aurora Botnian mukavuus ja ota matkastasi kaikki irti.<\/p>\n<\/div><div class=\"special-heading-border\"><div class=\"special-heading-inner-border\"><\/div><\/div><\/div><br \/>\n<div  class='togglecontainer av-lhfb05i4-e4d1cfc6671eaff26a7c4522e8b7b63f  avia-builder-el-12  el_after_av_heading  avia-builder-el-last  toggle_close_all' >\n<section class='av_toggle_section av-lhfatkls-0fb5e1a2a2dff82406f7b5647bea30a6'  itemscope=\"itemscope\" itemtype=\"https:\/\/schema.org\/CreativeWork\" ><div role=\"tablist\" class=\"single_toggle\" data-tags=\"{All} \"  ><p id='toggle-toggle-id-5' data-fake-id='#toggle-id-5' class='toggler  av-title-above '  itemprop=\"headline\"  role='tab' tabindex='0' aria-controls='toggle-id-5' data-slide-speed=\"200\" data-title=\"Hytit\" data-title-open=\"\" data-aria_collapsed=\"Click to expand: Hytit\" data-aria_expanded=\"Click to collapse: Hytit\">Hytit<span class=\"toggle_icon\"><span class=\"vert_icon\"><\/span><span class=\"hor_icon\"><\/span><\/span><\/p><div id='toggle-id-5' aria-labelledby='toggle-toggle-id-5' role='region' class='toggle_wrap  av-title-above'  ><div class='toggle_content invers-color '  itemprop=\"text\" ><p>Rentoudu omassa rauhassasi varaamalla <a href=\"https:\/\/www.wasaline.com\/fi\/laivalla\/hytit\/\">hytti<\/a> rauhalliselta k\u00e4yt\u00e4v\u00e4lt\u00e4.<\/p>\n<\/div><\/div><\/div><\/section>\n<section class='av_toggle_section av-lhfauzns-376e4087423ef0e967f75bf1cf29813c'  itemscope=\"itemscope\" itemtype=\"https:\/\/schema.org\/CreativeWork\" ><div role=\"tablist\" class=\"single_toggle\" data-tags=\"{All} \"  ><p id='toggle-toggle-id-6' data-fake-id='#toggle-id-6' class='toggler  av-title-above '  itemprop=\"headline\"  role='tab' tabindex='0' aria-controls='toggle-id-6' data-slide-speed=\"200\" data-title=\"Myym\u00e4l\u00e4\" data-title-open=\"\" data-aria_collapsed=\"Click to expand: Myym\u00e4l\u00e4\" data-aria_expanded=\"Click to collapse: Myym\u00e4l\u00e4\">Myym\u00e4l\u00e4<span class=\"toggle_icon\"><span class=\"vert_icon\"><\/span><span class=\"hor_icon\"><\/span><\/span><\/p><div id='toggle-id-6' aria-labelledby='toggle-toggle-id-6' role='region' class='toggle_wrap  av-title-above'  ><div class='toggle_content invers-color '  itemprop=\"text\" ><p>Hyvin varustellusta <a href=\"https:\/\/www.wasaline.com\/fi\/laivalla\/kauppa\/\">myym\u00e4l\u00e4st\u00e4mme<\/a> l\u00f6yd\u00e4t juomia, kosmetiikkaa, makeisia, leluja, paikallisia erikoisuuksia ja paljon muuta.<\/p>\n<\/div><\/div><\/div><\/section>\n<section class='av_toggle_section av-lhfav33y-e2fb878f0a74d54b203ea7172774c865'  itemscope=\"itemscope\" itemtype=\"https:\/\/schema.org\/CreativeWork\" ><div role=\"tablist\" class=\"single_toggle\" data-tags=\"{All} \"  ><p id='toggle-toggle-id-7' data-fake-id='#toggle-id-7' class='toggler  av-title-above '  itemprop=\"headline\"  role='tab' tabindex='0' aria-controls='toggle-id-7' data-slide-speed=\"200\" data-title=\"Business Lounge\" data-title-open=\"\" data-aria_collapsed=\"Click to expand: Business Lounge\" data-aria_expanded=\"Click to collapse: Business Lounge\">Business Lounge<span class=\"toggle_icon\"><span class=\"vert_icon\"><\/span><span class=\"hor_icon\"><\/span><\/span><\/p><div id='toggle-id-7' aria-labelledby='toggle-toggle-id-7' role='region' class='toggle_wrap  av-title-above'  ><div class='toggle_content invers-color '  itemprop=\"text\" ><p><a href=\"https:\/\/www.wasaline.com\/fi\/laivalla\/business-comfort-pet-lounge\/\">Business Lounge<\/a> tarjoaa tyyli\u00e4 ja ty\u00f6rauhaa matkustamiseen. Hoida ty\u00f6asiat samalla kun nautit ilmaisesta kahvista.<\/p>\n<\/div><\/div><\/div><\/section>\n<section class='av_toggle_section av-lhfayuby-732c018b76fc239a31a39cc89a1a09a0'  itemscope=\"itemscope\" itemtype=\"https:\/\/schema.org\/CreativeWork\" ><div role=\"tablist\" class=\"single_toggle\" data-tags=\"{All} \"  ><p id='toggle-toggle-id-8' data-fake-id='#toggle-id-8' class='toggler  av-title-above '  itemprop=\"headline\"  role='tab' tabindex='0' aria-controls='toggle-id-8' data-slide-speed=\"200\" data-title=\"Comfort Lounge\" data-title-open=\"\" data-aria_collapsed=\"Click to expand: Comfort Lounge\" data-aria_expanded=\"Click to collapse: Comfort Lounge\">Comfort Lounge<span class=\"toggle_icon\"><span class=\"vert_icon\"><\/span><span class=\"hor_icon\"><\/span><\/span><\/p><div id='toggle-id-8' aria-labelledby='toggle-toggle-id-8' role='region' class='toggle_wrap  av-title-above'  ><div class='toggle_content invers-color '  itemprop=\"text\" ><p>Ota mukava asento lepotuolissa ja nauti Aurora Botnian \u00e4\u00e4nett\u00f6m\u00e4st\u00e4 matkanteosta <a href=\"https:\/\/www.wasaline.com\/fi\/laivalla\/business-comfort-pet-lounge\/\">matkustajasalongissa<\/a>.<\/p>\n<\/div><\/div><\/div><\/section>\n<section class='av_toggle_section av-lhfb03fp-920e92687f64f3121c72c2257c01cb9f'  itemscope=\"itemscope\" itemtype=\"https:\/\/schema.org\/CreativeWork\" ><div role=\"tablist\" class=\"single_toggle\" data-tags=\"{All} \"  ><p id='toggle-toggle-id-9' data-fake-id='#toggle-id-9' class='toggler  av-title-above '  itemprop=\"headline\"  role='tab' tabindex='0' aria-controls='toggle-id-9' data-slide-speed=\"200\" data-title=\"Lapsille\" data-title-open=\"\" data-aria_collapsed=\"Click to expand: Lapsille\" data-aria_expanded=\"Click to collapse: Lapsille\">Lapsille<span class=\"toggle_icon\"><span class=\"vert_icon\"><\/span><span class=\"hor_icon\"><\/span><\/span><\/p><div id='toggle-id-9' aria-labelledby='toggle-toggle-id-9' role='region' class='toggle_wrap  av-title-above'  ><div class='toggle_content invers-color '  itemprop=\"text\" ><p>Pienimmille merikarhuille olemme varanneet <a href=\"https:\/\/www.wasaline.com\/fi\/laivalla\/lapsille\/\">leikkihuoneen<\/a>, josta l\u00f6ytyy mm. liukum\u00e4ki, tunneli ja telkkari. Ja tietysti sohva teille vanhemmille.<\/p>\n<\/div><\/div><\/div><\/section>\n<\/div><\/p>\n<\/div><\/div>\n<style type=\"text\/css\" data-created_by=\"avia_inline_auto\" id=\"style-css-av-132y8jd-6861fe25b57c6b7e452d6c5b058a8213\">\n.flex_cell.av-132y8jd-6861fe25b57c6b7e452d6c5b058a8213{\nvertical-align:top;\n}\n<\/style>\n<div class='flex_cell av-132y8jd-6861fe25b57c6b7e452d6c5b058a8213 av-gridrow-cell av_one_third no_margin  avia-builder-el-13  el_after_av_cell_one_third  avia-builder-el-last  content-align-top'  ><div class='flex_cell_inner'><p>\n<style type=\"text\/css\" data-created_by=\"avia_inline_auto\" id=\"style-css-av-lgwojo8s-90b0740efa6ff4a213984f2a3e801fde\">\n.avia-image-container.av-lgwojo8s-90b0740efa6ff4a213984f2a3e801fde img.avia_image{\nbox-shadow:none;\n}\n.avia-image-container.av-lgwojo8s-90b0740efa6ff4a213984f2a3e801fde .av-image-caption-overlay-center{\ncolor:#ffffff;\n}\n<\/style>\n<div  class='avia-image-container av-lgwojo8s-90b0740efa6ff4a213984f2a3e801fde av-styling- avia-align-center  avia-builder-el-14  el_before_av_heading  avia-builder-el-first '   itemprop=\"image\" itemscope=\"itemscope\" itemtype=\"https:\/\/schema.org\/ImageObject\" ><div class=\"avia-image-container-inner\"><div class=\"avia-image-overlay-wrap\"><img decoding=\"async\" fetchpriority=\"high\" class='wp-image-545 avia-img-lazy-loading-not-545 avia_image ' src=\"https:\/\/www.wasaline.com\/wp-content\/uploads\/2022\/07\/AuroraBotnia-845x321.jpg\" alt='Aurora Botnia' title='Aurora Botnia'  height=\"321\" width=\"845\"  itemprop=\"thumbnailUrl\"  \/><\/div><\/div><\/div><br \/>\n\n<style type=\"text\/css\" data-created_by=\"avia_inline_auto\" id=\"style-css-av-r6efax-d09503d897cbab12b8566a5426174672\">\n#top .av-special-heading.av-r6efax-d09503d897cbab12b8566a5426174672{\nmargin:10px 10px 10px 10px;\npadding-bottom:10px;\n}\nbody .av-special-heading.av-r6efax-d09503d897cbab12b8566a5426174672 .av-special-heading-tag .heading-char{\nfont-size:25px;\n}\n.av-special-heading.av-r6efax-d09503d897cbab12b8566a5426174672 .av-subheading{\nfont-size:15px;\n}\n<\/style>\n<div  class='av-special-heading av-r6efax-d09503d897cbab12b8566a5426174672 av-special-heading-h3 blockquote modern-quote  avia-builder-el-15  el_after_av_image  el_before_av_toggle_container '><h3 class='av-special-heading-tag '  itemprop=\"headline\"  >Merimatka<\/h3><div class='av-subheading av-subheading_below'><p>Ainutlaatuinen reittimme ja ymp\u00e4rist\u00f6n huomioivat merikuljetuksemme.<\/p>\n<\/div><div class=\"special-heading-border\"><div class=\"special-heading-inner-border\"><\/div><\/div><\/div><br \/>\n<div  class='togglecontainer av-lhfb6d84-f4442a5393c3be957fb6bd1bbff04608  avia-builder-el-16  el_after_av_heading  avia-builder-el-last  toggle_close_all' >\n<section class='av_toggle_section av-lhfb2obm-cef0737613e8831dfc8ab6a457703fde'  itemscope=\"itemscope\" itemtype=\"https:\/\/schema.org\/CreativeWork\" ><div role=\"tablist\" class=\"single_toggle\" data-tags=\"{All} \"  ><p id='toggle-toggle-id-10' data-fake-id='#toggle-id-10' class='toggler  av-title-above '  itemprop=\"headline\"  role='tab' tabindex='0' aria-controls='toggle-id-10' data-slide-speed=\"200\" data-title=\"Reitti\" data-title-open=\"\" data-aria_collapsed=\"Click to expand: Reitti\" data-aria_expanded=\"Click to collapse: Reitti\">Reitti<span class=\"toggle_icon\"><span class=\"vert_icon\"><\/span><span class=\"hor_icon\"><\/span><\/span><\/p><div id='toggle-id-10' aria-labelledby='toggle-toggle-id-10' role='region' class='toggle_wrap  av-title-above'  ><div class='toggle_content invers-color '  itemprop=\"text\" ><p>Aurora Botnia kuljettaa matkustajia ja <a href=\"https:\/\/www.wasaline.com\/fi\/rahti\/\">rahtia<\/a> vuoden ymp\u00e4ri Vaasan ja Uumajan v\u00e4lill\u00e4. Yhdensuuntainen matka kest\u00e4\u00e4 vain 3,5-4 tuntia.<\/p>\n<\/div><\/div><\/div><\/section>\n<section class='av_toggle_section av-lhfb4538-cde435868a8fd8dc29f2dbf0befbeacd'  itemscope=\"itemscope\" itemtype=\"https:\/\/schema.org\/CreativeWork\" ><div role=\"tablist\" class=\"single_toggle\" data-tags=\"{All} \"  ><p id='toggle-toggle-id-11' data-fake-id='#toggle-id-11' class='toggler  av-title-above '  itemprop=\"headline\"  role='tab' tabindex='0' aria-controls='toggle-id-11' data-slide-speed=\"200\" data-title=\"Merenkurkku\" data-title-open=\"\" data-aria_collapsed=\"Click to expand: Merenkurkku\" data-aria_expanded=\"Click to collapse: Merenkurkku\">Merenkurkku<span class=\"toggle_icon\"><span class=\"vert_icon\"><\/span><span class=\"hor_icon\"><\/span><\/span><\/p><div id='toggle-id-11' aria-labelledby='toggle-toggle-id-11' role='region' class='toggle_wrap  av-title-above'  ><div class='toggle_content invers-color '  itemprop=\"text\" ><p>Merenkurkun saaristo ja Ruotsin Korkearannikko ovat ainutlaatuisia paikkoja j\u00e4\u00e4kauden vaikutusten havainnointiin. Reittimme kulkee Unescon maailmanperint\u00f6alueen halki.<\/p>\n<\/div><\/div><\/div><\/section>\n<section class='av_toggle_section av-lhfb6bl0-a186bb1ce9338c8338bb7531e7b1e00f'  itemscope=\"itemscope\" itemtype=\"https:\/\/schema.org\/CreativeWork\" ><div role=\"tablist\" class=\"single_toggle\" data-tags=\"{All} \"  ><p id='toggle-toggle-id-12' data-fake-id='#toggle-id-12' class='toggler  av-title-above '  itemprop=\"headline\"  role='tab' tabindex='0' aria-controls='toggle-id-12' data-slide-speed=\"200\" data-title=\"Ymp\u00e4rist\u00f6yst\u00e4v\u00e4llisyys\" data-title-open=\"\" data-aria_collapsed=\"Click to expand: Ymp\u00e4rist\u00f6yst\u00e4v\u00e4llisyys\" data-aria_expanded=\"Click to collapse: Ymp\u00e4rist\u00f6yst\u00e4v\u00e4llisyys\">Ymp\u00e4rist\u00f6yst\u00e4v\u00e4llisyys<span class=\"toggle_icon\"><span class=\"vert_icon\"><\/span><span class=\"hor_icon\"><\/span><\/span><\/p><div id='toggle-id-12' aria-labelledby='toggle-toggle-id-12' role='region' class='toggle_wrap  av-title-above'  ><div class='toggle_content invers-color '  itemprop=\"text\" ><p>Pyrimme jatkuvasti kehitt\u00e4m\u00e4\u00e4n ratkaisuja, jotka pienent\u00e4v\u00e4t toimintamme ymp\u00e4rist\u00f6vaikutusta. Tarkastamme vuosittain, ett\u00e4 <a href=\"https:\/\/www.wasaline.com\/fi\/meista\/\">vastuullisuuspolitiikkamme<\/a> saavuttaa tavoitteemme.<\/p>\n<\/div><\/div><\/div><\/section>\n<\/div><\/p>\n<\/div><\/div>\n<\/div>\n","protected":false},"excerpt":{"rendered":"","protected":false},"author":4,"featured_media":0,"parent":0,"menu_order":0,"comment_status":"closed","ping_status":"closed","template":"","meta":{"_acf_changed":false,"footnotes":""},"class_list":["post-38114","page","type-page","status-publish","hentry"],"acf":[],"publishpress_future_action":{"enabled":false,"date":"2026-04-12 04:16:34","action":"change-status","newStatus":"draft","terms":[],"taxonomy":"translation_priority","extraData":[]},"publishpress_future_workflow_manual_trigger":{"enabledWorkflows":[]},"_links":{"self":[{"href":"https:\/\/www.wasaline.com\/fi\/wp-json\/wp\/v2\/pages\/38114","targetHints":{"allow":["GET"]}}],"collection":[{"href":"https:\/\/www.wasaline.com\/fi\/wp-json\/wp\/v2\/pages"}],"about":[{"href":"https:\/\/www.wasaline.com\/fi\/wp-json\/wp\/v2\/types\/page"}],"author":[{"embeddable":true,"href":"https:\/\/www.wasaline.com\/fi\/wp-json\/wp\/v2\/users\/4"}],"replies":[{"embeddable":true,"href":"https:\/\/www.wasaline.com\/fi\/wp-json\/wp\/v2\/comments?post=38114"}],"version-history":[{"count":11,"href":"https:\/\/www.wasaline.com\/fi\/wp-json\/wp\/v2\/pages\/38114\/revisions"}],"predecessor-version":[{"id":59920,"href":"https:\/\/www.wasaline.com\/fi\/wp-json\/wp\/v2\/pages\/38114\/revisions\/59920"}],"wp:attachment":[{"href":"https:\/\/www.wasaline.com\/fi\/wp-json\/wp\/v2\/media?parent=38114"}],"curies":[{"name":"wp","href":"https:\/\/api.w.org\/{rel}","templated":true}]}}