{"id":386,"date":"2022-07-07T08:46:50","date_gmt":"2022-07-07T06:46:50","guid":{"rendered":"https:\/\/www.wasaline.com\/?page_id=386"},"modified":"2026-03-04T23:08:27","modified_gmt":"2026-03-04T21:08:27","slug":"laivamme","status":"publish","type":"page","link":"https:\/\/www.wasaline.com\/fi\/laivamme\/","title":{"rendered":"Laivamme Aurora Botnia"},"content":{"rendered":"<div id='full_slider_1'  class='avia-fullwidth-slider main_color avia-shadow   avia-builder-el-0  el_before_av_heading  avia-builder-el-first   container_wrap fullsize'  ><div  class='avia-slideshow av-mhlvl2av-b89c5daa6bf97ba0de6296aa5c83121a avia-slideshow-featured_large av_slideshow_full avia-slide-slider av-slideshow-ui av-control-hidden av-no-slider-navigation av-hide-nav-arrows av-slideshow-manual av-loop-once av-loop-manual-endless av-default-height-applied   avia-slideshow-1' data-slideshow-options=\"{&quot;animation&quot;:&quot;slide&quot;,&quot;autoplay&quot;:false,&quot;loop_autoplay&quot;:&quot;once&quot;,&quot;interval&quot;:5,&quot;loop_manual&quot;:&quot;manual-endless&quot;,&quot;autoplay_stopper&quot;:false,&quot;noNavigation&quot;:true,&quot;bg_slider&quot;:false,&quot;keep_padding&quot;:false,&quot;hoverpause&quot;:false,&quot;show_slide_delay&quot;:0}\"  itemprop=\"image\" itemscope=\"itemscope\" itemtype=\"https:\/\/schema.org\/ImageObject\" ><ul class='avia-slideshow-inner ' style='padding-bottom: 42%;'><li  class='avia-slideshow-slide av-mhlvl2av-b89c5daa6bf97ba0de6296aa5c83121a__0  av-single-slide slide-1 slide-odd'><div data-rel='slideshow-1' class='avia-slide-wrap '   ><img decoding=\"async\" fetchpriority=\"high\" class=\"wp-image-78159 avia-img-lazy-loading-not-78159\"  src=\"https:\/\/www.wasaline.com\/wp-content\/uploads\/2025\/11\/aurorabotnia-august2025-panorama.jpg\" width=\"1500\" height=\"630\" title='aurorabotnia-august2025-panorama' alt='Aurora Botnia - panorama version'  itemprop=\"thumbnailUrl\" srcset=\"https:\/\/www.wasaline.com\/wp-content\/uploads\/2025\/11\/aurorabotnia-august2025-panorama.jpg 1500w, https:\/\/www.wasaline.com\/wp-content\/uploads\/2025\/11\/aurorabotnia-august2025-panorama-300x126.jpg 300w, https:\/\/www.wasaline.com\/wp-content\/uploads\/2025\/11\/aurorabotnia-august2025-panorama-1030x433.jpg 1030w, https:\/\/www.wasaline.com\/wp-content\/uploads\/2025\/11\/aurorabotnia-august2025-panorama-768x323.jpg 768w, https:\/\/www.wasaline.com\/wp-content\/uploads\/2025\/11\/aurorabotnia-august2025-panorama-705x296.jpg 705w\" sizes=\"(max-width: 1500px) 100vw, 1500px\" \/><\/div><\/li><\/ul><\/div><\/div><div id='after_full_slider_1'  class='main_color av_default_container_wrap container_wrap fullsize'  ><div class='container av-section-cont-open' ><div class='template-page content  av-content-full alpha units'><div class='post-entry post-entry-type-page post-entry-386'><div class='entry-content-wrapper clearfix'>\n\n<style type=\"text\/css\" data-created_by=\"avia_inline_auto\" id=\"style-css-av-key6yzd0-e07673829ac293a4ad7c4fe9f14c96ef\">\n#top .av-special-heading.av-key6yzd0-e07673829ac293a4ad7c4fe9f14c96ef{\npadding-bottom:10px;\n}\nbody .av-special-heading.av-key6yzd0-e07673829ac293a4ad7c4fe9f14c96ef .av-special-heading-tag .heading-char{\nfont-size:25px;\n}\n.av-special-heading.av-key6yzd0-e07673829ac293a4ad7c4fe9f14c96ef .av-subheading{\nfont-size:15px;\n}\n<\/style>\n<div  class='av-special-heading av-key6yzd0-e07673829ac293a4ad7c4fe9f14c96ef av-special-heading-h1 blockquote modern-quote modern-centered  avia-builder-el-1  el_after_av_slideshow_full  el_before_av_textblock  avia-builder-el-first '><h1 class='av-special-heading-tag '  itemprop=\"headline\"  >TERVETULOA AURORA BOTNIALLE<\/h1><div class='av-subheading av-subheading_below'><p>Hiukan parempi matkustajalaiva<\/p>\n<\/div><div class=\"special-heading-border\"><div class=\"special-heading-inner-border\"><\/div><\/div><\/div>\n<section  class='av_textblock_section av-key6mhbk-1b1012615f74d46e45ec519fec810e9d '   itemscope=\"itemscope\" itemtype=\"https:\/\/schema.org\/CreativeWork\" ><div class='avia_textblock'  itemprop=\"text\" ><p>M\/S Aurora Botnia on moderni matkustaja-autolautta kahdella rahtikannella. Aluksen kuljetuskapasiteetti on 935 matkustajaa ja 1500 rahtimetri\u00e4. Alus on varustettu modernilla moottori- ja akkuratkaisulla. Moottoreita voidaan k\u00e4ytt\u00e4\u00e4 mm. biokaasulla, biodieselill\u00e4 ja nesteytetyll\u00e4 maakaasulla.<\/p>\n<p>Suomalaisen Ty\u00f6n Liitto on my\u00f6nt\u00e4nyt Aurora Botnialle Avainlippu-tunnuksen merkkin\u00e4 kotimaisesta ty\u00f6st\u00e4. Alus on rakennettu Rauma Marine Constructionsin telakalla ja rakentamiseen osallistui monia vaasalaisia yrityksi\u00e4. Laivan kotimaisuusaste on yli 80%.<\/p>\n<\/div><\/section>\n\n<style type=\"text\/css\" data-created_by=\"avia_inline_auto\" id=\"style-css-av-mhlzegu9-9c7d27a8b796705a84b7d4fb5f601e8d\">\n#top .av-special-heading.av-mhlzegu9-9c7d27a8b796705a84b7d4fb5f601e8d{\npadding-bottom:10px;\n}\nbody .av-special-heading.av-mhlzegu9-9c7d27a8b796705a84b7d4fb5f601e8d .av-special-heading-tag .heading-char{\nfont-size:25px;\n}\n.av-special-heading.av-mhlzegu9-9c7d27a8b796705a84b7d4fb5f601e8d .av-subheading{\nfont-size:15px;\n}\n<\/style>\n<div  class='av-special-heading av-mhlzegu9-9c7d27a8b796705a84b7d4fb5f601e8d av-special-heading-h2 blockquote modern-quote  avia-builder-el-3  el_after_av_textblock  el_before_av_textblock '><h2 class='av-special-heading-tag '  itemprop=\"headline\"  >Aurora Botnian palvelut<\/h2><div class=\"special-heading-border\"><div class=\"special-heading-inner-border\"><\/div><\/div><\/div>\n<section  class='av_textblock_section av-l9dumxgd-c5d97bf99a705bd2964e5d3b1345d0a3 '   itemscope=\"itemscope\" itemtype=\"https:\/\/schema.org\/CreativeWork\" ><div class='avia_textblock'  itemprop=\"text\" ><h3>Kansi 7<\/h3>\n<p>Pohjapiirros<\/p>\n<p><a href=\"https:\/\/www.wasaline.com\/wp-content\/uploads\/2026\/03\/aurorabotnia-deck7-2026.png\"><img loading=\"lazy\" decoding=\"async\" class=\"alignnone wp-image-80629 size-full\" src=\"https:\/\/www.wasaline.com\/wp-content\/uploads\/2026\/03\/aurorabotnia-deck7-2026.png\" alt=\"Aurora Botnia floor plan\" width=\"2048\" height=\"450\" srcset=\"https:\/\/www.wasaline.com\/wp-content\/uploads\/2026\/03\/aurorabotnia-deck7-2026.png 2048w, https:\/\/www.wasaline.com\/wp-content\/uploads\/2026\/03\/aurorabotnia-deck7-2026-300x66.png 300w, https:\/\/www.wasaline.com\/wp-content\/uploads\/2026\/03\/aurorabotnia-deck7-2026-1030x226.png 1030w, https:\/\/www.wasaline.com\/wp-content\/uploads\/2026\/03\/aurorabotnia-deck7-2026-768x169.png 768w, https:\/\/www.wasaline.com\/wp-content\/uploads\/2026\/03\/aurorabotnia-deck7-2026-1536x338.png 1536w, https:\/\/www.wasaline.com\/wp-content\/uploads\/2026\/03\/aurorabotnia-deck7-2026-1500x330.png 1500w, https:\/\/www.wasaline.com\/wp-content\/uploads\/2026\/03\/aurorabotnia-deck7-2026-705x155.png 705w\" sizes=\"auto, (max-width: 2048px) 100vw, 2048px\" \/><\/a><\/p>\n<ul>\n<li><a href=\"https:\/\/www.wasaline.com\/fi\/laivalla\/business-comfort-pet-lounge\/\">Business, Comfort ja Pet Lounge<\/a><\/li>\n<li><a href=\"https:\/\/www.wasaline.com\/fi\/laivalla\/kauppa\/\">Kauppa<\/a><\/li>\n<li><a href=\"https:\/\/www.wasaline.com\/fi\/laivalla\/lapsille\/\">Leikkihuone<\/a><\/li>\n<li><a href=\"https:\/\/www.wasaline.com\/fi\/ruoka-ja-juoma\/baari-ja-pubi\/\">Baari ja pubi<\/a><\/li>\n<li><a href=\"https:\/\/www.wasaline.com\/fi\/ryhmat-ja-konferenssi\/kokoustilat\/\">Kokoustilat<\/a><\/li>\n<li>Infopiste<\/li>\n<li>Matkatavaroiden s\u00e4ilytys<\/li>\n<li>Maihinnousu<\/li>\n<\/ul>\n<h3>Kansi 8<\/h3>\n<p>Pohjapiirros<\/p>\n<p><a href=\"https:\/\/www.wasaline.com\/wp-content\/uploads\/2024\/03\/aurorabotnia-deck8-2024.png\"><img loading=\"lazy\" decoding=\"async\" class=\"alignnone size-full wp-image-53226\" src=\"https:\/\/www.wasaline.com\/wp-content\/uploads\/2024\/03\/aurorabotnia-deck8-2024.png\" alt=\"Aurora Botnia floor plan deck 8\" width=\"2048\" height=\"452\" srcset=\"https:\/\/www.wasaline.com\/wp-content\/uploads\/2024\/03\/aurorabotnia-deck8-2024.png 2048w, https:\/\/www.wasaline.com\/wp-content\/uploads\/2024\/03\/aurorabotnia-deck8-2024-300x66.png 300w, https:\/\/www.wasaline.com\/wp-content\/uploads\/2024\/03\/aurorabotnia-deck8-2024-1030x227.png 1030w, https:\/\/www.wasaline.com\/wp-content\/uploads\/2024\/03\/aurorabotnia-deck8-2024-768x170.png 768w, https:\/\/www.wasaline.com\/wp-content\/uploads\/2024\/03\/aurorabotnia-deck8-2024-1536x339.png 1536w, https:\/\/www.wasaline.com\/wp-content\/uploads\/2024\/03\/aurorabotnia-deck8-2024-1500x331.png 1500w, https:\/\/www.wasaline.com\/wp-content\/uploads\/2024\/03\/aurorabotnia-deck8-2024-705x156.png 705w\" sizes=\"auto, (max-width: 2048px) 100vw, 2048px\" \/><\/a><\/p>\n<ul>\n<li><a href=\"https:\/\/www.wasaline.com\/fi\/laivalla\/hytit\/\">Hytit<\/a><\/li>\n<li><a href=\"https:\/\/www.wasaline.com\/fi\/ruoka-ja-juoma\/saaristolaispoyta\/\">Saaristolaisp\u00f6yt\u00e4<\/a><\/li>\n<li><a href=\"https:\/\/www.wasaline.com\/fi\/ruoka-ja-juoma\/bistro-botnia\/\">Bistro Botnia<\/a><\/li>\n<li><a href=\"https:\/\/www.wasaline.com\/fi\/ruoka-ja-juoma\/kahvila\/\">Kahvila<\/a><\/li>\n<\/ul>\n<\/div><\/section>\n\n<style type=\"text\/css\" data-created_by=\"avia_inline_auto\" id=\"style-css-av-mhlzfj93-4945e3cb934d6b4661c54783f66f6235\">\n#top .av-special-heading.av-mhlzfj93-4945e3cb934d6b4661c54783f66f6235{\npadding-bottom:10px;\n}\nbody .av-special-heading.av-mhlzfj93-4945e3cb934d6b4661c54783f66f6235 .av-special-heading-tag .heading-char{\nfont-size:25px;\n}\n.av-special-heading.av-mhlzfj93-4945e3cb934d6b4661c54783f66f6235 .av-subheading{\nfont-size:15px;\n}\n<\/style>\n<div  class='av-special-heading av-mhlzfj93-4945e3cb934d6b4661c54783f66f6235 av-special-heading-h2 blockquote modern-quote  avia-builder-el-5  el_after_av_textblock  el_before_av_textblock '><h2 class='av-special-heading-tag '  itemprop=\"headline\"  >Virtuaalinen kierros<\/h2><div class=\"special-heading-border\"><div class=\"special-heading-inner-border\"><\/div><\/div><\/div>\n<section  class='av_textblock_section av-kw3wfx7m-b1157739aca9112ee048cd7db70430cc '   itemscope=\"itemscope\" itemtype=\"https:\/\/schema.org\/CreativeWork\" ><div class='avia_textblock'  itemprop=\"text\" ><p style=\"text-align: left;\"><a href=\"https:\/\/www.wasaline.com\/fi\/laivamme\/360-kuvat\/\">Katso 360 asteen kuvia Aurora Botnialta \u2192<\/a><\/p>\n<\/div><\/section>\n\n<style type=\"text\/css\" data-created_by=\"avia_inline_auto\" id=\"style-css-av-mhlzfahk-33bca25b024b27a31400967f4e05a187\">\n#top .av-special-heading.av-mhlzfahk-33bca25b024b27a31400967f4e05a187{\npadding-bottom:10px;\n}\nbody .av-special-heading.av-mhlzfahk-33bca25b024b27a31400967f4e05a187 .av-special-heading-tag .heading-char{\nfont-size:25px;\n}\n.av-special-heading.av-mhlzfahk-33bca25b024b27a31400967f4e05a187 .av-subheading{\nfont-size:15px;\n}\n<\/style>\n<div  class='av-special-heading av-mhlzfahk-33bca25b024b27a31400967f4e05a187 av-special-heading-h2 blockquote modern-quote  avia-builder-el-7  el_after_av_textblock  el_before_av_textblock '><h2 class='av-special-heading-tag '  itemprop=\"headline\"  >Tekniset tiedot<\/h2><div class=\"special-heading-border\"><div class=\"special-heading-inner-border\"><\/div><\/div><\/div>\n<section  class='av_textblock_section av-mhlvnrdw-95697a0066ac0b8f039ee60e6d494638 '   itemscope=\"itemscope\" itemtype=\"https:\/\/schema.org\/CreativeWork\" ><div class='avia_textblock'  itemprop=\"text\" ><ul>\n<li>Mitat: 150,0 x 26,00 x 6,10 m<\/li>\n<li>GT\/ DWT. 24300\/ 3500<\/li>\n<li>Moottorit: 4x W\u00e4rtsil\u00e4 8V31DF<\/li>\n<li>Akkukapasiteetti: 12,6 MWh<\/li>\n<li>Matkustajia: 935<\/li>\n<li>Kaistametrit: 1500<\/li>\n<li>Hyttej\u00e4: 68<\/li>\n<li>Nopeus: 20 solmua<\/li>\n<li>Matkustajakansia: 2<\/li>\n<\/ul>\n<\/div><\/section>\n[av_section min_height='' min_height_pc='25' min_height_px='500px' shadow='no-border-styling' bottom_border='no-border-styling' bottom_border_diagonal_color='#333333' bottom_border_diagonal_direction='' bottom_border_style='' padding='default' custom_margin='0px' custom_margin_sync='true' av-desktop-custom_margin='' av-desktop-custom_margin_sync='true' av-medium-custom_margin='' av-medium-custom_margin_sync='true' av-small-custom_margin='' av-small-custom_margin_sync='true' av-mini-custom_margin='' av-mini-custom_margin_sync='true' svg_div_top='' svg_div_top_color='#333333' svg_div_top_width='100' svg_div_top_height='50' svg_div_top_max_height='none' svg_div_top_opacity='' svg_div_bottom='' svg_div_bottom_color='#333333' svg_div_bottom_width='100' svg_div_bottom_height='50' svg_div_bottom_max_height='none' svg_div_bottom_opacity='' fold_type='' fold_height='' fold_more='L\u00e4s mer' fold_less='Read less' fold_text_style='' fold_btn_align='' color='main_color' background='bg_color' custom_bg='#f0f0f0' background_gradient_direction='vertical' background_gradient_color1='#000000' background_gradient_color2='#ffffff' background_gradient_color3='' src='' attachment='' attachment_size='' src_dynamic='' attach='scroll' position='top left' repeat='no-repeat' video='' video_ratio='16:9' overlay_opacity='0.5' overlay_color='' overlay_pattern='' overlay_custom_pattern='' custom_arrow_bg='' fold_overlay_color='' fold_text_color='' fold_btn_color='theme-color' fold_btn_bg_color='' fold_btn_font_color='' size-btn-text='' av-desktop-font-size-btn-text='' av-medium-font-size-btn-text='' av-small-font-size-btn-text='' av-mini-font-size-btn-text='' fold_timer='' z_index_fold='' css_position_z_index='' av-desktop-css_position_z_index='' av-medium-css_position_z_index='' av-small-css_position_z_index='' av-mini-css_position_z_index='' id='' custom_class='' template_class='' aria_label='' element_template='' one_element_template='' av_element_hidden_in_editor='0' av_uid='av-mazcoklz' sc_version='1.0']\r\n\r\n[av_textblock fold_type='' fold_height='' fold_more='L\u00e4s mer' fold_less='Read less' fold_text_style='' fold_btn_align='' textblock_styling_align='center' textblock_styling='' textblock_styling_gap='' textblock_styling_mobile='' size='' av-desktop-font-size='' av-medium-font-size='' av-small-font-size='' av-mini-font-size='' font_color='' color='' fold_overlay_color='' fold_text_color='' fold_btn_color='theme-color' fold_btn_bg_color='' fold_btn_font_color='' size-btn-text='' av-desktop-font-size-btn-text='' av-medium-font-size-btn-text='' av-small-font-size-btn-text='' av-mini-font-size-btn-text='' fold_timer='' z_index_fold='' id='' custom_class='' template_class='' element_template='' one_element_template='' av_uid='av-mazcpl1g' sc_version='1.0' admin_preview_bg='']\r\nTutustu kaikkiin matkatyyppeihimme ja l\u00f6yd\u00e4 seuraava matkasi Wasalinella:\r\n[\/av_textblock]\r\n\r\n[av_buttonrow alignment='center' button_spacing='5' button_spacing_unit='px' size-btn-text='' av-desktop-font-size-btn-text='' av-medium-font-size-btn-text='' av-small-font-size-btn-text='' av-mini-font-size-btn-text='' text-padding='' text-padding_sync='true' av-desktop-text-padding='' av-desktop-text-padding_sync='true' av-medium-text-padding='' av-medium-text-padding_sync='true' av-small-text-padding='' av-small-text-padding_sync='true' av-mini-text-padding='' av-mini-text-padding_sync='true' alb_description='' id='' custom_class='' template_class='' element_template='' one_element_template='' av_uid='av-mazcrfrp' sc_version='1.0' admin_preview_bg='']\r\n[av_buttonrow_item label='Reittimatkat' icon_select='no' icon='ue841' font='entypo-fontello' title_attr='' link='page,56100' link_dynamic='' link_target='' size='large' label_display='' size-text='' av-desktop-font-size-text='' av-medium-font-size-text='' av-small-font-size-text='' av-mini-font-size-text='' btn-padding='' btn-padding_sync='true' av-desktop-btn-padding='' av-desktop-btn-padding_sync='true' av-medium-btn-padding='' av-medium-btn-padding_sync='true' av-small-btn-padding='' av-small-btn-padding_sync='true' av-mini-btn-padding='' av-mini-btn-padding_sync='true' color_options='' color='theme-color' custom_bg='#444444' custom_font='#ffffff' btn_color_bg='theme-color' btn_custom_grad_direction='vertical' btn_custom_grad_1='#000000' btn_custom_grad_2='#ffffff' btn_custom_grad_3='' btn_custom_grad_opacity='0.7' btn_custom_bg='#444444' btn_color_bg_hover='theme-color-highlight' btn_custom_bg_hover='#444444' btn_color_font='theme-color' btn_custom_font='#ffffff' btn_color_font_hover='white' btn_custom_font_hover='#ffffff' border='' border_width='' border_width_sync='true' border_color='' border_radius='' border_radius_sync='true' box_shadow='' box_shadow_style='0px,0px,0px,0px' box_shadow_color='' hover_opacity='' sonar_effect_effect='' sonar_effect_color='' sonar_effect_duration='1' sonar_effect_scale='' sonar_effect_opac='0.5' element_template='' one_element_template='' av_uid='av-mazcqd3k' sc_version='1.0']\r\n[av_buttonrow_item label='P\u00e4iv\u00e4risteilyt' icon_select='no' icon='ue841' font='entypo-fontello' title_attr='' link='page,74651' link_dynamic='' link_target='' size='large' label_display='' size-text='' av-desktop-font-size-text='' av-medium-font-size-text='' av-small-font-size-text='' av-mini-font-size-text='' btn-padding='' btn-padding_sync='true' av-desktop-btn-padding='' av-desktop-btn-padding_sync='true' av-medium-btn-padding='' av-medium-btn-padding_sync='true' av-small-btn-padding='' av-small-btn-padding_sync='true' av-mini-btn-padding='' av-mini-btn-padding_sync='true' color_options='' color='theme-color' custom_bg='#444444' custom_font='#ffffff' btn_color_bg='theme-color' btn_custom_grad_direction='vertical' btn_custom_grad_1='#000000' btn_custom_grad_2='#ffffff' btn_custom_grad_3='' btn_custom_grad_opacity='0.7' btn_custom_bg='#444444' btn_color_bg_hover='theme-color-highlight' btn_custom_bg_hover='#444444' btn_color_font='theme-color' btn_custom_font='#ffffff' btn_color_font_hover='white' btn_custom_font_hover='#ffffff' border='' border_width='' border_width_sync='true' border_color='' border_radius='' border_radius_sync='true' box_shadow='' box_shadow_style='0px,0px,0px,0px' box_shadow_color='' hover_opacity='' sonar_effect_effect='' sonar_effect_color='' sonar_effect_duration='1' sonar_effect_scale='' sonar_effect_opac='0.5' element_template='' one_element_template='' av_uid='av-mazcqd3k-3' sc_version='1.0']\r\n[av_buttonrow_item label='Hotellipaketit' icon_select='no' icon='ue841' font='entypo-fontello' title_attr='' link='page,1391' link_dynamic='' link_target='' size='large' label_display='' size-text='' av-desktop-font-size-text='' av-medium-font-size-text='' av-small-font-size-text='' av-mini-font-size-text='' btn-padding='' btn-padding_sync='true' av-desktop-btn-padding='' av-desktop-btn-padding_sync='true' av-medium-btn-padding='' av-medium-btn-padding_sync='true' av-small-btn-padding='' av-small-btn-padding_sync='true' av-mini-btn-padding='' av-mini-btn-padding_sync='true' color_options='' color='theme-color' custom_bg='#444444' custom_font='#ffffff' btn_color_bg='theme-color' btn_custom_grad_direction='vertical' btn_custom_grad_1='#000000' btn_custom_grad_2='#ffffff' btn_custom_grad_3='' btn_custom_grad_opacity='0.7' btn_custom_bg='#444444' btn_color_bg_hover='theme-color-highlight' btn_custom_bg_hover='#444444' btn_color_font='theme-color' btn_custom_font='#ffffff' btn_color_font_hover='white' btn_custom_font_hover='#ffffff' border='' border_width='' border_width_sync='true' border_color='' border_radius='' border_radius_sync='true' box_shadow='' box_shadow_style='0px,0px,0px,0px' box_shadow_color='' hover_opacity='' sonar_effect_effect='' sonar_effect_color='' sonar_effect_duration='1' sonar_effect_scale='' sonar_effect_opac='0.5' element_template='' one_element_template='' av_uid='av-mazcqd3k-2' sc_version='1.0']\r\n[av_buttonrow_item label='Kampanjat' icon_select='no' icon='ue841' font='entypo-fontello' title_attr='' link='page,1360' link_dynamic='' link_target='' size='large' label_display='' size-text='' av-desktop-font-size-text='' av-medium-font-size-text='' av-small-font-size-text='' av-mini-font-size-text='' btn-padding='' btn-padding_sync='true' av-desktop-btn-padding='' av-desktop-btn-padding_sync='true' av-medium-btn-padding='' av-medium-btn-padding_sync='true' av-small-btn-padding='' av-small-btn-padding_sync='true' av-mini-btn-padding='' av-mini-btn-padding_sync='true' color_options='' color='theme-color' custom_bg='#444444' custom_font='#ffffff' btn_color_bg='theme-color' btn_custom_grad_direction='vertical' btn_custom_grad_1='#000000' btn_custom_grad_2='#ffffff' btn_custom_grad_3='' btn_custom_grad_opacity='0.7' btn_custom_bg='#444444' btn_color_bg_hover='theme-color-highlight' btn_custom_bg_hover='#444444' btn_color_font='theme-color' btn_custom_font='#ffffff' btn_color_font_hover='white' btn_custom_font_hover='#ffffff' border='' border_width='' border_width_sync='true' border_color='' border_radius='' border_radius_sync='true' box_shadow='' box_shadow_style='0px,0px,0px,0px' box_shadow_color='' hover_opacity='' sonar_effect_effect='' sonar_effect_color='' sonar_effect_duration='1' sonar_effect_scale='' sonar_effect_opac='0.5' element_template='' one_element_template='' av_uid='av-mazcqd3k-1' sc_version='1.0']\r\n[\/av_buttonrow]\r\n\r\n[\/av_section]\n","protected":false},"excerpt":{"rendered":"","protected":false},"author":1,"featured_media":78147,"parent":0,"menu_order":0,"comment_status":"closed","ping_status":"closed","template":"","meta":{"_acf_changed":false,"footnotes":""},"class_list":["post-386","page","type-page","status-publish","has-post-thumbnail","hentry"],"acf":[],"publishpress_future_action":{"enabled":false,"date":"2026-05-12 21:34:48","action":"change-status","newStatus":"draft","terms":[],"taxonomy":"translation_priority","extraData":[]},"publishpress_future_workflow_manual_trigger":{"enabledWorkflows":[]},"_links":{"self":[{"href":"https:\/\/www.wasaline.com\/fi\/wp-json\/wp\/v2\/pages\/386","targetHints":{"allow":["GET"]}}],"collection":[{"href":"https:\/\/www.wasaline.com\/fi\/wp-json\/wp\/v2\/pages"}],"about":[{"href":"https:\/\/www.wasaline.com\/fi\/wp-json\/wp\/v2\/types\/page"}],"author":[{"embeddable":true,"href":"https:\/\/www.wasaline.com\/fi\/wp-json\/wp\/v2\/users\/1"}],"replies":[{"embeddable":true,"href":"https:\/\/www.wasaline.com\/fi\/wp-json\/wp\/v2\/comments?post=386"}],"version-history":[{"count":22,"href":"https:\/\/www.wasaline.com\/fi\/wp-json\/wp\/v2\/pages\/386\/revisions"}],"predecessor-version":[{"id":80635,"href":"https:\/\/www.wasaline.com\/fi\/wp-json\/wp\/v2\/pages\/386\/revisions\/80635"}],"wp:featuredmedia":[{"embeddable":true,"href":"https:\/\/www.wasaline.com\/fi\/wp-json\/wp\/v2\/media\/78147"}],"wp:attachment":[{"href":"https:\/\/www.wasaline.com\/fi\/wp-json\/wp\/v2\/media?parent=386"}],"curies":[{"name":"wp","href":"https:\/\/api.w.org\/{rel}","templated":true}]}}