{"id":38655,"date":"2023-05-22T08:56:25","date_gmt":"2023-05-22T06:56:25","guid":{"rendered":"https:\/\/www.wasaline.com\/?page_id=38655"},"modified":"2026-03-16T14:14:49","modified_gmt":"2026-03-16T12:14:49","slug":"asiakaskysely","status":"publish","type":"page","link":"https:\/\/www.wasaline.com\/fi\/asiakaskysely\/","title":{"rendered":"Asiakaskysely"},"content":{"rendered":"<div  class='flex_column av-1rtovlr-65316a7b38b63ef1818b9e416398f430 av_one_full  avia-builder-el-0  el_before_av_one_full  avia-builder-el-first  first flex_column_div  '     ><style type=\"text\/css\" data-created_by=\"avia_inline_auto\" id=\"style-css-av-lhyh45s5-623e831169dfcaaff13b5c3b2c020e76\">\n.avia-image-container.av-lhyh45s5-623e831169dfcaaff13b5c3b2c020e76 img.avia_image{\nbox-shadow:none;\n}\n.avia-image-container.av-lhyh45s5-623e831169dfcaaff13b5c3b2c020e76 .av-image-caption-overlay-center{\ncolor:#ffffff;\n}\n<\/style>\n<div  class='avia-image-container av-lhyh45s5-623e831169dfcaaff13b5c3b2c020e76 av-styling- avia-align-left  avia-builder-el-1  avia-builder-el-no-sibling '   itemprop=\"image\" itemscope=\"itemscope\" itemtype=\"https:\/\/schema.org\/ImageObject\" ><div class=\"avia-image-container-inner\"><div class=\"avia-image-overlay-wrap\"><img decoding=\"async\" fetchpriority=\"high\" class='wp-image-26803 avia-img-lazy-loading-not-26803 avia_image ' src=\"https:\/\/www.wasaline.com\/wp-content\/uploads\/2022\/10\/wasaline_logo_blue_RGB-1030x189-1-300x55.png\" alt='Wasaline logo blue' title='Wasaline logo blue'  height=\"55\" width=\"300\"  itemprop=\"thumbnailUrl\" srcset=\"https:\/\/www.wasaline.com\/wp-content\/uploads\/2022\/10\/wasaline_logo_blue_RGB-1030x189-1-300x55.png 300w, https:\/\/www.wasaline.com\/wp-content\/uploads\/2022\/10\/wasaline_logo_blue_RGB-1030x189-1-768x141.png 768w, https:\/\/www.wasaline.com\/wp-content\/uploads\/2022\/10\/wasaline_logo_blue_RGB-1030x189-1-705x129.png 705w, https:\/\/www.wasaline.com\/wp-content\/uploads\/2022\/10\/wasaline_logo_blue_RGB-1030x189-1.png 1030w\" sizes=\"(max-width: 300px) 100vw, 300px\" \/><\/div><\/div><\/div><\/div>\n<div  class='flex_column av-1bjymnz-7ec04d542ed2036e989dad57822cacc1 av_one_full  avia-builder-el-2  el_after_av_one_full  el_before_av_one_full  first flex_column_div  column-top-margin'     ><p>\n<style type=\"text\/css\" data-created_by=\"avia_inline_auto\" id=\"style-css-av-lhyh5su1-dc5c9f56c904ac6eb275e18c7bef4221\">\n#top .av-special-heading.av-lhyh5su1-dc5c9f56c904ac6eb275e18c7bef4221{\npadding-bottom:10px;\n}\nbody .av-special-heading.av-lhyh5su1-dc5c9f56c904ac6eb275e18c7bef4221 .av-special-heading-tag .heading-char{\nfont-size:25px;\n}\n.av-special-heading.av-lhyh5su1-dc5c9f56c904ac6eb275e18c7bef4221 .av-subheading{\nfont-size:15px;\n}\n<\/style>\n<div  class='av-special-heading av-lhyh5su1-dc5c9f56c904ac6eb275e18c7bef4221 av-special-heading-h1  avia-builder-el-3  el_before_av_textblock  avia-builder-el-first '><h1 class='av-special-heading-tag '  itemprop=\"headline\"  >Wasalinen asiakaskysely<\/h1><div class=\"special-heading-border\"><div class=\"special-heading-inner-border\"><\/div><\/div><\/div><br \/>\n<section  class='av_textblock_section av-lhyhlwti-f272b30ca916e0178568d9075c9c925b '   itemscope=\"itemscope\" itemtype=\"https:\/\/schema.org\/CreativeWork\" ><div class='avia_textblock'  itemprop=\"text\" ><p>Wasaline on kutsunut sinut vastaamaan muutamaan matkaasi koskevaan kysymykseen.<\/p>\n<p>Vastaaminen kest\u00e4\u00e4 vain muutamia minuutteja. Vastauksesi k\u00e4sitell\u00e4\u00e4n anonyymisti.<\/p>\n<p>Kyselylomakkeen l\u00e4hett\u00e4misen j\u00e4lkeen voit osallistua arvontaan, jonka palkintona on 2 kpl Wasalinen lahjakorttia. Palkinnon arvo on 164\u20ac\/1804 SEK.<\/p>\n<\/div><\/section><br \/>\n<div  class='avia-buttonrow-wrap av-lhyi623t-e27d29d3b7b978f3cd39b3013579bda1 avia-buttonrow-left  avia-builder-el-5  el_after_av_textblock  avia-builder-el-last '>\n\n<style type=\"text\/css\" data-created_by=\"avia_inline_auto\" id=\"style-css-av-lhyi5c8d-bb6ba5bb935504d7bfdd742a9324b00b\">\n#top #wrap_all .avia-button.av-lhyi5c8d-bb6ba5bb935504d7bfdd742a9324b00b{\nmargin-bottom:5px;\nmargin-right:5px;\n}\n<\/style>\n<a href='https:\/\/www.wasaline.com\/kundundersokning\/'  class='avia-button av-lhyi5c8d-bb6ba5bb935504d7bfdd742a9324b00b avia-icon_select-no avia-size-medium avia-color-theme-color'   aria-label=\"Svara p\u00e5 svenska\"><span class='avia_iconbox_title' >Svara p\u00e5 svenska<\/span><\/a>\n\n<style type=\"text\/css\" data-created_by=\"avia_inline_auto\" id=\"style-css-av-lhyi5xyr-5bc0513c9677c47edb14838aabe7f5fd\">\n#top #wrap_all .avia-button.av-lhyi5xyr-5bc0513c9677c47edb14838aabe7f5fd{\nmargin-bottom:5px;\nmargin-right:5px;\n}\n<\/style>\n<a href='https:\/\/www.wasaline.com\/en\/customer-survey\/'  class='avia-button av-lhyi5xyr-5bc0513c9677c47edb14838aabe7f5fd avia-icon_select-no avia-size-medium avia-color-theme-color'   aria-label=\"Answer in English\"><span class='avia_iconbox_title' >Answer in English<\/span><\/a>\n<\/div><\/p><\/div><div  class='flex_column av-tfujrz-0665023f1755df97a3d9dfa678356c19 av_one_full  avia-builder-el-6  el_after_av_one_full  el_before_av_one_full  first flex_column_div  column-top-margin'     ><br \/>\n<section  class='av_textblock_section av-li2wl570-96c5b5e9a85d88e70e87e05b9944bb7d '   itemscope=\"itemscope\" itemtype=\"https:\/\/schema.org\/CreativeWork\" ><div class='avia_textblock'  itemprop=\"text\" ><p>Vastaamisaika on p\u00e4\u00e4ttynyt. Kiit\u00e4mme kaikkia osallistuneita!<\/p>\n<\/div><\/section><\/p><\/div><\/p>\n<div  class='flex_column av-kwa0nz-a2975462c88c80ef838dcaa8bb95c3b9 av_one_full  avia-builder-el-9  el_after_av_one_full  avia-builder-el-last  first flex_column_div  column-top-margin'     ><section  class='av_textblock_section av-mekzxw2h-4b2a60c0a43dcde5e63e4499e2098b2f '   itemscope=\"itemscope\" itemtype=\"https:\/\/schema.org\/CreativeWork\" ><div class='avia_textblock'  itemprop=\"text\" ><p>Tarkista ennen l\u00e4hett\u00e4mist\u00e4, ett\u00e4 olet vastannut punaisella asteriskilla merkittyihin, pakollisiin kysymyksiin <span style=\"color: #ff0000;\">*<\/span><\/p>\n<p>L\u00e4hett\u00e4misen j\u00e4lkeen sinut ohjataan arvontalomakkeeseen.<\/p>\n<\/div><\/section><\/div>\n","protected":false},"excerpt":{"rendered":"","protected":false},"author":4,"featured_media":0,"parent":0,"menu_order":0,"comment_status":"closed","ping_status":"closed","template":"","meta":{"_acf_changed":false,"footnotes":""},"class_list":["post-38655","page","type-page","status-publish","hentry"],"acf":[],"publishpress_future_action":{"enabled":false,"date":"2026-04-12 16:49:19","action":"change-status","newStatus":"draft","terms":[],"taxonomy":"translation_priority","extraData":[]},"publishpress_future_workflow_manual_trigger":{"enabledWorkflows":[]},"_links":{"self":[{"href":"https:\/\/www.wasaline.com\/fi\/wp-json\/wp\/v2\/pages\/38655","targetHints":{"allow":["GET"]}}],"collection":[{"href":"https:\/\/www.wasaline.com\/fi\/wp-json\/wp\/v2\/pages"}],"about":[{"href":"https:\/\/www.wasaline.com\/fi\/wp-json\/wp\/v2\/types\/page"}],"author":[{"embeddable":true,"href":"https:\/\/www.wasaline.com\/fi\/wp-json\/wp\/v2\/users\/4"}],"replies":[{"embeddable":true,"href":"https:\/\/www.wasaline.com\/fi\/wp-json\/wp\/v2\/comments?post=38655"}],"version-history":[{"count":18,"href":"https:\/\/www.wasaline.com\/fi\/wp-json\/wp\/v2\/pages\/38655\/revisions"}],"predecessor-version":[{"id":80898,"href":"https:\/\/www.wasaline.com\/fi\/wp-json\/wp\/v2\/pages\/38655\/revisions\/80898"}],"wp:attachment":[{"href":"https:\/\/www.wasaline.com\/fi\/wp-json\/wp\/v2\/media?parent=38655"}],"curies":[{"name":"wp","href":"https:\/\/api.w.org\/{rel}","templated":true}]}}