{"id":404,"date":"2022-07-07T08:48:46","date_gmt":"2022-07-07T06:48:46","guid":{"rendered":"https:\/\/www.wasaline.com\/?page_id=404"},"modified":"2024-12-16T22:18:12","modified_gmt":"2024-12-16T20:18:12","slug":"usein-kysytyt-kysymykset","status":"publish","type":"page","link":"https:\/\/www.wasaline.com\/fi\/usein-kysytyt-kysymykset\/","title":{"rendered":"Usein kysytyt kysymykset"},"content":{"rendered":"\n<style type=\"text\/css\" data-created_by=\"avia_inline_auto\" id=\"style-css-av-l95evu5z-1e3645657d57cc50019160ce5dfa0663\">\n#top .av-special-heading.av-l95evu5z-1e3645657d57cc50019160ce5dfa0663{\npadding-bottom:10px;\n}\nbody .av-special-heading.av-l95evu5z-1e3645657d57cc50019160ce5dfa0663 .av-special-heading-tag .heading-char{\nfont-size:25px;\n}\n.av-special-heading.av-l95evu5z-1e3645657d57cc50019160ce5dfa0663 .av-subheading{\nfont-size:15px;\n}\n<\/style>\n<div  class='av-special-heading av-l95evu5z-1e3645657d57cc50019160ce5dfa0663 av-special-heading-h1 blockquote modern-quote  avia-builder-el-0  el_before_av_one_full  avia-builder-el-first '><h1 class='av-special-heading-tag '  itemprop=\"headline\"  >Usein kysytyt kysymykset<\/h1><div class=\"special-heading-border\"><div class=\"special-heading-inner-border\"><\/div><\/div><\/div>\n\n<style type=\"text\/css\" data-created_by=\"avia_inline_auto\" id=\"style-css-av-m0mvub7t-97ef37ff478cc9ff68ee566798199747\">\n.flex_column.av-m0mvub7t-97ef37ff478cc9ff68ee566798199747{\nborder-width:1px;\nborder-color:#003865;\nborder-style:solid;\npadding:12px 12px 12px 12px;\nbackground-color:#f9ebb1;\n}\n<\/style>\n<div  class='flex_column av-m0mvub7t-97ef37ff478cc9ff68ee566798199747 av_one_full  avia-builder-el-1  el_after_av_heading  avia-builder-el-last  first flex_column_div  '     ><p>\n<style type=\"text\/css\" data-created_by=\"avia_inline_auto\" id=\"style-css-av-m0mvuxub-23c3002ac714959ec2302d503e371c4f\">\n#top .av_textblock_section.av-m0mvuxub-23c3002ac714959ec2302d503e371c4f .avia_textblock{\ntext-align:center;\n}\n<\/style>\n<section  class='av_textblock_section av-m0mvuxub-23c3002ac714959ec2302d503e371c4f '   itemscope=\"itemscope\" itemtype=\"https:\/\/schema.org\/CreativeWork\" ><div class='avia_textblock'  itemprop=\"text\" ><p>Varaus- ja matkustusohjeemme ovat siirtyneet uuteen paikkaan:<\/p>\n<\/div><\/section><br \/>\n<div  class='avia-button-wrap av-m0mvvhze-6a9b8820ad5ef3b134b1875297118378-wrap avia-button-center  avia-builder-el-3  el_after_av_textblock  avia-builder-el-last '><a href='https:\/\/www.wasaline.com\/fi\/tarkeaa-tietoa\/'  class='avia-button av-m0mvvhze-6a9b8820ad5ef3b134b1875297118378 av-link-btn avia-icon_select-no avia-size-large avia-position-center avia-color-theme-color'   aria-label=\"T\u00e4rke\u00e4\u00e4 tietoa\"><span class='avia_iconbox_title' >T\u00e4rke\u00e4\u00e4 tietoa<\/span><\/a><\/div><\/p><\/div>\n","protected":false},"excerpt":{"rendered":"","protected":false},"author":1,"featured_media":0,"parent":0,"menu_order":0,"comment_status":"closed","ping_status":"closed","template":"","meta":{"_acf_changed":false,"footnotes":""},"class_list":["post-404","page","type-page","status-publish","hentry"],"acf":[],"publishpress_future_action":{"enabled":false,"date":"2026-04-22 07:26:45","action":"change-status","newStatus":"draft","terms":[],"taxonomy":"translation_priority","extraData":[]},"publishpress_future_workflow_manual_trigger":{"enabledWorkflows":[]},"_links":{"self":[{"href":"https:\/\/www.wasaline.com\/fi\/wp-json\/wp\/v2\/pages\/404","targetHints":{"allow":["GET"]}}],"collection":[{"href":"https:\/\/www.wasaline.com\/fi\/wp-json\/wp\/v2\/pages"}],"about":[{"href":"https:\/\/www.wasaline.com\/fi\/wp-json\/wp\/v2\/types\/page"}],"author":[{"embeddable":true,"href":"https:\/\/www.wasaline.com\/fi\/wp-json\/wp\/v2\/users\/1"}],"replies":[{"embeddable":true,"href":"https:\/\/www.wasaline.com\/fi\/wp-json\/wp\/v2\/comments?post=404"}],"version-history":[{"count":21,"href":"https:\/\/www.wasaline.com\/fi\/wp-json\/wp\/v2\/pages\/404\/revisions"}],"predecessor-version":[{"id":67634,"href":"https:\/\/www.wasaline.com\/fi\/wp-json\/wp\/v2\/pages\/404\/revisions\/67634"}],"wp:attachment":[{"href":"https:\/\/www.wasaline.com\/fi\/wp-json\/wp\/v2\/media?parent=404"}],"curies":[{"name":"wp","href":"https:\/\/api.w.org\/{rel}","templated":true}]}}