{"id":413,"date":"2022-07-07T08:49:47","date_gmt":"2022-07-07T06:49:47","guid":{"rendered":"https:\/\/www.wasaline.com\/?page_id=413"},"modified":"2025-04-28T20:21:50","modified_gmt":"2025-04-28T18:21:50","slug":"jatkoyhteysliikenne-vaasassa","status":"publish","type":"page","link":"https:\/\/www.wasaline.com\/fi\/jatkoyhteysliikenne-vaasassa\/","title":{"rendered":"Jatkoyhteysliikenne Vaasassa"},"content":{"rendered":"<div  class='flex_column av-av_one_full-01f644d0804b0fcad59e148d39d81d1d av_one_full  avia-builder-el-0  el_before_av_one_half  avia-builder-el-first  first flex_column_div  '     ><style type=\"text\/css\" data-created_by=\"avia_inline_auto\" id=\"style-css-av-2u61mc-0afb68abeae343d77014716c9f1a0f29\">\n#top .av-special-heading.av-2u61mc-0afb68abeae343d77014716c9f1a0f29{\npadding-bottom:10px;\n}\nbody .av-special-heading.av-2u61mc-0afb68abeae343d77014716c9f1a0f29 .av-special-heading-tag .heading-char{\nfont-size:25px;\n}\n.av-special-heading.av-2u61mc-0afb68abeae343d77014716c9f1a0f29 .av-subheading{\nfont-size:15px;\n}\n<\/style>\n<div  class='av-special-heading av-2u61mc-0afb68abeae343d77014716c9f1a0f29 av-special-heading-h1 blockquote modern-quote modern-centered  avia-builder-el-1  avia-builder-el-no-sibling  av-linked-heading'><h1 class='av-special-heading-tag '  itemprop=\"headline\"  >Jatkoyhteysliikenne Vaasassa<\/h1><div class=\"special-heading-border\"><div class=\"special-heading-inner-border\"><\/div><\/div><\/div><\/div>\n\n<style type=\"text\/css\" data-created_by=\"avia_inline_auto\" id=\"style-css-av-3z0t5g-0d3a9e297fbae62c4d3de8294ab7d745\">\n.flex_column.av-3z0t5g-0d3a9e297fbae62c4d3de8294ab7d745{\nborder-radius:0px 0px 0px 0px;\npadding:0px 0px 0px 0px;\n}\n<\/style>\n<div  class='flex_column av-3z0t5g-0d3a9e297fbae62c4d3de8294ab7d745 av_one_half  avia-builder-el-2  el_after_av_one_full  el_before_av_one_half  first flex_column_div av-zero-column-padding  column-top-margin'     ><p>\n<style type=\"text\/css\" data-created_by=\"avia_inline_auto\" id=\"style-css-av-kex9lfwa-6a77461fb3f1e89e34f6ac462f481d49\">\n#top .av-special-heading.av-kex9lfwa-6a77461fb3f1e89e34f6ac462f481d49{\npadding-bottom:10px;\n}\nbody .av-special-heading.av-kex9lfwa-6a77461fb3f1e89e34f6ac462f481d49 .av-special-heading-tag .heading-char{\nfont-size:25px;\n}\n.av-special-heading.av-kex9lfwa-6a77461fb3f1e89e34f6ac462f481d49 .av-subheading{\nfont-size:15px;\n}\n<\/style>\n<div  class='av-special-heading av-kex9lfwa-6a77461fb3f1e89e34f6ac462f481d49 av-special-heading-h2 blockquote modern-quote  avia-builder-el-3  el_before_av_textblock  avia-builder-el-first  av-linked-heading'><h2 class='av-special-heading-tag '  itemprop=\"headline\"  >Bussi satamaan<\/h2><div class=\"special-heading-border\"><div class=\"special-heading-inner-border\"><\/div><\/div><\/div><br \/>\n<section  class='av_textblock_section av-k2vor1bv-e9926d5b1e98f9c4829925e73380d211 '   itemscope=\"itemscope\" itemtype=\"https:\/\/schema.org\/CreativeWork\" ><div class='avia_textblock'  itemprop=\"text\" ><p>Vaasassa on Wasabusin liikenn\u00f6im\u00e4 linja-autoyhteys 13 keskustan ja sataman v\u00e4lill\u00e4. <span class=\"s1\">Yhteysliikenne ei sis\u00e4lly Wasalinen matkalipun hintaan. <\/span><\/p>\n<p style=\"font-style: inherit; font-weight: inherit;\">Vaasan paikallisliikenteen Waltti-mobiilisovellus (<a href=\"https:\/\/apps.apple.com\/fi\/app\/waltti-mobiili\/id1467878273?l=fi\">App Store<\/a>\/<a href=\"https:\/\/play.google.com\/store\/apps\/details?id=waltti.com.mobiili&amp;hl=fi&amp;gl=US&amp;pli=1\">Google Play<\/a>) k\u00e4y maksuv\u00e4lineen\u00e4. Sovelluksella yksi henkil\u00f6 voi ostaa matkan koko seurueelle. L\u00e4himaksuominaisuudella varustettu pankkikortti k\u00e4y my\u00f6s bussissa, mutta kortilla voi kerralla maksaa vain yhden henkil\u00f6n matkan. K\u00e4teisell\u00e4 matkalipun voi maksaa ainoastaan euroilla.<\/p>\n<p style=\"font-style: inherit; font-weight: inherit;\"><a href=\"https:\/\/www.vaasa.fi\/asu-ja-ela\/liikenne-ja-kadut\/joukkoliikenne\/liput-ja-myyntipisteet\/\" target=\"_blank\" rel=\"noopener\">Katso hinnasto Vaasan kaupungin verkkosivuilta \u2192<\/a><\/p>\n<p style=\"font-style: inherit; font-weight: inherit;\"><strong>Satamaan:<\/strong>\u00a0Bussi\u00a0l\u00e4htee Vaasan keskustasta 1 tunti ennen laivan l\u00e4ht\u00f6\u00e4.<br \/>\n<strong>Reitti:<\/strong> Maasilta* (Matkakeskus) \u2013 Vaasanpuistikko 17 (Galleria Wasa) &#8211;\u00a0 Vaasanpuistikko 7 (Kaupungintalo) \u2013 Tropiclandia (Scandic waskia) \u2013 Satama<\/p>\n<p style=\"font-style: inherit; font-weight: inherit;\"><strong>Keskustaan:<\/strong> Bussi l\u00e4htee satamasta noin 10 minuuttia laivan saapumisen j\u00e4lkeen**<br \/>\n<strong>Reitti:<\/strong> Satama \u2013 Tropiclandia (Scandic waskia) \u2013 Vaasanpuistikko 12 (Hallintotalo) \u2013 Vaasanpuistikko 18 (Kauppahalli) &#8211; Matkakeskus (Maasilta*)<\/p>\n<p>*) Bussi l\u00e4htee radan ylitt\u00e4v\u00e4lt\u00e4 sillalta. Matkakeskuksessa on hissi ja portaat sillalle<br \/>\n**) Iltoina, jolloin laiva tulee satamaan klo 00:00, 00:30, 01:00 tai 02:00, satamasta ei ole jatkoyhteytt\u00e4 keskustaan<\/p>\n<\/div><\/section><br \/>\n\n<style type=\"text\/css\" data-created_by=\"avia_inline_auto\" id=\"style-css-av-li4gc3oa-f3ff54ca1979c877ddcee893c3c9498f\">\n.avia-image-container.av-li4gc3oa-f3ff54ca1979c877ddcee893c3c9498f img.avia_image{\nbox-shadow:none;\n}\n.avia-image-container.av-li4gc3oa-f3ff54ca1979c877ddcee893c3c9498f .av-image-caption-overlay-center{\ncolor:#ffffff;\n}\n<\/style>\n<div  class='avia-image-container av-li4gc3oa-f3ff54ca1979c877ddcee893c3c9498f av-styling- av-img-linked avia-align-center  avia-builder-el-5  el_after_av_textblock  el_before_av_toggle_container '   itemprop=\"image\" itemscope=\"itemscope\" itemtype=\"https:\/\/schema.org\/ImageObject\" ><div class=\"avia-image-container-inner\"><div class=\"avia-image-overlay-wrap\"><a href=\"https:\/\/www.wasaline.com\/wp-content\/uploads\/2023\/05\/wasaline-transfer-map-vaasa-1030x515.jpg\" data-srcset=\"https:\/\/www.wasaline.com\/wp-content\/uploads\/2023\/05\/wasaline-transfer-map-vaasa-1030x515.jpg 1030w, https:\/\/www.wasaline.com\/wp-content\/uploads\/2023\/05\/wasaline-transfer-map-vaasa-300x150.jpg 300w, https:\/\/www.wasaline.com\/wp-content\/uploads\/2023\/05\/wasaline-transfer-map-vaasa-768x384.jpg 768w, https:\/\/www.wasaline.com\/wp-content\/uploads\/2023\/05\/wasaline-transfer-map-vaasa-705x353.jpg 705w, https:\/\/www.wasaline.com\/wp-content\/uploads\/2023\/05\/wasaline-transfer-map-vaasa.jpg 1040w\" data-sizes=\"(max-width: 1030px) 100vw, 1030px\" class='avia_image '  aria-label='wasaline-transfer-map-vaasa'><img decoding=\"async\" fetchpriority=\"high\" class='wp-image-38979 avia-img-lazy-loading-not-38979 avia_image ' src=\"https:\/\/www.wasaline.com\/wp-content\/uploads\/2023\/05\/wasaline-transfer-map-vaasa.jpg\" alt='Wasaline bus route to Vaasa terminal' title='wasaline-transfer-map-vaasa'  height=\"520\" width=\"1040\"  itemprop=\"thumbnailUrl\" srcset=\"https:\/\/www.wasaline.com\/wp-content\/uploads\/2023\/05\/wasaline-transfer-map-vaasa.jpg 1040w, https:\/\/www.wasaline.com\/wp-content\/uploads\/2023\/05\/wasaline-transfer-map-vaasa-300x150.jpg 300w, https:\/\/www.wasaline.com\/wp-content\/uploads\/2023\/05\/wasaline-transfer-map-vaasa-1030x515.jpg 1030w, https:\/\/www.wasaline.com\/wp-content\/uploads\/2023\/05\/wasaline-transfer-map-vaasa-768x384.jpg 768w, https:\/\/www.wasaline.com\/wp-content\/uploads\/2023\/05\/wasaline-transfer-map-vaasa-705x353.jpg 705w\" sizes=\"(max-width: 1040px) 100vw, 1040px\" \/><\/a><\/div><\/div><\/div><br \/>\n<div  class='togglecontainer av-lywuub3q-b2b0be7e7aa1d96a1e78b66d281ef532  avia-builder-el-6  el_after_av_image  el_before_av_heading  toggle_close_all' >\n<section class='av_toggle_section av-lywuu9qj-19534c796ceeb8352055f7b828680c8b'  itemscope=\"itemscope\" itemtype=\"https:\/\/schema.org\/CreativeWork\" ><div role=\"tablist\" class=\"single_toggle\" data-tags=\"{All} \"  ><p id='toggle-toggle-id-1' data-fake-id='#toggle-id-1' class='toggler  av-title-above '  itemprop=\"headline\"  role='tab' tabindex='0' aria-controls='toggle-id-1' data-slide-speed=\"200\" data-title=\"Liikenn\u00f6itsij\u00e4n yhteystiedot\" data-title-open=\"\" data-aria_collapsed=\"Click to expand: Liikenn\u00f6itsij\u00e4n yhteystiedot\" data-aria_expanded=\"Click to collapse: Liikenn\u00f6itsij\u00e4n yhteystiedot\">Liikenn\u00f6itsij\u00e4n yhteystiedot<span class=\"toggle_icon\"><span class=\"vert_icon\"><\/span><span class=\"hor_icon\"><\/span><\/span><\/p><div id='toggle-id-1' aria-labelledby='toggle-toggle-id-1' role='region' class='toggle_wrap  av-title-above'  ><div class='toggle_content invers-color '  itemprop=\"text\" ><p>Liikenneh\u00e4iri\u00f6t ja muut kysymykset Vaasan yhteysliikenteest\u00e4.<\/p>\n<p><strong>Wasabus p\u00e4ivystys puh. +358\u00a0500 776535<\/strong><\/p>\n<\/div><\/div><\/div><\/section>\n<\/div><br \/>\n\n<style type=\"text\/css\" data-created_by=\"avia_inline_auto\" id=\"style-css-av-lywuuyps-f6b97f38efcba3743364d2e6ef5837da\">\n#top .av-special-heading.av-lywuuyps-f6b97f38efcba3743364d2e6ef5837da{\npadding-bottom:10px;\n}\nbody .av-special-heading.av-lywuuyps-f6b97f38efcba3743364d2e6ef5837da .av-special-heading-tag .heading-char{\nfont-size:25px;\n}\n.av-special-heading.av-lywuuyps-f6b97f38efcba3743364d2e6ef5837da .av-subheading{\nfont-size:15px;\n}\n<\/style>\n<div  class='av-special-heading av-lywuuyps-f6b97f38efcba3743364d2e6ef5837da av-special-heading-h2 blockquote modern-quote  avia-builder-el-7  el_after_av_toggle_container  el_before_av_textblock  av-linked-heading'><h2 class='av-special-heading-tag '  itemprop=\"headline\"  >Juna + bussi<\/h2><div class=\"special-heading-border\"><div class=\"special-heading-inner-border\"><\/div><\/div><\/div><br \/>\n<section  class='av_textblock_section av-lywuy0mp-83052b8716a89a4c9bc3e2ac964b6fac '   itemscope=\"itemscope\" itemtype=\"https:\/\/schema.org\/CreativeWork\" ><div class='avia_textblock'  itemprop=\"text\" ><p>VR Matkalla -mobiilisovelluksen k\u00e4ytt\u00e4j\u00e4t voivat ostaa junamatkan ja paikallisliikenteen bussilipun samalla kertaa.<\/p>\n<p><a href=\"https:\/\/www.vr.fi\/matkaketjut\/paikallisliikenne\" target=\"_blank\" rel=\"noopener\">Lue ohjeet ja lataa sovellus (VR) \u2192<\/a><\/p>\n<\/div><\/section><\/p><\/div>\n<style type=\"text\/css\" data-created_by=\"avia_inline_auto\" id=\"style-css-av-303it0-bd13498e33f370c55a8ef3cd9cdb8dbd\">\n.flex_column.av-303it0-bd13498e33f370c55a8ef3cd9cdb8dbd{\nborder-radius:0px 0px 0px 0px;\npadding:0px 0px 0px 0px;\n}\n<\/style>\n<div  class='flex_column av-303it0-bd13498e33f370c55a8ef3cd9cdb8dbd av_one_half  avia-builder-el-9  el_after_av_one_half  avia-builder-el-last  flex_column_div av-zero-column-padding  column-top-margin'     ><p>\n<style type=\"text\/css\" data-created_by=\"avia_inline_auto\" id=\"style-css-av-kex9lkol-83eb2db94ac3a1cb8799058bff65bded\">\n#top .av-special-heading.av-kex9lkol-83eb2db94ac3a1cb8799058bff65bded{\npadding-bottom:10px;\n}\nbody .av-special-heading.av-kex9lkol-83eb2db94ac3a1cb8799058bff65bded .av-special-heading-tag .heading-char{\nfont-size:25px;\n}\n.av-special-heading.av-kex9lkol-83eb2db94ac3a1cb8799058bff65bded .av-subheading{\nfont-size:15px;\n}\n<\/style>\n<div  class='av-special-heading av-kex9lkol-83eb2db94ac3a1cb8799058bff65bded av-special-heading-h2 blockquote modern-quote  avia-builder-el-10  el_before_av_textblock  avia-builder-el-first  av-linked-heading'><h2 class='av-special-heading-tag '  itemprop=\"headline\"  >Taksi<\/h2><div class=\"special-heading-border\"><div class=\"special-heading-inner-border\"><\/div><\/div><\/div><br \/>\n<section  class='av_textblock_section av-kqqe3h1a-1568aec038dc88ccd1940f38ef9f8478 '   itemscope=\"itemscope\" itemtype=\"https:\/\/schema.org\/CreativeWork\" ><div class='avia_textblock'  itemprop=\"text\" ><p>Tilaa taksi numerosta <a href=\"tel:+35860030011\">+358 600 30011<\/a><br \/>\nPuhelun hinta: 1,50\u20ac\u00a0+ 0,25\u20ac \/ 10 sec<\/p>\n<p>Vaasan taksin voi tilata my\u00f6s 02 Taksi -sovelluksella (<a href=\"https:\/\/apps.apple.com\/fi\/app\/02taksi\/id1483173582\" target=\"_blank\" rel=\"noopener\">App Store<\/a>\/<a href=\"https:\/\/play.google.com\/store\/apps\/details?id=com.palvelut020202.taksi02\">Google Play<\/a>)<\/p>\n<\/div><\/section><br \/>\n\n<style type=\"text\/css\" data-created_by=\"avia_inline_auto\" id=\"style-css-av-lgm1pqll-05f69617fee2128e783da9d0377e52af\">\n#top .av-special-heading.av-lgm1pqll-05f69617fee2128e783da9d0377e52af{\npadding-bottom:10px;\n}\nbody .av-special-heading.av-lgm1pqll-05f69617fee2128e783da9d0377e52af .av-special-heading-tag .heading-char{\nfont-size:25px;\n}\n.av-special-heading.av-lgm1pqll-05f69617fee2128e783da9d0377e52af .av-subheading{\nfont-size:15px;\n}\n<\/style>\n<div  class='av-special-heading av-lgm1pqll-05f69617fee2128e783da9d0377e52af av-special-heading-h2 blockquote modern-quote  avia-builder-el-12  el_after_av_textblock  el_before_av_textblock  av-linked-heading'><h2 class='av-special-heading-tag '  itemprop=\"headline\"  >S\u00e4hk\u00f6potkulaudat<\/h2><div class=\"special-heading-border\"><div class=\"special-heading-inner-border\"><\/div><\/div><\/div><br \/>\n<section  class='av_textblock_section av-lgm1qyuy-1196bafe2eaff2396df45302fdd98dc9 '   itemscope=\"itemscope\" itemtype=\"https:\/\/schema.org\/CreativeWork\" ><div class='avia_textblock'  itemprop=\"text\" ><p><a href=\"https:\/\/ridedott.com\/\" target=\"_blank\" rel=\"noopener\">Dott<\/a>&#8211; ja <a href=\"https:\/\/www.ryde-technology.com\/\" target=\"_blank\" rel=\"noopener\">Ryde-s\u00e4hk\u00f6potkulaudat<\/a> toimivat Vaasassa kev\u00e4\u00e4st\u00e4 syksyyn. Terminaalin edess\u00e4 on s\u00e4hk\u00f6potkulautojen pys\u00e4k\u00f6intipiste.<\/p>\n<\/div><\/section><\/p><\/div><\/p>\n","protected":false},"excerpt":{"rendered":"","protected":false},"author":1,"featured_media":0,"parent":0,"menu_order":0,"comment_status":"closed","ping_status":"closed","template":"","meta":{"_acf_changed":false,"footnotes":""},"class_list":["post-413","page","type-page","status-publish","hentry"],"acf":[],"publishpress_future_action":{"enabled":false,"date":"2026-04-28 10:57:40","action":"change-status","newStatus":"draft","terms":[],"taxonomy":"translation_priority","extraData":[]},"publishpress_future_workflow_manual_trigger":{"enabledWorkflows":[]},"_links":{"self":[{"href":"https:\/\/www.wasaline.com\/fi\/wp-json\/wp\/v2\/pages\/413","targetHints":{"allow":["GET"]}}],"collection":[{"href":"https:\/\/www.wasaline.com\/fi\/wp-json\/wp\/v2\/pages"}],"about":[{"href":"https:\/\/www.wasaline.com\/fi\/wp-json\/wp\/v2\/types\/page"}],"author":[{"embeddable":true,"href":"https:\/\/www.wasaline.com\/fi\/wp-json\/wp\/v2\/users\/1"}],"replies":[{"embeddable":true,"href":"https:\/\/www.wasaline.com\/fi\/wp-json\/wp\/v2\/comments?post=413"}],"version-history":[{"count":22,"href":"https:\/\/www.wasaline.com\/fi\/wp-json\/wp\/v2\/pages\/413\/revisions"}],"predecessor-version":[{"id":73458,"href":"https:\/\/www.wasaline.com\/fi\/wp-json\/wp\/v2\/pages\/413\/revisions\/73458"}],"wp:attachment":[{"href":"https:\/\/www.wasaline.com\/fi\/wp-json\/wp\/v2\/media?parent=413"}],"curies":[{"name":"wp","href":"https:\/\/api.w.org\/{rel}","templated":true}]}}