{"id":422,"date":"2022-07-07T08:50:50","date_gmt":"2022-07-07T06:50:50","guid":{"rendered":"https:\/\/www.wasaline.com\/?page_id=422"},"modified":"2024-06-24T09:42:24","modified_gmt":"2024-06-24T07:42:24","slug":"jatkoyhteysliikenne-uumajassa","status":"publish","type":"page","link":"https:\/\/www.wasaline.com\/fi\/jatkoyhteysliikenne-uumajassa\/","title":{"rendered":"Jatkoyhteysliikenne Uumajassa"},"content":{"rendered":"<div  class='flex_column av-av_one_full-01f644d0804b0fcad59e148d39d81d1d av_one_full  avia-builder-el-0  el_before_av_one_full  avia-builder-el-first  first flex_column_div  '     ><p>\n<style type=\"text\/css\" data-created_by=\"avia_inline_auto\" id=\"style-css-av-amfng-c887668abab3b0b4826fe33dda471a66\">\n#top .av-special-heading.av-amfng-c887668abab3b0b4826fe33dda471a66{\npadding-bottom:10px;\n}\nbody .av-special-heading.av-amfng-c887668abab3b0b4826fe33dda471a66 .av-special-heading-tag .heading-char{\nfont-size:25px;\n}\n.av-special-heading.av-amfng-c887668abab3b0b4826fe33dda471a66 .av-subheading{\nfont-size:15px;\n}\n<\/style>\n<div  class='av-special-heading av-amfng-c887668abab3b0b4826fe33dda471a66 av-special-heading-h1 blockquote modern-quote modern-centered  avia-builder-el-1  el_before_av_hr  avia-builder-el-first  av-linked-heading'><h1 class='av-special-heading-tag '  itemprop=\"headline\"  >Jatkoyhteysliikenne Uumajassa<\/h1><div class=\"special-heading-border\"><div class=\"special-heading-inner-border\"><\/div><\/div><\/div><br \/>\n\n<style type=\"text\/css\" data-created_by=\"avia_inline_auto\" id=\"style-css-av-kevtrzxk-f3fc498e1db301a8246b915460355dc9\">\n#top .hr.hr-invisible.av-kevtrzxk-f3fc498e1db301a8246b915460355dc9{\nheight:15px;\n}\n<\/style>\n<div  class='hr av-kevtrzxk-f3fc498e1db301a8246b915460355dc9 hr-invisible  avia-builder-el-2  el_after_av_heading  avia-builder-el-last '><span class='hr-inner '><span class=\"hr-inner-style\"><\/span><\/span><\/div><\/p><\/div>\n<style type=\"text\/css\" data-created_by=\"avia_inline_auto\" id=\"style-css-av-3wfkoc-5647f66e12afd1f53b21deb3f73ba04b\">\n.flex_column.av-3wfkoc-5647f66e12afd1f53b21deb3f73ba04b{\nborder-radius:0px 0px 0px 0px;\npadding:0px 0px 0px 0px;\n}\n<\/style>\n<div  class='flex_column av-3wfkoc-5647f66e12afd1f53b21deb3f73ba04b av_one_full  avia-builder-el-3  el_after_av_one_full  el_before_av_one_half  first flex_column_div av-zero-column-padding  column-top-margin'     ><div  class='avia-button-wrap av-k4ig7xpq-ffcc2e84b71885c41c8eaa0e5402b3e1-wrap avia-button-center  avia-builder-el-4  avia-builder-el-no-sibling '><a href='https:\/\/wasaline.bybergnordin.se\/fi'  class='avia-button av-k4ig7xpq-ffcc2e84b71885c41c8eaa0e5402b3e1 av-link-btn avia-icon_select-no avia-size-x-large avia-position-center avia-color-theme-color'   aria-label=\"VARAA BUSSI &amp; REITTIKARTTA\"><span class='avia_iconbox_title' >VARAA BUSSI &amp; REITTIKARTTA<\/span><\/a><\/div><\/div><\/p>\n\n<style type=\"text\/css\" data-created_by=\"avia_inline_auto\" id=\"style-css-av-3wfkoc-5647f66e12afd1f53b21deb3f73ba04b\">\n.flex_column.av-3wfkoc-5647f66e12afd1f53b21deb3f73ba04b{\nborder-radius:0px 0px 0px 0px;\npadding:0px 0px 0px 0px;\n}\n<\/style>\n<div  class='flex_column av-3wfkoc-5647f66e12afd1f53b21deb3f73ba04b av_one_half  avia-builder-el-5  el_after_av_one_full  el_before_av_one_half  first flex_column_div av-zero-column-padding  column-top-margin'     ><p>\n<style type=\"text\/css\" data-created_by=\"avia_inline_auto\" id=\"style-css-av-lxso4ttd-a81ed4ac28fb5deca9f6027dec305f3a\">\n#top .av-special-heading.av-lxso4ttd-a81ed4ac28fb5deca9f6027dec305f3a{\npadding-bottom:10px;\n}\nbody .av-special-heading.av-lxso4ttd-a81ed4ac28fb5deca9f6027dec305f3a .av-special-heading-tag .heading-char{\nfont-size:25px;\n}\n.av-special-heading.av-lxso4ttd-a81ed4ac28fb5deca9f6027dec305f3a .av-subheading{\nfont-size:15px;\n}\n<\/style>\n<div  class='av-special-heading av-lxso4ttd-a81ed4ac28fb5deca9f6027dec305f3a av-special-heading-h2 blockquote modern-quote  avia-builder-el-6  el_before_av_textblock  avia-builder-el-first '><h2 class='av-special-heading-tag '  itemprop=\"headline\"  >Aikataulu<\/h2><div class=\"special-heading-border\"><div class=\"special-heading-inner-border\"><\/div><\/div><\/div><br \/>\n<section  class='av_textblock_section av-kex6w55l-12bedf91179ba653327557925ee70b03 '   itemscope=\"itemscope\" itemtype=\"https:\/\/schema.org\/CreativeWork\" ><div class='avia_textblock'  itemprop=\"text\" ><p class=\"p1\"><span class=\"s1\"><strong>Keskustasta laivalle:<\/strong> Yhteysliikenne l\u00e4htee \u00c5lidhemista 1 h 30 min<\/span><span class=\"s1\"> ennen laivan l\u00e4ht\u00f6\u00e4 ja ajaa keskustaan, josta l\u00e4ht\u00f6 1 h 20 min ennen laivan l\u00e4ht\u00f6\u00e4.<br \/>\n<\/span><\/p>\n<p><strong>Laivalta keskustaan<\/strong>: Yhteysliikenne l\u00e4htee terminaalista 15 minuuttia laivan saapumisen j\u00e4lkeen.<\/p>\n<p class=\"p1\"><span class=\"s1\"><strong>Viiv\u00e4stykset<\/strong>: Jos laivan l\u00e4ht\u00f6aika my\u00f6h\u00e4styy yli kolme tuntia, <\/span><span class=\"s1\">on yhteysliikenteen uusi l\u00e4ht\u00f6aika \u00c5lidhemin\u00a0<\/span><span class=\"s1\">keskustasta 60 minuuttia ennen laivan uutta l\u00e4ht\u00f6aikaa.<\/span><\/p>\n<\/div><\/section><br \/>\n\n<style type=\"text\/css\" data-created_by=\"avia_inline_auto\" id=\"style-css-av-lbz43e95-01882e93e6bcdf7c5495620f61fe8ccf\">\n.avia-image-container.av-lbz43e95-01882e93e6bcdf7c5495620f61fe8ccf img.avia_image{\nbox-shadow:none;\n}\n.avia-image-container.av-lbz43e95-01882e93e6bcdf7c5495620f61fe8ccf .av-image-caption-overlay-center{\ncolor:#ffffff;\n}\n<\/style>\n<div  class='avia-image-container av-lbz43e95-01882e93e6bcdf7c5495620f61fe8ccf av-styling- avia-align-center  avia-builder-el-8  el_after_av_textblock  el_before_av_textblock '   itemprop=\"image\" itemscope=\"itemscope\" itemtype=\"https:\/\/schema.org\/ImageObject\" ><div class=\"avia-image-container-inner\"><div class=\"avia-image-overlay-wrap\"><img decoding=\"async\" fetchpriority=\"high\" class='wp-image-31565 avia-img-lazy-loading-not-31565 avia_image ' src=\"https:\/\/www.wasaline.com\/wp-content\/uploads\/2022\/12\/wasaline-buss-umea.png\" alt='Wasaline bus stop Ume\u00e5' title='wasaline-buss-umea'  height=\"731\" width=\"640\"  itemprop=\"thumbnailUrl\" srcset=\"https:\/\/www.wasaline.com\/wp-content\/uploads\/2022\/12\/wasaline-buss-umea.png 640w, https:\/\/www.wasaline.com\/wp-content\/uploads\/2022\/12\/wasaline-buss-umea-263x300.png 263w, https:\/\/www.wasaline.com\/wp-content\/uploads\/2022\/12\/wasaline-buss-umea-617x705.png 617w\" sizes=\"(max-width: 640px) 100vw, 640px\" \/><\/div><\/div><\/div><br \/>\n<section  class='av_textblock_section av-lbz433s5-bc28ba62bd280b6d394a0c4b88ac2c68 '   itemscope=\"itemscope\" itemtype=\"https:\/\/schema.org\/CreativeWork\" ><div class='avia_textblock'  itemprop=\"text\" ><p>Liitynt\u00e4bussin pys\u00e4kki Uumajan keskustassa<\/p>\n<\/div><\/section><\/p><\/div>\n\n<style type=\"text\/css\" data-created_by=\"avia_inline_auto\" id=\"style-css-av-2dq1wc-590a35794abd4e4de42ca15eecbb142e\">\n.flex_column.av-2dq1wc-590a35794abd4e4de42ca15eecbb142e{\nborder-radius:0px 0px 0px 0px;\npadding:0px 0px 0px 0px;\n}\n<\/style>\n<div  class='flex_column av-2dq1wc-590a35794abd4e4de42ca15eecbb142e av_one_half  avia-builder-el-10  el_after_av_one_half  el_before_av_one_full  flex_column_div av-zero-column-padding  column-top-margin'     ><p>\n<style type=\"text\/css\" data-created_by=\"avia_inline_auto\" id=\"style-css-av-lxso52x2-85e5827cf0f56561363648c0a14f563f\">\n#top .av-special-heading.av-lxso52x2-85e5827cf0f56561363648c0a14f563f{\npadding-bottom:10px;\n}\nbody .av-special-heading.av-lxso52x2-85e5827cf0f56561363648c0a14f563f .av-special-heading-tag .heading-char{\nfont-size:25px;\n}\n.av-special-heading.av-lxso52x2-85e5827cf0f56561363648c0a14f563f .av-subheading{\nfont-size:15px;\n}\n<\/style>\n<div  class='av-special-heading av-lxso52x2-85e5827cf0f56561363648c0a14f563f av-special-heading-h2 blockquote modern-quote  avia-builder-el-11  el_before_av_textblock  avia-builder-el-first '><h2 class='av-special-heading-tag '  itemprop=\"headline\"  >Varaukset<\/h2><div class=\"special-heading-border\"><div class=\"special-heading-inner-border\"><\/div><\/div><\/div><br \/>\n<section  class='av_textblock_section av-kxag3u1k-be2e2084ed31e920f8f5022bb640f425 '   itemscope=\"itemscope\" itemtype=\"https:\/\/schema.org\/CreativeWork\" ><div class='avia_textblock'  itemprop=\"text\" ><p><span class=\"s1\">Yhteysliikenne ei sis\u00e4lly Wasalinen matkalipun hintaan. Yhteysliikenne tulee varata etuk\u00e4teen, <\/span><span class=\"s1\">viimeist\u00e4\u00e4n 3 tuntia ennen bussin l\u00e4ht\u00f6aikaa. Varauspalvelu on avoinna kellon ymp\u00e4ri. <\/span><\/p>\n<p><strong>Osta verkossa ja s\u00e4\u00e4st\u00e4<\/strong><\/p>\n<p>Varaa yhteysliikenne <a href=\"https:\/\/wasaline.bybergnordin.se\/fi\">verkkovarauksemme<\/a> kautta ja maksa kortilla tai Swish-mobiilimaksulla. Kun hankit istumapaikan verkkovarauksen kautta, saat 25 % alennuksen verrattuna bussista tai taksista ostettuun lippuun.<\/p>\n<p>Android-k\u00e4ytt\u00e4j\u00e4t voivat lis\u00e4t\u00e4 verkkovarauksen \u00e4lypuhelimensa Koti-n\u00e4yt\u00f6lle hyv\u00e4ksym\u00e4ll\u00e4 t\u00e4lt\u00e4 sivulta tulevan asennuspyynn\u00f6n: <a href=\"https:\/\/wasalinebooking.bybergnordin.se\/\">https:\/\/wasalinebooking.bybergnordin.se\/<\/a>. Sivun voi lis\u00e4t\u00e4 Koti-n\u00e4yt\u00f6lle my\u00f6s manuaalisesti puhelimen asetuksista.<\/p>\n<p><strong>Varaa etuk\u00e4teen ja maksa bussissa<\/strong><\/p>\n<p>Jos et pysty k\u00e4ytt\u00e4m\u00e4\u00e4n verkkovarauspalvelua, voit varata istumapaikkasi bussiin soittamalla <a href=\"tel:+46902090961\">+46 90 2090961<\/a> tai l\u00e4hett\u00e4m\u00e4ll\u00e4 s\u00e4hk\u00f6postia <a href=\"mailto:tickets.wasaline@bybergnordin.se\">tickets.wasaline@bybergnordin.se<\/a>. Ainoastaan maksukortit k\u00e4yv\u00e4t bussissa.<\/p>\n<p>Yhteysliikennett\u00e4 ajetaan taksilla, minibussilla tai bussilla ennakkovarausten m\u00e4\u00e4r\u00e4st\u00e4 riippuen. Matkustajat, jotka eiv\u00e4t ole varanneet istumapaikkaa etuk\u00e4teen, p\u00e4\u00e4sev\u00e4t mukaan jos kuljetuksessa on tilaa. Vain korttimaksu.<\/p>\n<\/div><\/section><\/p><\/div>\n\n<style type=\"text\/css\" data-created_by=\"avia_inline_auto\" id=\"style-css-av-2dq1wc-4f7406bc35f1278c961342cbb81c29c8\">\n.flex_column.av-2dq1wc-4f7406bc35f1278c961342cbb81c29c8{\nborder-radius:0px 0px 0px 0px;\npadding:0px 0px 0px 0px;\n}\n<\/style>\n<div  class='flex_column av-2dq1wc-4f7406bc35f1278c961342cbb81c29c8 av_one_full  avia-builder-el-13  el_after_av_one_half  avia-builder-el-last  first flex_column_div av-zero-column-padding  column-top-margin'     ><div  class='togglecontainer av-lto0a065-9651968c9cc196cb09ce5082feae4db0  avia-builder-el-14  avia-builder-el-no-sibling  toggle_close_all' >\n<section class='av_toggle_section av-av_toggle-c28933939d948528dbbb11fb82494103'  itemscope=\"itemscope\" itemtype=\"https:\/\/schema.org\/CreativeWork\" ><div role=\"tablist\" class=\"single_toggle\" data-tags=\"{All} \"  ><p id='toggle-toggle-id-1' data-fake-id='#toggle-id-1' class='toggler  av-title-above '  itemprop=\"headline\"  role='tab' tabindex='0' aria-controls='toggle-id-1' data-slide-speed=\"200\" data-title=\"Esteet\u00f6n kuljetus ja invataksit Uumajassa\" data-title-open=\"\" data-aria_collapsed=\"Click to expand: Esteet\u00f6n kuljetus ja invataksit Uumajassa\" data-aria_expanded=\"Click to collapse: Esteet\u00f6n kuljetus ja invataksit Uumajassa\">Esteet\u00f6n kuljetus ja invataksit Uumajassa<span class=\"toggle_icon\"><span class=\"vert_icon\"><\/span><span class=\"hor_icon\"><\/span><\/span><\/p><div id='toggle-id-1' aria-labelledby='toggle-toggle-id-1' role='region' class='toggle_wrap  av-title-above'  ><div class='toggle_content invers-color '  itemprop=\"text\" ><p>Taksi, joka pystyy palvelemaan py\u00f6r\u00e4tuolilla matkustavia asiakkaita, pit\u00e4\u00e4 tilata etuk\u00e4teen viimeist\u00e4\u00e4n 24 tuntia ennen matkaa. Erityiskuljetuksen voi tilata esimerkiksi Byberg &amp; Nordinin kautta puhelinnumerosta <a href=\"tel:+46902090961\">+46 90 2090961<\/a>.<\/p>\n<\/div><\/div><\/div><\/section>\n<section class='av_toggle_section av-av_toggle-2db3a9e2cb81ad27666d2ec024609bc3'  itemscope=\"itemscope\" itemtype=\"https:\/\/schema.org\/CreativeWork\" ><div role=\"tablist\" class=\"single_toggle\" data-tags=\"{All} \"  ><p id='toggle-toggle-id-2' data-fake-id='#toggle-id-2' class='toggler  av-title-above '  itemprop=\"headline\"  role='tab' tabindex='0' aria-controls='toggle-id-2' data-slide-speed=\"200\" data-title=\"Lastenvaunut\" data-title-open=\"\" data-aria_collapsed=\"Click to expand: Lastenvaunut\" data-aria_expanded=\"Click to collapse: Lastenvaunut\">Lastenvaunut<span class=\"toggle_icon\"><span class=\"vert_icon\"><\/span><span class=\"hor_icon\"><\/span><\/span><\/p><div id='toggle-id-2' aria-labelledby='toggle-toggle-id-2' role='region' class='toggle_wrap  av-title-above'  ><div class='toggle_content invers-color '  itemprop=\"text\" ><p class=\"p1\"><span class=\"s1\">Matkustaja voi tuoda yhdet lastenvaunut bussiin. T\u00e4m\u00e4 tulee ilmoittaa matkan varaamisen yhteydess\u00e4. Sama p\u00e4tee py\u00f6r\u00e4tuolin kanssa matkustaville.<\/span><\/p>\n<\/div><\/div><\/div><\/section>\n<section class='av_toggle_section av-av_toggle-77f4f0cd8201b262db0ea0cf4c873b64'  itemscope=\"itemscope\" itemtype=\"https:\/\/schema.org\/CreativeWork\" ><div role=\"tablist\" class=\"single_toggle\" data-tags=\"{All} \"  ><p id='toggle-toggle-id-3' data-fake-id='#toggle-id-3' class='toggler  av-title-above '  itemprop=\"headline\"  role='tab' tabindex='0' aria-controls='toggle-id-3' data-slide-speed=\"200\" data-title=\"Polkupy\u00f6r\u00e4\" data-title-open=\"\" data-aria_collapsed=\"Click to expand: Polkupy\u00f6r\u00e4\" data-aria_expanded=\"Click to collapse: Polkupy\u00f6r\u00e4\">Polkupy\u00f6r\u00e4<span class=\"toggle_icon\"><span class=\"vert_icon\"><\/span><span class=\"hor_icon\"><\/span><\/span><\/p><div id='toggle-id-3' aria-labelledby='toggle-toggle-id-3' role='region' class='toggle_wrap  av-title-above'  ><div class='toggle_content invers-color '  itemprop=\"text\" ><p class=\"p1\"><span class=\"s1\">Yksi polkupy\u00f6r\u00e4 per matkustaja on sallittu bussissa. T\u00e4m\u00e4 tulee ilmoittaa matkan varaamisen yhteydess\u00e4 ja se maksaa 45 kr \/ 5\u20ac.<\/span><\/p>\n<\/div><\/div><\/div><\/section>\n<section class='av_toggle_section av-av_toggle-9ab24ae1fec49c2406ddc07932abbe5c'  itemscope=\"itemscope\" itemtype=\"https:\/\/schema.org\/CreativeWork\" ><div role=\"tablist\" class=\"single_toggle\" data-tags=\"{All} \"  ><p id='toggle-toggle-id-4' data-fake-id='#toggle-id-4' class='toggler  av-title-above '  itemprop=\"headline\"  role='tab' tabindex='0' aria-controls='toggle-id-4' data-slide-speed=\"200\" data-title=\"Lasten turvaistuin\" data-title-open=\"\" data-aria_collapsed=\"Click to expand: Lasten turvaistuin\" data-aria_expanded=\"Click to collapse: Lasten turvaistuin\">Lasten turvaistuin<span class=\"toggle_icon\"><span class=\"vert_icon\"><\/span><span class=\"hor_icon\"><\/span><\/span><\/p><div id='toggle-id-4' aria-labelledby='toggle-toggle-id-4' role='region' class='toggle_wrap  av-title-above'  ><div class='toggle_content invers-color '  itemprop=\"text\" ><p class=\"p1\"><span class=\"s1\">Liikenn\u00f6itsij\u00e4lt\u00e4 voi pyyt\u00e4\u00e4 lapsen turvaistuimen. T\u00e4m\u00e4 tulee ilmoittaa matkan varaamisen yhteydess\u00e4.<\/span><\/p>\n<\/div><\/div><\/div><\/section>\n<section class='av_toggle_section av-av_toggle-22c7b3acc0bcd05fe87f20dbf777c645'  itemscope=\"itemscope\" itemtype=\"https:\/\/schema.org\/CreativeWork\" ><div role=\"tablist\" class=\"single_toggle\" data-tags=\"{All} \"  ><p id='toggle-toggle-id-5' data-fake-id='#toggle-id-5' class='toggler  av-title-above '  itemprop=\"headline\"  role='tab' tabindex='0' aria-controls='toggle-id-5' data-slide-speed=\"200\" data-title=\"Kotiel\u00e4imet\" data-title-open=\"\" data-aria_collapsed=\"Click to expand: Kotiel\u00e4imet\" data-aria_expanded=\"Click to collapse: Kotiel\u00e4imet\">Kotiel\u00e4imet<span class=\"toggle_icon\"><span class=\"vert_icon\"><\/span><span class=\"hor_icon\"><\/span><\/span><\/p><div id='toggle-id-5' aria-labelledby='toggle-toggle-id-5' role='region' class='toggle_wrap  av-title-above'  ><div class='toggle_content invers-color '  itemprop=\"text\" ><p class=\"p1\"><span class=\"s1\">Pienet kotiel\u00e4imet jotka matkustavat syliss\u00e4 tai laukussa\/korissa sek\u00e4 n\u00e4k\u00f6vammaisten apukoirat matkustavat ilman lis\u00e4maksua. Muista kotiel\u00e4imist\u00e4 otetaan lis\u00e4maksu 45 kr \/ 5\u20ac.<\/span><\/p>\n<p class=\"p1\"><span class=\"s1\">Matkustajan tulee varata kotiel\u00e4in matkaa varatessa. Isommat kotiel\u00e4imet on pidett\u00e4v\u00e4 bussin lattialla.<\/span><span class=\"s1\">\u00a0<\/span><\/p>\n<\/div><\/div><\/div><\/section>\n<section class='av_toggle_section av-av_toggle-cc84c2b6b1831674f2b1b6588b4fbde2'  itemscope=\"itemscope\" itemtype=\"https:\/\/schema.org\/CreativeWork\" ><div role=\"tablist\" class=\"single_toggle\" data-tags=\"{All} \"  ><p id='toggle-toggle-id-6' data-fake-id='#toggle-id-6' class='toggler  av-title-above '  itemprop=\"headline\"  role='tab' tabindex='0' aria-controls='toggle-id-6' data-slide-speed=\"200\" data-title=\"Matkatavarat\" data-title-open=\"\" data-aria_collapsed=\"Click to expand: Matkatavarat\" data-aria_expanded=\"Click to collapse: Matkatavarat\">Matkatavarat<span class=\"toggle_icon\"><span class=\"vert_icon\"><\/span><span class=\"hor_icon\"><\/span><\/span><\/p><div id='toggle-id-6' aria-labelledby='toggle-toggle-id-6' role='region' class='toggle_wrap  av-title-above'  ><div class='toggle_content invers-color '  itemprop=\"text\" ><p class=\"p1\"><span class=\"s1\">Yksi k\u00e4simatkatavara ja\/tai matkalaukku sek\u00e4 yksi suksipari tai lumilauta suojapussissa ovat maksuttomia. Matkatavarat ovat matkustajan omalla vastuulla ja ne tulee merkit\u00e4 selke\u00e4sti nimell\u00e4, osoitteella ja puhelinnumerolla.<\/span><\/p>\n<p class=\"p1\"><span class=\"s1\">Ajoneuvon matkustamossa saa s\u00e4ilytt\u00e4\u00e4 matkatavaroita vain tavarahyllyjen koko- ja painorajoituksien mukaisesti. Muut matkatavarat sijoitetaan ajoneuvon tavaratilaan. Matkustamon k\u00e4yt\u00e4v\u00e4 tulee pit\u00e4\u00e4 turvallisuussyist\u00e4 vapaana matkatavaroista.<\/span><\/p>\n<\/div><\/div><\/div><\/section>\n<section class='av_toggle_section av-av_toggle-7ced0b7f8b44be0be45d39f0637eb760'  itemscope=\"itemscope\" itemtype=\"https:\/\/schema.org\/CreativeWork\" ><div role=\"tablist\" class=\"single_toggle\" data-tags=\"{All} \"  ><p id='toggle-toggle-id-7' data-fake-id='#toggle-id-7' class='toggler  av-title-above '  itemprop=\"headline\"  role='tab' tabindex='0' aria-controls='toggle-id-7' data-slide-speed=\"200\" data-title=\"S\u00e4hk\u00f6savukkeet\" data-title-open=\"\" data-aria_collapsed=\"Click to expand: S\u00e4hk\u00f6savukkeet\" data-aria_expanded=\"Click to collapse: S\u00e4hk\u00f6savukkeet\">S\u00e4hk\u00f6savukkeet<span class=\"toggle_icon\"><span class=\"vert_icon\"><\/span><span class=\"hor_icon\"><\/span><\/span><\/p><div id='toggle-id-7' aria-labelledby='toggle-toggle-id-7' role='region' class='toggle_wrap  av-title-above'  ><div class='toggle_content invers-color '  itemprop=\"text\" ><p class=\"p1\"><span class=\"s1\">Emme salli s\u00e4hk\u00f6savukkeiden k\u00e4ytt\u00e4mist\u00e4 ajoneuvoissamme.<\/span><\/p>\n<\/div><\/div><\/div><\/section>\n<section class='av_toggle_section av-lto09yzp-5e3306bfe0a7a0f30856f3c65fb7306e'  itemscope=\"itemscope\" itemtype=\"https:\/\/schema.org\/CreativeWork\" ><div role=\"tablist\" class=\"single_toggle\" data-tags=\"{All} \"  ><p id='toggle-toggle-id-8' data-fake-id='#toggle-id-8' class='toggler  av-title-above '  itemprop=\"headline\"  role='tab' tabindex='0' aria-controls='toggle-id-8' data-slide-speed=\"200\" data-title=\"Reklamaatiot\" data-title-open=\"\" data-aria_collapsed=\"Click to expand: Reklamaatiot\" data-aria_expanded=\"Click to collapse: Reklamaatiot\">Reklamaatiot<span class=\"toggle_icon\"><span class=\"vert_icon\"><\/span><span class=\"hor_icon\"><\/span><\/span><\/p><div id='toggle-id-8' aria-labelledby='toggle-toggle-id-8' role='region' class='toggle_wrap  av-title-above'  ><div class='toggle_content invers-color '  itemprop=\"text\" ><p>Yhteysliikennett\u00e4 koskevat reklamaatiot pyydet\u00e4\u00e4n l\u00e4hett\u00e4m\u00e4\u00e4n s\u00e4hk\u00f6postitse <a href=\"mailto:tickets.wasaline@bybergnordin.se\">tickets.wasaline@bybergnordin.se<\/a><\/p>\n<\/div><\/div><\/div><\/section>\n<\/div><\/div>\n","protected":false},"excerpt":{"rendered":"","protected":false},"author":1,"featured_media":0,"parent":0,"menu_order":0,"comment_status":"closed","ping_status":"closed","template":"","meta":{"_acf_changed":false,"footnotes":""},"class_list":["post-422","page","type-page","status-publish","hentry"],"acf":[],"publishpress_future_action":{"enabled":false,"date":"2026-04-21 23:40:17","action":"change-status","newStatus":"draft","terms":[],"taxonomy":"translation_priority","extraData":[]},"publishpress_future_workflow_manual_trigger":{"enabledWorkflows":[]},"_links":{"self":[{"href":"https:\/\/www.wasaline.com\/fi\/wp-json\/wp\/v2\/pages\/422","targetHints":{"allow":["GET"]}}],"collection":[{"href":"https:\/\/www.wasaline.com\/fi\/wp-json\/wp\/v2\/pages"}],"about":[{"href":"https:\/\/www.wasaline.com\/fi\/wp-json\/wp\/v2\/types\/page"}],"author":[{"embeddable":true,"href":"https:\/\/www.wasaline.com\/fi\/wp-json\/wp\/v2\/users\/1"}],"replies":[{"embeddable":true,"href":"https:\/\/www.wasaline.com\/fi\/wp-json\/wp\/v2\/comments?post=422"}],"version-history":[{"count":12,"href":"https:\/\/www.wasaline.com\/fi\/wp-json\/wp\/v2\/pages\/422\/revisions"}],"predecessor-version":[{"id":58824,"href":"https:\/\/www.wasaline.com\/fi\/wp-json\/wp\/v2\/pages\/422\/revisions\/58824"}],"wp:attachment":[{"href":"https:\/\/www.wasaline.com\/fi\/wp-json\/wp\/v2\/media?parent=422"}],"curies":[{"name":"wp","href":"https:\/\/api.w.org\/{rel}","templated":true}]}}