{"id":432,"date":"2022-07-07T08:51:55","date_gmt":"2022-07-07T06:51:55","guid":{"rendered":"https:\/\/www.wasaline.com\/?page_id=432"},"modified":"2024-05-22T12:08:04","modified_gmt":"2024-05-22T10:08:04","slug":"wasalinen-sovellus-ja-portit","status":"publish","type":"page","link":"https:\/\/www.wasaline.com\/fi\/wasalinen-sovellus-ja-portit\/","title":{"rendered":"Wasalinen sovellus ja portit"},"content":{"rendered":"\n<style type=\"text\/css\" data-created_by=\"avia_inline_auto\" id=\"style-css-av-4jaell-12565a7a3635565fd1ccf4a824a1d0a3\">\n#top .av-special-heading.av-4jaell-12565a7a3635565fd1ccf4a824a1d0a3{\npadding-bottom:10px;\n}\nbody .av-special-heading.av-4jaell-12565a7a3635565fd1ccf4a824a1d0a3 .av-special-heading-tag .heading-char{\nfont-size:25px;\n}\n.av-special-heading.av-4jaell-12565a7a3635565fd1ccf4a824a1d0a3 .av-subheading{\nfont-size:15px;\n}\n<\/style>\n<div  class='av-special-heading av-4jaell-12565a7a3635565fd1ccf4a824a1d0a3 av-special-heading-h1  avia-builder-el-0  el_before_av_layout_row  avia-builder-el-no-sibling  av-linked-heading'><h1 class='av-special-heading-tag '  itemprop=\"headline\"  >Wasalinen varaussovellus<\/h1><div class=\"special-heading-border\"><div class=\"special-heading-inner-border\"><\/div><\/div><\/div>\n<\/div><\/div><\/div><!-- close content main div --><\/div><\/div><div id='av-layout-grid-1'  class='av-layout-grid-container av-f3rfi3-112703e319d6d5167d48fc50d2f8ceb7 entry-content-wrapper main_color av-flex-cells  avia-builder-el-1  el_after_av_heading  el_before_av_layout_row  grid-row-not-first  container_wrap fullsize'  >\n<div class='flex_cell av-dtgz7v-d6df4e2bde5d51b69532697c74aeeb84 av-gridrow-cell av_one_half no_margin  avia-builder-el-2  el_before_av_cell_one_half  avia-builder-el-first '  ><div class='flex_cell_inner'><section  class='av_textblock_section av-k4igkejx-7b146cc7e753fd0e01b69b823f1e643d '   itemscope=\"itemscope\" itemtype=\"https:\/\/schema.org\/CreativeWork\" ><div class='avia_textblock'  itemprop=\"text\" ><p class=\"x_Default\"><span lang=\"EN-US\">Wasalinen sovelluksella voit varata, jakaa ja tehd\u00e4 muutoksia varauksiisi, l\u00f6yt\u00e4\u00e4 tietoja laivan l\u00e4hd\u00f6ist\u00e4 sek\u00e4 laivaannousua varten tarvittavat QR-koodit.\u00a0<\/span>Sovellukseen kirjaudut k\u00e4ytt\u00e4m\u00e4ll\u00e4 kanta-asiakastilisi tunnusta ja salasanaa. Jos et ole viel\u00e4 kanta-asiakas voit rekister\u00f6ity\u00e4 helposti sovelluksen avulla.<\/p>\n<p class=\"x_Default\">Sis\u00e4\u00e4nkirjautumisen j\u00e4lkeen tulet sovelluksen etusivulle josta voit jatkaa varaukseen painamalla \u201dUusi varaus\u201d tai avata valmiin varauksen valitsemalla \u201dAvaa varaus\u201d. Etusivulla n\u00e4kyy my\u00f6s \u201dSeuraava matkasi\u201d eli tietoja seuraavasta tililt\u00e4si l\u00f6ytyv\u00e4st\u00e4 varauksesta.<\/p>\n<p><a href=\"https:\/\/www.youtube.com\/watch?v=nRutvFCUJYA\">T\u00e4ss\u00e4 videossa<\/a> lyhyt kuvaus Wasalinen sovelluksesta ja sen toiminnoista:<\/p>\n<\/div><\/section><br \/>\n\n<style type=\"text\/css\" data-created_by=\"avia_inline_auto\" id=\"style-css-av-d8al8b-9be353f1367a2226466aa6bc48fef4bd\">\n.flex_column.av-d8al8b-9be353f1367a2226466aa6bc48fef4bd{\nborder-radius:0px 0px 0px 0px;\npadding:0px 0px 0px 0px;\n}\n<\/style>\n<div  class='flex_column av-d8al8b-9be353f1367a2226466aa6bc48fef4bd av_one_half  avia-builder-el-4  el_after_av_textblock  el_before_av_one_half  first flex_column_div av-zero-column-padding  column-top-margin'     ><style type=\"text\/css\" data-created_by=\"avia_inline_auto\" id=\"style-css-av-k4igwarn-8f6f9a55c794e4d1ffc21e7658055181\">\n.avia-image-container.av-k4igwarn-8f6f9a55c794e4d1ffc21e7658055181 img.avia_image{\nbox-shadow:none;\n}\n.avia-image-container.av-k4igwarn-8f6f9a55c794e4d1ffc21e7658055181 .av-image-caption-overlay-center{\ncolor:#ffffff;\n}\n<\/style>\n<div  class='avia-image-container av-k4igwarn-8f6f9a55c794e4d1ffc21e7658055181 av-styling- av-img-linked avia-align-center  avia-builder-el-5  avia-builder-el-no-sibling '   itemprop=\"image\" itemscope=\"itemscope\" itemtype=\"https:\/\/schema.org\/ImageObject\" ><div class=\"avia-image-container-inner\"><div class=\"avia-image-overlay-wrap\"><a href=\"https:\/\/apps.apple.com\/se\/app\/wasaline\/id1450950215\" class='avia_image '  aria-label='App store logo fi'><img decoding=\"async\" fetchpriority=\"high\" class='wp-image-1254 avia-img-lazy-loading-not-1254 avia_image ' src=\"https:\/\/www.wasaline.com\/wp-content\/uploads\/2022\/08\/app_apple_fi.png\" alt='App store logo fi' title='App store logo fi'  height=\"100\" width=\"358\"  itemprop=\"thumbnailUrl\" srcset=\"https:\/\/www.wasaline.com\/wp-content\/uploads\/2022\/08\/app_apple_fi.png 358w, https:\/\/www.wasaline.com\/wp-content\/uploads\/2022\/08\/app_apple_fi-300x84.png 300w\" sizes=\"(max-width: 358px) 100vw, 358px\" \/><\/a><\/div><\/div><\/div><\/div>\n<style type=\"text\/css\" data-created_by=\"avia_inline_auto\" id=\"style-css-av-11fz8b-c5be941eb4da44c78549235757daf4a6\">\n.flex_column.av-11fz8b-c5be941eb4da44c78549235757daf4a6{\nborder-radius:0px 0px 0px 0px;\npadding:0px 0px 0px 0px;\n}\n<\/style>\n<div  class='flex_column av-11fz8b-c5be941eb4da44c78549235757daf4a6 av_one_half  avia-builder-el-6  el_after_av_one_half  avia-builder-el-last  flex_column_div av-zero-column-padding  column-top-margin'     ><style type=\"text\/css\" data-created_by=\"avia_inline_auto\" id=\"style-css-av-k4igwarn-6-0c0064e8d93030b92fe063bc0c507fcb\">\n.avia-image-container.av-k4igwarn-6-0c0064e8d93030b92fe063bc0c507fcb img.avia_image{\nbox-shadow:none;\n}\n.avia-image-container.av-k4igwarn-6-0c0064e8d93030b92fe063bc0c507fcb .av-image-caption-overlay-center{\ncolor:#ffffff;\n}\n<\/style>\n<div  class='avia-image-container av-k4igwarn-6-0c0064e8d93030b92fe063bc0c507fcb av-styling- av-img-linked avia-align-center  avia-builder-el-7  avia-builder-el-no-sibling '   itemprop=\"image\" itemscope=\"itemscope\" itemtype=\"https:\/\/schema.org\/ImageObject\" ><div class=\"avia-image-container-inner\"><div class=\"avia-image-overlay-wrap\"><a href=\"https:\/\/play.google.com\/store\/apps\/details?id=com.wasaline.mobile\" class='avia_image '  aria-label='Google play logo fi'><img decoding=\"async\" fetchpriority=\"high\" class='wp-image-1257 avia-img-lazy-loading-not-1257 avia_image ' src=\"https:\/\/www.wasaline.com\/wp-content\/uploads\/2022\/08\/app_google_fi.png\" alt='Google play logo fi' title='Google play logo fi'  height=\"100\" width=\"338\"  itemprop=\"thumbnailUrl\" srcset=\"https:\/\/www.wasaline.com\/wp-content\/uploads\/2022\/08\/app_google_fi.png 338w, https:\/\/www.wasaline.com\/wp-content\/uploads\/2022\/08\/app_google_fi-300x89.png 300w\" sizes=\"(max-width: 338px) 100vw, 338px\" \/><\/a><\/div><\/div><\/div><\/div><\/p>\n<\/div><\/div><div class='flex_cell av-9hxwuz-86e61f423447c8c01a5b5f736e8d91c1 av-gridrow-cell av_one_half no_margin  avia-builder-el-8  el_after_av_cell_one_half  avia-builder-el-last '  ><div class='flex_cell_inner'>\n<style type=\"text\/css\" data-created_by=\"avia_inline_auto\" id=\"style-css-av-l9zsuqnb-878e05234598ec4546e090edf68b9621\">\n.avia-video.av-l9zsuqnb-878e05234598ec4546e090edf68b9621{\nbackground-image:url(https:\/\/www.wasaline.com\/wp-content\/uploads\/2022\/11\/application-fallback.png);\n}\n<\/style>\n<div  class='avia-video av-l9zsuqnb-878e05234598ec4546e090edf68b9621 avia-video-16-9 av-preview-image avia-video-load-always av-lazyload-immediate av-lazyload-video-embed'  itemprop=\"video\" itemtype=\"https:\/\/schema.org\/VideoObject\"  data-original_url='https:\/\/vimeo.com\/326300712'><script type='text\/html' class='av-video-tmpl'><div class='avia-iframe-wrap'><iframe loading=\"lazy\" title=\"Wasaline app (fi)\" src=\"https:\/\/player.vimeo.com\/video\/326300712?h=4c4931df89&amp;dnt=1&amp;app_id=122963&autoplay=1&loop=1&controls=1&muted=1\" width=\"1500\" height=\"844\" frameborder=\"0\" allow=\"autoplay; fullscreen; picture-in-picture\" allowfullscreen><\/iframe><\/div><\/script><div class='av-click-to-play-overlay'><div class=\"avia_playpause_icon\"><\/div><\/div><\/div>\n<\/div><\/div>\n<\/div>\n<div id='av-layout-grid-2'  class='av-layout-grid-container av-58bncr-b37f8db500f1e0fdcb26cf7eb079c47e entry-content-wrapper main_color av-flex-cells  avia-builder-el-10  el_after_av_layout_row  el_before_av_layout_row  grid-row-not-first  container_wrap fullsize'  >\n\n<style type=\"text\/css\" data-created_by=\"avia_inline_auto\" id=\"style-css-av-k4igy14r-c69a76c11c048908c5fb734ce4432fc5\">\n.flex_cell.av-k4igy14r-c69a76c11c048908c5fb734ce4432fc5{\nvertical-align:top;\nbackground-color:#f9f9f9;\n}\n.responsive #top #wrap_all .flex_cell.av-k4igy14r-c69a76c11c048908c5fb734ce4432fc5{\npadding:30px 30px 30px 30px !important;\n}\n<\/style>\n<div class='flex_cell av-k4igy14r-c69a76c11c048908c5fb734ce4432fc5 av-gridrow-cell av_one_half no_margin  avia-builder-el-11  el_before_av_cell_one_half  avia-builder-el-first  content-align-top'  ><div class='flex_cell_inner'><p>\n<style type=\"text\/css\" data-created_by=\"avia_inline_auto\" id=\"style-css-av-2v9he1-69f42a50dd4d044dbd58e62ee34320b2\">\n#top .av-special-heading.av-2v9he1-69f42a50dd4d044dbd58e62ee34320b2{\npadding-bottom:10px;\n}\nbody .av-special-heading.av-2v9he1-69f42a50dd4d044dbd58e62ee34320b2 .av-special-heading-tag .heading-char{\nfont-size:25px;\n}\n.av-special-heading.av-2v9he1-69f42a50dd4d044dbd58e62ee34320b2 .av-subheading{\nfont-size:15px;\n}\n<\/style>\n<div  class='av-special-heading av-2v9he1-69f42a50dd4d044dbd58e62ee34320b2 av-special-heading-h2  avia-builder-el-12  el_before_av_textblock  avia-builder-el-first  av-linked-heading'><h2 class='av-special-heading-tag '  itemprop=\"headline\"  >P\u00e4\u00e4valikko<\/h2><div class=\"special-heading-border\"><div class=\"special-heading-inner-border\"><\/div><\/div><\/div><br \/>\n<section  class='av_textblock_section av-k4igkejx-7-80d6debf3c36558953efd00ded2f3e21 '   itemscope=\"itemscope\" itemtype=\"https:\/\/schema.org\/CreativeWork\" ><div class='avia_textblock'  itemprop=\"text\" ><p><strong>Palaa alkuun<\/strong> \u2013 painamalla t\u00e4st\u00e4 palaat takaisin etusivulle, k\u00e4tev\u00e4\u00e4 jos olet sattunut eksym\u00e4\u00e4n.<\/p>\n<p><strong>Varauslistani<\/strong> \u2013 t\u00e4\u00e4lt\u00e4 n\u00e4et helposti tekemiesi varausten tiedot, voit my\u00f6s valita ett\u00e4 vanhat jo k\u00e4ytetyt varauksesi n\u00e4kyv\u00e4t listalla. Voit tehd\u00e4 muutoksia tuleviin varauksiin ja jakaa niit\u00e4, l\u00f6yt\u00e4\u00e4 tietoja laivan l\u00e4hd\u00f6ist\u00e4, ajo-ohjeita satamaan sek\u00e4 n\u00e4hd\u00e4 QR-koodisi.<\/p>\n<p><strong>Avaa varaus<\/strong> \u2013 avaa varauksia joita ei ole tehty sinun tilisi kautta. Pyyt\u00e4m\u00e4ll\u00e4 matkaseuraasi jakamaan varauksen voit helposti n\u00e4hd\u00e4 varauksen tiedot ja QR-koodit laivaannousua varten.<\/p>\n<p>Rekister\u00f6ityneen\u00e4 asiakkaana voit k\u00e4ytt\u00e4\u00e4 mobiilisovellusta hyttiavaimena. <a href=\"https:\/\/www.wasaline.com\/fi\/laivalla\/hytit\/#hyttiavaimet\">Lue lis\u00e4\u00e4 hyttiavaimista \u2192<\/a><\/p>\n<p><strong>Uusi varaus<\/strong> \u2013 avaa online-varaussivumme jonka kautta teet varauksesi vaivatta.<\/p>\n<p><strong>Aikataulu<\/strong> \u2013 hae laivan l\u00e4ht\u00f6aikoja valitsemalla Reitti sek\u00e4 P\u00e4iv\u00e4m\u00e4\u00e4r\u00e4. My\u00f6s t\u00e4\u00e4lt\u00e4 p\u00e4\u00e4set online-varaukseen painamalla \u201dVaraa lippuja\u201d l\u00f6ydetty\u00e4si haluamasi l\u00e4hd\u00f6n.<\/p>\n<\/div><\/section><\/p>\n<\/div><\/div>\n<style type=\"text\/css\" data-created_by=\"avia_inline_auto\" id=\"style-css-av-k4igy7yb-1e0a285c0c499e7b32f2406eadc21003\">\n.flex_cell.av-k4igy7yb-1e0a285c0c499e7b32f2406eadc21003{\nvertical-align:top;\nbackground-color:#f9f9f9;\n}\n.responsive #top #wrap_all .flex_cell.av-k4igy7yb-1e0a285c0c499e7b32f2406eadc21003{\npadding:30px 30px 30px 30px !important;\n}\n<\/style>\n<div class='flex_cell av-k4igy7yb-1e0a285c0c499e7b32f2406eadc21003 av-gridrow-cell av_one_half no_margin  avia-builder-el-14  el_after_av_cell_one_half  avia-builder-el-last  content-align-top'  ><div class='flex_cell_inner'><section  class='av_textblock_section av-k4igkejx-3-9f047941761f29fd4c99e04bbdd75de8 '   itemscope=\"itemscope\" itemtype=\"https:\/\/schema.org\/CreativeWork\" ><div class='avia_textblock'  itemprop=\"text\" ><p class=\"x_Default\"><strong>Hotellipaketit<\/strong> \u2013 lue lis\u00e4\u00e4 paketeistamme ja varaa hotellipakettisi sovelluksen kautta.<\/p>\n<p class=\"x_Default\"><strong>Risteilyohjelma<\/strong> \u2013 haluatko tiet\u00e4\u00e4 mit\u00e4 laivalla tapahtuu, t\u00e4\u00e4lt\u00e4 l\u00f6yd\u00e4t kaikki tapahtumat.<\/p>\n<p class=\"x_Default\"><strong>Hyv\u00e4 tiet\u00e4\u00e4<\/strong> \u2013 t\u00e4rke\u00e4\u00e4 tietoa matkaasi varten, helposti luettavissa sovelluksen avulla.<\/p>\n<p class=\"x_Default\"><strong>Yhteystiedot<\/strong> \u2013 haluatko ottaa meihin yhteytt\u00e4? T\u00e4\u00e4lt\u00e4 l\u00f6yd\u00e4t tarvitsemasi numerot ja osoitteet.<\/p>\n<p class=\"x_MsoNormal\"><strong>Profiili<\/strong> \u2013 t\u00e4\u00e4lt\u00e4 teet muutoksia tilisi tietoihin, esimerkiksi osoitteeseesi, puhelinnumeroon, s\u00e4hk\u00f6postiin ja salasanaan. Voit my\u00f6s valita tilin kielen (ruotsi, suomi, englanti) ja mill\u00e4 valuutalla haluat tehd\u00e4 varauksia, ruotsin kruunuissa vai euroissa. Tehdyt valinnat tallentuvat valmiiksi seuraavaa varaustasi varten.<\/p>\n<\/div><\/section>\n<\/div><\/div>\n<\/div>\n<div id='av-layout-grid-3'  class='av-layout-grid-container av-4aonob-a905f754e58619eb18e7d67ddde95064 entry-content-wrapper main_color av-flex-cells  avia-builder-el-16  el_after_av_layout_row  avia-builder-el-last  grid-row-not-first  container_wrap fullsize'  >\n\n<style type=\"text\/css\" data-created_by=\"avia_inline_auto\" id=\"style-css-av-k4igy14r-4-6edf7e9e9ad80ec4a792952c19cdcf4d\">\n.flex_cell.av-k4igy14r-4-6edf7e9e9ad80ec4a792952c19cdcf4d{\nvertical-align:top;\n}\n.responsive #top #wrap_all .flex_cell.av-k4igy14r-4-6edf7e9e9ad80ec4a792952c19cdcf4d{\npadding:30px 30px 30px 30px !important;\n}\n<\/style>\n<div class='flex_cell av-k4igy14r-4-6edf7e9e9ad80ec4a792952c19cdcf4d av-gridrow-cell av_one_half no_margin  avia-builder-el-17  el_before_av_cell_one_half  avia-builder-el-first  content-align-top'  ><div class='flex_cell_inner'><p>\n<style type=\"text\/css\" data-created_by=\"avia_inline_auto\" id=\"style-css-av-k54bv6x5-d3a4cbd72bcb55c4854a584cd24801f3\">\n#top .av-special-heading.av-k54bv6x5-d3a4cbd72bcb55c4854a584cd24801f3{\npadding-bottom:10px;\n}\nbody .av-special-heading.av-k54bv6x5-d3a4cbd72bcb55c4854a584cd24801f3 .av-special-heading-tag .heading-char{\nfont-size:25px;\n}\n.av-special-heading.av-k54bv6x5-d3a4cbd72bcb55c4854a584cd24801f3 .av-subheading{\nfont-size:15px;\n}\n<\/style>\n<div  class='av-special-heading av-k54bv6x5-d3a4cbd72bcb55c4854a584cd24801f3 av-special-heading-h2  avia-builder-el-18  el_before_av_video  avia-builder-el-first '><h2 class='av-special-heading-tag '  itemprop=\"headline\"  >Wasalinen portit<\/h2><div class=\"special-heading-border\"><div class=\"special-heading-inner-border\"><\/div><\/div><\/div><br \/>\n\n<style type=\"text\/css\" data-created_by=\"avia_inline_auto\" id=\"style-css-av-l9zswrlz-c96684883389e249bec043adf29e839d\">\n.avia-video.av-l9zswrlz-c96684883389e249bec043adf29e839d{\nbackground-image:url(https:\/\/www.wasaline.com\/wp-content\/uploads\/2022\/11\/gates-fallback.png);\n}\n<\/style>\n<div  class='avia-video av-l9zswrlz-c96684883389e249bec043adf29e839d avia-video-16-9 av-preview-image avia-video-load-always av-lazyload-immediate av-lazyload-video-embed'  itemprop=\"video\" itemtype=\"https:\/\/schema.org\/VideoObject\"  data-original_url='https:\/\/vimeo.com\/752895986'><script type='text\/html' class='av-video-tmpl'><div class='avia-iframe-wrap'><iframe loading=\"lazy\" title=\"Wasaline_gate\" src=\"https:\/\/player.vimeo.com\/video\/752895986?h=6a845567a6&amp;dnt=1&amp;app_id=122963&autoplay=1&loop=1&controls=1&muted=1\" width=\"1500\" height=\"844\" frameborder=\"0\" allow=\"autoplay; fullscreen; picture-in-picture\" allowfullscreen><\/iframe><\/div><\/script><div class='av-click-to-play-overlay'><div class=\"avia_playpause_icon\"><\/div><\/div><\/div><br \/>\n<div  class='avia-slideshow av-lal4wrvh-aeca01185c488d8a4fd5ca559097a03a avia-slideshow-featured av_slideshow avia-slide-slider  avia-builder-el-20  el_after_av_video  avia-builder-el-last  av-desktop-hide av-medium-hide av-small-hide av-mini-hide av-slideshow-ui av-control-default av-slideshow-manual av-loop-once av-loop-manual-endless av-default-height-applied avia-slideshow-1' data-slideshow-options=\"{&quot;animation&quot;:&quot;slide&quot;,&quot;autoplay&quot;:false,&quot;loop_autoplay&quot;:&quot;once&quot;,&quot;interval&quot;:5,&quot;loop_manual&quot;:&quot;manual-endless&quot;,&quot;autoplay_stopper&quot;:false,&quot;noNavigation&quot;:false,&quot;bg_slider&quot;:false,&quot;keep_padding&quot;:false,&quot;hoverpause&quot;:false,&quot;show_slide_delay&quot;:0}\"  itemprop=\"image\" itemscope=\"itemscope\" itemtype=\"https:\/\/schema.org\/ImageObject\" ><ul class='avia-slideshow-inner ' style='padding-bottom: 28.666666666667%;'><li  data-controls='' data-mute='aviaTBaviaTBvideo_mute' data-loop='' data-disable-autoplay=''  data-video-ratio='1.7777777777778' class='avia-slideshow-slide av-lal4wrvh-aeca01185c488d8a4fd5ca559097a03a__0  av-video-slide  av-video-service-vimeo  av-mute-video av-mobile-fallback-image  av-single-slide slide-1 slide-odd'><div data-rel='slideshow-1' class='avia-slide-wrap '   ><div class='av-click-overlay'><\/div><div class='mejs-mediaelement'  itemprop=\"video\" itemtype=\"https:\/\/schema.org\/VideoObject\" ><div data-src='\/\/player.vimeo.com\/video\/326314920?portrait=0&#038;byline=0&#038;title=0&#038;badge=0&#038;loop=0&#038;autopause=1&#038;api=1&#038;rel=0&#038;player_id=player_432_661199508_642441626&#038;color=003865' data-original_url='https:\/\/vimeo.com\/326314920' height='1600' width='900' class='av_vimeo_frame' id='player_432_661199508_642441626'><\/div><\/div><div class=\"av-click-to-play-overlay\"><div class=\"avia_playpause_icon\"><\/div><\/div><\/div><\/li><\/ul><\/div><\/p>\n<\/div><\/div>\n<style type=\"text\/css\" data-created_by=\"avia_inline_auto\" id=\"style-css-av-k4igy7yb-2-a31e13daf2d69679445b290f6c1aeda9\">\n.flex_cell.av-k4igy7yb-2-a31e13daf2d69679445b290f6c1aeda9{\nvertical-align:top;\n}\n.responsive #top #wrap_all .flex_cell.av-k4igy7yb-2-a31e13daf2d69679445b290f6c1aeda9{\npadding:30px 30px 30px 30px !important;\n}\n<\/style>\n<div class='flex_cell av-k4igy7yb-2-a31e13daf2d69679445b290f6c1aeda9 av-gridrow-cell av_one_half no_margin  avia-builder-el-21  el_after_av_cell_one_half  avia-builder-el-last  content-align-top'  ><div class='flex_cell_inner'><section  class='av_textblock_section av-k4igkejx-1-46b31a00c517cf485ffbf8566d711af3 '   itemscope=\"itemscope\" itemtype=\"https:\/\/schema.org\/CreativeWork\" ><div class='avia_textblock'  itemprop=\"text\" ><p class=\"x_MsoNormal\">Oletko jo maksanut matkasi? Nyt sinun ei tarvitse en\u00e4\u00e4 jonottaa! Wasaline on asentanut matkustajaportit sek\u00e4 Vaasan ett\u00e4 Uumajan terminaaleihin laivaannousun helpottamiseksi.<\/p>\n<p class=\"x_MsoNormal\">Varaa ja maksa matkasi helposti sovelluksemme tai online-varauksen kautta, skannaa QR-koodisi portilla ja v\u00e4lt\u00e4t n\u00e4in matkaselvityksen jonot. Tutustu portteihimme katsomalla t\u00e4m\u00e4 <a href=\"https:\/\/www.youtube.com\/watch?v=moufq0JlZFU\">video<\/a>.<\/p>\n<\/div><\/section>\n<\/div><\/div><\/div>\n","protected":false},"excerpt":{"rendered":"","protected":false},"author":1,"featured_media":0,"parent":0,"menu_order":0,"comment_status":"closed","ping_status":"closed","template":"","meta":{"_acf_changed":false,"footnotes":""},"class_list":["post-432","page","type-page","status-publish","hentry"],"acf":[],"publishpress_future_action":{"enabled":false,"date":"2026-04-21 23:45:46","action":"change-status","newStatus":"draft","terms":[],"taxonomy":"translation_priority","extraData":[]},"publishpress_future_workflow_manual_trigger":{"enabledWorkflows":[]},"_links":{"self":[{"href":"https:\/\/www.wasaline.com\/fi\/wp-json\/wp\/v2\/pages\/432","targetHints":{"allow":["GET"]}}],"collection":[{"href":"https:\/\/www.wasaline.com\/fi\/wp-json\/wp\/v2\/pages"}],"about":[{"href":"https:\/\/www.wasaline.com\/fi\/wp-json\/wp\/v2\/types\/page"}],"author":[{"embeddable":true,"href":"https:\/\/www.wasaline.com\/fi\/wp-json\/wp\/v2\/users\/1"}],"replies":[{"embeddable":true,"href":"https:\/\/www.wasaline.com\/fi\/wp-json\/wp\/v2\/comments?post=432"}],"version-history":[{"count":10,"href":"https:\/\/www.wasaline.com\/fi\/wp-json\/wp\/v2\/pages\/432\/revisions"}],"predecessor-version":[{"id":57038,"href":"https:\/\/www.wasaline.com\/fi\/wp-json\/wp\/v2\/pages\/432\/revisions\/57038"}],"wp:attachment":[{"href":"https:\/\/www.wasaline.com\/fi\/wp-json\/wp\/v2\/media?parent=432"}],"curies":[{"name":"wp","href":"https:\/\/api.w.org\/{rel}","templated":true}]}}