{"id":460,"date":"2022-07-07T08:56:57","date_gmt":"2022-07-07T06:56:57","guid":{"rendered":"https:\/\/www.wasaline.com\/?page_id=460"},"modified":"2024-02-22T22:08:44","modified_gmt":"2024-02-22T20:08:44","slug":"palaute","status":"publish","type":"page","link":"https:\/\/www.wasaline.com\/fi\/palaute\/","title":{"rendered":"Palaute"},"content":{"rendered":"<div id='full_slider_1'  class='avia-fullwidth-slider main_color avia-shadow   avia-builder-el-0  el_before_av_one_fifth  avia-builder-el-first   container_wrap fullsize'  ><div  class='avia-slideshow av-3v5hl7q-436a0482f92b19adef8a28b6021a9d5e avia-slideshow-featured_large av_slideshow_full avia-slide-slider av-slideshow-ui av-control-default av-slideshow-manual av-loop-once av-loop-manual-endless av-default-height-applied   avia-slideshow-1' data-slideshow-options=\"{&quot;animation&quot;:&quot;slide&quot;,&quot;autoplay&quot;:false,&quot;loop_autoplay&quot;:&quot;once&quot;,&quot;interval&quot;:5,&quot;loop_manual&quot;:&quot;manual-endless&quot;,&quot;autoplay_stopper&quot;:false,&quot;noNavigation&quot;:false,&quot;bg_slider&quot;:false,&quot;keep_padding&quot;:false,&quot;hoverpause&quot;:false,&quot;show_slide_delay&quot;:0}\"  itemprop=\"image\" itemscope=\"itemscope\" itemtype=\"https:\/\/schema.org\/ImageObject\" ><ul class='avia-slideshow-inner ' style='padding-bottom: 42%;'><li  class='avia-slideshow-slide av-3v5hl7q-436a0482f92b19adef8a28b6021a9d5e__0  av-single-slide slide-1 slide-odd'><div data-rel='slideshow-1' class='avia-slide-wrap '   ><img decoding=\"async\" fetchpriority=\"high\" class=\"wp-image-1228 avia-img-lazy-loading-not-1228\"  src=\"https:\/\/www.wasaline.com\/wp-content\/uploads\/2022\/08\/wasaline_2020-11-1500x630.jpg\" width=\"1500\" height=\"630\" title='Wasaline' alt='Wasaline'  itemprop=\"thumbnailUrl\"   \/><\/div><\/li><\/ul><\/div><\/div><div id='after_full_slider_1'  class='main_color av_default_container_wrap container_wrap fullsize'  ><div class='container av-section-cont-open' ><div class='template-page content  av-content-full alpha units'><div class='post-entry post-entry-type-page post-entry-460'><div class='entry-content-wrapper clearfix'>\n\n<style type=\"text\/css\" data-created_by=\"avia_inline_auto\" id=\"style-css-av-32uv2bq-2f4a21f0f7a22db816d31461b24d1682\">\n.flex_column.av-32uv2bq-2f4a21f0f7a22db816d31461b24d1682{\nborder-radius:0px 0px 0px 0px;\npadding:0px 0px 0px 0px;\n}\n<\/style>\n<div  class='flex_column av-32uv2bq-2f4a21f0f7a22db816d31461b24d1682 av_one_fifth  avia-builder-el-1  el_after_av_slideshow_full  el_before_av_three_fifth  avia-builder-el-first  first flex_column_div av-zero-column-padding  '     ><\/div>\n\n<style type=\"text\/css\" data-created_by=\"avia_inline_auto\" id=\"style-css-av-2qiez8m-91591718ce346e9e049f2b8b5ea05414\">\n.flex_column.av-2qiez8m-91591718ce346e9e049f2b8b5ea05414{\nborder-radius:8px 8px 8px 8px;\npadding:10px 10px 10px 10px;\nbackground-color:#e2e2e2;\n}\n<\/style>\n<div  class='flex_column av-2qiez8m-91591718ce346e9e049f2b8b5ea05414 av_three_fifth  avia-builder-el-2  el_after_av_one_fifth  el_before_av_one_fifth  flex_column_div  '     ><p>\n<style type=\"text\/css\" data-created_by=\"avia_inline_auto\" id=\"style-css-av-4k78q1y-9a6ca977de44de42d42d0b02695b8e69\">\n#top .av-special-heading.av-4k78q1y-9a6ca977de44de42d42d0b02695b8e69{\npadding-bottom:10px;\n}\nbody .av-special-heading.av-4k78q1y-9a6ca977de44de42d42d0b02695b8e69 .av-special-heading-tag .heading-char{\nfont-size:25px;\n}\n.av-special-heading.av-4k78q1y-9a6ca977de44de42d42d0b02695b8e69 .av-subheading{\nfont-size:15px;\n}\n<\/style>\n<div  class='av-special-heading av-4k78q1y-9a6ca977de44de42d42d0b02695b8e69 av-special-heading-h1 blockquote modern-quote modern-centered  avia-builder-el-3  el_before_av_textblock  avia-builder-el-first '><h1 class='av-special-heading-tag '  itemprop=\"headline\"  >Palaute<\/h1><div class=\"special-heading-border\"><div class=\"special-heading-inner-border\"><\/div><\/div><\/div><br \/>\n<section  class='av_textblock_section av-lsxnn7og-27d31d685b6d0748df852d86303d52cc '   itemscope=\"itemscope\" itemtype=\"https:\/\/schema.org\/CreativeWork\" ><div class='avia_textblock'  itemprop=\"text\" ><p>Voit l\u00e4hett\u00e4\u00e4 meille palautetta alla olevan lomakkeen kautta. Wasalinen maahenkil\u00f6kunta k\u00e4sittelee palautteita arkip\u00e4ivisin.<\/p>\n<p>Huom. Mik\u00e4li havaitset ep\u00e4kohdan matkasi aikana, otathan viipym\u00e4tt\u00e4 yhteytt\u00e4 laivan henkil\u00f6kuntaan, jotta voimme tehd\u00e4 parhaamme virheen korjaamiseksi heti.<\/p>\n<\/div><\/section><br \/>\n<section  class='av_textblock_section av-l96ocw2r-b2eae417a82c53e7dfcd41cda639471a '   itemscope=\"itemscope\" itemtype=\"https:\/\/schema.org\/CreativeWork\" ><div class='avia_textblock'  itemprop=\"text\" ><link rel='stylesheet' id='formidable-css' href='https:\/\/www.wasaline.com\/wp-content\/plugins\/formidable\/css\/formidableforms.css?ver=3112242' type='text\/css' media='all' \/>\n<div class=\"frm_forms  with_frm_style frm_style_formidables-stilmall\" id=\"frm_form_10_container\" data-token=\"c39c4f3ee6edb93c128988147285cfd7\">\n<form enctype=\"multipart\/form-data\" method=\"post\" class=\"frm-show-form  frm_js_validate  frm_ajax_submit  frm_pro_form  frm_logic_form  frm_slideup \" id=\"form_feedback\" data-token=\"c39c4f3ee6edb93c128988147285cfd7\">\n<div class=\"frm_form_fields  frm_page_num_1\">\n<fieldset>\n<legend class=\"frm_screen_reader\">Palaute<\/legend>\r\n\r\n<div class=\"frm_fields_container\">\n<div class=\"frm_rootline_group\" role=\"group\" tabindex=\"0\" aria-label=\"Page 1 of 4\" ><ul class=\"frm_page_bar frm_rootline_4 frm_progress frm_progress_line  frm_show_lines frm_show_titles\"><li class=\"frm_rootline_single frm_current_page\"><span class=\"frm_rootline_title\">Matka<\/span><input type=\"button\" value=\"1\" data-page=\"\" class=\" frm_page_1\" aria-disabled=\"true\" data-field=\"0\" aria-label=\"Matka\"  \/><\/li><li class=\"frm_rootline_single\"><span class=\"frm_rootline_title\">Palaute<\/span><input type=\"button\" value=\"2\" data-page=\"7\" class=\"frm_page_skip frm_page_2\" data-field=\"132\" aria-label=\"Palaute\"  \/><\/li><li class=\"frm_rootline_single\"><span class=\"frm_rootline_title\">Yhteystiedot<\/span><input type=\"button\" value=\"3\" data-page=\"13\" class=\"frm_page_skip frm_page_3\" data-field=\"131\" aria-label=\"Yhteystiedot\"  \/><\/li><li class=\"frm_rootline_single\"><span class=\"frm_rootline_title\">L\u00e4het\u00e4<\/span><input type=\"button\" value=\"4\" data-page=\"27\" class=\"frm_page_skip frm_page_4\" data-field=\"133\" aria-label=\"L\u00e4het\u00e4\"  \/><\/li><\/ul><div class=\"frm_percent_complete\">0% valmista<\/div><div class=\"frm_pages_complete\">1 \/ 4<\/div><div class=\"frm_clearfix\"><\/div><\/div><input type=\"hidden\" name=\"frm_action\" value=\"create\" \/>\n<input type=\"hidden\" name=\"form_id\" value=\"10\" \/>\n<input type=\"hidden\" name=\"frm_hide_fields_10\" id=\"frm_hide_fields_10\" value=\"\" \/>\n<input type=\"hidden\" name=\"form_key\" value=\"feedback\" \/>\n<input type=\"hidden\" name=\"item_meta[0]\" value=\"\" \/>\n<input type=\"hidden\" id=\"frm_submit_entry_10\" name=\"frm_submit_entry_10\" value=\"9c56cf2372\" \/><input type=\"hidden\" name=\"_wp_http_referer\" value=\"\/fi\/wp-json\/wp\/v2\/pages\/460\" \/><div id=\"frm_field_115_container\" class=\"frm_form_field form-field  frm_top_container frm12 frm_first\">\r\n    <label for=\"field_5iwd8\" id=\"field_5iwd8_label\" class=\"frm_primary_label\">Varausnumero\r\n        <span class=\"frm_required\" aria-hidden=\"true\"><\/span>\r\n    <\/label>\r\n    <input  type=\"text\" id=\"field_5iwd8\" name=\"item_meta[115]\" value=\"\"  data-invmsg=\"virhe\" aria-invalid=\"false\"   \/>\r\n    \r\n    \r\n<\/div>\n<div id=\"frm_field_118_container\" class=\"frm_form_field form-field  frm_required_field frm_top_container frm6 frm_first\">\r\n    <label for=\"field_vijev\" id=\"field_vijev_label\" class=\"frm_primary_label\">Matkustusp\u00e4iv\u00e4\r\n        <span class=\"frm_required\" aria-hidden=\"true\">*<\/span>\r\n    <\/label>\r\n    <input type=\"text\" id=\"field_vijev\" name=\"item_meta[118]\" value=\"\"  maxlength=\"10\" data-reqmsg=\"Detta f\u00e4lt kan inte vara tomt.\" aria-required=\"true\" data-invmsg=\"virhe\" class=\"frm_date\" aria-invalid=\"false\"  \/>\r\n    \r\n    \r\n<\/div>\n<div id=\"frm_field_116_container\" class=\"frm_form_field form-field  frm_top_container frm6\">\r\n    <label for=\"field_5jgul\" id=\"field_5jgul_label\" class=\"frm_primary_label\">Hyttinumero\r\n        <span class=\"frm_required\" aria-hidden=\"true\"><\/span>\r\n    <\/label>\r\n    <input  type=\"text\" id=\"field_5jgul\" name=\"item_meta[116]\" value=\"\"  data-invmsg=\"virhe\" aria-invalid=\"false\"   \/>\r\n    \r\n    \r\n<\/div>\n<input type=\"hidden\" name=\"frm_page_order_10\" id=\"frm_page_order_10\" value=\"7\" \/><input type=\"hidden\" name=\"item_meta[120]\" id=\"field_isddz\" value=\"\"     \/>\n<input type=\"hidden\" name=\"item_meta[117]\" id=\"field_82pgr\" value=\"\"     \/>\n<input type=\"hidden\" name=\"item_meta[131]\" id=\"field_7ecrt\" value=\"\"     \/>\n<input type=\"hidden\" name=\"item_meta[782]\" id=\"field_qortp\" value=\"\"     \/>\n<input type=\"hidden\" name=\"item_meta[783]\" id=\"field_cs05m\" value=\"\"     \/>\n<input type=\"hidden\" name=\"item_meta[122]\" id=\"field_vnet5\" value=\"\"     \/>\n<input type=\"hidden\" name=\"item_meta[124]\" id=\"field_753w2\" value=\"\"     \/>\n<input type=\"hidden\" name=\"item_meta[125]\" id=\"field_8qj2u\" value=\"\"     \/>\n<input type=\"hidden\" name=\"item_meta[126]\" id=\"field_g4jmj-0\" value=\"\"     \/>\n<input type=\"hidden\" name=\"item_meta[133]\" id=\"field_k1cs\" value=\"\"     \/>\n<input type=\"hidden\" name=\"item_meta[127]\" id=\"field_rea58-0\" value=\"\"     \/>\n<input type=\"hidden\" name=\"item_meta[130]\" id=\"field_kuvuh\" value=\"\"     \/>\n<input type=\"hidden\" name=\"item_meta[129]\" id=\"field_zmzxn-0\" value=\"\"     \/>\n<input type=\"hidden\" name=\"item_meta[134]\" id=\"field_g8pwi\" value=\"2026 #21\"  data-frmval=\"2026 #21\" class=\"frm-has-number-format\"   \/>\n<input type=\"hidden\" name=\"item_meta[817]\" id=\"field_uaivw\" value=\"\"     \/>\n\t<input type=\"hidden\" name=\"item_key\" value=\"\" \/>\n\t\t\t<div id=\"frm_field_1043_container\">\n\t\t\t<label for=\"field_hhkvk\" >\n\t\t\t\tIf you are human, leave this field blank.\t\t\t<\/label>\n\t\t\t<input  id=\"field_hhkvk\" type=\"text\" class=\"frm_form_field form-field frm_verify\" name=\"item_meta[1043]\" value=\"\"  \/>\n\t\t<\/div>\n\t\t<input name=\"frm_state\" type=\"hidden\" value=\"7\/eKXepN77vNnWZl37OhrG65WS\/8CS4wIpxhUdm75yxm7\/NGReUNYuRPpLEVVKo1\" \/><div class=\"frm_submit\">\r\n\r\n<button class=\"frm_button_submit\" type=\"submit\"  >Seuraava<\/button>\r\n\r\n<a href=\"#\" tabindex=\"0\" class=\"frm_start_over\" >Aloita alusta<\/a>\r\n<\/div><\/div>\n<\/fieldset>\n<\/div>\n\n<\/form>\n<\/div>\n\n<\/div><\/section><\/p><\/div>\n<style type=\"text\/css\" data-created_by=\"avia_inline_auto\" id=\"style-css-av-sf5scm-3be7cc7ec9844bfd01c3da9f928b9cbc\">\n.flex_column.av-sf5scm-3be7cc7ec9844bfd01c3da9f928b9cbc{\nborder-radius:0px 0px 0px 0px;\npadding:0px 0px 0px 0px;\n}\n<\/style>\n<div  class='flex_column av-sf5scm-3be7cc7ec9844bfd01c3da9f928b9cbc av_one_fifth  avia-builder-el-6  el_after_av_three_fifth  avia-builder-el-last  flex_column_div av-zero-column-padding  '     ><\/div><\/p>\n","protected":false},"excerpt":{"rendered":"","protected":false},"author":1,"featured_media":0,"parent":0,"menu_order":0,"comment_status":"closed","ping_status":"closed","template":"","meta":{"_acf_changed":false,"footnotes":""},"class_list":["post-460","page","type-page","status-publish","hentry"],"acf":[],"publishpress_future_action":{"enabled":false,"date":"2026-04-21 23:50:46","action":"change-status","newStatus":"draft","terms":[],"taxonomy":"translation_priority","extraData":[]},"publishpress_future_workflow_manual_trigger":{"enabledWorkflows":[]},"_links":{"self":[{"href":"https:\/\/www.wasaline.com\/fi\/wp-json\/wp\/v2\/pages\/460","targetHints":{"allow":["GET"]}}],"collection":[{"href":"https:\/\/www.wasaline.com\/fi\/wp-json\/wp\/v2\/pages"}],"about":[{"href":"https:\/\/www.wasaline.com\/fi\/wp-json\/wp\/v2\/types\/page"}],"author":[{"embeddable":true,"href":"https:\/\/www.wasaline.com\/fi\/wp-json\/wp\/v2\/users\/1"}],"replies":[{"embeddable":true,"href":"https:\/\/www.wasaline.com\/fi\/wp-json\/wp\/v2\/comments?post=460"}],"version-history":[{"count":9,"href":"https:\/\/www.wasaline.com\/fi\/wp-json\/wp\/v2\/pages\/460\/revisions"}],"predecessor-version":[{"id":52020,"href":"https:\/\/www.wasaline.com\/fi\/wp-json\/wp\/v2\/pages\/460\/revisions\/52020"}],"wp:attachment":[{"href":"https:\/\/www.wasaline.com\/fi\/wp-json\/wp\/v2\/media?parent=460"}],"curies":[{"name":"wp","href":"https:\/\/api.w.org\/{rel}","templated":true}]}}