{"id":46675,"date":"2023-11-10T13:06:41","date_gmt":"2023-11-10T11:06:41","guid":{"rendered":"https:\/\/www.wasaline.com\/?page_id=46675"},"modified":"2025-09-18T21:24:31","modified_gmt":"2025-09-18T19:24:31","slug":"ets","status":"publish","type":"page","link":"https:\/\/www.wasaline.com\/fi\/ets\/","title":{"rendered":"ETS"},"content":{"rendered":"<article  class='iconbox iconbox_left av-meci8zzh-9375d09f157faa321492afe208b92396  avia-builder-el-0  avia-builder-el-no-sibling '  itemscope=\"itemscope\" itemtype=\"https:\/\/schema.org\/CreativeWork\" ><div class=\"iconbox_content\"><header class=\"entry-content-header\" aria-label=\"Icon: ETS-, satama- ja polttoainelis\u00e4maksun ker\u00e4\u00e4minen on p\u00e4\u00e4ttynyt Wasalinella\"><div class='iconbox_icon heading-color avia-iconfont avia-font-entypo-fontello' data-av_icon='\ue81f' data-av_iconfont='entypo-fontello'  ><\/div><h3 class='iconbox_content_title '  itemprop=\"headline\" >ETS-, satama- ja polttoainelis\u00e4maksun ker\u00e4\u00e4minen on p\u00e4\u00e4ttynyt Wasalinella<\/h3><\/header><div class='iconbox_content_container '  itemprop=\"text\" ><p><a href=\"https:\/\/www.wasaline.com\/fi\/ymparistomaksu\/\">Lue lis\u00e4\u00e4 ymp\u00e4rist\u00f6maksusta \u2192<\/a><\/p>\n<\/div><\/div><footer class=\"entry-footer\"><\/footer><\/article>\n","protected":false},"excerpt":{"rendered":"","protected":false},"author":4,"featured_media":0,"parent":0,"menu_order":0,"comment_status":"closed","ping_status":"closed","template":"","meta":{"_acf_changed":false,"footnotes":""},"class_list":["post-46675","page","type-page","status-publish","hentry"],"acf":[],"publishpress_future_action":{"enabled":false,"date":"2026-05-13 00:30:30","action":"change-status","newStatus":"draft","terms":[],"taxonomy":"translation_priority","extraData":[]},"publishpress_future_workflow_manual_trigger":{"enabledWorkflows":[]},"_links":{"self":[{"href":"https:\/\/www.wasaline.com\/fi\/wp-json\/wp\/v2\/pages\/46675","targetHints":{"allow":["GET"]}}],"collection":[{"href":"https:\/\/www.wasaline.com\/fi\/wp-json\/wp\/v2\/pages"}],"about":[{"href":"https:\/\/www.wasaline.com\/fi\/wp-json\/wp\/v2\/types\/page"}],"author":[{"embeddable":true,"href":"https:\/\/www.wasaline.com\/fi\/wp-json\/wp\/v2\/users\/4"}],"replies":[{"embeddable":true,"href":"https:\/\/www.wasaline.com\/fi\/wp-json\/wp\/v2\/comments?post=46675"}],"version-history":[{"count":12,"href":"https:\/\/www.wasaline.com\/fi\/wp-json\/wp\/v2\/pages\/46675\/revisions"}],"predecessor-version":[{"id":77184,"href":"https:\/\/www.wasaline.com\/fi\/wp-json\/wp\/v2\/pages\/46675\/revisions\/77184"}],"wp:attachment":[{"href":"https:\/\/www.wasaline.com\/fi\/wp-json\/wp\/v2\/media?parent=46675"}],"curies":[{"name":"wp","href":"https:\/\/api.w.org\/{rel}","templated":true}]}}