{"id":470,"date":"2022-07-07T08:57:40","date_gmt":"2022-07-07T06:57:40","guid":{"rendered":"https:\/\/www.wasaline.com\/?page_id=470"},"modified":"2024-04-24T09:33:58","modified_gmt":"2024-04-24T07:33:58","slug":"kanta-asiakkaat","status":"publish","type":"page","link":"https:\/\/www.wasaline.com\/fi\/kanta-asiakkaat\/","title":{"rendered":"Kanta-asiakkaat"},"content":{"rendered":"<div id='full_slider_1'  class='avia-fullwidth-slider main_color avia-shadow   avia-builder-el-0  el_before_av_heading  avia-builder-el-first   container_wrap fullsize'  ><div  class='avia-slideshow av-kex34j1l-a0694c9ad1d4ca8fd44bb388fc2bc0eb avia-slideshow-featured_large av_slideshow_full avia-slide-slider av-slideshow-ui av-control-default av-slideshow-manual av-loop-once av-loop-manual-endless av-default-height-applied   avia-slideshow-1' data-slideshow-options=\"{&quot;animation&quot;:&quot;slide&quot;,&quot;autoplay&quot;:false,&quot;loop_autoplay&quot;:&quot;once&quot;,&quot;interval&quot;:5,&quot;loop_manual&quot;:&quot;manual-endless&quot;,&quot;autoplay_stopper&quot;:false,&quot;noNavigation&quot;:false,&quot;bg_slider&quot;:false,&quot;keep_padding&quot;:false,&quot;hoverpause&quot;:false,&quot;show_slide_delay&quot;:0}\"  itemprop=\"image\" itemscope=\"itemscope\" itemtype=\"https:\/\/schema.org\/ImageObject\" ><ul class='avia-slideshow-inner ' style='padding-bottom: 42%;'><li  class='avia-slideshow-slide av-kex34j1l-a0694c9ad1d4ca8fd44bb388fc2bc0eb__0  av-single-slide slide-1 slide-odd'><div data-rel='slideshow-1' class='avia-slide-wrap '   ><img decoding=\"async\" fetchpriority=\"high\" class=\"wp-image-1156 avia-img-lazy-loading-not-1156\"  src=\"https:\/\/www.wasaline.com\/wp-content\/uploads\/2022\/08\/wasaline_2020-16-1500x630.jpg\" width=\"1500\" height=\"630\" title='Wasaline' alt='Wasaline'  itemprop=\"thumbnailUrl\"   \/><\/div><\/li><\/ul><\/div><\/div><div id='after_full_slider_1'  class='main_color av_default_container_wrap container_wrap fullsize'  ><div class='container av-section-cont-open' ><div class='template-page content  av-content-full alpha units'><div class='post-entry post-entry-type-page post-entry-470'><div class='entry-content-wrapper clearfix'>\n\n<style type=\"text\/css\" data-created_by=\"avia_inline_auto\" id=\"style-css-av-3a703n-9e83e4a00017f370c6910dc598481fa4\">\n#top .av-special-heading.av-3a703n-9e83e4a00017f370c6910dc598481fa4{\npadding-bottom:10px;\n}\nbody .av-special-heading.av-3a703n-9e83e4a00017f370c6910dc598481fa4 .av-special-heading-tag .heading-char{\nfont-size:25px;\n}\n.av-special-heading.av-3a703n-9e83e4a00017f370c6910dc598481fa4 .av-subheading{\nfont-size:15px;\n}\n<\/style>\n<div  class='av-special-heading av-3a703n-9e83e4a00017f370c6910dc598481fa4 av-special-heading-h1 blockquote modern-quote  avia-builder-el-1  el_after_av_slideshow_full  el_before_av_one_full  avia-builder-el-first '><h1 class='av-special-heading-tag '  itemprop=\"headline\"  >Tervetuloa kanta-asiakkaaksemme<\/h1><div class=\"special-heading-border\"><div class=\"special-heading-inner-border\"><\/div><\/div><\/div>\n<div  class='flex_column av-8ue2i2-a26440495043063300e925514545cfc8 av_one_full  avia-builder-el-2  el_after_av_heading  el_before_av_one_half  first flex_column_div  '     ><section  class='av_textblock_section av-7xt0ka-65da876ecb012d436638a4617717ae0c '   itemscope=\"itemscope\" itemtype=\"https:\/\/schema.org\/CreativeWork\" ><div class='avia_textblock'  itemprop=\"text\" ><p>Wasalinen kanta-asiakasohjelma tuo monia etuja usein matkustaville asiakkaillemme. Olemme pyrkineet luomaan yksinkertaisen ja helppok\u00e4ytt\u00f6isen ohjelman, josta on sinulle sek\u00e4 hy\u00f6ty\u00e4, ett\u00e4 iloa ja saavuttamasi edut ovat k\u00e4ytett\u00e4viss\u00e4si heti, kun olet niihin oikeutettu. Kanta-asiakasohjelmaamme kehitet\u00e4\u00e4n jatkuvasti ja kotisivuiltamme l\u00f6yd\u00e4t aina tuoreimmat uutiset ja lis\u00e4ykset. T\u00e4m\u00e4 nykyinen kanta-asiakasohjelmamme korvaa kaikki aiemmat, usein matkustaville henkil\u00f6ille suunnatut tuotteemme.<\/p>\n<p>Kysymyksi\u00e4 ja vastauksia kanta-asiakasohjelmasta:<\/p>\n<\/div><\/section><\/div>\n\n<style type=\"text\/css\" data-created_by=\"avia_inline_auto\" id=\"style-css-av-63bbq2-d3e698cd52e3f43946959ee68a6f58f8\">\n.flex_column.av-63bbq2-d3e698cd52e3f43946959ee68a6f58f8{\nborder-radius:0px 0px 0px 0px;\npadding:0px 0px 0px 0px;\n}\n<\/style>\n<div  class='flex_column av-63bbq2-d3e698cd52e3f43946959ee68a6f58f8 av_one_half  avia-builder-el-4  el_after_av_one_full  el_before_av_one_half  first flex_column_div av-zero-column-padding  column-top-margin'     ><div  class='avia-button-wrap av-jilyvlr5-d7dd6911d2990aac92998f296d2e1364-wrap avia-button-center  avia-builder-el-5  avia-builder-el-no-sibling '><a href='https:\/\/booking.wasaline.com\/fi\/asiakassivut\/'  class='avia-button av-jilyvlr5-d7dd6911d2990aac92998f296d2e1364 av-link-btn avia-icon_select-no avia-size-large avia-position-center avia-color-theme-color'  target=\"_blank\"  rel=\"noopener noreferrer\"  aria-label=\"Kirjaudu \u00bb\"><span class='avia_iconbox_title' >Kirjaudu \u00bb<\/span><\/a><\/div><\/div>\n\n<style type=\"text\/css\" data-created_by=\"avia_inline_auto\" id=\"style-css-av-63bbq2-15b9cbb542a0886b0436e5a0e3a8e550\">\n.flex_column.av-63bbq2-15b9cbb542a0886b0436e5a0e3a8e550{\nborder-radius:0px 0px 0px 0px;\npadding:0px 0px 0px 0px;\n}\n<\/style>\n<div  class='flex_column av-63bbq2-15b9cbb542a0886b0436e5a0e3a8e550 av_one_half  avia-builder-el-6  el_after_av_one_half  el_before_av_one_half  flex_column_div av-zero-column-padding  column-top-margin'     ><div  class='avia-button-wrap av-jilyvlr5-26580e06c1063a20fb8e08af459c6472-wrap avia-button-center  avia-builder-el-7  avia-builder-el-no-sibling '><a href='https:\/\/booking.wasaline.com\/fi\/asiakasprofiili\/'  class='avia-button av-jilyvlr5-26580e06c1063a20fb8e08af459c6472 av-link-btn avia-icon_select-no avia-size-large avia-position-center avia-color-theme-color'  target=\"_blank\"  rel=\"noopener noreferrer\"  aria-label=\"Luo oma tili \u00bb\"><span class='avia_iconbox_title' >Luo oma tili \u00bb<\/span><\/a><\/div><\/div>\n\n<style type=\"text\/css\" data-created_by=\"avia_inline_auto\" id=\"style-css-av-63bbq2-d3e698cd52e3f43946959ee68a6f58f8\">\n.flex_column.av-63bbq2-d3e698cd52e3f43946959ee68a6f58f8{\nborder-radius:0px 0px 0px 0px;\npadding:0px 0px 0px 0px;\n}\n<\/style>\n<div  class='flex_column av-63bbq2-d3e698cd52e3f43946959ee68a6f58f8 av_one_half  avia-builder-el-8  el_after_av_one_half  el_before_av_one_half  first flex_column_div av-zero-column-padding  column-top-margin'     ><section  class='av_textblock_section av-2x33lm-66df32f431352d7f643609d2d6d2cbb8 '   itemscope=\"itemscope\" itemtype=\"https:\/\/schema.org\/CreativeWork\" ><div class='avia_textblock'  itemprop=\"text\" ><p><strong>Miten kanta-asiakasohjelma toimii?<\/strong><br \/>\nMit\u00e4 enemm\u00e4n matkustat, sit\u00e4 parempia etuja saat. Asiakkuustasoja on kolme: PERUS-, HOPEA- ja KULTATASO. Saat alennusta matkasi hinnasta asiakkuustasosi mukaisesti.<\/p>\n<p><strong>Onko j\u00e4senyys maksullinen?<\/strong><br \/>\nJ\u00e4senyys kanta-asiakasohjelmassamme on ilmainen.<\/p>\n<p><strong>Kuka voi liitty\u00e4 j\u00e4seneksi?<\/strong><br \/>\nJ\u00e4senyys on tarkoitettu yksityisasiakkaille ja se on henkil\u00f6kohtainen, mutta my\u00f6s muut perheenj\u00e4senet nauttivat samoista eduista h\u00e4nen kanssaan matkustaessaan. Voidaksesi liitty\u00e4 j\u00e4seneksi tulee Sinun olla v\u00e4hint\u00e4\u00e4n 15-vuotias.<\/p>\n<p><strong>Milloin ja miten edut ovat k\u00e4ytett\u00e4viss\u00e4?<\/strong><br \/>\nEdut saat k\u00e4ytt\u00f6\u00f6si kirjautumalla kanta-asiakassivuillemme ja tekem\u00e4ll\u00e4 matkavarauksen internetiss\u00e4. Puhelimitse tai suoraan l\u00e4ht\u00f6selvityksess\u00e4 tehtyihin varauksiin ei etua my\u00f6nnet\u00e4, eiv\u00e4tk\u00e4 ne kartuta asiakkuustasoa.<br \/>\nMatkoja ei rekister\u00f6id\u00e4 kanta-asiakasj\u00e4rjestelm\u00e4\u00e4n j\u00e4lkik\u00e4teen. Saatavilla olevan alennuksen voi hy\u00f6dynt\u00e4\u00e4 vain matkan varauksen yhteydess\u00e4.<br \/>\nEdut koskevat ainoastaan henkil\u00f6lippuja.<br \/>\nEdut eiv\u00e4t koske ryhm\u00e4matkoja tai muita erikoishintoja<br \/>\nEdut eiv\u00e4t koske hotellipaketteja<br \/>\nEtumatkoihin p\u00e4tev\u00e4t samat peruutus- ja maksuehdot kuin muihinkin matkoihin<\/p>\n<p><strong>Kuinka asiakkuustasoja p\u00e4ivitet\u00e4\u00e4n?<\/strong><br \/>\nSeurantakausi alkaa siit\u00e4 p\u00e4iv\u00e4m\u00e4\u00e4r\u00e4st\u00e4, jolloin henkil\u00f6 liittyy kanta-asiakasohjelmaan ja sen pituus on yksi vuosi.<br \/>\nSaavutettu asiakkuustaso on voimassa kuluvan seurantakauden loppuun ja sit\u00e4 seuraavan seurantakauden ajan.<br \/>\nJos henkil\u00f6 ei matkusta seurantakauden aikana lainkaan, j\u00e4senyys kanta-asiakasohjelmassa umpeutuu.<br \/>\nAsiakkuustasotiedot p\u00e4ivitet\u00e4\u00e4n kerran viikossa maanantaisin.<\/p>\n<p><strong>Miten matkat kerrytt\u00e4v\u00e4t etutili\u00e4?<\/strong><br \/>\nJokainen matka Vaasan ja Uumajan v\u00e4lill\u00e4 kerrytt\u00e4\u00e4 j\u00e4senen tili\u00e4 yhdell\u00e4 (1) matkalla. P\u00e4iv\u00e4risteily on yhden (1) matkan arvoinen.<\/p>\n<\/div><\/section><\/div>\n<style type=\"text\/css\" data-created_by=\"avia_inline_auto\" id=\"style-css-av-63bbq2-15b9cbb542a0886b0436e5a0e3a8e550\">\n.flex_column.av-63bbq2-15b9cbb542a0886b0436e5a0e3a8e550{\nborder-radius:0px 0px 0px 0px;\npadding:0px 0px 0px 0px;\n}\n<\/style>\n<div  class='flex_column av-63bbq2-15b9cbb542a0886b0436e5a0e3a8e550 av_one_half  avia-builder-el-10  el_after_av_one_half  avia-builder-el-last  flex_column_div av-zero-column-padding  column-top-margin'     ><section  class='av_textblock_section av-2x33lm-2405123982518858a3825a291f4bc626 '   itemscope=\"itemscope\" itemtype=\"https:\/\/schema.org\/CreativeWork\" ><div class='avia_textblock'  itemprop=\"text\" ><p><strong>Mitk\u00e4 ovat eri tasoilla saatavat edut?<\/strong><\/p>\n<p>PERUSTASO<br \/>\nJ\u00e4senohjelmaan liittyess\u00e4si asiakkuustasonasi on <strong>Perustaso<\/strong>. T\u00e4ll\u00e4 tasolla matkustat normaalihinnalla, mutta saat uutiskirjeit\u00e4 ja j\u00e4sentarjouksia s\u00e4hk\u00f6postitse.<br \/>\nPerustasolla pysy\u00e4ksesi tulee Sinun kerrytt\u00e4\u00e4 j\u00e4sentili\u00e4si v\u00e4hint\u00e4\u00e4n yhdell\u00e4 (1) matkalla seurantakauden aikana.<\/p>\n<p>HOPEATASO<br \/>\nKun j\u00e4sentilill\u00e4si on kuusi (6) matkapistett\u00e4, siirryt <strong>Hopeatasolle<\/strong>. T\u00e4ll\u00e4 tasolla saat 5 %:n alennuksen henkil\u00f6lipuista sek\u00e4 uutiskirjeit\u00e4 ja j\u00e4sentarjouksia s\u00e4hk\u00f6postitse.<br \/>\nHopeatasolla pysy\u00e4ksesi t\u00e4ytyy Sinun kerrytt\u00e4\u00e4 tili\u00e4si v\u00e4hint\u00e4\u00e4n kuudella (6) matkalla kuluvan seurantakauden aikana. Jos j\u00e4sentilill\u00e4si on seurantakauden lopussa v\u00e4hemm\u00e4n kuin kuusi (6) matkapistett\u00e4, siirryt takaisin Perustasolle.<\/p>\n<p>KULTATASO<br \/>\nKer\u00e4tty\u00e4si j\u00e4sentilillesi 12 matkapistett\u00e4, nouset <strong>Kultatasolle<\/strong>. T\u00e4ll\u00e4 tasolla olet oikeutettu 10 %:n alennukseen henkil\u00f6lipuista sek\u00e4 saat uutiskirjeit\u00e4 ja j\u00e4sentarjouksia s\u00e4hk\u00f6postitse.<br \/>\nKultatasolla pysy\u00e4ksesi on Sinun kerrytett\u00e4v\u00e4 tili\u00e4si v\u00e4hint\u00e4\u00e4n 12 matkalla seurantakauden aikana.<br \/>\nJos seurantakauden lopussa j\u00e4sentilill\u00e4si on v\u00e4hemm\u00e4n kuin 12, mutta enemm\u00e4n kuin kuusi (6) matkapistett\u00e4, palaat Hopeatasolle ja jos matkapisteit\u00e4 on v\u00e4hemm\u00e4n kuin kuusi (6), putoat Perustasolle.<\/p>\n<p><strong>Miten kanta-asiakasohjelmaan voi liitty\u00e4?<\/strong><br \/>\nKanta-asiakasohjelmaamme voi liitty\u00e4 ainoastaan Internetin kautta.<\/p>\n<p>Huomaathan, ett\u00e4 t\u00e4hdell\u00e4 (*) merkityt kent\u00e4t ovat pakollisia.<\/p>\n<p>Kun olet t\u00e4ytt\u00e4nyt lomakkeen ja painanut \u201dJatka\u201d-painiketta, l\u00e4hetet\u00e4\u00e4n liittymistietosi ilmoittamaasi s\u00e4hk\u00f6postiosoitteeseen. Pid\u00e4 n\u00e4m\u00e4 tiedot tallessa, sill\u00e4 tarvitset niit\u00e4 aina matkan varaamisen tai tietojen muuttamisen yhteydess\u00e4. Huolehdithan my\u00f6s, etteiv\u00e4t ne joudu ulkopuolisen k\u00e4siin.<\/p>\n<p>Mik\u00e4li haluat purkaa j\u00e4senyytesi kanta-asiakasohjelmassamme, ilmoita siit\u00e4 meille kirjallisesti. Irtisanomisen saavuttua tietosi poistetaan j\u00e4rjestelm\u00e4st\u00e4mme kahden viikon kuluessa.<\/p>\n<\/div><\/section><\/div><\/p>\n","protected":false},"excerpt":{"rendered":"","protected":false},"author":1,"featured_media":0,"parent":0,"menu_order":0,"comment_status":"closed","ping_status":"closed","template":"","meta":{"_acf_changed":false,"footnotes":""},"class_list":["post-470","page","type-page","status-publish","hentry"],"acf":[],"publishpress_future_action":{"enabled":false,"date":"2026-04-21 23:45:52","action":"change-status","newStatus":"draft","terms":[],"taxonomy":"translation_priority","extraData":[]},"publishpress_future_workflow_manual_trigger":{"enabledWorkflows":[]},"_links":{"self":[{"href":"https:\/\/www.wasaline.com\/fi\/wp-json\/wp\/v2\/pages\/470","targetHints":{"allow":["GET"]}}],"collection":[{"href":"https:\/\/www.wasaline.com\/fi\/wp-json\/wp\/v2\/pages"}],"about":[{"href":"https:\/\/www.wasaline.com\/fi\/wp-json\/wp\/v2\/types\/page"}],"author":[{"embeddable":true,"href":"https:\/\/www.wasaline.com\/fi\/wp-json\/wp\/v2\/users\/1"}],"replies":[{"embeddable":true,"href":"https:\/\/www.wasaline.com\/fi\/wp-json\/wp\/v2\/comments?post=470"}],"version-history":[{"count":7,"href":"https:\/\/www.wasaline.com\/fi\/wp-json\/wp\/v2\/pages\/470\/revisions"}],"predecessor-version":[{"id":55666,"href":"https:\/\/www.wasaline.com\/fi\/wp-json\/wp\/v2\/pages\/470\/revisions\/55666"}],"wp:attachment":[{"href":"https:\/\/www.wasaline.com\/fi\/wp-json\/wp\/v2\/media?parent=470"}],"curies":[{"name":"wp","href":"https:\/\/api.w.org\/{rel}","templated":true}]}}