{"id":57548,"date":"2024-06-04T09:06:43","date_gmt":"2024-06-04T07:06:43","guid":{"rendered":"https:\/\/www.wasaline.com\/?page_id=57548"},"modified":"2025-06-17T09:06:25","modified_gmt":"2025-06-17T07:06:25","slug":"ajoneuvot-laivalla","status":"publish","type":"page","link":"https:\/\/www.wasaline.com\/fi\/tarkeaa-tietoa\/ajoneuvot-laivalla\/","title":{"rendered":"Ajoneuvot laivalla"},"content":{"rendered":"<div  class='flex_column av-3y4oh8s-f1bc726498e893c32147080ea6e59967 av_one_full  avia-builder-el-0  el_before_av_one_half  avia-builder-el-first  first flex_column_div  '     ><style type=\"text\/css\" data-created_by=\"avia_inline_auto\" id=\"style-css-av-lx00ivn0-5379cd787676c65b5337d4ea2dfa1ae5\">\n#top .av-special-heading.av-lx00ivn0-5379cd787676c65b5337d4ea2dfa1ae5{\npadding-bottom:10px;\n}\nbody .av-special-heading.av-lx00ivn0-5379cd787676c65b5337d4ea2dfa1ae5 .av-special-heading-tag .heading-char{\nfont-size:25px;\n}\n.av-special-heading.av-lx00ivn0-5379cd787676c65b5337d4ea2dfa1ae5 .av-subheading{\nfont-size:15px;\n}\n<\/style>\n<div  class='av-special-heading av-lx00ivn0-5379cd787676c65b5337d4ea2dfa1ae5 av-special-heading-h1 blockquote modern-quote modern-centered  avia-builder-el-1  avia-builder-el-no-sibling '><h1 class='av-special-heading-tag '  itemprop=\"headline\"  >Ajoneuvot laivalla<\/h1><div class='av-subheading av-subheading_below'><p>Ohjeet matkan varaamiseen ja l\u00e4ht\u00f6selvitykseen<\/p>\n<\/div><div class=\"special-heading-border\"><div class=\"special-heading-inner-border\"><\/div><\/div><\/div><\/div>\n<div  class='flex_column av-3bm2t4c-dc9312785a96e6dcaa9807085631d6db av_one_half  avia-builder-el-2  el_after_av_one_full  el_before_av_one_half  first flex_column_div  column-top-margin'     ><p>\n<style type=\"text\/css\" data-created_by=\"avia_inline_auto\" id=\"style-css-av-lx00ldik-5c6445aa80bd13d7f25b97d7ba52b90d\">\n#top .av-special-heading.av-lx00ldik-5c6445aa80bd13d7f25b97d7ba52b90d{\npadding-bottom:10px;\n}\nbody .av-special-heading.av-lx00ldik-5c6445aa80bd13d7f25b97d7ba52b90d .av-special-heading-tag .heading-char{\nfont-size:25px;\n}\n.av-special-heading.av-lx00ldik-5c6445aa80bd13d7f25b97d7ba52b90d .av-subheading{\nfont-size:15px;\n}\n<\/style>\n<div  class='av-special-heading av-lx00ldik-5c6445aa80bd13d7f25b97d7ba52b90d av-special-heading-h2 blockquote modern-quote  avia-builder-el-3  el_before_av_textblock  avia-builder-el-first '><h2 class='av-special-heading-tag '  itemprop=\"headline\"  >Ajoneuvon koon ilmoittaminen<\/h2><div class=\"special-heading-border\"><div class=\"special-heading-inner-border\"><\/div><\/div><\/div><br \/>\n<section  class='av_textblock_section av-lx00us73-f1d8d3804eb9603d702f2b648defbc48 '   itemscope=\"itemscope\" itemtype=\"https:\/\/schema.org\/CreativeWork\" ><div class='avia_textblock'  itemprop=\"text\" ><p>T\u00e4st\u00e4 n\u00e4et varausj\u00e4rjestelm\u00e4mme vaihtoehdot ajoneuvolle sek\u00e4 esimerkkej\u00e4 erilaisten ajoneuvojen ja -yhdistelmien koosta:<\/p>\n<p><img loading=\"lazy\" decoding=\"async\" class=\"alignnone wp-image-41485\" src=\"https:\/\/www.wasaline.com\/wp-content\/uploads\/2023\/07\/vehicle-icon-car.png\" alt=\"Vehicle icon: car\" width=\"96\" height=\"50\" srcset=\"https:\/\/www.wasaline.com\/wp-content\/uploads\/2023\/07\/vehicle-icon-car.png 344w, https:\/\/www.wasaline.com\/wp-content\/uploads\/2023\/07\/vehicle-icon-car-300x157.png 300w\" sizes=\"auto, (max-width: 96px) 100vw, 96px\" \/><\/p>\n<p>Auto max 6 m, korkeus max 2,1 m<br \/>\n<em>Esim. henkil\u00f6auto, mopoauto<\/em><\/p>\n<hr \/>\n<p><img loading=\"lazy\" decoding=\"async\" class=\"alignnone wp-image-41488\" src=\"https:\/\/www.wasaline.com\/wp-content\/uploads\/2023\/07\/vehicle-icon-van.png\" alt=\"Vehicle icon: van\" width=\"110\" height=\"50\" \/><\/p>\n<p>Auto max 6 m, korkeus max 2,5 m<br \/>\n<em>Esim. katumaasturi suksiboksilla, pakettiauto<\/em><\/p>\n<hr \/>\n<p><img loading=\"lazy\" decoding=\"async\" class=\"alignnone wp-image-41482\" src=\"https:\/\/www.wasaline.com\/wp-content\/uploads\/2023\/07\/vehicle-icon-highvan.png\" alt=\"Vehicle icon: bicycle rack\" width=\"121\" height=\"50\" \/><\/p>\n<p>Auto max 6 m, korkeus yli 2,5 m<br \/>\n<em>Esim. henkil\u00f6auto jossa polkupy\u00f6r\u00e4teline katolla, pakettiauto<br \/>\n<\/em><\/p>\n<hr \/>\n<p><img loading=\"lazy\" decoding=\"async\" class=\"alignnone wp-image-41494\" src=\"https:\/\/www.wasaline.com\/wp-content\/uploads\/2023\/07\/vehicle-icon-disabled.png\" alt=\"Vehicle icon: disabled\" width=\"71\" height=\"50\" \/><\/p>\n<p>Auto liikuntarajoitteiselle<br \/>\n<em>Matkan hinta perustuu ajoneuvon kokoon<\/em><\/p>\n<hr \/>\n<p><img loading=\"lazy\" decoding=\"async\" class=\"alignnone wp-image-41491\" src=\"https:\/\/www.wasaline.com\/wp-content\/uploads\/2023\/07\/vehicle-icon-electric.png\" alt=\"Vehicle icon: electric\" width=\"61\" height=\"50\" \/><br \/>\nS\u00e4hk\u00f6-\/hybridiauto max 6 m<br \/>\n<em>Paloturvallisuussyist\u00e4 s\u00e4hk\u00f6- ja hybridiautot pit\u00e4\u00e4 ilmoittaa varausta teht\u00e4ess\u00e4<\/em><\/p>\n<hr \/>\n<p><img loading=\"lazy\" decoding=\"async\" class=\"alignnone wp-image-75661\" src=\"https:\/\/www.wasaline.com\/wp-content\/uploads\/2025\/06\/vehicle-icon-camper-van.png\" alt=\"Vehicle over 6 m\" width=\"136\" height=\"50\" \/><\/p>\n<p>Ajoneuvo yli 6 m, korkeus max 2,5 m<br \/>\n<em>Esim. asuntoauto, pakettiauto<\/em><\/p>\n<hr \/>\n<p><img loading=\"lazy\" decoding=\"async\" class=\"alignnone wp-image-75664\" src=\"https:\/\/www.wasaline.com\/wp-content\/uploads\/2025\/06\/vehicle-icon-motorhome.png\" alt=\"Vehicle over 6 m and 2.5 m\" width=\"80\" height=\"50\" \/><\/p>\n<p>Ajoneuvo yli 6 m, korkeus yli 2,5 m<br \/>\n<em>Esim. suuri asuntoauto<br \/>\n<\/em><\/p>\n<hr \/>\n<p><img loading=\"lazy\" decoding=\"async\" class=\"alignnone wp-image-75658\" src=\"https:\/\/www.wasaline.com\/wp-content\/uploads\/2025\/06\/vehicle-icon-trailer.png\" alt=\"Vehicle with trailer\" width=\"307\" height=\"50\" srcset=\"https:\/\/www.wasaline.com\/wp-content\/uploads\/2025\/06\/vehicle-icon-trailer.png 553w, https:\/\/www.wasaline.com\/wp-content\/uploads\/2025\/06\/vehicle-icon-trailer-300x49.png 300w\" sizes=\"auto, (max-width: 307px) 100vw, 307px\" \/><\/p>\n<p>Ajoneuvo vaunulla yli 6 m<br \/>\n<em>Esim. auto ja per\u00e4k\u00e4rry, auto ja asuntovaunu, vetoauto ja traileri<br \/>\n<\/em><\/p>\n<hr \/>\n<p><img loading=\"lazy\" decoding=\"async\" class=\"alignnone wp-image-41497\" src=\"https:\/\/www.wasaline.com\/wp-content\/uploads\/2023\/07\/vehicle-icon-horses.png\" alt=\"Vehicle icon: horses\" width=\"76\" height=\"50\" \/><\/p>\n<p>Hevoskuljetus<\/p>\n<hr \/>\n<p><img loading=\"lazy\" decoding=\"async\" class=\"alignnone wp-image-41500\" src=\"https:\/\/www.wasaline.com\/wp-content\/uploads\/2023\/07\/vehicle-icon-motorcycle.png\" alt=\"Vehicle icon: motorcycle\" width=\"43\" height=\"50\" \/><\/p>\n<p>Moottoripy\u00f6r\u00e4<\/p>\n<hr \/>\n<p><img loading=\"lazy\" decoding=\"async\" class=\"alignnone wp-image-41503\" src=\"https:\/\/www.wasaline.com\/wp-content\/uploads\/2023\/07\/vehicle-icon-bicycle.png\" alt=\"Vehicle icon: bicycle\" width=\"43\" height=\"50\" \/><\/p>\n<p>Polkupy\u00f6r\u00e4<\/p>\n<\/div><\/section><\/p><\/div><div  class='flex_column av-2z70ez0-eff786f34ce066db88f31832d5353fe3 av_one_half  avia-builder-el-5  el_after_av_one_half  el_before_av_one_full  flex_column_div  column-top-margin'     ><p>\n<style type=\"text\/css\" data-created_by=\"avia_inline_auto\" id=\"style-css-av-lx00xuw9-332bff04c21ec22be5dbfd49a3b22bad\">\n#top .av-special-heading.av-lx00xuw9-332bff04c21ec22be5dbfd49a3b22bad{\npadding-bottom:10px;\n}\nbody .av-special-heading.av-lx00xuw9-332bff04c21ec22be5dbfd49a3b22bad .av-special-heading-tag .heading-char{\nfont-size:25px;\n}\n.av-special-heading.av-lx00xuw9-332bff04c21ec22be5dbfd49a3b22bad .av-subheading{\nfont-size:15px;\n}\n<\/style>\n<div  class='av-special-heading av-lx00xuw9-332bff04c21ec22be5dbfd49a3b22bad av-special-heading-h2 blockquote modern-quote  avia-builder-el-6  el_before_av_textblock  avia-builder-el-first '><h2 class='av-special-heading-tag '  itemprop=\"headline\"  >Ajoneuvojen l\u00e4ht\u00f6selvitys<\/h2><div class=\"special-heading-border\"><div class=\"special-heading-inner-border\"><\/div><\/div><\/div><br \/>\n<section  class='av_textblock_section av-lx013se0-aec2d95597db871e9b6573040ac1f157 '   itemscope=\"itemscope\" itemtype=\"https:\/\/schema.org\/CreativeWork\" ><div class='avia_textblock'  itemprop=\"text\" ><p>Ajoneuvon kanssa matkustavien tulee olla ajoneuvojen l\u00e4ht\u00f6selvityksess\u00e4 tuntia (1h) ennen laivan l\u00e4ht\u00f6\u00e4. L\u00e4ht\u00f6selvityksess\u00e4 tulostetaan maihinnousukortit kaikille varauksessa oleville matkustajille, ei pelk\u00e4st\u00e4\u00e4n ajoneuvon kuljettajalle.<\/p>\n<p>Ajoneuvojen l\u00e4ht\u00f6selvityksess\u00e4 ei ole palvelupistett\u00e4, vaan l\u00e4ht\u00f6selvitys tehd\u00e4\u00e4n ajoneuvoporttien automaateilla. Kamera lukee ajoneuvon rekisterinumeron ja varauksen tiedot avataan automaatin n\u00e4yt\u00f6lle. Asiakkaan tulee hyv\u00e4ksy\u00e4 oikea matkustajam\u00e4\u00e4r\u00e4, jonka j\u00e4lkeen automaatti tulostaa maihinnousukortit ja ohjaa eteenp\u00e4in odotuskaistalle.<\/p>\n<p>Mik\u00e4li automaatti ei tunnista ajoneuvon rekisterinumeroa, asiakas voi skannata varausvahvistuksesta l\u00f6ytyv\u00e4n QR-koodin tai kirjoittaa kosketusn\u00e4yt\u00f6lle varausnumeronsa.<\/p>\n<p>Ongelmatilanteissa automaatista voi soittaa asiakaspalvelijalle.<\/p>\n<p>Trailerit, luokiteltu rahti sek\u00e4 ajoneuvot, jotka ahtausliike siirt\u00e4\u00e4 laivaan, tulee l\u00e4ht\u00f6selvitt\u00e4\u00e4 1,5 tuntia ennen laivan l\u00e4ht\u00f6\u00e4.<\/p>\n<\/div><\/section><br \/>\n\n<style type=\"text\/css\" data-created_by=\"avia_inline_auto\" id=\"style-css-av-lx01898o-a3c63894e2b6d2f6c6c3a45491631fc9\">\n#top .av-special-heading.av-lx01898o-a3c63894e2b6d2f6c6c3a45491631fc9{\npadding-bottom:10px;\n}\nbody .av-special-heading.av-lx01898o-a3c63894e2b6d2f6c6c3a45491631fc9 .av-special-heading-tag .heading-char{\nfont-size:25px;\n}\n.av-special-heading.av-lx01898o-a3c63894e2b6d2f6c6c3a45491631fc9 .av-subheading{\nfont-size:15px;\n}\n<\/style>\n<div  class='av-special-heading av-lx01898o-a3c63894e2b6d2f6c6c3a45491631fc9 av-special-heading-h2 blockquote modern-quote  avia-builder-el-8  el_after_av_textblock  el_before_av_textblock '><h2 class='av-special-heading-tag '  itemprop=\"headline\"  >Saapumisohjeet<\/h2><div class=\"special-heading-border\"><div class=\"special-heading-inner-border\"><\/div><\/div><\/div><br \/>\n<section  class='av_textblock_section av-lx0545jd-095d735b9f4adf70010f1cd976dd1d8e '   itemscope=\"itemscope\" itemtype=\"https:\/\/schema.org\/CreativeWork\" ><div class='avia_textblock'  itemprop=\"text\" ><p><a href=\"https:\/\/www.wasaline.com\/fi\/yhteystiedot\/wasalinen-terminaali-vaasa\/\">Saapumisohjeet Vaasan terminaaliin \u2192<\/a><br \/>\n<a href=\"https:\/\/www.wasaline.com\/fi\/yhteystiedot\/wasalinen-terminaali-uumaja\/\">Saapumisohjeet Uumajan terminaaliin \u2192<\/a><\/p>\n<\/div><\/section><br \/>\n\n<style type=\"text\/css\" data-created_by=\"avia_inline_auto\" id=\"style-css-av-lx01chku-8b5dbbb644837d16a6b209a314b02bf8\">\n#top .av-special-heading.av-lx01chku-8b5dbbb644837d16a6b209a314b02bf8{\npadding-bottom:10px;\n}\nbody .av-special-heading.av-lx01chku-8b5dbbb644837d16a6b209a314b02bf8 .av-special-heading-tag .heading-char{\nfont-size:25px;\n}\n.av-special-heading.av-lx01chku-8b5dbbb644837d16a6b209a314b02bf8 .av-subheading{\nfont-size:15px;\n}\n<\/style>\n<div  class='av-special-heading av-lx01chku-8b5dbbb644837d16a6b209a314b02bf8 av-special-heading-h2 blockquote modern-quote  avia-builder-el-10  el_after_av_textblock  el_before_av_textblock '><h2 class='av-special-heading-tag '  itemprop=\"headline\"  >Hinnat<\/h2><div class=\"special-heading-border\"><div class=\"special-heading-inner-border\"><\/div><\/div><\/div><br \/>\n<section  class='av_textblock_section av-lx01d5on-d41f3707f7f730e58df3ebc93dd266d4 '   itemscope=\"itemscope\" itemtype=\"https:\/\/schema.org\/CreativeWork\" ><div class='avia_textblock'  itemprop=\"text\" ><p><a href=\"https:\/\/www.wasaline.com\/fi\/hinnat\/\">Katso voimassaoleva hinnasto \u2192<\/a><\/p>\n<\/div><\/section><br \/>\n\n<style type=\"text\/css\" data-created_by=\"avia_inline_auto\" id=\"style-css-av-lx020kpm-e51834280656ecba7081e9bb44a9be62\">\n#top .av-special-heading.av-lx020kpm-e51834280656ecba7081e9bb44a9be62{\npadding-bottom:10px;\n}\nbody .av-special-heading.av-lx020kpm-e51834280656ecba7081e9bb44a9be62 .av-special-heading-tag .heading-char{\nfont-size:25px;\n}\n.av-special-heading.av-lx020kpm-e51834280656ecba7081e9bb44a9be62 .av-subheading{\nfont-size:15px;\n}\n<\/style>\n<div  class='av-special-heading av-lx020kpm-e51834280656ecba7081e9bb44a9be62 av-special-heading-h2 blockquote modern-quote  avia-builder-el-12  el_after_av_textblock  el_before_av_toggle_container '><h2 class='av-special-heading-tag '  itemprop=\"headline\"  >Lis\u00e4ohjeet<\/h2><div class=\"special-heading-border\"><div class=\"special-heading-inner-border\"><\/div><\/div><\/div><br \/>\n<div  class='togglecontainer av-m90zr5hr-4cbee5776da33ae61218b5757ef54e25  avia-builder-el-13  el_after_av_heading  avia-builder-el-last ' >\n<section class='av_toggle_section av-2e2avcc-e52b0746de8cbbb122b5f63e28f85e82'  itemscope=\"itemscope\" itemtype=\"https:\/\/schema.org\/CreativeWork\" ><div role=\"tablist\" class=\"single_toggle\" data-tags=\"{All} \"  ><p id='toggle-ajoneuvon-mittaaminen' data-fake-id='#ajoneuvon-mittaaminen' class='toggler  av-title-above '  itemprop=\"headline\"  role='tab' tabindex='0' aria-controls='ajoneuvon-mittaaminen' data-slide-speed=\"200\" data-title=\"Ajoneuvon mittaaminen\" data-title-open=\"\" data-aria_collapsed=\"Click to expand: Ajoneuvon mittaaminen\" data-aria_expanded=\"Click to collapse: Ajoneuvon mittaaminen\">Ajoneuvon mittaaminen<span class=\"toggle_icon\"><span class=\"vert_icon\"><\/span><span class=\"hor_icon\"><\/span><\/span><\/p><div id='ajoneuvon-mittaaminen' aria-labelledby='toggle-ajoneuvon-mittaaminen' role='region' class='toggle_wrap  av-title-above'  ><div class='toggle_content invers-color '  itemprop=\"text\" ><p><span lang=\"fi\">Voit tarkistaa ajoneuvosi pituuden ja korkeuden rekisteriotteesta tai <\/span><a href=\"https:\/\/www.traficom.fi\/fi\/asioi-kanssamme\/ajoneuvotiedot-ja-veron-maksu\"><span lang=\"fi\">Trafin tietopalvelusta<\/span><\/a><span lang=\"fi\">. <\/span><\/p>\n<p><span lang=\"fi\">Huomioithan lis\u00e4varusteiden, kuten suksiboksien ja py\u00f6r\u00e4telineiden vaikutus mittoihin.\u00a0<\/span><\/p>\n<\/div><\/div><\/div><\/section>\n<section class='av_toggle_section av-29ir3gs-f7b6b022e1c07b9287e6825f0cbeae87'  itemscope=\"itemscope\" itemtype=\"https:\/\/schema.org\/CreativeWork\" ><div role=\"tablist\" class=\"single_toggle\" data-tags=\"{All} \"  ><p id='toggle-liikuntarajoitteisten-ajoneuvot' data-fake-id='#liikuntarajoitteisten-ajoneuvot' class='toggler  av-title-above '  itemprop=\"headline\"  role='tab' tabindex='0' aria-controls='liikuntarajoitteisten-ajoneuvot' data-slide-speed=\"200\" data-title=\"Liikuntarajoitteisten ajoneuvot\" data-title-open=\"\" data-aria_collapsed=\"Click to expand: Liikuntarajoitteisten ajoneuvot\" data-aria_expanded=\"Click to collapse: Liikuntarajoitteisten ajoneuvot\">Liikuntarajoitteisten ajoneuvot<span class=\"toggle_icon\"><span class=\"vert_icon\"><\/span><span class=\"hor_icon\"><\/span><\/span><\/p><div id='liikuntarajoitteisten-ajoneuvot' aria-labelledby='toggle-liikuntarajoitteisten-ajoneuvot' role='region' class='toggle_wrap  av-title-above'  ><div class='toggle_content invers-color '  itemprop=\"text\" ><p>Mik\u00e4li valitsit matkaa varatessasi ajoneuvon tyypiksi Auto liikuntarajoitteiselle, voit pys\u00e4k\u00f6id\u00e4 autosi laivassa tilaville autopaikoille l\u00e4helle hissi\u00e4.<\/p>\n<p>Paikan varmistamiseksi saavu l\u00e4ht\u00f6selvitykseen viimeist\u00e4\u00e4n tuntia (1h) ennen laivan l\u00e4ht\u00f6\u00e4.<\/p>\n<\/div><\/div><\/div><\/section>\n<section class='av_toggle_section av-1kmcv2k-bcc6456fe710d3ecfa3c50e998ff14ca'  itemscope=\"itemscope\" itemtype=\"https:\/\/schema.org\/CreativeWork\" ><div role=\"tablist\" class=\"single_toggle\" data-tags=\"{All} \"  ><p id='toggle-moottoripyorat' data-fake-id='#moottoripyorat' class='toggler  av-title-above '  itemprop=\"headline\"  role='tab' tabindex='0' aria-controls='moottoripyorat' data-slide-speed=\"200\" data-title=\"Moottoripy\u00f6r\u00e4t\" data-title-open=\"\" data-aria_collapsed=\"Click to expand: Moottoripy\u00f6r\u00e4t\" data-aria_expanded=\"Click to collapse: Moottoripy\u00f6r\u00e4t\">Moottoripy\u00f6r\u00e4t<span class=\"toggle_icon\"><span class=\"vert_icon\"><\/span><span class=\"hor_icon\"><\/span><\/span><\/p><div id='moottoripyorat' aria-labelledby='toggle-moottoripyorat' role='region' class='toggle_wrap  av-title-above'  ><div class='toggle_content invers-color '  itemprop=\"text\" ><h3>Varaaminen<\/h3>\n<p>Valitse Moottoripy\u00f6r\u00e4 Ajoneuvo-pudotusvalikosta<\/p>\n<h3>L\u00e4ht\u00f6selvitys<\/h3>\n<p>Kamerat eiv\u00e4t lue moottoripy\u00f6rien taakse osoittavia rekisterikylttej\u00e4. Aja automaatille ja skannaa varausvahvistuksesta l\u00f6ytyv\u00e4 QR-koodi tai sy\u00f6t\u00e4 varausnumero kosketusn\u00e4yt\u00f6lt\u00e4. Painamalla Apua saat tarvittaessa yhteyden henkil\u00f6kuntaan.<\/p>\n<h3>Laivassa<\/h3>\n<p>Autokannella on rajoitetusti kiinnitysliinoja moottoripy\u00f6ri\u00e4 varten, joten omien liinojen k\u00e4ytt\u00f6 on suositeltavaa.<\/p>\n<\/div><\/div><\/div><\/section>\n<section class='av_toggle_section av-11iirvw-2a55a52e09d89e7aa92c8ce1516608e4'  itemscope=\"itemscope\" itemtype=\"https:\/\/schema.org\/CreativeWork\" ><div role=\"tablist\" class=\"single_toggle\" data-tags=\"{All} \"  ><p id='toggle-polkupyorat' data-fake-id='#polkupyorat' class='toggler  av-title-above '  itemprop=\"headline\"  role='tab' tabindex='0' aria-controls='polkupyorat' data-slide-speed=\"200\" data-title=\"Polkupy\u00f6r\u00e4t\" data-title-open=\"\" data-aria_collapsed=\"Click to expand: Polkupy\u00f6r\u00e4t\" data-aria_expanded=\"Click to collapse: Polkupy\u00f6r\u00e4t\">Polkupy\u00f6r\u00e4t<span class=\"toggle_icon\"><span class=\"vert_icon\"><\/span><span class=\"hor_icon\"><\/span><\/span><\/p><div id='polkupyorat' aria-labelledby='toggle-polkupyorat' role='region' class='toggle_wrap  av-title-above'  ><div class='toggle_content invers-color '  itemprop=\"text\" ><h3>Varaaminen<\/h3>\n<p>Polkupy\u00f6r\u00e4 lis\u00e4t\u00e4\u00e4n varaukseen Lis\u00e4valinnat-v\u00e4lilehdell\u00e4<\/p>\n<h3>L\u00e4ht\u00f6selvitys<\/h3>\n<p>Polkupy\u00f6r\u00e4n kanssa matkustavien l\u00e4ht\u00f6selvitys tapahtuu laivan terminaalissa viimeist\u00e4\u00e4n tuntia (1h) ennen laivan l\u00e4ht\u00f6\u00e4. Henkil\u00f6kunta opastaa polkupy\u00f6r\u00e4ll\u00e4 matkustavia laivaan nousussa.<\/p>\n<h3>Laivassa<\/h3>\n<p>Henkil\u00f6kunta osoittaa polkupy\u00f6rille paikan autokannelta.<\/p>\n<\/div><\/div><\/div><\/section>\n<section class='av_toggle_section av-s77fzg-a1208cd616567686c93924af8e19ea7a'  itemscope=\"itemscope\" itemtype=\"https:\/\/schema.org\/CreativeWork\" ><div role=\"tablist\" class=\"single_toggle\" data-tags=\"{All} \"  ><p id='toggle-suuret-ajoneuvot' data-fake-id='#suuret-ajoneuvot' class='toggler  av-title-above '  itemprop=\"headline\"  role='tab' tabindex='0' aria-controls='suuret-ajoneuvot' data-slide-speed=\"200\" data-title=\"Suuret ajoneuvot ja ajoneuvoyhdistelm\u00e4t\" data-title-open=\"\" data-aria_collapsed=\"Click to expand: Suuret ajoneuvot ja ajoneuvoyhdistelm\u00e4t\" data-aria_expanded=\"Click to collapse: Suuret ajoneuvot ja ajoneuvoyhdistelm\u00e4t\">Suuret ajoneuvot ja ajoneuvoyhdistelm\u00e4t<span class=\"toggle_icon\"><span class=\"vert_icon\"><\/span><span class=\"hor_icon\"><\/span><\/span><\/p><div id='suuret-ajoneuvot' aria-labelledby='toggle-suuret-ajoneuvot' role='region' class='toggle_wrap  av-title-above'  ><div class='toggle_content invers-color '  itemprop=\"text\" ><h3>Varaaminen<\/h3>\n<p>Valitse ensin ajoneuvotyyppi pudotusvalikosta. Kirjoita sitten Pituus-kentt\u00e4\u00e4n yhdistelm\u00e4n kokonaispituus kokonaisina metrein\u00e4<\/p>\n<p lang=\"fi\">Huom. Ajoneuvoille, jotka kuljettavat tavaraa kaupallisissa tarkoituksissa sek\u00e4 tavarankuljetukseen rekister\u00f6idyille ajoneuvoille tulee aina varata paikka <a href=\"https:\/\/www.wasaline.com\/fi\/rahti\/\">rahtiajoneuvoina<\/a>.<\/p>\n<h3>L\u00e4ht\u00f6selvitys<\/h3>\n<p>Valitse suurille ajoneuvoille tarkoitettu l\u00e4ht\u00f6selvitysautomaatti liikennemerkkien ja infon\u00e4ytt\u00f6jen ohjeiden perusteella. V\u00e4lt\u00e4 tiukkoja k\u00e4\u00e4nn\u00f6ksi\u00e4, jotta ajoneuvosi ei osu automaattiin.<\/p>\n<\/div><\/div><\/div><\/section>\n<section class='av_toggle_section av-m90zr4f8-7f690875190a7bf052b5fba40f0bf364'  itemscope=\"itemscope\" itemtype=\"https:\/\/schema.org\/CreativeWork\" ><div role=\"tablist\" class=\"single_toggle\" data-tags=\"{All} \"  ><p id='toggle-turvallisuus' data-fake-id='#turvallisuus' class='toggler  av-title-above '  itemprop=\"headline\"  role='tab' tabindex='0' aria-controls='turvallisuus' data-slide-speed=\"200\" data-title=\"Turvallisuus\" data-title-open=\"\" data-aria_collapsed=\"Click to expand: Turvallisuus\" data-aria_expanded=\"Click to collapse: Turvallisuus\">Turvallisuus<span class=\"toggle_icon\"><span class=\"vert_icon\"><\/span><span class=\"hor_icon\"><\/span><\/span><\/p><div id='turvallisuus' aria-labelledby='toggle-turvallisuus' role='region' class='toggle_wrap  av-title-above'  ><div class='toggle_content invers-color '  itemprop=\"text\" ><p><strong>Autoilijoiden tulee huomioida seuraavaa:<\/strong><\/p>\n<ul>\n<li>Kaikki irtonainen tavara ajoneuvossa on kiinnitett\u00e4v\u00e4 hyvin<\/li>\n<li>Tupakointi sek\u00e4 avoimen tulen teko autokannella on kielletty<\/li>\n<li>Oleskelu autokannella on matkan aikana kielletty<\/li>\n<li>Autokansi on suljettu matkan aikana ja avataan satamaan saavuttaessa<\/li>\n<li>Henkil\u00f6kunnan ohjeita on noudatettava ja moottorin saa k\u00e4ynnist\u00e4\u00e4 vasta omalla ulosajovuorolla<\/li>\n<li>Syttyvien nesteiden kuljettaminen irtoastioissa on kielletty\u00e4 autokannella<\/li>\n<li>Asuntovaunujen ja -autojen kaasus\u00e4ili\u00f6iden venttiilin tulee olla suljettu matkan aikana<\/li>\n<li>Autokannella ei ole s\u00e4hk\u00f6autojen latauspisteit\u00e4 eik\u00e4 matkailuajoneuvojen s\u00e4hk\u00f6paikkoja<\/li>\n<li>Emme kuljeta kolaroituja\/vaurioituneita s\u00e4hk\u00f6- ja hybridiautoja<\/li>\n<\/ul>\n<\/div><\/div><\/div><\/section>\n<\/div><\/p><\/div><\/p>\n<div  class='flex_column av-2ca2i4-62c70cff9574e31ac6cde18c330ee8cc av_one_full  avia-builder-el-14  el_after_av_one_half  avia-builder-el-last  first flex_column_div  column-top-margin'     ><div  class='avia-button-wrap av-lx051cze-2a491d6c600e1b69cf4648985b4d3bb3-wrap avia-button-left  avia-builder-el-15  avia-builder-el-no-sibling '><a href='https:\/\/www.wasaline.com\/fi\/tarkeaa-tietoa\/'  class='avia-button av-lx051cze-2a491d6c600e1b69cf4648985b4d3bb3 av-link-btn avia-icon_select-yes-left-icon avia-size-large avia-position-left avia-color-theme-color'   aria-label=\"T\u00e4rke\u00e4\u00e4 tietoa\"><span class='avia_button_icon avia_button_icon_left avia-iconfont avia-font-entypo-fontello' data-av_icon='\ue88c' data-av_iconfont='entypo-fontello' ><\/span><span class='avia_iconbox_title' >T\u00e4rke\u00e4\u00e4 tietoa<\/span><\/a><\/div><\/div>\n","protected":false},"excerpt":{"rendered":"","protected":false},"author":4,"featured_media":0,"parent":29176,"menu_order":0,"comment_status":"closed","ping_status":"closed","template":"","meta":{"_acf_changed":false,"footnotes":""},"class_list":["post-57548","page","type-page","status-publish","hentry"],"acf":[],"publishpress_future_action":{"enabled":false,"date":"2026-04-22 01:03:22","action":"change-status","newStatus":"draft","terms":[],"taxonomy":"translation_priority","extraData":[]},"publishpress_future_workflow_manual_trigger":{"enabledWorkflows":[]},"_links":{"self":[{"href":"https:\/\/www.wasaline.com\/fi\/wp-json\/wp\/v2\/pages\/57548","targetHints":{"allow":["GET"]}}],"collection":[{"href":"https:\/\/www.wasaline.com\/fi\/wp-json\/wp\/v2\/pages"}],"about":[{"href":"https:\/\/www.wasaline.com\/fi\/wp-json\/wp\/v2\/types\/page"}],"author":[{"embeddable":true,"href":"https:\/\/www.wasaline.com\/fi\/wp-json\/wp\/v2\/users\/4"}],"replies":[{"embeddable":true,"href":"https:\/\/www.wasaline.com\/fi\/wp-json\/wp\/v2\/comments?post=57548"}],"version-history":[{"count":20,"href":"https:\/\/www.wasaline.com\/fi\/wp-json\/wp\/v2\/pages\/57548\/revisions"}],"predecessor-version":[{"id":75666,"href":"https:\/\/www.wasaline.com\/fi\/wp-json\/wp\/v2\/pages\/57548\/revisions\/75666"}],"up":[{"embeddable":true,"href":"https:\/\/www.wasaline.com\/fi\/wp-json\/wp\/v2\/pages\/29176"}],"wp:attachment":[{"href":"https:\/\/www.wasaline.com\/fi\/wp-json\/wp\/v2\/media?parent=57548"}],"curies":[{"name":"wp","href":"https:\/\/api.w.org\/{rel}","templated":true}]}}