{"id":57560,"date":"2024-06-04T09:35:01","date_gmt":"2024-06-04T07:35:01","guid":{"rendered":"https:\/\/www.wasaline.com\/?page_id=57560"},"modified":"2026-02-25T09:47:37","modified_gmt":"2026-02-25T07:47:37","slug":"wasalinen-terminaali-vaasa","status":"publish","type":"page","link":"https:\/\/www.wasaline.com\/fi\/yhteystiedot\/wasalinen-terminaali-vaasa\/","title":{"rendered":"Wasalinen terminaali Vaasa"},"content":{"rendered":"<div id='full_slider_1'  class='avia-fullwidth-slider main_color avia-shadow   avia-builder-el-0  el_before_av_one_full  avia-builder-el-first   container_wrap fullsize'  ><div  class='avia-slideshow av-lx02zmnu-3c9a6e53da7ad7c2c771a67e36265481 avia-slideshow-featured av_slideshow_full avia-slide-slider av-slideshow-ui av-control-hidden av-no-slider-navigation av-hide-nav-arrows av-slideshow-manual av-loop-once av-loop-manual-endless av-default-height-applied   avia-slideshow-1' data-slideshow-options=\"{&quot;animation&quot;:&quot;slide&quot;,&quot;autoplay&quot;:false,&quot;loop_autoplay&quot;:&quot;once&quot;,&quot;interval&quot;:5,&quot;loop_manual&quot;:&quot;manual-endless&quot;,&quot;autoplay_stopper&quot;:false,&quot;noNavigation&quot;:true,&quot;bg_slider&quot;:false,&quot;keep_padding&quot;:false,&quot;hoverpause&quot;:false,&quot;show_slide_delay&quot;:0}\"  itemprop=\"image\" itemscope=\"itemscope\" itemtype=\"https:\/\/schema.org\/ImageObject\" ><ul class='avia-slideshow-inner ' style='padding-bottom: 28.666666666667%;'><li  class='avia-slideshow-slide av-lx02zmnu-3c9a6e53da7ad7c2c771a67e36265481__0  av-single-slide slide-1 slide-odd'><div data-rel='slideshow-1' class='avia-slide-wrap '   ><img decoding=\"async\" fetchpriority=\"high\" class=\"wp-image-57568 avia-img-lazy-loading-not-57568\"  src=\"https:\/\/www.wasaline.com\/wp-content\/uploads\/2024\/06\/wasaline-terminal-vaasa-1500x430.jpg\" width=\"1500\" height=\"430\" title='wasaline-terminal-vaasa' alt=''  itemprop=\"thumbnailUrl\" srcset=\"https:\/\/www.wasaline.com\/wp-content\/uploads\/2024\/06\/wasaline-terminal-vaasa-1500x430.jpg 1500w, https:\/\/www.wasaline.com\/wp-content\/uploads\/2024\/06\/wasaline-terminal-vaasa-350x100.jpg 350w\" sizes=\"(max-width: 1500px) 100vw, 1500px\" \/><\/div><\/li><\/ul><\/div><\/div><div id='after_full_slider_1'  class='main_color av_default_container_wrap container_wrap fullsize'  ><div class='container av-section-cont-open' ><div class='template-page content  av-content-full alpha units'><div class='post-entry post-entry-type-page post-entry-57560'><div class='entry-content-wrapper clearfix'>\n<div  class='flex_column av-1jvv2ns-8a9b4918a5fd5068776ff23d527d4841 av_one_full  avia-builder-el-1  el_after_av_slideshow_full  el_before_av_one_full  avia-builder-el-first  first flex_column_div  '     ><style type=\"text\/css\" data-created_by=\"avia_inline_auto\" id=\"style-css-av-lx029c3x-1c694098d109b464b324430e7d5c2e4a\">\n#top .av-special-heading.av-lx029c3x-1c694098d109b464b324430e7d5c2e4a{\npadding-bottom:10px;\n}\nbody .av-special-heading.av-lx029c3x-1c694098d109b464b324430e7d5c2e4a .av-special-heading-tag .heading-char{\nfont-size:25px;\n}\n.av-special-heading.av-lx029c3x-1c694098d109b464b324430e7d5c2e4a .av-subheading{\nfont-size:15px;\n}\n<\/style>\n<div  class='av-special-heading av-lx029c3x-1c694098d109b464b324430e7d5c2e4a av-special-heading-h1 blockquote modern-quote modern-centered  avia-builder-el-2  avia-builder-el-no-sibling '><h1 class='av-special-heading-tag '  itemprop=\"headline\"  >Wasalinen terminaali Vaasa<\/h1><div class=\"special-heading-border\"><div class=\"special-heading-inner-border\"><\/div><\/div><\/div><\/div>\n\n<style type=\"text\/css\" data-created_by=\"avia_inline_auto\" id=\"style-css-av-lx048451-84d0c95e717389601a5cbb1ca927eba7\">\n.flex_column.av-lx048451-84d0c95e717389601a5cbb1ca927eba7{\nborder-width:1px;\nborder-color:#003865;\nborder-style:solid;\npadding:16px 12px 2px 12px;\nbackground-color:#f9ecb8;\n}\n<\/style>\n<div  class='flex_column av-lx048451-84d0c95e717389601a5cbb1ca927eba7 av_one_full  avia-builder-el-3  el_after_av_one_full  el_before_av_one_half  first flex_column_div  column-top-margin'     ><article  class='iconbox iconbox_left av-lx047aa0-019f6dd2f8b9a4589e4b6d748d5f6683  avia-builder-el-4  avia-builder-el-no-sibling '  itemscope=\"itemscope\" itemtype=\"https:\/\/schema.org\/CreativeWork\" ><div class=\"iconbox_content\"><header class=\"entry-content-header\" aria-label=\"Icon: Myyntipalvelun yhteystiedot ja aukioloajat \u2192\"><a href='https:\/\/www.wasaline.com\/fi\/yhteystiedot\/' title='Myyntipalvelun yhteystiedot ja aukioloajat \u2192' aria-label='Myyntipalvelun yhteystiedot ja aukioloajat \u2192'  class='iconbox_icon heading-color avia-iconfont avia-font-entypo-fontello' data-av_icon='\ue81f' data-av_iconfont='entypo-fontello' title=\"Myyntipalvelun yhteystiedot ja aukioloajat \u2192\" desc=\"Myyntipalvelun yhteystiedot ja aukioloajat \u2192\" ><\/a><h3 class='iconbox_content_title '  itemprop=\"headline\" ><a href='https:\/\/www.wasaline.com\/fi\/yhteystiedot\/' title='Myyntipalvelun yhteystiedot ja aukioloajat \u2192' >Myyntipalvelun yhteystiedot ja aukioloajat \u2192<\/a><\/h3><\/header><div class='iconbox_content_container '  itemprop=\"text\" ><\/div><\/div><footer class=\"entry-footer\"><\/footer><\/article><\/div>\n<div  class='flex_column av-1alfw60-44c7d4dc2bf0f80bc71cc8a2ff3024d2 av_one_half  avia-builder-el-5  el_after_av_one_full  el_before_av_one_half  first flex_column_div  column-top-margin'     ><p>\n<style type=\"text\/css\" data-created_by=\"avia_inline_auto\" id=\"style-css-av-lx02a06m-615757d601a2679d9852c4f4650bf7bb\">\n#top .av-special-heading.av-lx02a06m-615757d601a2679d9852c4f4650bf7bb{\npadding-bottom:10px;\n}\nbody .av-special-heading.av-lx02a06m-615757d601a2679d9852c4f4650bf7bb .av-special-heading-tag .heading-char{\nfont-size:25px;\n}\n.av-special-heading.av-lx02a06m-615757d601a2679d9852c4f4650bf7bb .av-subheading{\nfont-size:15px;\n}\n<\/style>\n<div  class='av-special-heading av-lx02a06m-615757d601a2679d9852c4f4650bf7bb av-special-heading-h2 blockquote modern-quote  avia-builder-el-6  el_before_av_textblock  avia-builder-el-first '><h2 class='av-special-heading-tag '  itemprop=\"headline\"  >Osoite<\/h2><div class=\"special-heading-border\"><div class=\"special-heading-inner-border\"><\/div><\/div><\/div><br \/>\n<section  class='av_textblock_section av-lx02b10f-29c216ba920aa31435019b6be5f2522c '   itemscope=\"itemscope\" itemtype=\"https:\/\/schema.org\/CreativeWork\" ><div class='avia_textblock'  itemprop=\"text\" ><p>Vaskiluodon satamakatu 14<br \/>\n(Laivanvarustajankatu 6 joissakin kartoissa)<br \/>\n65170 Vaasa<br \/>\nSUOMI<\/p>\n<p>Vaasan satamaterminaalin koordinaatit (WGS 84):<\/p>\n<ul>\n<li>Leveyspiiri: N 63\u00ba 05\u2032 18,9\u2033<\/li>\n<li>Pituuspiiri: E 21\u00ba 33\u2032 36,11\u2033<\/li>\n<\/ul>\n<\/div><\/section><br \/>\n\n<style type=\"text\/css\" data-created_by=\"avia_inline_auto\" id=\"style-css-av-lx02dchj-81d0d5e68617aa8a2a6b3161e9e0159b\">\n#top .av-special-heading.av-lx02dchj-81d0d5e68617aa8a2a6b3161e9e0159b{\npadding-bottom:10px;\n}\nbody .av-special-heading.av-lx02dchj-81d0d5e68617aa8a2a6b3161e9e0159b .av-special-heading-tag .heading-char{\nfont-size:25px;\n}\n.av-special-heading.av-lx02dchj-81d0d5e68617aa8a2a6b3161e9e0159b .av-subheading{\nfont-size:15px;\n}\n<\/style>\n<div  class='av-special-heading av-lx02dchj-81d0d5e68617aa8a2a6b3161e9e0159b av-special-heading-h2 blockquote modern-quote  avia-builder-el-8  el_after_av_textblock  el_before_av_textblock '><h2 class='av-special-heading-tag '  itemprop=\"headline\"  >Aukioloajat<\/h2><div class=\"special-heading-border\"><div class=\"special-heading-inner-border\"><\/div><\/div><\/div><br \/>\n<section  class='av_textblock_section av-lx02drek-010f54c3093be97ab06589a0518c65d4 '   itemscope=\"itemscope\" itemtype=\"https:\/\/schema.org\/CreativeWork\" ><div class='avia_textblock'  itemprop=\"text\" ><p>Terminaali avataan 2 tuntia ennen l\u00e4ht\u00f6\u00e4.<\/p>\n<p>Terminaalin p\u00e4ivyst\u00e4v\u00e4 puhelin (1,5 tuntia ennen l\u00e4ht\u00f6\u00e4):<br \/>\n<a href=\"tel:+358 207 716 816\">+358 207 716 816<\/a><\/p>\n<p>Soita p\u00e4ivystysnumeroon ainoastaan seuraavaa l\u00e4ht\u00f6\u00e4 koskevissa kiireellisiss\u00e4 asioissa. Kaikissa muissa asioissa <a href=\"https:\/\/www.wasaline.com\/fi\/yhteystiedot\/\">ota yhteytt\u00e4 myyntipalveluun<\/a>.<\/p>\n<\/div><\/section><br \/>\n\n<style type=\"text\/css\" data-created_by=\"avia_inline_auto\" id=\"style-css-av-lx030uxq-5289772f3e20eca2bb97a8b3e0ed1fc2\">\n#top .av-special-heading.av-lx030uxq-5289772f3e20eca2bb97a8b3e0ed1fc2{\npadding-bottom:10px;\n}\nbody .av-special-heading.av-lx030uxq-5289772f3e20eca2bb97a8b3e0ed1fc2 .av-special-heading-tag .heading-char{\nfont-size:25px;\n}\n.av-special-heading.av-lx030uxq-5289772f3e20eca2bb97a8b3e0ed1fc2 .av-subheading{\nfont-size:15px;\n}\n<\/style>\n<div  class='av-special-heading av-lx030uxq-5289772f3e20eca2bb97a8b3e0ed1fc2 av-special-heading-h2 blockquote modern-quote  avia-builder-el-10  el_after_av_textblock  el_before_av_textblock '><h2 class='av-special-heading-tag '  itemprop=\"headline\"  >Pys\u00e4k\u00f6inti<\/h2><div class=\"special-heading-border\"><div class=\"special-heading-inner-border\"><\/div><\/div><\/div><br \/>\n<section  class='av_textblock_section av-lx032fcf-7f9bd026fe51875b30659fe45026622d '   itemscope=\"itemscope\" itemtype=\"https:\/\/schema.org\/CreativeWork\" ><div class='avia_textblock'  itemprop=\"text\" ><p>Terminaalin edess\u00e4 on maksullinen ja vartioimaton pys\u00e4k\u00f6intialue. Maksu suoritetaan joko automaattiin tai mobiilisovelluksella (EasyPark, ParkMan tai Moovy).<\/p>\n<p><a href=\"https:\/\/www.vaasa.fi\/asu-ja-ela\/liikenne-ja-kadut\/pysakointi-ja-pysakoinninvalvonta\/maksuvyohykkeet\/\" target=\"_blank\" rel=\"noopener\">Tarkista hinta \u2192<\/a><\/p>\n<p>Pys\u00e4k\u00f6inti\u00e4 valvoo Vaasan kaupunki. Wasaline ei ota pys\u00e4k\u00f6intimaksuja vastaan eik\u00e4 k\u00e4sittele oikaisuvaatimuksia.<\/p>\n<p><a href=\"https:\/\/www.vaasa.fi\/asu-ja-ela\/liikenne-ja-kadut\/pysakointi-ja-pysakoinninvalvonta\/\" target=\"_blank\" rel=\"noopener\">Pys\u00e4k\u00f6inninvalvonta Vaasassa \u2192<\/a><\/p>\n<\/div><\/section><br \/>\n\n<style type=\"text\/css\" data-created_by=\"avia_inline_auto\" id=\"style-css-av-mm1qewzm-c962e1756e0a5a02860deab75fc9e8f6\">\n.avia-image-container.av-mm1qewzm-c962e1756e0a5a02860deab75fc9e8f6 img.avia_image{\nbox-shadow:none;\n}\n.avia-image-container.av-mm1qewzm-c962e1756e0a5a02860deab75fc9e8f6 .av-image-caption-overlay-center{\ncolor:#ffffff;\n}\n<\/style>\n<div  class='avia-image-container av-mm1qewzm-c962e1756e0a5a02860deab75fc9e8f6 av-styling- av-img-linked avia-align-center  avia-builder-el-12  el_after_av_textblock  el_before_av_heading '   itemprop=\"image\" itemscope=\"itemscope\" itemtype=\"https:\/\/schema.org\/ImageObject\" ><div class=\"avia-image-container-inner\"><div class=\"avia-image-overlay-wrap\"><a href=\"https:\/\/www.wasaline.com\/wp-content\/uploads\/2026\/02\/wasaline-terminal-parking-vaasa-1030x687.png\" data-srcset=\"https:\/\/www.wasaline.com\/wp-content\/uploads\/2026\/02\/wasaline-terminal-parking-vaasa-1030x687.png 1030w, https:\/\/www.wasaline.com\/wp-content\/uploads\/2026\/02\/wasaline-terminal-parking-vaasa-300x200.png 300w, https:\/\/www.wasaline.com\/wp-content\/uploads\/2026\/02\/wasaline-terminal-parking-vaasa-768x512.png 768w, https:\/\/www.wasaline.com\/wp-content\/uploads\/2026\/02\/wasaline-terminal-parking-vaasa-1536x1024.png 1536w, https:\/\/www.wasaline.com\/wp-content\/uploads\/2026\/02\/wasaline-terminal-parking-vaasa-1500x1000.png 1500w, https:\/\/www.wasaline.com\/wp-content\/uploads\/2026\/02\/wasaline-terminal-parking-vaasa-705x470.png 705w, https:\/\/www.wasaline.com\/wp-content\/uploads\/2026\/02\/wasaline-terminal-parking-vaasa.png 1920w\" data-sizes=\"(max-width: 1030px) 100vw, 1030px\" class='avia_image '  aria-label='wasaline-terminal-parking-vaasa'><img decoding=\"async\" fetchpriority=\"high\" class='wp-image-80453 avia-img-lazy-loading-not-80453 avia_image ' src=\"https:\/\/www.wasaline.com\/wp-content\/uploads\/2026\/02\/wasaline-terminal-parking-vaasa-1030x687.png\" alt='Parking arrangements in Vaasa' title='wasaline-terminal-parking-vaasa'  height=\"687\" width=\"1030\"  itemprop=\"thumbnailUrl\" srcset=\"https:\/\/www.wasaline.com\/wp-content\/uploads\/2026\/02\/wasaline-terminal-parking-vaasa-1030x687.png 1030w, https:\/\/www.wasaline.com\/wp-content\/uploads\/2026\/02\/wasaline-terminal-parking-vaasa-300x200.png 300w, https:\/\/www.wasaline.com\/wp-content\/uploads\/2026\/02\/wasaline-terminal-parking-vaasa-768x512.png 768w, https:\/\/www.wasaline.com\/wp-content\/uploads\/2026\/02\/wasaline-terminal-parking-vaasa-1536x1024.png 1536w, https:\/\/www.wasaline.com\/wp-content\/uploads\/2026\/02\/wasaline-terminal-parking-vaasa-1500x1000.png 1500w, https:\/\/www.wasaline.com\/wp-content\/uploads\/2026\/02\/wasaline-terminal-parking-vaasa-705x470.png 705w, https:\/\/www.wasaline.com\/wp-content\/uploads\/2026\/02\/wasaline-terminal-parking-vaasa.png 1920w\" sizes=\"(max-width: 1030px) 100vw, 1030px\" \/><\/a><\/div><\/div><\/div><br \/>\n\n<style type=\"text\/css\" data-created_by=\"avia_inline_auto\" id=\"style-css-av-lx02nkue-db4bca2e8490b236494fb80adeabb7e8\">\n#top .av-special-heading.av-lx02nkue-db4bca2e8490b236494fb80adeabb7e8{\npadding-bottom:10px;\n}\nbody .av-special-heading.av-lx02nkue-db4bca2e8490b236494fb80adeabb7e8 .av-special-heading-tag .heading-char{\nfont-size:25px;\n}\n.av-special-heading.av-lx02nkue-db4bca2e8490b236494fb80adeabb7e8 .av-subheading{\nfont-size:15px;\n}\n<\/style>\n<div  class='av-special-heading av-lx02nkue-db4bca2e8490b236494fb80adeabb7e8 av-special-heading-h2 blockquote modern-quote  avia-builder-el-13  el_after_av_image  el_before_av_textblock '><h2 class='av-special-heading-tag '  itemprop=\"headline\"  >Jatkoyhteysliikenne<\/h2><div class=\"special-heading-border\"><div class=\"special-heading-inner-border\"><\/div><\/div><\/div><br \/>\n<section  class='av_textblock_section av-lx02napf-a09941bf41a0036c1468516ee07299a3 '   itemscope=\"itemscope\" itemtype=\"https:\/\/schema.org\/CreativeWork\" ><div class='avia_textblock'  itemprop=\"text\" ><p><a href=\"https:\/\/www.wasaline.com\/fi\/jatkoyhteysliikenne-vaasassa\/\">Jatkoyhteysliikenne Vaasassa \u2192<\/a><\/p>\n<\/div><\/section><\/p><\/div><div  class='flex_column av-mx5vp4-9e93858976b12f1d5b1b0f733e66a035 av_one_half  avia-builder-el-15  el_after_av_one_half  el_before_av_one_full  flex_column_div  column-top-margin'     ><p>\n<style type=\"text\/css\" data-created_by=\"avia_inline_auto\" id=\"style-css-av-lx02cg98-a43a61525418cd37942df0f133fa41de\">\n#top .av-special-heading.av-lx02cg98-a43a61525418cd37942df0f133fa41de{\npadding-bottom:10px;\n}\nbody .av-special-heading.av-lx02cg98-a43a61525418cd37942df0f133fa41de .av-special-heading-tag .heading-char{\nfont-size:25px;\n}\n.av-special-heading.av-lx02cg98-a43a61525418cd37942df0f133fa41de .av-subheading{\nfont-size:15px;\n}\n<\/style>\n<div  class='av-special-heading av-lx02cg98-a43a61525418cd37942df0f133fa41de av-special-heading-h2 blockquote modern-quote  avia-builder-el-16  el_before_av_textblock  avia-builder-el-first '><h2 class='av-special-heading-tag '  itemprop=\"headline\"  >Saapumisohjeet<\/h2><div class=\"special-heading-border\"><div class=\"special-heading-inner-border\"><\/div><\/div><\/div><br \/>\n<section  class='av_textblock_section av-lx02cqnk-d5be29cd0dd856a1ea5548b7c3daa838 '   itemscope=\"itemscope\" itemtype=\"https:\/\/schema.org\/CreativeWork\" ><div class='avia_textblock'  itemprop=\"text\" ><p>Vaasan satamaterminaali sijaitsee n. 4 kilometri\u00e4 Vaasan keskustasta l\u00e4nteen. Keskustasta on viitoitus satamaan.<\/p>\n<p>Matkustaja- ja rahtiliikenteelle on eri reitit l\u00e4ht\u00f6selvitykseen. Seuraa viitoitusta.<\/p>\n<\/div><\/section><br \/>\n\n<style type=\"text\/css\" data-created_by=\"avia_inline_auto\" id=\"style-css-av-lx02o4z5-4f9c7aa7e9f5f547226ec4d367e6dc28\">\n#top .hr.hr-invisible.av-lx02o4z5-4f9c7aa7e9f5f547226ec4d367e6dc28{\nheight:24px;\n}\n<\/style>\n<div  class='hr av-lx02o4z5-4f9c7aa7e9f5f547226ec4d367e6dc28 hr-invisible  avia-builder-el-18  el_after_av_textblock  el_before_av_video '><span class='hr-inner '><span class=\"hr-inner-style\"><\/span><\/span><\/div><br \/>\n\n<style type=\"text\/css\" data-created_by=\"avia_inline_auto\" id=\"style-css-av-lx02i4bt-2fe7c1bd48f8bc3d6493dbbfeeee4e6e\">\n.avia-video.av-lx02i4bt-2fe7c1bd48f8bc3d6493dbbfeeee4e6e{\nbackground-image:url(https:\/\/www.wasaline.com\/wp-content\/uploads\/2023\/06\/arrival-vaasa-thumb-1030x579.jpg);\n}\n<\/style>\n<div  class='avia-video av-lx02i4bt-2fe7c1bd48f8bc3d6493dbbfeeee4e6e avia-video-16-9 av-preview-image avia-video-load-always av-lazyload-immediate av-lazyload-video-embed'  itemprop=\"video\" itemtype=\"https:\/\/schema.org\/VideoObject\"  data-original_url='https:\/\/vimeo.com\/836514566'><script type='text\/html' class='av-video-tmpl'><div class='avia-iframe-wrap'><iframe loading=\"lazy\" title=\"Wasaline Vaasa terminal driving instructions\" src=\"https:\/\/player.vimeo.com\/video\/836514566?dnt=1&amp;app_id=122963&autoplay=0&loop=0&controls=1&muted=1\" width=\"1500\" height=\"844\" frameborder=\"0\" allow=\"autoplay; fullscreen; picture-in-picture; clipboard-write\"><\/iframe><\/div><\/script><div class='av-click-to-play-overlay'><div class=\"avia_playpause_icon\"><\/div><\/div><\/div><br \/>\n\n<style type=\"text\/css\" data-created_by=\"avia_inline_auto\" id=\"style-css-av-lx02r0yv-e6418592b3c5f83039fbf5150f30ea8d\">\n#top .av-special-heading.av-lx02r0yv-e6418592b3c5f83039fbf5150f30ea8d{\npadding-bottom:10px;\n}\nbody .av-special-heading.av-lx02r0yv-e6418592b3c5f83039fbf5150f30ea8d .av-special-heading-tag .heading-char{\nfont-size:25px;\n}\n.av-special-heading.av-lx02r0yv-e6418592b3c5f83039fbf5150f30ea8d .av-subheading{\nfont-size:15px;\n}\n<\/style>\n<div  class='av-special-heading av-lx02r0yv-e6418592b3c5f83039fbf5150f30ea8d av-special-heading-h2 blockquote modern-quote  avia-builder-el-20  el_after_av_video  el_before_av_google_map  avia-builder-el-last '><h2 class='av-special-heading-tag '  itemprop=\"headline\"  >Kartta<\/h2><div class=\"special-heading-border\"><div class=\"special-heading-inner-border\"><\/div><\/div><\/div><br \/>\n<div  class='av_gmaps_sc_main_wrap av_gmaps_main_wrap '><div id='av_gmap_0' class='avia-google-map-container avia-google-map-sc av_gmaps_show_unconditionally av-no-fallback-img ' data-mapid='av_gmap_0'  style='padding-bottom: 56.25%;'><a class=\"av_gmaps_browser_disabled av_text_confirm_link av_text_confirm_link_visible\" href=\"https:\/\/www.google.com\/maps\/search\/?api=1&#038;query=Vaskiluodon%20satamakatu%2014%2065170%20Vaasa%20%20Finland\" target=\"_blank\">Maps were disabled by the visitor on this site. Click to open the map in a new window.<\/a><\/div><\/div><br \/>\n<div  class='avia-button-wrap av-lx02brni-3d26f71a0d0c33b61eeda78ab4dc2416-wrap avia-button-left  avia-builder-el-22  el_after_av_google_map  avia-builder-el-no-sibling '><a href='https:\/\/goo.gl\/maps\/qVQr1sHZ2xVoZ6er9'  class='avia-button av-lx02brni-3d26f71a0d0c33b61eeda78ab4dc2416 av-link-btn avia-icon_select-no avia-size-medium avia-position-left avia-color-theme-color'   aria-label=\"Avaa Google Maps\"><span class='avia_iconbox_title' >Avaa Google Maps<\/span><\/a><\/div><\/p><\/div><\/p>\n<div  class='flex_column av-mmv2xk-a2bc4f74c11c7b4a3b09fbcd47a6bf92 av_one_full  avia-builder-el-23  el_after_av_one_half  avia-builder-el-last  first flex_column_div  column-top-margin'     ><div  class='avia-button-wrap av-lx0az64w-b6608619b997936fca15a1cde86b3202-wrap avia-button-left  avia-builder-el-24  avia-builder-el-no-sibling '><a href='https:\/\/www.wasaline.com\/fi\/yhteystiedot\/'  class='avia-button av-lx0az64w-b6608619b997936fca15a1cde86b3202 av-link-btn avia-icon_select-yes-left-icon avia-size-large avia-position-left avia-color-theme-color'   aria-label=\"Yhteystiedot\"><span class='avia_button_icon avia_button_icon_left avia-iconfont avia-font-entypo-fontello' data-av_icon='\ue88c' data-av_iconfont='entypo-fontello' ><\/span><span class='avia_iconbox_title' >Yhteystiedot<\/span><\/a><\/div><\/div>\n","protected":false},"excerpt":{"rendered":"","protected":false},"author":4,"featured_media":0,"parent":479,"menu_order":0,"comment_status":"closed","ping_status":"closed","template":"","meta":{"_acf_changed":false,"footnotes":""},"class_list":["post-57560","page","type-page","status-publish","hentry"],"acf":[],"publishpress_future_action":{"enabled":false,"date":"2026-04-21 23:40:06","action":"change-status","newStatus":"draft","terms":[],"taxonomy":"translation_priority","extraData":[]},"publishpress_future_workflow_manual_trigger":{"enabledWorkflows":[]},"_links":{"self":[{"href":"https:\/\/www.wasaline.com\/fi\/wp-json\/wp\/v2\/pages\/57560","targetHints":{"allow":["GET"]}}],"collection":[{"href":"https:\/\/www.wasaline.com\/fi\/wp-json\/wp\/v2\/pages"}],"about":[{"href":"https:\/\/www.wasaline.com\/fi\/wp-json\/wp\/v2\/types\/page"}],"author":[{"embeddable":true,"href":"https:\/\/www.wasaline.com\/fi\/wp-json\/wp\/v2\/users\/4"}],"replies":[{"embeddable":true,"href":"https:\/\/www.wasaline.com\/fi\/wp-json\/wp\/v2\/comments?post=57560"}],"version-history":[{"count":20,"href":"https:\/\/www.wasaline.com\/fi\/wp-json\/wp\/v2\/pages\/57560\/revisions"}],"predecessor-version":[{"id":80452,"href":"https:\/\/www.wasaline.com\/fi\/wp-json\/wp\/v2\/pages\/57560\/revisions\/80452"}],"up":[{"embeddable":true,"href":"https:\/\/www.wasaline.com\/fi\/wp-json\/wp\/v2\/pages\/479"}],"wp:attachment":[{"href":"https:\/\/www.wasaline.com\/fi\/wp-json\/wp\/v2\/media?parent=57560"}],"curies":[{"name":"wp","href":"https:\/\/api.w.org\/{rel}","templated":true}]}}