{"id":57613,"date":"2024-06-04T12:19:31","date_gmt":"2024-06-04T10:19:31","guid":{"rendered":"https:\/\/www.wasaline.com\/?page_id=57613"},"modified":"2024-06-04T12:23:02","modified_gmt":"2024-06-04T10:23:02","slug":"ikarajat","status":"publish","type":"page","link":"https:\/\/www.wasaline.com\/fi\/tarkeaa-tietoa\/ikarajat\/","title":{"rendered":"Ik\u00e4rajat"},"content":{"rendered":"<div  class='flex_column av-266wjfx-f6287f94a26a5bd51f07ea015a35af41 av_one_full  avia-builder-el-0  el_before_av_one_half  avia-builder-el-first  first flex_column_div  '     ><style type=\"text\/css\" data-created_by=\"avia_inline_auto\" id=\"style-css-av-lx08cdvh-a09c651b2427f48ba131f50cf6adb4e5\">\n#top .av-special-heading.av-lx08cdvh-a09c651b2427f48ba131f50cf6adb4e5{\npadding-bottom:10px;\n}\nbody .av-special-heading.av-lx08cdvh-a09c651b2427f48ba131f50cf6adb4e5 .av-special-heading-tag .heading-char{\nfont-size:25px;\n}\n.av-special-heading.av-lx08cdvh-a09c651b2427f48ba131f50cf6adb4e5 .av-subheading{\nfont-size:15px;\n}\n<\/style>\n<div  class='av-special-heading av-lx08cdvh-a09c651b2427f48ba131f50cf6adb4e5 av-special-heading-h1 blockquote modern-quote modern-centered  avia-builder-el-1  avia-builder-el-no-sibling '><h1 class='av-special-heading-tag '  itemprop=\"headline\"  >Ik\u00e4rajat Wasalinella<\/h1><div class=\"special-heading-border\"><div class=\"special-heading-inner-border\"><\/div><\/div><\/div><\/div>\n<div  class='flex_column av-1m2ifpp-ac3792c2be9e3a5aeeb1c131bb31100d av_one_half  avia-builder-el-2  el_after_av_one_full  el_before_av_one_half  first flex_column_div  column-top-margin'     ><p>\n<style type=\"text\/css\" data-created_by=\"avia_inline_auto\" id=\"style-css-av-lx08drud-9dae2980891eac09e20ae03fd5fb90c1\">\n#top .av-special-heading.av-lx08drud-9dae2980891eac09e20ae03fd5fb90c1{\npadding-bottom:10px;\n}\nbody .av-special-heading.av-lx08drud-9dae2980891eac09e20ae03fd5fb90c1 .av-special-heading-tag .heading-char{\nfont-size:25px;\n}\n.av-special-heading.av-lx08drud-9dae2980891eac09e20ae03fd5fb90c1 .av-subheading{\nfont-size:15px;\n}\n<\/style>\n<div  class='av-special-heading av-lx08drud-9dae2980891eac09e20ae03fd5fb90c1 av-special-heading-h2 blockquote modern-quote  avia-builder-el-3  el_before_av_textblock  avia-builder-el-first '><h2 class='av-special-heading-tag '  itemprop=\"headline\"  >Reittimatkat<\/h2><div class=\"special-heading-border\"><div class=\"special-heading-inner-border\"><\/div><\/div><\/div><br \/>\n<section  class='av_textblock_section av-lx08fnzt-0c504d584a5178e954384bf14b987983 '   itemscope=\"itemscope\" itemtype=\"https:\/\/schema.org\/CreativeWork\" ><div class='avia_textblock'  itemprop=\"text\" ><p>Alle 18-vuotiaat nuoret ja lapset saavat matkustaa reittiliikennel\u00e4hd\u00f6ill\u00e4 yksin edellytt\u00e4en, ett\u00e4 heill\u00e4 on vanhemman tai muun huoltajan kirjallinen matkustuslupa sek\u00e4 voimassaoleva matkustusasiakirja, jolla h\u00e4n voi todistaa henkil\u00f6llisyytens\u00e4.<\/p>\n<p><a href=\"https:\/\/www.wasaline.com\/fi\/matkustus-peruutus-ja-kuljetusehdot\/#toggle-id-5\">Henkil\u00f6llisyyden todistaminen \u2192<\/a><br \/>\n<a href=\"https:\/\/www.wasaline.com\/wp-content\/uploads\/2022\/11\/Blankett-for-minerariga-ensamresande-personer.docx\">Matkustuslupalomake \u2192<\/a><\/p>\n<\/div><\/section><br \/>\n\n<style type=\"text\/css\" data-created_by=\"avia_inline_auto\" id=\"style-css-av-lx08glei-0ee5f5dce4edfb0ae6ba96f298c1ce5a\">\n#top .av-special-heading.av-lx08glei-0ee5f5dce4edfb0ae6ba96f298c1ce5a{\npadding-bottom:10px;\n}\nbody .av-special-heading.av-lx08glei-0ee5f5dce4edfb0ae6ba96f298c1ce5a .av-special-heading-tag .heading-char{\nfont-size:25px;\n}\n.av-special-heading.av-lx08glei-0ee5f5dce4edfb0ae6ba96f298c1ce5a .av-subheading{\nfont-size:15px;\n}\n<\/style>\n<div  class='av-special-heading av-lx08glei-0ee5f5dce4edfb0ae6ba96f298c1ce5a av-special-heading-h2 blockquote modern-quote  avia-builder-el-5  el_after_av_textblock  el_before_av_textblock '><h2 class='av-special-heading-tag '  itemprop=\"headline\"  >Risteilyt ja hotellipaketit<\/h2><div class=\"special-heading-border\"><div class=\"special-heading-inner-border\"><\/div><\/div><\/div><br \/>\n<section  class='av_textblock_section av-lx08hpxh-6b6259e4d5ef7d7aacfd05d9a3b51fb8 '   itemscope=\"itemscope\" itemtype=\"https:\/\/schema.org\/CreativeWork\" ><div class='avia_textblock'  itemprop=\"text\" ><p>Yksin matkustamisen ik\u00e4raja risteilyill\u00e4 ja hotellimatkoilla on 18 vuotta. Alle 18-vuotiaat voivat matkustaa huoltajan seurassa.<\/p>\n<p>Huoltajana voi toimia:<\/p>\n<ul>\n<li aria-level=\"1\">Vanhempi, holhooja (my\u00f6s \u00e4iti- ja is\u00e4puoli)<\/li>\n<li aria-level=\"1\">Isovanhempi tai isovanhemmat<\/li>\n<li aria-level=\"1\">Vanhemman sisarus (t\u00e4ti, set\u00e4, eno)<\/li>\n<\/ul>\n<\/div><\/section><\/p><\/div>\n<div  class='flex_column av-3obr2l-b622707ee3fb7e07f94d0f7a89a350e6 av_one_half  avia-builder-el-7  el_after_av_one_half  el_before_av_one_full  flex_column_div  column-top-margin'     ><p>\n<style type=\"text\/css\" data-created_by=\"avia_inline_auto\" id=\"style-css-av-lx08idma-d1b9fac79f142b90c56210233722dbdc\">\n#top .av-special-heading.av-lx08idma-d1b9fac79f142b90c56210233722dbdc{\npadding-bottom:10px;\n}\nbody .av-special-heading.av-lx08idma-d1b9fac79f142b90c56210233722dbdc .av-special-heading-tag .heading-char{\nfont-size:25px;\n}\n.av-special-heading.av-lx08idma-d1b9fac79f142b90c56210233722dbdc .av-subheading{\nfont-size:15px;\n}\n<\/style>\n<div  class='av-special-heading av-lx08idma-d1b9fac79f142b90c56210233722dbdc av-special-heading-h2 blockquote modern-quote  avia-builder-el-8  el_before_av_textblock  avia-builder-el-first '><h2 class='av-special-heading-tag '  itemprop=\"headline\"  >Kaverit mukana matkalla<\/h2><div class=\"special-heading-border\"><div class=\"special-heading-inner-border\"><\/div><\/div><\/div><br \/>\n<section  class='av_textblock_section av-lx08jsqb-e508773f43fa4281d5d687f04071ca8d '   itemscope=\"itemscope\" itemtype=\"https:\/\/schema.org\/CreativeWork\" ><div class='avia_textblock'  itemprop=\"text\" ><p>Kun oma huoltaja (katso yll\u00e4) on mukana matkalla, lasten ja nuorten kaverit saavat matkustaa perheen mukana.<\/p>\n<p>Mukana matkustavalla alle 18-vuotiaalla kavereilla tulee olla mukana kirjallinen matkustuslupa sek\u00e4 voimassaoleva matkustusasiakirja, jolla h\u00e4n voi todistaa henkil\u00f6llisyytens\u00e4.<\/p>\n<p>Huoltaja on vastuussa mukanaan matkustavista alaik\u00e4isist\u00e4 henkil\u00f6ist\u00e4 koko matkan ajan.<\/p>\n<p><a href=\"https:\/\/www.wasaline.com\/fi\/matkustus-peruutus-ja-kuljetusehdot\/#toggle-id-5\">Henkil\u00f6llisyyden todistaminen \u2192<\/a><br \/>\n<a href=\"https:\/\/www.wasaline.com\/wp-content\/uploads\/2022\/11\/Blankett-for-minerariga-ensamresande-personer.docx\">Matkustuslupalomake \u2192<\/a><\/p>\n<\/div><\/section><br \/>\n\n<style type=\"text\/css\" data-created_by=\"avia_inline_auto\" id=\"style-css-av-lx08kvno-b1561e189e116b8437944d438562a08d\">\n#top .av-special-heading.av-lx08kvno-b1561e189e116b8437944d438562a08d{\npadding-bottom:10px;\n}\nbody .av-special-heading.av-lx08kvno-b1561e189e116b8437944d438562a08d .av-special-heading-tag .heading-char{\nfont-size:25px;\n}\n.av-special-heading.av-lx08kvno-b1561e189e116b8437944d438562a08d .av-subheading{\nfont-size:15px;\n}\n<\/style>\n<div  class='av-special-heading av-lx08kvno-b1561e189e116b8437944d438562a08d av-special-heading-h2 blockquote modern-quote  avia-builder-el-10  el_after_av_textblock  el_before_av_textblock '><h2 class='av-special-heading-tag '  itemprop=\"headline\"  >Nuorisoryhm\u00e4t<\/h2><div class=\"special-heading-border\"><div class=\"special-heading-inner-border\"><\/div><\/div><\/div><br \/>\n<section  class='av_textblock_section av-lx08r9c3-11fa2796bb845ca2564fce1ddfde6c77 '   itemscope=\"itemscope\" itemtype=\"https:\/\/schema.org\/CreativeWork\" ><div class='avia_textblock'  itemprop=\"text\" ><p>20 vuotta t\u00e4ytt\u00e4nyt henkil\u00f6 voi toimia koululais- tai nuorisoryhm\u00e4n valvojana edelytt\u00e4en ett\u00e4 valvoja sitoutuu nouduttamaan Wasalinen hyv\u00e4n j\u00e4rjestyksen sopimusta.<\/p>\n<p>Ryhm\u00e4ss\u00e4 on oltava v\u00e4hint\u00e4\u00e4n 1 valvoja jokaista 10 matkustavaa nuorta kohden.<\/p>\n<p><a href=\"https:\/\/www.wasaline.com\/wp-content\/uploads\/2022\/11\/Hyvan-jarjestyksen-sopimus.pdf\">Hyv\u00e4n j\u00e4rjestyksen sopimus \u2192<\/a><\/p>\n<\/div><\/section><\/p><\/div>\n<div  class='flex_column av-w7grwt-16a446ffd0d0dfaafbfb920bdf64e27c av_one_full  avia-builder-el-12  el_after_av_one_half  avia-builder-el-last  first flex_column_div  column-top-margin'     ><p><div  class='avia-button-wrap av-lx08tvi3-b74841ac893eb56ae33b3433522155c7-wrap avia-button-left  avia-builder-el-13  el_before_av_textblock  avia-builder-el-first '><a href='https:\/\/www.wasaline.com\/fi\/tarkeaa-tietoa\/'  class='avia-button av-lx08tvi3-b74841ac893eb56ae33b3433522155c7 av-link-btn avia-icon_select-yes-left-icon avia-size-large avia-position-left avia-color-theme-color'   aria-label=\"T\u00e4rke\u00e4\u00e4 tietoa\"><span class='avia_button_icon avia_button_icon_left avia-iconfont avia-font-entypo-fontello' data-av_icon='\ue88c' data-av_iconfont='entypo-fontello' ><\/span><span class='avia_iconbox_title' >T\u00e4rke\u00e4\u00e4 tietoa<\/span><\/a><\/div><br \/>\n<section  class='av_textblock_section av-lx094ayp-9c6a39fcb42622984423afd2b0bef294 '   itemscope=\"itemscope\" itemtype=\"https:\/\/schema.org\/CreativeWork\" ><div class='avia_textblock'  itemprop=\"text\" ><p><em>Avainsanat: alaik\u00e4inen, joukkue, luokkaretki<\/em><\/p>\n<\/div><\/section><\/p><\/div>\n","protected":false},"excerpt":{"rendered":"","protected":false},"author":4,"featured_media":0,"parent":29176,"menu_order":0,"comment_status":"closed","ping_status":"closed","template":"","meta":{"_acf_changed":false,"footnotes":""},"class_list":["post-57613","page","type-page","status-publish","hentry"],"acf":[],"publishpress_future_action":{"enabled":false,"date":"2026-04-22 01:03:04","action":"change-status","newStatus":"draft","terms":[],"taxonomy":"translation_priority","extraData":[]},"publishpress_future_workflow_manual_trigger":{"enabledWorkflows":[]},"_links":{"self":[{"href":"https:\/\/www.wasaline.com\/fi\/wp-json\/wp\/v2\/pages\/57613","targetHints":{"allow":["GET"]}}],"collection":[{"href":"https:\/\/www.wasaline.com\/fi\/wp-json\/wp\/v2\/pages"}],"about":[{"href":"https:\/\/www.wasaline.com\/fi\/wp-json\/wp\/v2\/types\/page"}],"author":[{"embeddable":true,"href":"https:\/\/www.wasaline.com\/fi\/wp-json\/wp\/v2\/users\/4"}],"replies":[{"embeddable":true,"href":"https:\/\/www.wasaline.com\/fi\/wp-json\/wp\/v2\/comments?post=57613"}],"version-history":[{"count":6,"href":"https:\/\/www.wasaline.com\/fi\/wp-json\/wp\/v2\/pages\/57613\/revisions"}],"predecessor-version":[{"id":58372,"href":"https:\/\/www.wasaline.com\/fi\/wp-json\/wp\/v2\/pages\/57613\/revisions\/58372"}],"up":[{"embeddable":true,"href":"https:\/\/www.wasaline.com\/fi\/wp-json\/wp\/v2\/pages\/29176"}],"wp:attachment":[{"href":"https:\/\/www.wasaline.com\/fi\/wp-json\/wp\/v2\/media?parent=57613"}],"curies":[{"name":"wp","href":"https:\/\/api.w.org\/{rel}","templated":true}]}}