{"id":57645,"date":"2024-06-04T13:24:38","date_gmt":"2024-06-04T11:24:38","guid":{"rendered":"https:\/\/www.wasaline.com\/?page_id=57645"},"modified":"2025-10-22T09:07:42","modified_gmt":"2025-10-22T07:07:42","slug":"wasalinen-terminaali-uumaja","status":"publish","type":"page","link":"https:\/\/www.wasaline.com\/fi\/yhteystiedot\/wasalinen-terminaali-uumaja\/","title":{"rendered":"Wasalinen terminaali Uumaja"},"content":{"rendered":"<div  class='flex_column av-1jvv2ns-8a9b4918a5fd5068776ff23d527d4841 av_one_full  avia-builder-el-0  el_before_av_one_full  avia-builder-el-first  first flex_column_div  '     ><style type=\"text\/css\" data-created_by=\"avia_inline_auto\" id=\"style-css-av-lx029c3x-b22bd71e1dd97868a2f8739a5a41fe74\">\n#top .av-special-heading.av-lx029c3x-b22bd71e1dd97868a2f8739a5a41fe74{\npadding-bottom:10px;\n}\nbody .av-special-heading.av-lx029c3x-b22bd71e1dd97868a2f8739a5a41fe74 .av-special-heading-tag .heading-char{\nfont-size:25px;\n}\n.av-special-heading.av-lx029c3x-b22bd71e1dd97868a2f8739a5a41fe74 .av-subheading{\nfont-size:15px;\n}\n<\/style>\n<div  class='av-special-heading av-lx029c3x-b22bd71e1dd97868a2f8739a5a41fe74 av-special-heading-h1 blockquote modern-quote modern-centered  avia-builder-el-1  avia-builder-el-no-sibling '><h1 class='av-special-heading-tag '  itemprop=\"headline\"  >Wasalinen terminaali Uumaja<\/h1><div class=\"special-heading-border\"><div class=\"special-heading-inner-border\"><\/div><\/div><\/div><\/div>\n\n<style type=\"text\/css\" data-created_by=\"avia_inline_auto\" id=\"style-css-av-lx048451-84d0c95e717389601a5cbb1ca927eba7\">\n.flex_column.av-lx048451-84d0c95e717389601a5cbb1ca927eba7{\nborder-width:1px;\nborder-color:#003865;\nborder-style:solid;\npadding:16px 12px 2px 12px;\nbackground-color:#f9ecb8;\n}\n<\/style>\n<div  class='flex_column av-lx048451-84d0c95e717389601a5cbb1ca927eba7 av_one_full  avia-builder-el-2  el_after_av_one_full  el_before_av_one_half  first flex_column_div  column-top-margin'     ><article  class='iconbox iconbox_left av-lx047aa0-019f6dd2f8b9a4589e4b6d748d5f6683  avia-builder-el-3  avia-builder-el-no-sibling '  itemscope=\"itemscope\" itemtype=\"https:\/\/schema.org\/CreativeWork\" ><div class=\"iconbox_content\"><header class=\"entry-content-header\" aria-label=\"Icon: Myyntipalvelun yhteystiedot ja aukioloajat \u2192\"><a href='https:\/\/www.wasaline.com\/fi\/yhteystiedot\/' title='Myyntipalvelun yhteystiedot ja aukioloajat \u2192' aria-label='Myyntipalvelun yhteystiedot ja aukioloajat \u2192'  class='iconbox_icon heading-color avia-iconfont avia-font-entypo-fontello' data-av_icon='\ue81f' data-av_iconfont='entypo-fontello' title=\"Myyntipalvelun yhteystiedot ja aukioloajat \u2192\" desc=\"Myyntipalvelun yhteystiedot ja aukioloajat \u2192\" ><\/a><h3 class='iconbox_content_title '  itemprop=\"headline\" ><a href='https:\/\/www.wasaline.com\/fi\/yhteystiedot\/' title='Myyntipalvelun yhteystiedot ja aukioloajat \u2192' >Myyntipalvelun yhteystiedot ja aukioloajat \u2192<\/a><\/h3><\/header><div class='iconbox_content_container '  itemprop=\"text\" ><\/div><\/div><footer class=\"entry-footer\"><\/footer><\/article><\/div>\n<div  class='flex_column av-1alfw60-44c7d4dc2bf0f80bc71cc8a2ff3024d2 av_one_half  avia-builder-el-4  el_after_av_one_full  el_before_av_one_half  first flex_column_div  column-top-margin'     ><p>\n<style type=\"text\/css\" data-created_by=\"avia_inline_auto\" id=\"style-css-av-lx02a06m-615757d601a2679d9852c4f4650bf7bb\">\n#top .av-special-heading.av-lx02a06m-615757d601a2679d9852c4f4650bf7bb{\npadding-bottom:10px;\n}\nbody .av-special-heading.av-lx02a06m-615757d601a2679d9852c4f4650bf7bb .av-special-heading-tag .heading-char{\nfont-size:25px;\n}\n.av-special-heading.av-lx02a06m-615757d601a2679d9852c4f4650bf7bb .av-subheading{\nfont-size:15px;\n}\n<\/style>\n<div  class='av-special-heading av-lx02a06m-615757d601a2679d9852c4f4650bf7bb av-special-heading-h2 blockquote modern-quote  avia-builder-el-5  el_before_av_textblock  avia-builder-el-first '><h2 class='av-special-heading-tag '  itemprop=\"headline\"  >Osoite<\/h2><div class=\"special-heading-border\"><div class=\"special-heading-inner-border\"><\/div><\/div><\/div><br \/>\n<section  class='av_textblock_section av-lx02b10f-29c216ba920aa31435019b6be5f2522c '   itemscope=\"itemscope\" itemtype=\"https:\/\/schema.org\/CreativeWork\" ><div class='avia_textblock'  itemprop=\"text\" ><p>Bl\u00e5 V\u00e4gen 4<br \/>\n91332 Holmsund<br \/>\nSVERIGE<\/p>\n<p>Holmsundin sataman koordinaatit (WGS 84):<\/p>\n<ul>\n<li>Leveyspiiri: N 63\u00ba 40\u2032 52.92\u2033<\/li>\n<li>Pituuspiiri: E 20\u00ba 20\u2032 25.18\u2033<\/li>\n<\/ul>\n<\/div><\/section><br \/>\n\n<style type=\"text\/css\" data-created_by=\"avia_inline_auto\" id=\"style-css-av-lx02dchj-81d0d5e68617aa8a2a6b3161e9e0159b\">\n#top .av-special-heading.av-lx02dchj-81d0d5e68617aa8a2a6b3161e9e0159b{\npadding-bottom:10px;\n}\nbody .av-special-heading.av-lx02dchj-81d0d5e68617aa8a2a6b3161e9e0159b .av-special-heading-tag .heading-char{\nfont-size:25px;\n}\n.av-special-heading.av-lx02dchj-81d0d5e68617aa8a2a6b3161e9e0159b .av-subheading{\nfont-size:15px;\n}\n<\/style>\n<div  class='av-special-heading av-lx02dchj-81d0d5e68617aa8a2a6b3161e9e0159b av-special-heading-h2 blockquote modern-quote  avia-builder-el-7  el_after_av_textblock  el_before_av_textblock '><h2 class='av-special-heading-tag '  itemprop=\"headline\"  >Aukioloajat<\/h2><div class=\"special-heading-border\"><div class=\"special-heading-inner-border\"><\/div><\/div><\/div><br \/>\n<section  class='av_textblock_section av-lx02drek-010f54c3093be97ab06589a0518c65d4 '   itemscope=\"itemscope\" itemtype=\"https:\/\/schema.org\/CreativeWork\" ><div class='avia_textblock'  itemprop=\"text\" ><p>Terminaali avataan 2 tuntia ennen l\u00e4ht\u00f6\u00e4.<\/p>\n<p>Terminaalin p\u00e4ivyst\u00e4v\u00e4 puhelin (1,5 tuntia ennen l\u00e4ht\u00f6\u00e4):<br \/>\n<a href=\"tel:+46 90 185 214\">+46 90 185 214<\/a><\/p>\n<p>Soita p\u00e4ivystysnumeroon ainoastaan seuraavaa l\u00e4ht\u00f6\u00e4 koskevissa kiireellisiss\u00e4 asioissa. Kaikissa muissa asioissa <a href=\"https:\/\/www.wasaline.com\/fi\/yhteystiedot\/\">ota yhteytt\u00e4 myyntipalveluun<\/a>.<\/p>\n<\/div><\/section><br \/>\n\n<style type=\"text\/css\" data-created_by=\"avia_inline_auto\" id=\"style-css-av-lx030uxq-5289772f3e20eca2bb97a8b3e0ed1fc2\">\n#top .av-special-heading.av-lx030uxq-5289772f3e20eca2bb97a8b3e0ed1fc2{\npadding-bottom:10px;\n}\nbody .av-special-heading.av-lx030uxq-5289772f3e20eca2bb97a8b3e0ed1fc2 .av-special-heading-tag .heading-char{\nfont-size:25px;\n}\n.av-special-heading.av-lx030uxq-5289772f3e20eca2bb97a8b3e0ed1fc2 .av-subheading{\nfont-size:15px;\n}\n<\/style>\n<div  class='av-special-heading av-lx030uxq-5289772f3e20eca2bb97a8b3e0ed1fc2 av-special-heading-h2 blockquote modern-quote  avia-builder-el-9  el_after_av_textblock  el_before_av_textblock '><h2 class='av-special-heading-tag '  itemprop=\"headline\"  >Pys\u00e4k\u00f6inti<\/h2><div class=\"special-heading-border\"><div class=\"special-heading-inner-border\"><\/div><\/div><\/div><br \/>\n<section  class='av_textblock_section av-lx032fcf-7f9bd026fe51875b30659fe45026622d '   itemscope=\"itemscope\" itemtype=\"https:\/\/schema.org\/CreativeWork\" ><div class='avia_textblock'  itemprop=\"text\" ><p>Terminaalin yhteydess\u00e4 on maksullinen ja vartioimaton pys\u00e4k\u00f6intialue. Pys\u00e4kointimaksu suoritetaan joko mobiilisovelluksella (EasyPark tai Parkster) tai SMS-viestill\u00e4. Tarkat ohjeet l\u00f6yd\u00e4t pys\u00e4k\u00f6intialueen infotaulusta.<\/p>\n<p><a href=\"https:\/\/upab.se\/platser\/farjelaget-umea-hamn\/\" target=\"_blank\" rel=\"noopener\">Katso hinnat \u2192<\/a><\/p>\n<p>Pys\u00e4k\u00f6inti\u00e4 valvoo UPAB. Wasaline ei ota pys\u00e4k\u00f6intimaksuja vastaan eik\u00e4 k\u00e4sittele oikaisuvaatimuksia.<\/p>\n<p><a href=\"https:\/\/upab.se\/en\/\" target=\"_blank\" rel=\"noopener\">Pys\u00e4k\u00f6inti Uumajassa \u2192<\/a><\/p>\n<\/div><\/section><br \/>\n\n<style type=\"text\/css\" data-created_by=\"avia_inline_auto\" id=\"style-css-av-lx02nkue-db4bca2e8490b236494fb80adeabb7e8\">\n#top .av-special-heading.av-lx02nkue-db4bca2e8490b236494fb80adeabb7e8{\npadding-bottom:10px;\n}\nbody .av-special-heading.av-lx02nkue-db4bca2e8490b236494fb80adeabb7e8 .av-special-heading-tag .heading-char{\nfont-size:25px;\n}\n.av-special-heading.av-lx02nkue-db4bca2e8490b236494fb80adeabb7e8 .av-subheading{\nfont-size:15px;\n}\n<\/style>\n<div  class='av-special-heading av-lx02nkue-db4bca2e8490b236494fb80adeabb7e8 av-special-heading-h2 blockquote modern-quote  avia-builder-el-11  el_after_av_textblock  el_before_av_textblock '><h2 class='av-special-heading-tag '  itemprop=\"headline\"  >Jatkoyhteysliikenne<\/h2><div class=\"special-heading-border\"><div class=\"special-heading-inner-border\"><\/div><\/div><\/div><br \/>\n<section  class='av_textblock_section av-lx02napf-a09941bf41a0036c1468516ee07299a3 '   itemscope=\"itemscope\" itemtype=\"https:\/\/schema.org\/CreativeWork\" ><div class='avia_textblock'  itemprop=\"text\" ><p><a href=\"https:\/\/www.wasaline.com\/fi\/jatkoyhteysliikenne-uumajassa\/\">Jatkoyhteysliikenne Uumajassa \u2192<\/a><\/p>\n<\/div><\/section><\/p><\/div><div  class='flex_column av-mx5vp4-9e93858976b12f1d5b1b0f733e66a035 av_one_half  avia-builder-el-13  el_after_av_one_half  el_before_av_one_full  flex_column_div  column-top-margin'     ><p>\n<style type=\"text\/css\" data-created_by=\"avia_inline_auto\" id=\"style-css-av-lx02cg98-a43a61525418cd37942df0f133fa41de\">\n#top .av-special-heading.av-lx02cg98-a43a61525418cd37942df0f133fa41de{\npadding-bottom:10px;\n}\nbody .av-special-heading.av-lx02cg98-a43a61525418cd37942df0f133fa41de .av-special-heading-tag .heading-char{\nfont-size:25px;\n}\n.av-special-heading.av-lx02cg98-a43a61525418cd37942df0f133fa41de .av-subheading{\nfont-size:15px;\n}\n<\/style>\n<div  class='av-special-heading av-lx02cg98-a43a61525418cd37942df0f133fa41de av-special-heading-h2 blockquote modern-quote  avia-builder-el-14  el_before_av_textblock  avia-builder-el-first '><h2 class='av-special-heading-tag '  itemprop=\"headline\"  >Saapumisohjeet<\/h2><div class=\"special-heading-border\"><div class=\"special-heading-inner-border\"><\/div><\/div><\/div><br \/>\n<section  class='av_textblock_section av-lx02cqnk-d5be29cd0dd856a1ea5548b7c3daa838 '   itemscope=\"itemscope\" itemtype=\"https:\/\/schema.org\/CreativeWork\" ><div class='avia_textblock'  itemprop=\"text\" ><p>Uumajan satama sijaitsee Holmsundissa, tien E12 varrella noin kahdenkymmenen kilometrin p\u00e4\u00e4ss\u00e4 Uumajasta etel\u00e4\u00e4n. L\u00f6yd\u00e4t satamaan seuraamalla \u201cVASA\u201d -opasteita.<\/p>\n<\/div><\/section><br \/>\n\n<style type=\"text\/css\" data-created_by=\"avia_inline_auto\" id=\"style-css-av-lx02r0yv-e6418592b3c5f83039fbf5150f30ea8d\">\n#top .av-special-heading.av-lx02r0yv-e6418592b3c5f83039fbf5150f30ea8d{\npadding-bottom:10px;\n}\nbody .av-special-heading.av-lx02r0yv-e6418592b3c5f83039fbf5150f30ea8d .av-special-heading-tag .heading-char{\nfont-size:25px;\n}\n.av-special-heading.av-lx02r0yv-e6418592b3c5f83039fbf5150f30ea8d .av-subheading{\nfont-size:15px;\n}\n<\/style>\n<div  class='av-special-heading av-lx02r0yv-e6418592b3c5f83039fbf5150f30ea8d av-special-heading-h2 blockquote modern-quote  avia-builder-el-16  el_after_av_textblock  el_before_av_google_map  avia-builder-el-last '><h2 class='av-special-heading-tag '  itemprop=\"headline\"  >Kartta<\/h2><div class=\"special-heading-border\"><div class=\"special-heading-inner-border\"><\/div><\/div><\/div><br \/>\n<div  class='av_gmaps_sc_main_wrap av_gmaps_main_wrap '><div id='av_gmap_0' class='avia-google-map-container avia-google-map-sc av_gmaps_show_unconditionally av-no-fallback-img ' data-mapid='av_gmap_0'  style='padding-bottom: 56.25%;'><a class=\"av_gmaps_browser_disabled av_text_confirm_link av_text_confirm_link_visible\" href=\"https:\/\/www.google.com\/maps\/search\/?api=1&#038;query=63.681541,20.3400813\" target=\"_blank\">Maps were disabled by the visitor on this site. Click to open the map in a new window.<\/a><\/div><\/div><br \/>\n<div  class='avia-button-wrap av-lx02brni-ad25174d363c93a048df0c5e37b22c04-wrap avia-button-left  avia-builder-el-18  el_after_av_google_map  avia-builder-el-no-sibling '><a href='https:\/\/goo.gl\/maps\/ShnzxsgCtfXPkMc38'  class='avia-button av-lx02brni-ad25174d363c93a048df0c5e37b22c04 av-link-btn avia-icon_select-no avia-size-medium avia-position-left avia-color-theme-color'   aria-label=\"Avaa Google Maps\"><span class='avia_iconbox_title' >Avaa Google Maps<\/span><\/a><\/div><\/p><\/div><\/p>\n<div  class='flex_column av-mmv2xk-a2bc4f74c11c7b4a3b09fbcd47a6bf92 av_one_full  avia-builder-el-19  el_after_av_one_half  avia-builder-el-last  first flex_column_div  column-top-margin'     ><div  class='avia-button-wrap av-lx0az64w-b6608619b997936fca15a1cde86b3202-wrap avia-button-left  avia-builder-el-20  avia-builder-el-no-sibling '><a href='https:\/\/www.wasaline.com\/fi\/yhteystiedot\/'  class='avia-button av-lx0az64w-b6608619b997936fca15a1cde86b3202 av-link-btn avia-icon_select-yes-left-icon avia-size-large avia-position-left avia-color-theme-color'   aria-label=\"Yhteystiedot\"><span class='avia_button_icon avia_button_icon_left avia-iconfont avia-font-entypo-fontello' data-av_icon='\ue88c' data-av_iconfont='entypo-fontello' ><\/span><span class='avia_iconbox_title' >Yhteystiedot<\/span><\/a><\/div><\/div>\n","protected":false},"excerpt":{"rendered":"","protected":false},"author":4,"featured_media":0,"parent":479,"menu_order":0,"comment_status":"closed","ping_status":"closed","template":"","meta":{"_acf_changed":false,"footnotes":""},"class_list":["post-57645","page","type-page","status-publish","hentry"],"acf":[],"publishpress_future_action":{"enabled":false,"date":"2026-04-21 23:40:11","action":"change-status","newStatus":"draft","terms":[],"taxonomy":"translation_priority","extraData":[]},"publishpress_future_workflow_manual_trigger":{"enabledWorkflows":[]},"_links":{"self":[{"href":"https:\/\/www.wasaline.com\/fi\/wp-json\/wp\/v2\/pages\/57645","targetHints":{"allow":["GET"]}}],"collection":[{"href":"https:\/\/www.wasaline.com\/fi\/wp-json\/wp\/v2\/pages"}],"about":[{"href":"https:\/\/www.wasaline.com\/fi\/wp-json\/wp\/v2\/types\/page"}],"author":[{"embeddable":true,"href":"https:\/\/www.wasaline.com\/fi\/wp-json\/wp\/v2\/users\/4"}],"replies":[{"embeddable":true,"href":"https:\/\/www.wasaline.com\/fi\/wp-json\/wp\/v2\/comments?post=57645"}],"version-history":[{"count":7,"href":"https:\/\/www.wasaline.com\/fi\/wp-json\/wp\/v2\/pages\/57645\/revisions"}],"predecessor-version":[{"id":77856,"href":"https:\/\/www.wasaline.com\/fi\/wp-json\/wp\/v2\/pages\/57645\/revisions\/77856"}],"up":[{"embeddable":true,"href":"https:\/\/www.wasaline.com\/fi\/wp-json\/wp\/v2\/pages\/479"}],"wp:attachment":[{"href":"https:\/\/www.wasaline.com\/fi\/wp-json\/wp\/v2\/media?parent=57645"}],"curies":[{"name":"wp","href":"https:\/\/api.w.org\/{rel}","templated":true}]}}