{"id":58003,"date":"2024-06-11T13:44:08","date_gmt":"2024-06-11T11:44:08","guid":{"rendered":"https:\/\/www.wasaline.com\/?page_id=58003"},"modified":"2024-12-17T00:07:05","modified_gmt":"2024-12-16T22:07:05","slug":"esteeton-matkustaminen","status":"publish","type":"page","link":"https:\/\/www.wasaline.com\/fi\/tarkeaa-tietoa\/esteeton-matkustaminen\/","title":{"rendered":"Esteet\u00f6n matkustaminen"},"content":{"rendered":"<div  class='flex_column av-1yw1o5v-dfc217f1c66edc54be5928e81dd01a11 av_one_full  avia-builder-el-0  el_before_av_one_half  avia-builder-el-first  first flex_column_div  '     ><style type=\"text\/css\" data-created_by=\"avia_inline_auto\" id=\"style-css-av-lxabk8kp-0fd033506c4e4e854e40b9cbc855cfd8\">\n#top .av-special-heading.av-lxabk8kp-0fd033506c4e4e854e40b9cbc855cfd8{\npadding-bottom:10px;\n}\nbody .av-special-heading.av-lxabk8kp-0fd033506c4e4e854e40b9cbc855cfd8 .av-special-heading-tag .heading-char{\nfont-size:25px;\n}\n.av-special-heading.av-lxabk8kp-0fd033506c4e4e854e40b9cbc855cfd8 .av-subheading{\nfont-size:15px;\n}\n<\/style>\n<div  class='av-special-heading av-lxabk8kp-0fd033506c4e4e854e40b9cbc855cfd8 av-special-heading-h1 blockquote modern-quote modern-centered  avia-builder-el-1  avia-builder-el-no-sibling '><h1 class='av-special-heading-tag '  itemprop=\"headline\"  >Esteet\u00f6n matkustaminen<\/h1><div class='av-subheading av-subheading_below'><p>Ohjeita toiminta- ja liikuntarajoitteisen henkil\u00f6n sujuvaan matkustamiseen<\/p>\n<\/div><div class=\"special-heading-border\"><div class=\"special-heading-inner-border\"><\/div><\/div><\/div><\/div>\n<div  class='flex_column av-6esutv-d9751bcbee6d717101f78e83593b6f7c av_one_half  avia-builder-el-2  el_after_av_one_full  el_before_av_one_half  first flex_column_div  column-top-margin'     ><p>\n<style type=\"text\/css\" data-created_by=\"avia_inline_auto\" id=\"style-css-av-lxabks1l-7fb1b3bb8128feb07998d6565dfb386b\">\n#top .av-special-heading.av-lxabks1l-7fb1b3bb8128feb07998d6565dfb386b{\npadding-bottom:10px;\n}\nbody .av-special-heading.av-lxabks1l-7fb1b3bb8128feb07998d6565dfb386b .av-special-heading-tag .heading-char{\nfont-size:25px;\n}\n.av-special-heading.av-lxabks1l-7fb1b3bb8128feb07998d6565dfb386b .av-subheading{\nfont-size:15px;\n}\n<\/style>\n<div  class='av-special-heading av-lxabks1l-7fb1b3bb8128feb07998d6565dfb386b av-special-heading-h2 blockquote modern-quote  avia-builder-el-3  el_before_av_textblock  avia-builder-el-first '><h2 class='av-special-heading-tag '  itemprop=\"headline\"  >Matkan varaaminen<\/h2><div class=\"special-heading-border\"><div class=\"special-heading-inner-border\"><\/div><\/div><\/div><br \/>\n<section  class='av_textblock_section av-lxabq4vo-4ad0409dbed6897000cb8f589f5e3a50 '   itemscope=\"itemscope\" itemtype=\"https:\/\/schema.org\/CreativeWork\" ><div class='avia_textblock'  itemprop=\"text\" ><p>Wasaline pyrkii kaikin kohtuullisin keinoin varmistamaan, ett\u00e4 toiminta- ja liikuntarajoitteiset matkustajat kykenev\u00e4t matkustamaan Wasalinen laivoilla mahdollisimman sujuvasti ja helposti.<\/p>\n<p>Matkustajien, joiden matkustuskyky on sairauden tai muun syyn vuoksi heikentynyt, tulee ennen matkan alkua varmistaa asianmukaiselta terveydenhuollon ammattihenkil\u00f6lt\u00e4, ett\u00e4 henkil\u00f6 on kykenev\u00e4 matkustamaan.<\/p>\n<p>Wasaline kehottaa matkustajia varmistamaan, ett\u00e4 matkustajalla on kaikki tarvittavat tiedot ennen matkasuunnitelman toteuttamista sek\u00e4 suhtautumaan omaan avun tarpeeseensa realistisesti.<\/p>\n<\/div><\/section><br \/>\n\n<style type=\"text\/css\" data-created_by=\"avia_inline_auto\" id=\"style-css-av-lxabrexq-03dbfad7cafc5178ee5138040533595f\">\n#top .av-special-heading.av-lxabrexq-03dbfad7cafc5178ee5138040533595f{\npadding-bottom:10px;\n}\nbody .av-special-heading.av-lxabrexq-03dbfad7cafc5178ee5138040533595f .av-special-heading-tag .heading-char{\nfont-size:25px;\n}\n.av-special-heading.av-lxabrexq-03dbfad7cafc5178ee5138040533595f .av-subheading{\nfont-size:15px;\n}\n<\/style>\n<div  class='av-special-heading av-lxabrexq-03dbfad7cafc5178ee5138040533595f av-special-heading-h2 blockquote modern-quote  avia-builder-el-5  el_after_av_textblock  el_before_av_textblock '><h2 class='av-special-heading-tag '  itemprop=\"headline\"  >Ohje autolla matkustavalle liikuntarajoitteiselle<\/h2><div class=\"special-heading-border\"><div class=\"special-heading-inner-border\"><\/div><\/div><\/div><br \/>\n<section  class='av_textblock_section av-lxabqvrz-f1c5e6e7f69627a992555b0e4542ff2f '   itemscope=\"itemscope\" itemtype=\"https:\/\/schema.org\/CreativeWork\" ><div class='avia_textblock'  itemprop=\"text\" ><p><img loading=\"lazy\" decoding=\"async\" class=\"size-full wp-image-41494 alignleft\" src=\"https:\/\/www.wasaline.com\/wp-content\/uploads\/2023\/07\/vehicle-icon-disabled.png\" alt=\"Vehicle icon: disabled\" width=\"128\" height=\"90\" \/>\u00a0Mik\u00e4li haluat rajoittuneen liikuntakyvyn vuoksi pys\u00e4k\u00f6id\u00e4 auton laivassa mahdollisimman l\u00e4helle hissi\u00e4, valitse varausj\u00e4rjestelm\u00e4ss\u00e4 ajoneuvon tyypiksi Auto liikuntarajoitteiselle.<\/p>\n<p>N\u00e4it\u00e4 paikkoja on autokannella rajoitetusti ja ne varataan liikuntarajoitteisille matkustajille, jotka ovat satamassa v\u00e4hint\u00e4\u00e4n 1 tunti ennen l\u00e4ht\u00f6aikaa. My\u00f6hemmin saapuville emme voi taata tietty\u00e4 paikkaa autokannelta.<\/p>\n<\/div><\/section><\/p><\/div>\n<div  class='flex_column av-1bhtvtf-055cd5ac262df1abb0c88c448b0ac1ae av_one_half  avia-builder-el-7  el_after_av_one_half  el_before_av_one_full  flex_column_div  column-top-margin'     ><p>\n<style type=\"text\/css\" data-created_by=\"avia_inline_auto\" id=\"style-css-av-lxabrw63-34aa5d51b870236bd336c9e1ed6d1df5\">\n#top .av-special-heading.av-lxabrw63-34aa5d51b870236bd336c9e1ed6d1df5{\npadding-bottom:10px;\n}\nbody .av-special-heading.av-lxabrw63-34aa5d51b870236bd336c9e1ed6d1df5 .av-special-heading-tag .heading-char{\nfont-size:25px;\n}\n.av-special-heading.av-lxabrw63-34aa5d51b870236bd336c9e1ed6d1df5 .av-subheading{\nfont-size:15px;\n}\n<\/style>\n<div  class='av-special-heading av-lxabrw63-34aa5d51b870236bd336c9e1ed6d1df5 av-special-heading-h2 blockquote modern-quote  avia-builder-el-8  el_before_av_textblock  avia-builder-el-first '><h2 class='av-special-heading-tag '  itemprop=\"headline\"  >Esteett\u00f6myys<\/h2><div class=\"special-heading-border\"><div class=\"special-heading-inner-border\"><\/div><\/div><\/div><br \/>\n<section  class='av_textblock_section av-lxabm4cj-56d32163b0f72340d91acc1fd7120399 '   itemscope=\"itemscope\" itemtype=\"https:\/\/schema.org\/CreativeWork\" ><div class='avia_textblock'  itemprop=\"text\" ><p>Terminaalitilat Vaasassa sek\u00e4 Uumajassa ovat esteett\u00f6m\u00e4t.<\/p>\n<p>Laivan julkiset tilat ovat esteett\u00f6m\u00e4t ja tiloissa on 2 esteet\u00f6nt\u00e4 WC:t\u00e4.<\/p>\n<p>Laivalla on <a href=\"https:\/\/www.wasaline.com\/fi\/laivalla\/hytit\/\">2 esteet\u00f6nt\u00e4 hytti\u00e4<\/a> leve\u00e4mm\u00e4ll\u00e4 s\u00e4ngyll\u00e4 ja ovella.<\/p>\n<\/div><\/section><br \/>\n\n<style type=\"text\/css\" data-created_by=\"avia_inline_auto\" id=\"style-css-av-lxabldup-6e6db86d2fcbbd2216e998424ada9fc5\">\n#top .av-special-heading.av-lxabldup-6e6db86d2fcbbd2216e998424ada9fc5{\npadding-bottom:10px;\n}\nbody .av-special-heading.av-lxabldup-6e6db86d2fcbbd2216e998424ada9fc5 .av-special-heading-tag .heading-char{\nfont-size:25px;\n}\n.av-special-heading.av-lxabldup-6e6db86d2fcbbd2216e998424ada9fc5 .av-subheading{\nfont-size:15px;\n}\n<\/style>\n<div  class='av-special-heading av-lxabldup-6e6db86d2fcbbd2216e998424ada9fc5 av-special-heading-h2 blockquote modern-quote  avia-builder-el-10  el_after_av_textblock  el_before_av_textblock '><h2 class='av-special-heading-tag '  itemprop=\"headline\"  >Avustamispalvelu<\/h2><div class=\"special-heading-border\"><div class=\"special-heading-inner-border\"><\/div><\/div><\/div><br \/>\n<section  class='av_textblock_section av-jkyh03-fb063cf4fd1ff021a8fdd7cbbc8d7f7f '   itemscope=\"itemscope\" itemtype=\"https:\/\/schema.org\/CreativeWork\" ><div class='avia_textblock'  itemprop=\"text\" ><p>Wasaline tarjoaa avustamispalvelua, joka on kuitenkin ns. yleisavustamista. Mik\u00e4li toiminta- tai liikuntarajoitteinen matkustaja tarvitsee erityist\u00e4 henkil\u00f6kohtaista apua esimerkiksi ruokailemisessa tai wc-k\u00e4ynneiss\u00e4, tulee matkustajalla t\u00e4ll\u00f6in olla henkil\u00f6kohtainen avustaja mukana. T\u00e4llaisessa tilanteessa avustaja saa henkil\u00f6lipun kuluitta.<\/p>\n<p>Wasalinen avustamispalvelu tulee tilata matkaa varatessa tai viimeist\u00e4\u00e4n 48 tuntia ennen l\u00e4ht\u00f6\u00e4 <a href=\"https:\/\/www.wasaline.com\/fi\/yhteystiedot\/\">ottamalla yhteytt\u00e4 myyntipalveluun<\/a>. Matkustajan on my\u00f6s edell\u00e4 mainitussa ajassa ilmoitettava, mik\u00e4li matkustaja k\u00e4ytt\u00e4\u00e4 py\u00f6r\u00e4tuolia tai muita apuv\u00e4lineit\u00e4. Avustamispalvelua tarvitsevan tulee l\u00e4ht\u00f6selvityksen yhteydess\u00e4 ilmoittaa varanneensa avustamispalvelun.<\/p>\n<\/div><\/section><br \/>\n\n<style type=\"text\/css\" data-created_by=\"avia_inline_auto\" id=\"style-css-av-lxabsxnb-74eb8f7d02cc589df4cf2b6b0460fa97\">\n#top .av-special-heading.av-lxabsxnb-74eb8f7d02cc589df4cf2b6b0460fa97{\npadding-bottom:10px;\n}\nbody .av-special-heading.av-lxabsxnb-74eb8f7d02cc589df4cf2b6b0460fa97 .av-special-heading-tag .heading-char{\nfont-size:25px;\n}\n.av-special-heading.av-lxabsxnb-74eb8f7d02cc589df4cf2b6b0460fa97 .av-subheading{\nfont-size:15px;\n}\n<\/style>\n<div  class='av-special-heading av-lxabsxnb-74eb8f7d02cc589df4cf2b6b0460fa97 av-special-heading-h2 blockquote modern-quote  avia-builder-el-12  el_after_av_textblock  el_before_av_textblock '><h2 class='av-special-heading-tag '  itemprop=\"headline\"  >Henkil\u00f6kohtainen avustaja<\/h2><div class=\"special-heading-border\"><div class=\"special-heading-inner-border\"><\/div><\/div><\/div><br \/>\n<section  class='av_textblock_section av-lxabtct1-ee2d45ac232e92431903429002cb84c1 '   itemscope=\"itemscope\" itemtype=\"https:\/\/schema.org\/CreativeWork\" ><div class='avia_textblock'  itemprop=\"text\" ><p>Mik\u00e4li toiminta- tai liikuntarajoitteinen matkustaja tarvitsee erityist\u00e4 henkil\u00f6kohtaista apua esimerkiksi ruokailemisessa tai wc-k\u00e4ynneiss\u00e4, tulee matkustajalla t\u00e4ll\u00f6in olla henkil\u00f6kohtainen avustaja mukana. T\u00e4llaisessa tilanteessa avustaja saa henkil\u00f6lipun kuluitta.<\/p>\n<\/div><\/section><br \/>\n\n<style type=\"text\/css\" data-created_by=\"avia_inline_auto\" id=\"style-css-av-lxabofus-de68ee6bf39fbac57715c7715670af41\">\n#top .av-special-heading.av-lxabofus-de68ee6bf39fbac57715c7715670af41{\npadding-bottom:10px;\n}\nbody .av-special-heading.av-lxabofus-de68ee6bf39fbac57715c7715670af41 .av-special-heading-tag .heading-char{\nfont-size:25px;\n}\n.av-special-heading.av-lxabofus-de68ee6bf39fbac57715c7715670af41 .av-subheading{\nfont-size:15px;\n}\n<\/style>\n<div  class='av-special-heading av-lxabofus-de68ee6bf39fbac57715c7715670af41 av-special-heading-h2 blockquote modern-quote  avia-builder-el-14  el_after_av_textblock  el_before_av_textblock '><h2 class='av-special-heading-tag '  itemprop=\"headline\"  >Avustajakoirat, opaskoirat<\/h2><div class=\"special-heading-border\"><div class=\"special-heading-inner-border\"><\/div><\/div><\/div><br \/>\n<section  class='av_textblock_section av-lxabo7xd-7575a83544bd3f0ca2e9de96afd452ed '   itemscope=\"itemscope\" itemtype=\"https:\/\/schema.org\/CreativeWork\" ><div class='avia_textblock'  itemprop=\"text\" ><p>Ilmoita avustajakoiran kuljettamisesta asiakaspalveluumme joko varauksen teon yhteydess\u00e4 tai viimeist\u00e4\u00e4n 48 tuntia ennen l\u00e4ht\u00f6aikaa.<\/p>\n<p>Varaudu pyydett\u00e4ess\u00e4 esitt\u00e4m\u00e4\u00e4n opaskoirakortti tai vastaava todistus koiran koulutuksesta.<\/p>\n<p>Avustajakoirat, joilla tulee olla p\u00e4\u00e4ll\u00e4\u00e4n asianmukaisin merkinn\u00f6in varustetut liivit tai valjaat, saavat kulkea laivalla matkustajan mukana kaikkialla, miss\u00e4 opastettava tai avustettava matkustajakin saa kulkea (pl. allergiahytit).<\/p>\n<\/div><\/section><\/p><\/div><div  class='flex_column av-mcg06r-8b024e941a1fd9519bdb4ccde11210e4 av_one_full  avia-builder-el-16  el_after_av_one_half  avia-builder-el-last  first flex_column_div  column-top-margin'     ><div  class='avia-button-wrap av-lxjdanmr-f70e9d45ad4b90a9b6c0ca0c2e555782-wrap avia-button-left  avia-builder-el-17  avia-builder-el-no-sibling '><a href='https:\/\/www.wasaline.com\/fi\/tarkeaa-tietoa\/'  class='avia-button av-lxjdanmr-f70e9d45ad4b90a9b6c0ca0c2e555782 av-link-btn avia-icon_select-yes-left-icon avia-size-large avia-position-left avia-color-theme-color'   aria-label=\"T\u00e4rke\u00e4\u00e4 tietoa\"><span class='avia_button_icon avia_button_icon_left avia-iconfont avia-font-entypo-fontello' data-av_icon='\ue88c' data-av_iconfont='entypo-fontello' ><\/span><span class='avia_iconbox_title' >T\u00e4rke\u00e4\u00e4 tietoa<\/span><\/a><\/div><\/div><\/p>\n","protected":false},"excerpt":{"rendered":"","protected":false},"author":4,"featured_media":0,"parent":29176,"menu_order":0,"comment_status":"closed","ping_status":"closed","template":"","meta":{"_acf_changed":false,"footnotes":""},"class_list":["post-58003","page","type-page","status-publish","hentry"],"acf":[],"publishpress_future_action":{"enabled":false,"date":"2026-04-21 23:40:11","action":"change-status","newStatus":"draft","terms":[],"taxonomy":"translation_priority","extraData":[]},"publishpress_future_workflow_manual_trigger":{"enabledWorkflows":[]},"_links":{"self":[{"href":"https:\/\/www.wasaline.com\/fi\/wp-json\/wp\/v2\/pages\/58003","targetHints":{"allow":["GET"]}}],"collection":[{"href":"https:\/\/www.wasaline.com\/fi\/wp-json\/wp\/v2\/pages"}],"about":[{"href":"https:\/\/www.wasaline.com\/fi\/wp-json\/wp\/v2\/types\/page"}],"author":[{"embeddable":true,"href":"https:\/\/www.wasaline.com\/fi\/wp-json\/wp\/v2\/users\/4"}],"replies":[{"embeddable":true,"href":"https:\/\/www.wasaline.com\/fi\/wp-json\/wp\/v2\/comments?post=58003"}],"version-history":[{"count":4,"href":"https:\/\/www.wasaline.com\/fi\/wp-json\/wp\/v2\/pages\/58003\/revisions"}],"predecessor-version":[{"id":67662,"href":"https:\/\/www.wasaline.com\/fi\/wp-json\/wp\/v2\/pages\/58003\/revisions\/67662"}],"up":[{"embeddable":true,"href":"https:\/\/www.wasaline.com\/fi\/wp-json\/wp\/v2\/pages\/29176"}],"wp:attachment":[{"href":"https:\/\/www.wasaline.com\/fi\/wp-json\/wp\/v2\/media?parent=58003"}],"curies":[{"name":"wp","href":"https:\/\/api.w.org\/{rel}","templated":true}]}}