{"id":592,"date":"2022-07-13T09:07:34","date_gmt":"2022-07-13T07:07:34","guid":{"rendered":"https:\/\/www.wasaline.com\/?page_id=592"},"modified":"2025-03-13T15:05:50","modified_gmt":"2025-03-13T13:05:50","slug":"ruoka-ja-juoma","status":"publish","type":"page","link":"https:\/\/www.wasaline.com\/fi\/ruoka-ja-juoma\/","title":{"rendered":"Ruoka ja juoma"},"content":{"rendered":"<div id='full_slider_1'  class='avia-fullwidth-slider main_color avia-shadow   avia-builder-el-0  el_before_av_one_full  avia-builder-el-first   container_wrap fullsize'  ><div  class='avia-slideshow av-l93x035w-d27ab2b25c8e23392fa7fd9ec49cc718 avia-slideshow-featured_large av_slideshow_full avia-slide-slider av-slideshow-ui av-control-default av-slideshow-manual av-loop-once av-loop-manual-endless av-default-height-applied   avia-slideshow-1' data-slideshow-options=\"{&quot;animation&quot;:&quot;slide&quot;,&quot;autoplay&quot;:false,&quot;loop_autoplay&quot;:&quot;once&quot;,&quot;interval&quot;:5,&quot;loop_manual&quot;:&quot;manual-endless&quot;,&quot;autoplay_stopper&quot;:false,&quot;noNavigation&quot;:false,&quot;bg_slider&quot;:false,&quot;keep_padding&quot;:false,&quot;hoverpause&quot;:false,&quot;show_slide_delay&quot;:0}\"  itemprop=\"image\" itemscope=\"itemscope\" itemtype=\"https:\/\/schema.org\/ImageObject\" ><ul class='avia-slideshow-inner ' style='padding-bottom: 42%;'><li  class='avia-slideshow-slide av-l93x035w-d27ab2b25c8e23392fa7fd9ec49cc718__0  av-single-slide slide-1 slide-odd'><div data-rel='slideshow-1' class='avia-slide-wrap '   ><img decoding=\"async\" fetchpriority=\"high\" class=\"wp-image-26425 avia-img-lazy-loading-not-26425\"  src=\"https:\/\/www.wasaline.com\/wp-content\/uploads\/2022\/10\/Wasaline_Chef_Food-1500x630.jpg\" width=\"1500\" height=\"630\" title='Wasaline Chefs and Food' alt='Wasaline Chefs and Food'  itemprop=\"thumbnailUrl\"   \/><\/div><\/li><\/ul><\/div><\/div><div id='after_full_slider_1'  class='main_color av_default_container_wrap container_wrap fullsize'  ><div class='container av-section-cont-open' ><div class='template-page content  av-content-full alpha units'><div class='post-entry post-entry-type-page post-entry-592'><div class='entry-content-wrapper clearfix'>\n<div  class='flex_column av-av_one_full-c3b372ad6f1642cd7c92869ade45eb87 av_one_full  avia-builder-el-1  el_after_av_slideshow_full  el_before_av_one_half  avia-builder-el-first  first flex_column_div  '     ><style type=\"text\/css\" data-created_by=\"avia_inline_auto\" id=\"style-css-av-3nx9dw-07070adeb51677be1f65811a6a18c4d5\">\n#top .av-special-heading.av-3nx9dw-07070adeb51677be1f65811a6a18c4d5{\npadding-bottom:10px;\n}\nbody .av-special-heading.av-3nx9dw-07070adeb51677be1f65811a6a18c4d5 .av-special-heading-tag .heading-char{\nfont-size:25px;\n}\n.av-special-heading.av-3nx9dw-07070adeb51677be1f65811a6a18c4d5 .av-subheading{\nfont-size:15px;\n}\n<\/style>\n<div  class='av-special-heading av-3nx9dw-07070adeb51677be1f65811a6a18c4d5 av-special-heading-h1 blockquote modern-quote modern-centered  avia-builder-el-2  avia-builder-el-no-sibling '><h1 class='av-special-heading-tag '  itemprop=\"headline\"  >Ruoka ja juoma<\/h1><div class=\"special-heading-border\"><div class=\"special-heading-inner-border\"><\/div><\/div><\/div><\/div>\n\n<style type=\"text\/css\" data-created_by=\"avia_inline_auto\" id=\"style-css-av-m7xamm7l-c1109491af144cfc62cf9fa314bcf203\">\n.flex_column.av-m7xamm7l-c1109491af144cfc62cf9fa314bcf203{\nwidth:49%;\n}\n<\/style>\n<div  class='flex_column av-m7xamm7l-c1109491af144cfc62cf9fa314bcf203 av_one_half  avia-builder-el-3  el_after_av_one_full  el_before_av_one_half  first flex_column_div  column-top-margin'     ><style type=\"text\/css\" data-created_by=\"avia_inline_auto\" id=\"style-css-av-m7xaql7n-a67cd315dc2621d37b167a23789ac567\">\n.avia-image-container.av-m7xaql7n-a67cd315dc2621d37b167a23789ac567 img.avia_image{\nbox-shadow:none;\n}\n.avia-image-container.av-m7xaql7n-a67cd315dc2621d37b167a23789ac567 .av-image-caption-overlay-center{\ncolor:#ffffff;\n}\n<\/style>\n<div  class='avia-image-container av-m7xaql7n-a67cd315dc2621d37b167a23789ac567 av-styling- avia-align-center  avia-builder-el-4  avia-builder-el-no-sibling '   itemprop=\"image\" itemscope=\"itemscope\" itemtype=\"https:\/\/schema.org\/ImageObject\" ><div class=\"avia-image-container-inner\"><div class=\"avia-image-overlay-wrap\"><img decoding=\"async\" fetchpriority=\"high\" class='wp-image-50722 avia-img-lazy-loading-not-50722 avia_image ' src=\"https:\/\/www.wasaline.com\/wp-content\/uploads\/2024\/01\/bistrobotnia-salmon-dish-845x684.jpg\" alt='Salmon dish at Bistro Botnia' title='bistrobotnia-salmon-dish'  height=\"684\" width=\"845\"  itemprop=\"thumbnailUrl\" srcset=\"https:\/\/www.wasaline.com\/wp-content\/uploads\/2024\/01\/bistrobotnia-salmon-dish-845x684.jpg 845w, https:\/\/www.wasaline.com\/wp-content\/uploads\/2024\/01\/bistrobotnia-salmon-dish-495x400.jpg 495w\" sizes=\"(max-width: 845px) 100vw, 845px\" \/><\/div><\/div><\/div><\/div>\n\n<style type=\"text\/css\" data-created_by=\"avia_inline_auto\" id=\"style-css-av-av_one_half-fe4cb066553d4f65ec87686d39a7a3a1\">\n.flex_column.av-av_one_half-fe4cb066553d4f65ec87686d39a7a3a1{\nwidth:49%;\nmargin-left:2%;\n}\n<\/style>\n<div  class='flex_column av-av_one_half-fe4cb066553d4f65ec87686d39a7a3a1 av_one_half  avia-builder-el-5  el_after_av_one_half  el_before_av_section  avia-builder-el-last  flex_column_div  column-top-margin'     ><section  class='av_textblock_section av-6g2o1xg-4a2915c19429a45b5a4052701c2de16c '   itemscope=\"itemscope\" itemtype=\"https:\/\/schema.org\/CreativeWork\" ><div class='avia_textblock'  itemprop=\"text\" ><p><strong>Kutsumme sinut makumatkalle Merenkurkkuun!<\/strong><\/p>\n<p>Laske ankkurisi herkkuja notkuvaan <a href=\"https:\/\/www.wasaline.com\/fi\/ruoka-ja-juoma\/saaristolaispoyta\/\">Saaristolaisp\u00f6yt\u00e4\u00e4n<\/a> tai navigoi <a href=\"https:\/\/www.wasaline.com\/fi\/ruoka-ja-juoma\/bistro-botnia\/\">Bistro Botniaan<\/a> nauttimaan vuodenaikojen parhaimmista antimista. Mik\u00e4li mielit nopeampaa purtavaa, tarttuu <a href=\"https:\/\/www.wasaline.com\/fi\/ruoka-ja-juoma\/kahvila\/\">kahvilastamme<\/a> varmasti onkeesi jotain helppoa herkuteltavaa.<\/p>\n<p>Mihin ravintoloistamme sitten istahdatkin, l\u00f6yd\u00e4t edest\u00e4si huikeat merimaisemat sek\u00e4 huolella suunnitellun makuel\u00e4myksen, jossa yhdistyv\u00e4t suomalaisen ja ruotsalaisen ruokakulttuurin parhaat palat, ripaus kansainv\u00e4list\u00e4 twisti\u00e4 sek\u00e4 rakkaus hyv\u00e4\u00e4n ruokaan.<\/p>\n<p>Meille hyv\u00e4 ruoka on kunnia-asia. Arvostamme korkeaa laatua, tuoreutta sek\u00e4 aitoja makuja \u2013 siksi suurin osa raaka-aineista saapuu meille suoraan l\u00e4hialueiden tuottajilta, ja kaikki tarjottava valmistetaan alusta alkaen itse laivan omassa keitti\u00f6ss\u00e4.<\/p>\n<p>Henkil\u00f6kuntamme auttaa mielell\u00e4\u00e4n l\u00f6yt\u00e4m\u00e4\u00e4n sopivat vaihtoehdot kaikille matkustajille, my\u00f6s erityisruokavalioita noudattaville, ryhmille sek\u00e4 kokousvieraille.<\/p>\n<p>Maistuvaa matkaa!<\/p>\n<blockquote>\n<p>\u201cMeille ruoanlaitto on intohimo ja se maistuu jokaisessa annoksessa. Tavoitteenamme on, ett\u00e4 asiakkaamme l\u00e4htev\u00e4t ravintolastamme paitsi kyll\u00e4isin\u00e4, my\u00f6s onnellisina.\u201d<em><br \/>\n<\/em><strong>Mikael Styris, keitti\u00f6mestari<\/strong><\/p>\n<\/blockquote>\n<\/div><\/section><\/div>\n<\/div><\/div><\/div><!-- close content main div --><\/div><\/div>\n<style type=\"text\/css\" data-created_by=\"avia_inline_auto\" id=\"style-css-av-m7xarga6-b6a1fa87dd1b80018f056eb86736f8dc\">\n.avia-section.av-m7xarga6-b6a1fa87dd1b80018f056eb86736f8dc{\nbackground-color:#f2f2f2;\nbackground-image:unset;\n}\n<\/style>\n<div id='av_section_1'  class='avia-section av-m7xarga6-b6a1fa87dd1b80018f056eb86736f8dc main_color avia-section-default avia-no-border-styling  avia-builder-el-7  el_after_av_one_half  avia-builder-el-last  avia-bg-style-scroll container_wrap fullsize'  ><div class='container av-section-cont-open' ><div class='template-page content  av-content-full alpha units'><div class='post-entry post-entry-type-page post-entry-592'><div class='entry-content-wrapper clearfix'>\n<div  class='flex_column av-av_one_full-c3b372ad6f1642cd7c92869ade45eb87 av_one_full  avia-builder-el-8  el_before_av_one_fourth  avia-builder-el-first  first flex_column_div  '     ><style type=\"text\/css\" data-created_by=\"avia_inline_auto\" id=\"style-css-av-m7xajxft-1cdbd6a5e777fa5fc423e61de1b647a3\">\n#top .av-special-heading.av-m7xajxft-1cdbd6a5e777fa5fc423e61de1b647a3{\npadding-bottom:10px;\n}\nbody .av-special-heading.av-m7xajxft-1cdbd6a5e777fa5fc423e61de1b647a3 .av-special-heading-tag .heading-char{\nfont-size:25px;\n}\n.av-special-heading.av-m7xajxft-1cdbd6a5e777fa5fc423e61de1b647a3 .av-subheading{\nfont-size:15px;\n}\n<\/style>\n<div  class='av-special-heading av-m7xajxft-1cdbd6a5e777fa5fc423e61de1b647a3 av-special-heading-h2 blockquote modern-quote modern-centered  avia-builder-el-9  avia-builder-el-no-sibling '><h2 class='av-special-heading-tag '  itemprop=\"headline\"  >Ravintolat Aurora Botnialla<\/h2><div class=\"special-heading-border\"><div class=\"special-heading-inner-border\"><\/div><\/div><\/div><\/div>\n<style type=\"text\/css\" data-created_by=\"avia_inline_auto\" id=\"style-css-av-m7xagftr-c68d8e05c1bd876843c4c8c29e3aad35\">\n.flex_column.av-m7xagftr-c68d8e05c1bd876843c4c8c29e3aad35{\nwidth:22%;\n}\n<\/style>\n<div  class='flex_column av-m7xagftr-c68d8e05c1bd876843c4c8c29e3aad35 av_one_fourth  avia-builder-el-10  el_after_av_one_full  el_before_av_one_fourth  first flex_column_div  column-top-margin'     ><p>\n<style type=\"text\/css\" data-created_by=\"avia_inline_auto\" id=\"style-css-av-m7xah3ri-9229cf97dafab9006a027e51f4632e0d\">\n.avia-image-container.av-m7xah3ri-9229cf97dafab9006a027e51f4632e0d img.avia_image{\nbox-shadow:none;\n}\n.avia-image-container.av-m7xah3ri-9229cf97dafab9006a027e51f4632e0d .av-image-caption-overlay-center{\ncolor:#ffffff;\n}\n<\/style>\n<div  class='avia-image-container av-m7xah3ri-9229cf97dafab9006a027e51f4632e0d av-styling- av-img-linked avia-align-center  avia-builder-el-11  el_before_av_textblock  avia-builder-el-first '   itemprop=\"image\" itemscope=\"itemscope\" itemtype=\"https:\/\/schema.org\/ImageObject\" ><div class=\"avia-image-container-inner\"><div class=\"avia-image-overlay-wrap\"><a href=\"https:\/\/www.wasaline.com\/fi\/ruoka-ja-juoma\/saaristolaispoyta\/\" class='avia_image '  aria-label='Archipelago Buffet Aurora Botnia'><img decoding=\"async\" fetchpriority=\"high\" class='wp-image-1684 avia-img-lazy-loading-not-1684 avia_image ' src=\"https:\/\/www.wasaline.com\/wp-content\/uploads\/2022\/09\/Archipelago-Buffet-Aurora-Botnia-710x375.jpg\" alt='Archipelago Buffet Aurora Botnia' title='Archipelago Buffet Aurora Botnia'  height=\"375\" width=\"710\"  itemprop=\"thumbnailUrl\"  \/><\/a><\/div><\/div><\/div><br \/>\n<section  class='av_textblock_section av-m7xajjmh-b6bbdeaed97cf6757da197fd31b3eb92 '   itemscope=\"itemscope\" itemtype=\"https:\/\/schema.org\/CreativeWork\" ><div class='avia_textblock'  itemprop=\"text\" ><h3>Saaristolaisp\u00f6yt\u00e4<\/h3>\n<p>L\u00e4hiseutujen antimista koostuva maineikas Saaristolaisp\u00f6yt\u00e4 on ylpeytemme. Aamul\u00e4hd\u00f6ill\u00e4 tarjolla runsas aamiainen.<\/p>\n<p><a href=\"https:\/\/www.wasaline.com\/fi\/ruoka-ja-juoma\/saaristolaispoyta\/\">Saaristolaisp\u00f6yt\u00e4 \u2192<\/a><\/p>\n<\/div><\/section><\/p><\/div>\n<style type=\"text\/css\" data-created_by=\"avia_inline_auto\" id=\"style-css-av-av_one_fourth-fd7725fbce9c5dba1488f26a9d7a2fd9\">\n.flex_column.av-av_one_fourth-fd7725fbce9c5dba1488f26a9d7a2fd9{\nwidth:22%;\nmargin-left:4%;\n}\n<\/style>\n<div  class='flex_column av-av_one_fourth-fd7725fbce9c5dba1488f26a9d7a2fd9 av_one_fourth  avia-builder-el-13  el_after_av_one_fourth  el_before_av_one_fourth  flex_column_div  column-top-margin'     ><p>\n<style type=\"text\/css\" data-created_by=\"avia_inline_auto\" id=\"style-css-av-m7xat0yw-941a98d74cc51e326d9d0ac0b3feae93\">\n.avia-image-container.av-m7xat0yw-941a98d74cc51e326d9d0ac0b3feae93 img.avia_image{\nbox-shadow:none;\n}\n.avia-image-container.av-m7xat0yw-941a98d74cc51e326d9d0ac0b3feae93 .av-image-caption-overlay-center{\ncolor:#ffffff;\n}\n<\/style>\n<div  class='avia-image-container av-m7xat0yw-941a98d74cc51e326d9d0ac0b3feae93 av-styling- av-img-linked avia-align-center  avia-builder-el-14  el_before_av_textblock  avia-builder-el-first '   itemprop=\"image\" itemscope=\"itemscope\" itemtype=\"https:\/\/schema.org\/ImageObject\" ><div class=\"avia-image-container-inner\"><div class=\"avia-image-overlay-wrap\"><a href=\"https:\/\/www.wasaline.com\/fi\/ruoka-ja-juoma\/bistro-botnia\/\" class='avia_image '  aria-label='Ala Carte Aurora Botnia'><img decoding=\"async\" fetchpriority=\"high\" class='wp-image-1681 avia-img-lazy-loading-not-1681 avia_image ' src=\"https:\/\/www.wasaline.com\/wp-content\/uploads\/2022\/09\/Ala-Carte-Aurora-Botnia-710x375.jpg\" alt='Ala Carte Aurora Botnia' title='Ala Carte Aurora Botnia'  height=\"375\" width=\"710\"  itemprop=\"thumbnailUrl\"  \/><\/a><\/div><\/div><\/div><br \/>\n<section  class='av_textblock_section av-m7xauc55-271b44a3c83edbaf369eed39bb0a8c44 '   itemscope=\"itemscope\" itemtype=\"https:\/\/schema.org\/CreativeWork\" ><div class='avia_textblock'  itemprop=\"text\" ><h3>Bistro Botnia<\/h3>\n<p>Bistro vie sinut makumatkalle paitsi ajattomien annosten, my\u00f6s uutuusmakujen sek\u00e4 sesonkiherkkujen maailmaan.<\/p>\n<p><a href=\"https:\/\/www.wasaline.com\/fi\/ruoka-ja-juoma\/bistro-botnia\/\">Bistro Botnia \u2192<\/a><\/p>\n<\/div><\/section><\/p><\/div>\n<style type=\"text\/css\" data-created_by=\"avia_inline_auto\" id=\"style-css-av-av_one_fourth-fd7725fbce9c5dba1488f26a9d7a2fd9\">\n.flex_column.av-av_one_fourth-fd7725fbce9c5dba1488f26a9d7a2fd9{\nwidth:22%;\nmargin-left:4%;\n}\n<\/style>\n<div  class='flex_column av-av_one_fourth-fd7725fbce9c5dba1488f26a9d7a2fd9 av_one_fourth  avia-builder-el-16  el_after_av_one_fourth  el_before_av_one_fourth  flex_column_div  column-top-margin'     ><p>\n<style type=\"text\/css\" data-created_by=\"avia_inline_auto\" id=\"style-css-av-m7xaus55-5dc629b554eb1127d0164ec74a3f8800\">\n.avia-image-container.av-m7xaus55-5dc629b554eb1127d0164ec74a3f8800 img.avia_image{\nbox-shadow:none;\n}\n.avia-image-container.av-m7xaus55-5dc629b554eb1127d0164ec74a3f8800 .av-image-caption-overlay-center{\ncolor:#ffffff;\n}\n<\/style>\n<div  class='avia-image-container av-m7xaus55-5dc629b554eb1127d0164ec74a3f8800 av-styling- av-img-linked avia-align-center  avia-builder-el-17  el_before_av_textblock  avia-builder-el-first '   itemprop=\"image\" itemscope=\"itemscope\" itemtype=\"https:\/\/schema.org\/ImageObject\" ><div class=\"avia-image-container-inner\"><div class=\"avia-image-overlay-wrap\"><a href=\"https:\/\/www.wasaline.com\/fi\/ruoka-ja-juoma\/kahvila\/\" class='avia_image '  aria-label='Cafeteria Aurora Botnia'><img decoding=\"async\" fetchpriority=\"high\" class='wp-image-1693 avia-img-lazy-loading-not-1693 avia_image ' src=\"https:\/\/www.wasaline.com\/wp-content\/uploads\/2022\/09\/Cafeteria-Aurora-Botnia-710x375.jpg\" alt='Cafeteria Aurora Botnia' title='Cafeteria Aurora Botnia'  height=\"375\" width=\"710\"  itemprop=\"thumbnailUrl\"  \/><\/a><\/div><\/div><\/div><br \/>\n<section  class='av_textblock_section av-m7xawdet-29157e76f72e88384b007b081d7cc964 '   itemscope=\"itemscope\" itemtype=\"https:\/\/schema.org\/CreativeWork\" ><div class='avia_textblock'  itemprop=\"text\" ><h3>Kahvila<\/h3>\n<p>Kahvilastamme l\u00f6yd\u00e4t nopeita v\u00e4lipaloja, kursailematonta kotiruokaa, grilliherkkuja ja leivonnaisia.<\/p>\n<p><a href=\"https:\/\/www.wasaline.com\/fi\/ruoka-ja-juoma\/kahvila\/\">Kahvila \u2192<\/a><\/p>\n<\/div><\/section><\/p><\/div>\n<style type=\"text\/css\" data-created_by=\"avia_inline_auto\" id=\"style-css-av-av_one_fourth-fd7725fbce9c5dba1488f26a9d7a2fd9\">\n.flex_column.av-av_one_fourth-fd7725fbce9c5dba1488f26a9d7a2fd9{\nwidth:22%;\nmargin-left:4%;\n}\n<\/style>\n<div  class='flex_column av-av_one_fourth-fd7725fbce9c5dba1488f26a9d7a2fd9 av_one_fourth  avia-builder-el-19  el_after_av_one_fourth  avia-builder-el-last  flex_column_div  column-top-margin'     ><p>\n<style type=\"text\/css\" data-created_by=\"avia_inline_auto\" id=\"style-css-av-m7xawtts-7ccf8d34d99ff08daee8a85ec2c0d0ff\">\n.avia-image-container.av-m7xawtts-7ccf8d34d99ff08daee8a85ec2c0d0ff img.avia_image{\nbox-shadow:none;\n}\n.avia-image-container.av-m7xawtts-7ccf8d34d99ff08daee8a85ec2c0d0ff .av-image-caption-overlay-center{\ncolor:#ffffff;\n}\n<\/style>\n<div  class='avia-image-container av-m7xawtts-7ccf8d34d99ff08daee8a85ec2c0d0ff av-styling- av-img-linked avia-align-center  avia-builder-el-20  el_before_av_textblock  avia-builder-el-first '   itemprop=\"image\" itemscope=\"itemscope\" itemtype=\"https:\/\/schema.org\/ImageObject\" ><div class=\"avia-image-container-inner\"><div class=\"avia-image-overlay-wrap\"><a href=\"https:\/\/www.wasaline.com\/fi\/ruoka-ja-juoma\/baari-ja-pubi\/\" class='avia_image '  aria-label='Bar Aurora Botnia'><img decoding=\"async\" fetchpriority=\"high\" class='wp-image-1687 avia-img-lazy-loading-not-1687 avia_image ' src=\"https:\/\/www.wasaline.com\/wp-content\/uploads\/2022\/09\/Bar-Aurora-Botnia-710x375.jpg\" alt='Bar Aurora Botnia' title='Bar Aurora Botnia'  height=\"375\" width=\"710\"  itemprop=\"thumbnailUrl\"  \/><\/a><\/div><\/div><\/div><br \/>\n<section  class='av_textblock_section av-m7xayeby-1976674f9992449fac49a94a0ba5e6e1 '   itemscope=\"itemscope\" itemtype=\"https:\/\/schema.org\/CreativeWork\" ><div class='avia_textblock'  itemprop=\"text\" ><h3>Baari ja pubi<\/h3>\n<p>Laaja valikoima merihintaisia juomia ja trubaduurin, DJ:n tai b\u00e4ndin esitt\u00e4m\u00e4\u00e4 musiikkia useina p\u00e4ivin\u00e4 viikossa.<\/p>\n<p><a href=\"https:\/\/www.wasaline.com\/fi\/ruoka-ja-juoma\/baari-ja-pubi\/\">Baari ja pubi \u2192<\/a><\/p>\n<\/div><\/section><\/p><\/div>\n\n","protected":false},"excerpt":{"rendered":"","protected":false},"author":1,"featured_media":0,"parent":0,"menu_order":0,"comment_status":"closed","ping_status":"closed","template":"","meta":{"_acf_changed":false,"footnotes":""},"class_list":["post-592","page","type-page","status-publish","hentry"],"acf":[],"publishpress_future_action":{"enabled":false,"date":"2026-04-21 23:40:18","action":"change-status","newStatus":"draft","terms":[],"taxonomy":"translation_priority","extraData":[]},"publishpress_future_workflow_manual_trigger":{"enabledWorkflows":[]},"_links":{"self":[{"href":"https:\/\/www.wasaline.com\/fi\/wp-json\/wp\/v2\/pages\/592","targetHints":{"allow":["GET"]}}],"collection":[{"href":"https:\/\/www.wasaline.com\/fi\/wp-json\/wp\/v2\/pages"}],"about":[{"href":"https:\/\/www.wasaline.com\/fi\/wp-json\/wp\/v2\/types\/page"}],"author":[{"embeddable":true,"href":"https:\/\/www.wasaline.com\/fi\/wp-json\/wp\/v2\/users\/1"}],"replies":[{"embeddable":true,"href":"https:\/\/www.wasaline.com\/fi\/wp-json\/wp\/v2\/comments?post=592"}],"version-history":[{"count":9,"href":"https:\/\/www.wasaline.com\/fi\/wp-json\/wp\/v2\/pages\/592\/revisions"}],"predecessor-version":[{"id":71767,"href":"https:\/\/www.wasaline.com\/fi\/wp-json\/wp\/v2\/pages\/592\/revisions\/71767"}],"wp:attachment":[{"href":"https:\/\/www.wasaline.com\/fi\/wp-json\/wp\/v2\/media?parent=592"}],"curies":[{"name":"wp","href":"https:\/\/api.w.org\/{rel}","templated":true}]}}