{"id":59919,"date":"2024-07-24T08:42:40","date_gmt":"2024-07-24T06:42:40","guid":{"rendered":"https:\/\/www.wasaline.com\/?page_id=59919"},"modified":"2024-08-08T14:24:43","modified_gmt":"2024-08-08T12:24:43","slug":"referenssilinkit","status":"publish","type":"page","link":"https:\/\/www.wasaline.com\/fi\/referenssilinkit\/","title":{"rendered":"Referenssilinkit"},"content":{"rendered":"<div  class='hr av-lyzh6now-9c100850f61dabfce31b7234f41c55eb hr-default  avia-builder-el-0  el_before_av_heading  avia-builder-el-first '><span class='hr-inner '><span class=\"hr-inner-style\"><\/span><\/span><\/div>\n\n<style type=\"text\/css\" data-created_by=\"avia_inline_auto\" id=\"style-css-av-lyzgtb5u-c39d8f21ac071baa1133000db5d8db6f\">\n#top .av-special-heading.av-lyzgtb5u-c39d8f21ac071baa1133000db5d8db6f{\npadding-bottom:10px;\n}\nbody .av-special-heading.av-lyzgtb5u-c39d8f21ac071baa1133000db5d8db6f .av-special-heading-tag .heading-char{\nfont-size:25px;\n}\n.av-special-heading.av-lyzgtb5u-c39d8f21ac071baa1133000db5d8db6f .av-subheading{\nfont-size:15px;\n}\n<\/style>\n<div  class='av-special-heading av-lyzgtb5u-c39d8f21ac071baa1133000db5d8db6f av-special-heading-h2 blockquote modern-quote modern-centered  avia-builder-el-1  el_after_av_hr  el_before_av_hr '><h2 class='av-special-heading-tag '  itemprop=\"headline\"  >J\u00e4rjest\u00e4 onnistunut tilaisuus Aurora Botnialla <\/h2><div class=\"special-heading-border\"><div class=\"special-heading-inner-border\"><\/div><\/div><\/div>\n\n<style type=\"text\/css\" data-created_by=\"avia_inline_auto\" id=\"style-css-av-lyzgtm5n-beea40490c4b2cc587b1fb17815175ea\">\n#top .hr.hr-invisible.av-lyzgtm5n-beea40490c4b2cc587b1fb17815175ea{\nmargin-top:-30px;\nheight:1px;\n}\n<\/style>\n<div  class='hr av-lyzgtm5n-beea40490c4b2cc587b1fb17815175ea hr-invisible  avia-builder-el-2  el_after_av_heading  el_before_av_layout_row  avia-builder-el-last '><span class='hr-inner '><span class=\"hr-inner-style\"><\/span><\/span><\/div>\n<\/div><\/div><\/div><!-- close content main div --><\/div><\/div><div id='av-layout-grid-1'  class='av-layout-grid-container av-21wgqwf-881fac7262eb41f446f54297b7e8364a entry-content-wrapper main_color av-flex-cells  avia-builder-el-3  el_after_av_hr  el_before_av_section  grid-row-not-first  container_wrap fullsize'  >\n<div class='flex_cell av-1gx43pr-70cad23bf28a4932dc4a2efd751d377b av-gridrow-cell av_one_third no_margin  avia-builder-el-4  el_before_av_cell_one_third  avia-builder-el-first '  ><div class='flex_cell_inner'><p>\n<style type=\"text\/css\" data-created_by=\"avia_inline_auto\" id=\"style-css-av-lyzhl6bw-430455bde2cadca862f2ed773bd55545\">\n.avia-image-container.av-lyzhl6bw-430455bde2cadca862f2ed773bd55545 img.avia_image{\nbox-shadow:none;\n}\n.avia-image-container.av-lyzhl6bw-430455bde2cadca862f2ed773bd55545 .av-image-caption-overlay-center{\ncolor:#ffffff;\n}\n<\/style>\n<div  class='avia-image-container av-lyzhl6bw-430455bde2cadca862f2ed773bd55545 av-styling- avia-align-center  avia-builder-el-5  el_before_av_hr  avia-builder-el-first '   itemprop=\"image\" itemscope=\"itemscope\" itemtype=\"https:\/\/schema.org\/ImageObject\" ><div class=\"avia-image-container-inner\"><div class=\"avia-image-overlay-wrap\"><img decoding=\"async\" fetchpriority=\"high\" class='wp-image-48616 avia-img-lazy-loading-not-48616 avia_image ' src=\"https:\/\/www.wasaline.com\/wp-content\/uploads\/2023\/12\/group-dinner-845x321.jpg\" alt='' title='group-dinner'  height=\"321\" width=\"845\"  itemprop=\"thumbnailUrl\"  \/><\/div><\/div><\/div><br \/>\n\n<style type=\"text\/css\" data-created_by=\"avia_inline_auto\" id=\"style-css-av-lyzhk1qk-889d233dbab792fba33f6f7f1f29a005\">\n#top .hr.hr-invisible.av-lyzhk1qk-889d233dbab792fba33f6f7f1f29a005{\nmargin-top:-34px;\nheight:1px;\n}\n<\/style>\n<div  class='hr av-lyzhk1qk-889d233dbab792fba33f6f7f1f29a005 hr-invisible  avia-builder-el-6  el_after_av_image  el_before_av_heading '><span class='hr-inner '><span class=\"hr-inner-style\"><\/span><\/span><\/div><br \/>\n\n<style type=\"text\/css\" data-created_by=\"avia_inline_auto\" id=\"style-css-av-lyzh1uxh-22f141e969b0702ef0d3c3b909b7e3e2\">\n#top .av-special-heading.av-lyzh1uxh-22f141e969b0702ef0d3c3b909b7e3e2{\npadding-bottom:10px;\n}\nbody .av-special-heading.av-lyzh1uxh-22f141e969b0702ef0d3c3b909b7e3e2 .av-special-heading-tag .heading-char{\nfont-size:25px;\n}\n.av-special-heading.av-lyzh1uxh-22f141e969b0702ef0d3c3b909b7e3e2 .av-subheading{\nfont-size:15px;\n}\n<\/style>\n<div  class='av-special-heading av-lyzh1uxh-22f141e969b0702ef0d3c3b909b7e3e2 av-special-heading-h3 blockquote modern-quote  avia-builder-el-7  el_after_av_hr  el_before_av_button '><h3 class='av-special-heading-tag '  itemprop=\"headline\"  >Ota yhteytt\u00e4<\/h3><div class='av-subheading av-subheading_below'><p>Meilt\u00e4 saat kaiken tarvittavan onnistuneeseen merikokousp\u00e4iv\u00e4\u00e4n.<\/p>\n<\/div><div class=\"special-heading-border\"><div class=\"special-heading-inner-border\"><\/div><\/div><\/div><br \/>\n<div  class='avia-button-wrap av-lyzh823z-e4b882c26818e77286e707f1e68c3929-wrap avia-button-left  avia-builder-el-8  el_after_av_heading  avia-builder-el-last '><a href='https:\/\/www.wasaline.com\/fi\/ryhmat-ja-konferenssi\/'  class='avia-button av-lyzh823z-e4b882c26818e77286e707f1e68c3929 av-link-btn avia-icon_select-no avia-size-medium avia-position-left avia-color-theme-color'   aria-label=\"Ryhm\u00e4t ja konferenssi\"><span class='avia_iconbox_title' >Ryhm\u00e4t ja konferenssi<\/span><\/a><\/div><\/p>\n<\/div><\/div><div class='flex_cell av-14yjf0v-fc74dc037c574d0690b7dcf3c14bb199 av-gridrow-cell av_one_third no_margin  avia-builder-el-9  el_after_av_cell_one_third  el_before_av_cell_one_third '  ><div class='flex_cell_inner'><p>\n<style type=\"text\/css\" data-created_by=\"avia_inline_auto\" id=\"style-css-av-lyzh2nez-58d230d3d983c77249afa3e2709179b2\">\n.avia-image-container.av-lyzh2nez-58d230d3d983c77249afa3e2709179b2 img.avia_image{\nbox-shadow:none;\n}\n.avia-image-container.av-lyzh2nez-58d230d3d983c77249afa3e2709179b2 .av-image-caption-overlay-center{\ncolor:#ffffff;\n}\n<\/style>\n<div  class='avia-image-container av-lyzh2nez-58d230d3d983c77249afa3e2709179b2 av-styling- avia-align-center  avia-builder-el-10  el_before_av_hr  avia-builder-el-first '   itemprop=\"image\" itemscope=\"itemscope\" itemtype=\"https:\/\/schema.org\/ImageObject\" ><div class=\"avia-image-container-inner\"><div class=\"avia-image-overlay-wrap\"><img decoding=\"async\" fetchpriority=\"high\" class='wp-image-1684 avia-img-lazy-loading-not-1684 avia_image ' src=\"https:\/\/www.wasaline.com\/wp-content\/uploads\/2022\/09\/Archipelago-Buffet-Aurora-Botnia-845x321.jpg\" alt='Archipelago Buffet Aurora Botnia' title='Archipelago Buffet Aurora Botnia'  height=\"321\" width=\"845\"  itemprop=\"thumbnailUrl\"  \/><\/div><\/div><\/div><br \/>\n\n<style type=\"text\/css\" data-created_by=\"avia_inline_auto\" id=\"style-css-av-10vpx8v-8b0938526e0fe733622c5e30f704ebd6\">\n#top .hr.hr-invisible.av-10vpx8v-8b0938526e0fe733622c5e30f704ebd6{\nmargin-top:-30px;\nheight:1px;\n}\n<\/style>\n<div  class='hr av-10vpx8v-8b0938526e0fe733622c5e30f704ebd6 hr-invisible  avia-builder-el-11  el_after_av_image  el_before_av_heading '><span class='hr-inner '><span class=\"hr-inner-style\"><\/span><\/span><\/div><br \/>\n\n<style type=\"text\/css\" data-created_by=\"avia_inline_auto\" id=\"style-css-av-lyzh49xp-2f934a57d0b5df27aa43d0e276fd9de1\">\n#top .av-special-heading.av-lyzh49xp-2f934a57d0b5df27aa43d0e276fd9de1{\npadding-bottom:10px;\n}\nbody .av-special-heading.av-lyzh49xp-2f934a57d0b5df27aa43d0e276fd9de1 .av-special-heading-tag .heading-char{\nfont-size:25px;\n}\n.av-special-heading.av-lyzh49xp-2f934a57d0b5df27aa43d0e276fd9de1 .av-subheading{\nfont-size:15px;\n}\n<\/style>\n<div  class='av-special-heading av-lyzh49xp-2f934a57d0b5df27aa43d0e276fd9de1 av-special-heading-h3 blockquote modern-quote  avia-builder-el-12  el_after_av_hr  el_before_av_button '><h3 class='av-special-heading-tag '  itemprop=\"headline\"  >Kokouspaketit<\/h3><div class='av-subheading av-subheading_below'><p>Tutustu valmiisiin matkan, kokoustilan ja ruokailun sis\u00e4lt\u00e4viin paketteihin.<\/p>\n<\/div><div class=\"special-heading-border\"><div class=\"special-heading-inner-border\"><\/div><\/div><\/div><br \/>\n<div  class='avia-button-wrap av-lyzh8xsx-e2bc9af21e7e4a883c06bd4303237978-wrap avia-button-left  avia-builder-el-13  el_after_av_heading  avia-builder-el-last '><a href='https:\/\/www.wasaline.com\/fi\/ryhmat-ja-konferenssi\/kokouspakettimme\/'  class='avia-button av-lyzh8xsx-e2bc9af21e7e4a883c06bd4303237978 av-link-btn avia-icon_select-no avia-size-medium avia-position-left avia-color-theme-color'   aria-label=\"Kokouspaketit\"><span class='avia_iconbox_title' >Kokouspaketit<\/span><\/a><\/div><\/p>\n<\/div><\/div>\n<style type=\"text\/css\" data-created_by=\"avia_inline_auto\" id=\"style-css-av-sgqfhr-e4707feb507a1a701538ad518e9ac6e2\">\n.flex_cell.av-sgqfhr-e4707feb507a1a701538ad518e9ac6e2{\nvertical-align:top;\n}\n<\/style>\n<div class='flex_cell av-sgqfhr-e4707feb507a1a701538ad518e9ac6e2 av-gridrow-cell av_one_third no_margin  avia-builder-el-14  el_after_av_cell_one_third  avia-builder-el-last  content-align-top'  ><div class='flex_cell_inner'><p>\n<style type=\"text\/css\" data-created_by=\"avia_inline_auto\" id=\"style-css-av-lyzgwfd0-b057686c19757f4fca9c25aae6ec8ce5\">\n.avia-image-container.av-lyzgwfd0-b057686c19757f4fca9c25aae6ec8ce5 img.avia_image{\nbox-shadow:none;\n}\n.avia-image-container.av-lyzgwfd0-b057686c19757f4fca9c25aae6ec8ce5 .av-image-caption-overlay-center{\ncolor:#ffffff;\n}\n<\/style>\n<div  class='avia-image-container av-lyzgwfd0-b057686c19757f4fca9c25aae6ec8ce5 av-styling- avia-align-center  avia-builder-el-15  el_before_av_hr  avia-builder-el-first '   itemprop=\"image\" itemscope=\"itemscope\" itemtype=\"https:\/\/schema.org\/ImageObject\" ><div class=\"avia-image-container-inner\"><div class=\"avia-image-overlay-wrap\"><img decoding=\"async\" fetchpriority=\"high\" class='wp-image-26189 avia-img-lazy-loading-not-26189 avia_image ' src=\"https:\/\/www.wasaline.com\/wp-content\/uploads\/2022\/10\/IMG_3324-845x321.jpg\" alt='Wasaline conference room' title='Wasaline conference room'  height=\"321\" width=\"845\"  itemprop=\"thumbnailUrl\"  \/><\/div><\/div><\/div><br \/>\n\n<style type=\"text\/css\" data-created_by=\"avia_inline_auto\" id=\"style-css-av-jx1m27-0bc4cddad5b6b86515facc30eaa958c0\">\n#top .hr.hr-invisible.av-jx1m27-0bc4cddad5b6b86515facc30eaa958c0{\nmargin-top:-30px;\nheight:1px;\n}\n<\/style>\n<div  class='hr av-jx1m27-0bc4cddad5b6b86515facc30eaa958c0 hr-invisible  avia-builder-el-16  el_after_av_image  el_before_av_heading '><span class='hr-inner '><span class=\"hr-inner-style\"><\/span><\/span><\/div><br \/>\n\n<style type=\"text\/css\" data-created_by=\"avia_inline_auto\" id=\"style-css-av-lyzgzbkv-364ad9992b609c9d3a6c21c23fe097e5\">\n#top .av-special-heading.av-lyzgzbkv-364ad9992b609c9d3a6c21c23fe097e5{\npadding-bottom:10px;\n}\nbody .av-special-heading.av-lyzgzbkv-364ad9992b609c9d3a6c21c23fe097e5 .av-special-heading-tag .heading-char{\nfont-size:25px;\n}\n.av-special-heading.av-lyzgzbkv-364ad9992b609c9d3a6c21c23fe097e5 .av-subheading{\nfont-size:15px;\n}\n<\/style>\n<div  class='av-special-heading av-lyzgzbkv-364ad9992b609c9d3a6c21c23fe097e5 av-special-heading-h3 blockquote modern-quote  avia-builder-el-17  el_after_av_hr  el_before_av_button '><h3 class='av-special-heading-tag '  itemprop=\"headline\"  >Kokoustilat<\/h3><div class='av-subheading av-subheading_below'><p>Modernit ja viihtyis\u00e4t kokoustilamme muuntuvat erilaisiin tarkoituksiin.<\/p>\n<\/div><div class=\"special-heading-border\"><div class=\"special-heading-inner-border\"><\/div><\/div><\/div><br \/>\n<div  class='avia-button-wrap av-lyzh99zn-152aeac488b7484e370b2585e1554b36-wrap avia-button-left  avia-builder-el-18  el_after_av_heading  avia-builder-el-last '><a href='https:\/\/www.wasaline.com\/fi\/ryhmat-ja-konferenssi\/kokoustilat\/'  class='avia-button av-lyzh99zn-152aeac488b7484e370b2585e1554b36 av-link-btn avia-icon_select-no avia-size-medium avia-position-left avia-color-theme-color'   aria-label=\"Kokoustilat\"><span class='avia_iconbox_title' >Kokoustilat<\/span><\/a><\/div><\/p>\n<\/div><\/div>\n<\/div>\n\n<style type=\"text\/css\" data-created_by=\"avia_inline_auto\" id=\"style-css-av-lzl8w7f6-0151632603d75fbb6f84da51f8ae8b2c\">\n.avia-section.av-lzl8w7f6-0151632603d75fbb6f84da51f8ae8b2c{\nbackground-color:#f0f0f0;\nbackground-image:unset;\n}\n<\/style>\n<div id='av_section_1'  class='avia-section av-lzl8w7f6-0151632603d75fbb6f84da51f8ae8b2c main_color avia-section-default avia-no-border-styling  avia-builder-el-19  el_after_av_layout_row  avia-builder-el-last  avia-bg-style-scroll container_wrap fullsize'  ><div class='container av-section-cont-open' ><div class='template-page content  av-content-full alpha units'><div class='post-entry post-entry-type-page post-entry-59919'><div class='entry-content-wrapper clearfix'>\n<div  class='flex_column av-av_two_third-01f644d0804b0fcad59e148d39d81d1d av_two_third  avia-builder-el-20  el_before_av_one_third  avia-builder-el-first  first flex_column_div  '     ><section  class='av_textblock_section av-lzl925kl-9b69df3ab8dc031f4f7b3306c65f16ed '   itemscope=\"itemscope\" itemtype=\"https:\/\/schema.org\/CreativeWork\" ><div class='avia_textblock'  itemprop=\"text\" ><p>J\u00e4rjest\u00e4tk\u00f6 ryhm\u00e4- ja kokousmatkoja? B2B-uutiskirjeemme tilaajana saat ajankohtaista tietoa ja vinkkej\u00e4 onnistuneiden tapahtumien j\u00e4rjest\u00e4miseen.<\/p>\n<\/div><\/section><\/div><div  class='flex_column av-av_one_third-a62f1151349eee1f2084c008162d61ea av_one_third  avia-builder-el-22  el_after_av_two_third  avia-builder-el-last  flex_column_div  '     ><div  class='avia-button-wrap av-lzl8yfzo-d31c74beb47bd7fb5960c78993a714eb-wrap avia-button-right  avia-builder-el-23  avia-builder-el-no-sibling '><a href='https:\/\/share.hsforms.com\/1_J89HmZ3RBuPZibEY_g8dg1d07t'  class='avia-button av-lzl8yfzo-d31c74beb47bd7fb5960c78993a714eb av-link-btn avia-icon_select-no avia-size-large avia-position-right avia-color-theme-color'  target=\"_blank\"  rel=\"noopener noreferrer\"  aria-label=\"Tilaa B2B-uutiskirjeemme\"><span class='avia_iconbox_title' >Tilaa B2B-uutiskirjeemme<\/span><\/a><\/div><\/div>\n","protected":false},"excerpt":{"rendered":"","protected":false},"author":4,"featured_media":0,"parent":0,"menu_order":0,"comment_status":"closed","ping_status":"closed","template":"","meta":{"_acf_changed":false,"footnotes":""},"class_list":["post-59919","page","type-page","status-publish","hentry"],"acf":[],"publishpress_future_action":{"enabled":false,"date":"2026-05-13 18:12:45","action":"change-status","newStatus":"draft","terms":[],"taxonomy":"translation_priority","extraData":[]},"publishpress_future_workflow_manual_trigger":{"enabledWorkflows":[]},"_links":{"self":[{"href":"https:\/\/www.wasaline.com\/fi\/wp-json\/wp\/v2\/pages\/59919","targetHints":{"allow":["GET"]}}],"collection":[{"href":"https:\/\/www.wasaline.com\/fi\/wp-json\/wp\/v2\/pages"}],"about":[{"href":"https:\/\/www.wasaline.com\/fi\/wp-json\/wp\/v2\/types\/page"}],"author":[{"embeddable":true,"href":"https:\/\/www.wasaline.com\/fi\/wp-json\/wp\/v2\/users\/4"}],"replies":[{"embeddable":true,"href":"https:\/\/www.wasaline.com\/fi\/wp-json\/wp\/v2\/comments?post=59919"}],"version-history":[{"count":15,"href":"https:\/\/www.wasaline.com\/fi\/wp-json\/wp\/v2\/pages\/59919\/revisions"}],"predecessor-version":[{"id":60747,"href":"https:\/\/www.wasaline.com\/fi\/wp-json\/wp\/v2\/pages\/59919\/revisions\/60747"}],"wp:attachment":[{"href":"https:\/\/www.wasaline.com\/fi\/wp-json\/wp\/v2\/media?parent=59919"}],"curies":[{"name":"wp","href":"https:\/\/api.w.org\/{rel}","templated":true}]}}