{"id":61900,"date":"2024-08-18T22:12:52","date_gmt":"2024-08-18T20:12:52","guid":{"rendered":"https:\/\/www.wasaline.com\/?page_id=61900"},"modified":"2024-12-05T12:35:45","modified_gmt":"2024-12-05T10:35:45","slug":"drivers-club","status":"publish","type":"page","link":"https:\/\/www.wasaline.com\/fi\/rahti\/drivers-club\/","title":{"rendered":"Drivers Club"},"content":{"rendered":"<div id='full_slider_1'  class='avia-fullwidth-slider main_color avia-shadow   avia-builder-el-0  el_before_av_hr  avia-builder-el-first   container_wrap fullsize'  ><div  class='avia-slideshow av-lzzz0ad3-88a519087312a304017ec568cf298b7e avia-slideshow-featured_large av_slideshow_full avia-slide-slider av-slideshow-ui av-control-hidden av-no-slider-navigation av-hide-nav-arrows av-slideshow-manual av-loop-once av-loop-manual-endless av-default-height-applied   avia-slideshow-1' data-slideshow-options=\"{&quot;animation&quot;:&quot;slide&quot;,&quot;autoplay&quot;:false,&quot;loop_autoplay&quot;:&quot;once&quot;,&quot;interval&quot;:5,&quot;loop_manual&quot;:&quot;manual-endless&quot;,&quot;autoplay_stopper&quot;:false,&quot;noNavigation&quot;:true,&quot;bg_slider&quot;:false,&quot;keep_padding&quot;:false,&quot;hoverpause&quot;:false,&quot;show_slide_delay&quot;:0}\"  itemprop=\"image\" itemscope=\"itemscope\" itemtype=\"https:\/\/schema.org\/ImageObject\" ><ul class='avia-slideshow-inner ' style='padding-bottom: 42%;'><li  class='avia-slideshow-slide av-lzzz0ad3-88a519087312a304017ec568cf298b7e__0  av-single-slide slide-1 slide-odd'><div data-rel='slideshow-1' class='avia-slide-wrap '   ><img decoding=\"async\" fetchpriority=\"high\" class=\"wp-image-61407 avia-img-lazy-loading-not-61407\"  src=\"https:\/\/www.wasaline.com\/wp-content\/uploads\/2024\/08\/driversclub-panorama.jpg\" width=\"1500\" height=\"630\" title='driversclub-panorama' alt='Trucks waiting at port of Vaasa'  itemprop=\"thumbnailUrl\" srcset=\"https:\/\/www.wasaline.com\/wp-content\/uploads\/2024\/08\/driversclub-panorama.jpg 1500w, https:\/\/www.wasaline.com\/wp-content\/uploads\/2024\/08\/driversclub-panorama-300x126.jpg 300w, https:\/\/www.wasaline.com\/wp-content\/uploads\/2024\/08\/driversclub-panorama-1030x433.jpg 1030w, https:\/\/www.wasaline.com\/wp-content\/uploads\/2024\/08\/driversclub-panorama-768x323.jpg 768w, https:\/\/www.wasaline.com\/wp-content\/uploads\/2024\/08\/driversclub-panorama-705x296.jpg 705w\" sizes=\"(max-width: 1500px) 100vw, 1500px\" \/><\/div><\/li><\/ul><\/div><\/div><div id='after_full_slider_1'  class='main_color av_default_container_wrap container_wrap fullsize'  ><div class='container av-section-cont-open' ><div class='template-page content  av-content-full alpha units'><div class='post-entry post-entry-type-page post-entry-61900'><div class='entry-content-wrapper clearfix'>\n\n<style type=\"text\/css\" data-created_by=\"avia_inline_auto\" id=\"style-css-av-m001jrds-89fe4c42d1611197ed54cc94b04e28ce\">\n#top .hr.hr-invisible.av-m001jrds-89fe4c42d1611197ed54cc94b04e28ce{\nheight:20px;\n}\n<\/style>\n<div  class='hr av-m001jrds-89fe4c42d1611197ed54cc94b04e28ce hr-invisible  avia-builder-el-1  el_after_av_slideshow_full  el_before_av_two_third  avia-builder-el-first '><span class='hr-inner '><span class=\"hr-inner-style\"><\/span><\/span><\/div>\n<div  class='flex_column av-57p47ar-12c48396f5efc7ea5ee4c3c8217d03ca av_two_third  avia-builder-el-2  el_after_av_hr  el_before_av_one_third  first flex_column_div  '     ><style type=\"text\/css\" data-created_by=\"avia_inline_auto\" id=\"style-css-av-lzzz13t2-5389f82095e99e2fbeaaa54000d0dcc5\">\n#top .av-special-heading.av-lzzz13t2-5389f82095e99e2fbeaaa54000d0dcc5{\npadding-bottom:10px;\n}\nbody .av-special-heading.av-lzzz13t2-5389f82095e99e2fbeaaa54000d0dcc5 .av-special-heading-tag .heading-char{\nfont-size:25px;\n}\n.av-special-heading.av-lzzz13t2-5389f82095e99e2fbeaaa54000d0dcc5 .av-subheading{\nfont-size:15px;\n}\n<\/style>\n<div  class='av-special-heading av-lzzz13t2-5389f82095e99e2fbeaaa54000d0dcc5 av-special-heading-h1 blockquote modern-quote  avia-builder-el-3  avia-builder-el-no-sibling '><h1 class='av-special-heading-tag '  itemprop=\"headline\"  >Drivers\u2019 Club<\/h1><div class=\"special-heading-border\"><div class=\"special-heading-inner-border\"><\/div><\/div><\/div><\/div>\n<div  class='flex_column av-4wmc2b7-14d94f24a2936a06580570663dde761f av_one_third  avia-builder-el-4  el_after_av_two_third  el_before_av_one_full  flex_column_div av-hide-on-mobile  '     ><style type=\"text\/css\" data-created_by=\"avia_inline_auto\" id=\"style-css-av-lzzz2iw2-547197a6565b245a6601177514fc9b19\">\n.avia-image-container.av-lzzz2iw2-547197a6565b245a6601177514fc9b19 img.avia_image{\nbox-shadow:none;\n}\n.avia-image-container.av-lzzz2iw2-547197a6565b245a6601177514fc9b19 .av-image-caption-overlay-center{\ncolor:#ffffff;\n}\n<\/style>\n<div  class='avia-image-container av-lzzz2iw2-547197a6565b245a6601177514fc9b19 av-styling- avia-align-left  avia-builder-el-5  avia-builder-el-no-sibling '   itemprop=\"image\" itemscope=\"itemscope\" itemtype=\"https:\/\/schema.org\/ImageObject\" ><div class=\"avia-image-container-inner\"><div class=\"avia-image-overlay-wrap\"><img decoding=\"async\" fetchpriority=\"high\" class='wp-image-1319 avia-img-lazy-loading-not-1319 avia_image ' src=\"https:\/\/www.wasaline.com\/wp-content\/uploads\/2022\/09\/Wasaline_Cargo_logo_blue_RGB-300x87.png\" alt='Wasaline Cargo logo' title='Wasaline Cargo logo'  height=\"87\" width=\"300\"  itemprop=\"thumbnailUrl\" srcset=\"https:\/\/www.wasaline.com\/wp-content\/uploads\/2022\/09\/Wasaline_Cargo_logo_blue_RGB-300x87.png 300w, https:\/\/www.wasaline.com\/wp-content\/uploads\/2022\/09\/Wasaline_Cargo_logo_blue_RGB-1030x298.png 1030w, https:\/\/www.wasaline.com\/wp-content\/uploads\/2022\/09\/Wasaline_Cargo_logo_blue_RGB-768x222.png 768w, https:\/\/www.wasaline.com\/wp-content\/uploads\/2022\/09\/Wasaline_Cargo_logo_blue_RGB-1536x444.png 1536w, https:\/\/www.wasaline.com\/wp-content\/uploads\/2022\/09\/Wasaline_Cargo_logo_blue_RGB-2048x592.png 2048w, https:\/\/www.wasaline.com\/wp-content\/uploads\/2022\/09\/Wasaline_Cargo_logo_blue_RGB-1500x433.png 1500w, https:\/\/www.wasaline.com\/wp-content\/uploads\/2022\/09\/Wasaline_Cargo_logo_blue_RGB-705x204.png 705w\" sizes=\"(max-width: 300px) 100vw, 300px\" \/><\/div><\/div><\/div><\/div>\n<div  class='flex_column av-fnz3kj-a2aa408c1dd9611dc5cd089fa3da6a93 av_one_full  avia-builder-el-6  el_after_av_one_third  el_before_av_one_full  first flex_column_div  column-top-margin'     ><section  class='av_textblock_section av-lzzz6wv1-b538a782ea8af46a0e73e0f03926f6ed '   itemscope=\"itemscope\" itemtype=\"https:\/\/schema.org\/CreativeWork\" ><div class='avia_textblock'  itemprop=\"text\" ><p><strong>Tehd\u00e4\u00e4n ty\u00f6matkastasi hiukan parempi.<\/strong><\/p>\n<p>Drivers\u2019 Clubin j\u00e4senyys on tarkoitettu kaupallista rahtia kuljettaville rahtiammattilaisille. J\u00e4senen\u00e4 saat ilmaisia tai alennettuja tuotteita matkustaessasi Aurora Botnialla.<\/p>\n<\/div><\/section><\/div><div  class='flex_column av-43e2jqr-09f42690aae9d4b16cd72c936e855ff4 av_one_full  avia-builder-el-8  el_after_av_one_full  el_before_av_one_full  first flex_column_div  column-top-margin'     ><p>\n<style type=\"text\/css\" data-created_by=\"avia_inline_auto\" id=\"style-css-av-3cjf5yr-782362170e0e2fc2fcf7d99ed9224817\">\n#top .av-special-heading.av-3cjf5yr-782362170e0e2fc2fcf7d99ed9224817{\npadding-bottom:10px;\n}\nbody .av-special-heading.av-3cjf5yr-782362170e0e2fc2fcf7d99ed9224817 .av-special-heading-tag .heading-char{\nfont-size:25px;\n}\n.av-special-heading.av-3cjf5yr-782362170e0e2fc2fcf7d99ed9224817 .av-subheading{\nfont-size:15px;\n}\n<\/style>\n<div  class='av-special-heading av-3cjf5yr-782362170e0e2fc2fcf7d99ed9224817 av-special-heading-h2 blockquote modern-quote  avia-builder-el-9  el_before_av_iconlist  avia-builder-el-first '><h2 class='av-special-heading-tag '  itemprop=\"headline\"  >Hyv\u00e4 tiet\u00e4\u00e4<\/h2><div class=\"special-heading-border\"><div class=\"special-heading-inner-border\"><\/div><\/div><\/div><br \/>\n<div  class='avia-icon-list-container av-m4b6l9fe-c296f089dbfb227c48d598c694680031  avia-builder-el-10  el_after_av_heading  avia-builder-el-last '><ul class='avia-icon-list avia_animate_when_almost_visible avia-icon-list-left av-iconlist-big av-m4b6l9fe-c296f089dbfb227c48d598c694680031 avia-iconlist-animate'>\n<li><div class='iconlist_icon av-m4b6jucd-76f01e2b8b51eba685ad4fcb8a3ffadb avia-font-entypo-fontello avia-iconfont avia-font-entypo-fontello'><span class='av-icon-char' data-av_icon='\ue81f' data-av_iconfont='entypo-fontello' aria-hidden=\"true\"><\/span><\/div><article class=\"article-icon-entry \"  itemscope=\"itemscope\" itemtype=\"https:\/\/schema.org\/CreativeWork\" ><div class=\"iconlist_content_wrap\"><header class=\"entry-content-header\" aria-label=\"Icon: Kuka voi liitty\u00e4 j\u00e4seneksi?\"><h4 class='av_iconlist_title iconlist_title  '  itemprop=\"headline\" >Kuka voi liitty\u00e4 j\u00e4seneksi?<\/h4><\/header><div class='iconlist_content '  itemprop=\"text\" ><p>J\u00e4senyys on tarkoitettu kaupallista rahtia Wasalinen Aurora Botnialla kuljettaville (varaus tehty <a href=\"https:\/\/www.wasaline.com\/fi\/rahti\/\">rahtimyynnin<\/a> kautta).<\/p>\n<\/div><\/div><footer class=\"entry-footer\"><\/footer><\/article><div class=\"iconlist-timeline\"><\/div><\/li>\n<li><div class='iconlist_icon av-m4b6knm7-bd90d109dc17bc7457718bf068aaa7b8 avia-font-entypo-fontello avia-iconfont avia-font-entypo-fontello'><span class='av-icon-char' data-av_icon='\ue81f' data-av_iconfont='entypo-fontello' aria-hidden=\"true\"><\/span><\/div><article class=\"article-icon-entry \"  itemscope=\"itemscope\" itemtype=\"https:\/\/schema.org\/CreativeWork\" ><div class=\"iconlist_content_wrap\"><header class=\"entry-content-header\" aria-label=\"Icon: Voinko liitty\u00e4, jos ajan satunnaisesti rahtia Aurora Botnialla?\"><h4 class='av_iconlist_title iconlist_title  '  itemprop=\"headline\" >Voinko liitty\u00e4, jos ajan satunnaisesti rahtia Aurora Botnialla?<\/h4><\/header><div class='iconlist_content '  itemprop=\"text\" ><p>Voit liitty\u00e4 jo ennen ensimm\u00e4ist\u00e4 matkaasi.<\/p>\n<p>Pid\u00e4t\u00e4mme kuitenkin oikeuden poistaa j\u00e4senyyden niilt\u00e4, jotka:<\/p>\n<ul>\n<li>eiv\u00e4t kuljeta kaupallista rahtia, tai<\/li>\n<li>eiv\u00e4t ole olleet aktiivisia 24 kuukauteen<\/li>\n<\/ul>\n<\/div><\/div><footer class=\"entry-footer\"><\/footer><\/article><div class=\"iconlist-timeline\"><\/div><\/li>\n<li><div class='iconlist_icon av-m4b6kzbn-14783f5838741f4854c4821e4a2b9fc6 avia-font-entypo-fontello avia-iconfont avia-font-entypo-fontello'><span class='av-icon-char' data-av_icon='\ue81f' data-av_iconfont='entypo-fontello' aria-hidden=\"true\"><\/span><\/div><article class=\"article-icon-entry \"  itemscope=\"itemscope\" itemtype=\"https:\/\/schema.org\/CreativeWork\" ><div class=\"iconlist_content_wrap\"><header class=\"entry-content-header\" aria-label=\"Icon: Miten kirjaudun sis\u00e4\u00e4n?\"><h4 class='av_iconlist_title iconlist_title  '  itemprop=\"headline\" >Miten kirjaudun sis\u00e4\u00e4n?<\/h4><\/header><div class='iconlist_content '  itemprop=\"text\" ><p>Sinun ei tarvitse \u2013 pid\u00e4 vain uusin meilt\u00e4 saamasi j\u00e4senkirje tallessa. S\u00e4hk\u00f6postiviesti sis\u00e4lt\u00e4\u00e4 j\u00e4sennumerosi ja toimii j\u00e4senkorttina.<\/p>\n<\/div><\/div><footer class=\"entry-footer\"><\/footer><\/article><div class=\"iconlist-timeline\"><\/div><\/li>\n<li><div class='iconlist_icon av-m4b6l8v9-c810bf11bc2927df08af290d43896ffc avia-font-entypo-fontello avia-iconfont avia-font-entypo-fontello'><span class='av-icon-char' data-av_icon='\ue81f' data-av_iconfont='entypo-fontello' aria-hidden=\"true\"><\/span><\/div><article class=\"article-icon-entry \"  itemscope=\"itemscope\" itemtype=\"https:\/\/schema.org\/CreativeWork\" ><div class=\"iconlist_content_wrap\"><header class=\"entry-content-header\" aria-label=\"Icon: Miten hy\u00f6dynn\u00e4n j\u00e4senyyden etuja?\"><h4 class='av_iconlist_title iconlist_title  '  itemprop=\"headline\" >Miten hy\u00f6dynn\u00e4n j\u00e4senyyden etuja?<\/h4><\/header><div class='iconlist_content '  itemprop=\"text\" ><p>N\u00e4yt\u00e4 j\u00e4senyyden osoittava s\u00e4hk\u00f6posti laivan infon, ravintolan tai kaupan henkil\u00f6kunnalle.<\/p>\n<\/div><\/div><footer class=\"entry-footer\"><\/footer><\/article><div class=\"iconlist-timeline\"><\/div><\/li>\n<\/ul><\/div><\/p><\/div><div  class='flex_column av-pnthlf-bef1ca46bc0ce249dfcdff85ccc6df0d av_one_full  avia-builder-el-11  el_after_av_one_full  avia-builder-el-last  first flex_column_div  column-top-margin'     ><p>\n<style type=\"text\/css\" data-created_by=\"avia_inline_auto\" id=\"style-css-av-lzzz7h5j-21f4fbd1e4d8fc42a1667aca7f93c416\">\n#top .av-special-heading.av-lzzz7h5j-21f4fbd1e4d8fc42a1667aca7f93c416{\npadding-bottom:10px;\n}\nbody .av-special-heading.av-lzzz7h5j-21f4fbd1e4d8fc42a1667aca7f93c416 .av-special-heading-tag .heading-char{\nfont-size:25px;\n}\n.av-special-heading.av-lzzz7h5j-21f4fbd1e4d8fc42a1667aca7f93c416 .av-subheading{\nfont-size:15px;\n}\n<\/style>\n<div  class='av-special-heading av-lzzz7h5j-21f4fbd1e4d8fc42a1667aca7f93c416 av-special-heading-h2 blockquote modern-quote  avia-builder-el-12  el_before_av_textblock  avia-builder-el-first '><h2 class='av-special-heading-tag '  itemprop=\"headline\"  >Liity j\u00e4seneksi<\/h2><div class=\"special-heading-border\"><div class=\"special-heading-inner-border\"><\/div><\/div><\/div><br \/>\n<section  class='av_textblock_section av-m0ayezqf-db2ec6cb0c3bfa41af4dc5bafea95b11 '   itemscope=\"itemscope\" itemtype=\"https:\/\/schema.org\/CreativeWork\" ><div class='avia_textblock'  itemprop=\"text\" ><p>Drivers&#8217; Clubin viestit ovat alussa saatavilla ainoastaan englanniksi<\/p>\n<\/div><\/section><br \/>\n<section  class='av_textblock_section av-m000tb1z-7b084e59b8c99b9de4bd88f23a6b0abe '   itemscope=\"itemscope\" itemtype=\"https:\/\/schema.org\/CreativeWork\" ><div class='avia_textblock'  itemprop=\"text\" ><link rel='stylesheet' id='formidable-css' href='https:\/\/www.wasaline.com\/wp-content\/plugins\/formidable\/css\/formidableforms.css?ver=417233' type='text\/css' media='all' \/>\n<div class=\"frm_forms  with_frm_style frm_style_formidables-stilmall\" id=\"frm_form_34_container\" data-token=\"03d70e5f31fe79e02b38178b97fe02be\">\n<form enctype=\"multipart\/form-data\" method=\"post\" class=\"frm-show-form  frm_pro_form  frm_logic_form \" id=\"form_drivers-club-signup\" data-token=\"03d70e5f31fe79e02b38178b97fe02be\">\n<div class=\"frm_form_fields \">\n<fieldset>\n<legend class=\"frm_screen_reader\">Drivers Club signup<\/legend>\r\n\r\n<div class=\"frm_fields_container\">\n<input type=\"hidden\" name=\"frm_action\" value=\"create\" \/>\n<input type=\"hidden\" name=\"form_id\" value=\"34\" \/>\n<input type=\"hidden\" name=\"frm_hide_fields_34\" id=\"frm_hide_fields_34\" value=\"\" \/>\n<input type=\"hidden\" name=\"form_key\" value=\"drivers-club-signup\" \/>\n<input type=\"hidden\" name=\"item_meta[0]\" value=\"\" \/>\n<input type=\"hidden\" id=\"frm_submit_entry_34\" name=\"frm_submit_entry_34\" value=\"60ce7f4371\" \/><input type=\"hidden\" name=\"_wp_http_referer\" value=\"\/fi\/wp-json\/wp\/v2\/pages\/61900\" \/><div id=\"frm_field_851_container\" class=\"frm_form_field form-field  frm_required_field frm_top_container frm6 frm_first\">\r\n\t<label for=\"field_rrl8a\" id=\"field_rrl8a_label\" class=\"frm_primary_label\">Etunimi\r\n\t\t<span class=\"frm_required\" aria-hidden=\"true\">*<\/span>\r\n\t<\/label>\r\n\t<input  type=\"text\" id=\"field_rrl8a\" name=\"item_meta[851]\" value=\"\"  data-reqmsg=\"Pakollinen kentt\u00e4\" aria-required=\"true\" data-invmsg=\"Etunimi on v\u00e4\u00e4r\u00e4ss\u00e4 muodossa\" aria-invalid=\"false\"   \/>\r\n\t\r\n\t\r\n<\/div>\n<div id=\"frm_field_852_container\" class=\"frm_form_field form-field  frm_required_field frm_top_container frm6\">\r\n\t<label for=\"field_sq0en\" id=\"field_sq0en_label\" class=\"frm_primary_label\">Sukunimi\r\n\t\t<span class=\"frm_required\" aria-hidden=\"true\">*<\/span>\r\n\t<\/label>\r\n\t<input  type=\"text\" id=\"field_sq0en\" name=\"item_meta[852]\" value=\"\"  data-reqmsg=\"Pakollinen kentt\u00e4\" aria-required=\"true\" data-invmsg=\"Sukunimi on v\u00e4\u00e4r\u00e4ss\u00e4 muodossa\" aria-invalid=\"false\"   \/>\r\n\t\r\n\t\r\n<\/div>\n<div id=\"frm_field_853_container\" class=\"frm_form_field form-field  frm_required_field frm_top_container frm12 frm_first\">\r\n\t<label for=\"field_fpef0\" id=\"field_fpef0_label\" class=\"frm_primary_label\">S\u00e4hk\u00f6postiosoite\r\n\t\t<span class=\"frm_required\" aria-hidden=\"true\">*<\/span>\r\n\t<\/label>\r\n\t<input type=\"email\" id=\"field_fpef0\" name=\"item_meta[853]\" value=\"\"  autocomplete=\"email\"  data-reqmsg=\"Pakollinen kentt\u00e4\" aria-required=\"true\" data-invmsg=\"S\u00e4hk\u00f6postiosoite is not a valid e-mail address\" aria-invalid=\"false\"  \/>\r\n\t\r\n\t\r\n<\/div>\n<div id=\"frm_field_854_container\" class=\"frm_form_field form-field  frm_top_container\">\r\n\t<label for=\"field_g7gy0\" id=\"field_g7gy0_label\" class=\"frm_primary_label\">Nationality\r\n\t\t<span class=\"frm_required\" aria-hidden=\"true\"><\/span>\r\n\t<\/label>\r\n\t\t\t<select name=\"item_meta[854]\" id=\"field_g7gy0\"  data-invmsg=\"Nationality is invalid\" aria-invalid=\"false\"  >\n\t\t<option  value=\"Finland\">Finland<\/option><option  value=\"Sweden\">Sweden<\/option><option  value=\"Belarus\">Belarus<\/option><option  value=\"Belgium\">Belgium<\/option><option  value=\"Denmark\">Denmark<\/option><option  value=\"Estonia\">Estonia<\/option><option  value=\"Great Britain\">Great Britain<\/option><option  value=\"Latvia\">Latvia<\/option><option  value=\"Lithuania\">Lithuania<\/option><option  value=\"Germany\">Germany<\/option><option  value=\"Netherlands\">Netherlands<\/option><option  value=\"Norway\">Norway<\/option><option  value=\"Poland\">Poland<\/option><option  value=\"Russia\">Russia<\/option><option  value=\"Other\">Other<\/option>\t<\/select>\n\t\r\n\t\r\n\t\r\n<\/div>\n<div id=\"frm_field_855_container\" class=\"frm_form_field form-field  frm_top_container\">\r\n\t<label for=\"field_vemth\" id=\"field_vemth_label\" class=\"frm_primary_label\">Preferred language\r\n\t\t<span class=\"frm_required\" aria-hidden=\"true\"><\/span>\r\n\t<\/label>\r\n\t\t\t<select name=\"item_meta[855]\" id=\"field_vemth\"  data-invmsg=\"Preferred language is invalid\" aria-invalid=\"false\"  >\n\t\t<option  value=\"In English\">In English<\/option><option  value=\"P\u00e5 svenska\">P\u00e5 svenska<\/option><option  value=\"Suomeksi\">Suomeksi<\/option>\t<\/select>\n\t\r\n\t<div class=\"frm_description\" id=\"frm_desc_field_vemth\">At launch Drivers' Club is only available in English, with more languages to be added later.<\/div>\r\n\t\r\n<\/div>\n<input type=\"hidden\" name=\"item_meta[856]\" id=\"field_pz6qf\" value=\"DC529\"  data-frmval=\"DC529\"   \/>\n<input type=\"hidden\" name=\"item_meta[857]\" id=\"field_7mstv\" value=\"2026-04-21\"  data-frmval=\"2026-04-21\"   \/>\n<div id=\"frm_field_870_container\" class=\"frm_form_field form-field  frm_required_field frm_top_container vertical_radio\">\r\n\t<div  id=\"field_hxj5i_label\" class=\"frm_primary_label\">Tietosuojaseloste\r\n\t\t<span class=\"frm_required\" aria-hidden=\"true\">*<\/span>\r\n\t<\/div>\r\n\t<div class=\"frm_opt_container\" aria-labelledby=\"field_hxj5i_label\" role=\"group\">\t\t<div class=\"frm_checkbox\" id=\"frm_checkbox_870-0\">\t\t\t<label  for=\"field_hxj5i-0\">\n\t\t\t<input type=\"checkbox\" name=\"item_meta[870][]\" id=\"field_hxj5i-0\" value=\"Accept\"  data-reqmsg=\"Tarvitsemme luvan k\u00e4sitell\u00e4 yhteystietojasi\" data-invmsg=\"Tietosuojaseloste is invalid\"   aria-required=\"true\"  \/> I have read and accepted the Wasaline privacy policy<\/label><\/div>\n<\/div>\r\n\t\r\n\t\r\n<\/div>\n<div id=\"frm_field_850_container\" class=\"frm_form_field form-field \">\r\n\t<div class=\"frm_submit frm_flex\">\r\n<button class=\"frm_button_submit frm_final_submit\" type=\"submit\"   formnovalidate=\"formnovalidate\">Sign up<\/button>\r\n\r\n\r\n\r\n<\/div>\r\n<\/div>\n\t<input type=\"hidden\" name=\"item_key\" value=\"\" \/>\n\t\t\t<div id=\"frm_field_1043_container\">\n\t\t\t<label for=\"field_h6kmw\" >\n\t\t\t\tIf you are human, leave this field blank.\t\t\t<\/label>\n\t\t\t<input  id=\"field_h6kmw\" type=\"text\" class=\"frm_form_field form-field frm_verify\" name=\"item_meta[1043]\" value=\"\"  \/>\n\t\t<\/div>\n\t\t<input name=\"frm_state\" type=\"hidden\" value=\"7\/eKXepN77vNnWZl37OhrEE3t59iF7N7zPzOriiGqWO5Ghm5G5Erm5CrCbtpjCXw\" \/><\/div>\n<\/fieldset>\n<\/div>\n\n<\/form>\n<\/div>\n\n<\/div><\/section><br \/>\n<section  class='av_textblock_section av-m0ay0gp9-76b02c7be7581f5c60d1759d93b0538f '   itemscope=\"itemscope\" itemtype=\"https:\/\/schema.org\/CreativeWork\" ><div class='avia_textblock'  itemprop=\"text\" ><p><a href=\"https:\/\/www.wasaline.com\/fi\/tietosuojaseloste\/\">Lue tietosuojaselosteesta<\/a>, miten Wasaline k\u00e4sittelee henkil\u00f6tietojasi<\/p>\n<\/div><\/section><\/p><\/div><\/p>\n","protected":false},"excerpt":{"rendered":"","protected":false},"author":4,"featured_media":0,"parent":331,"menu_order":99,"comment_status":"closed","ping_status":"closed","template":"","meta":{"_acf_changed":false,"footnotes":""},"class_list":["post-61900","page","type-page","status-publish","hentry"],"acf":[],"publishpress_future_action":{"enabled":false,"date":"2026-04-28 09:58:45","action":"change-status","newStatus":"draft","terms":[],"taxonomy":"translation_priority","extraData":[]},"publishpress_future_workflow_manual_trigger":{"enabledWorkflows":[]},"_links":{"self":[{"href":"https:\/\/www.wasaline.com\/fi\/wp-json\/wp\/v2\/pages\/61900","targetHints":{"allow":["GET"]}}],"collection":[{"href":"https:\/\/www.wasaline.com\/fi\/wp-json\/wp\/v2\/pages"}],"about":[{"href":"https:\/\/www.wasaline.com\/fi\/wp-json\/wp\/v2\/types\/page"}],"author":[{"embeddable":true,"href":"https:\/\/www.wasaline.com\/fi\/wp-json\/wp\/v2\/users\/4"}],"replies":[{"embeddable":true,"href":"https:\/\/www.wasaline.com\/fi\/wp-json\/wp\/v2\/comments?post=61900"}],"version-history":[{"count":8,"href":"https:\/\/www.wasaline.com\/fi\/wp-json\/wp\/v2\/pages\/61900\/revisions"}],"predecessor-version":[{"id":66953,"href":"https:\/\/www.wasaline.com\/fi\/wp-json\/wp\/v2\/pages\/61900\/revisions\/66953"}],"up":[{"embeddable":true,"href":"https:\/\/www.wasaline.com\/fi\/wp-json\/wp\/v2\/pages\/331"}],"wp:attachment":[{"href":"https:\/\/www.wasaline.com\/fi\/wp-json\/wp\/v2\/media?parent=61900"}],"curies":[{"name":"wp","href":"https:\/\/api.w.org\/{rel}","templated":true}]}}