{"id":66908,"date":"2024-12-05T11:57:14","date_gmt":"2024-12-05T09:57:14","guid":{"rendered":"https:\/\/www.wasaline.com\/?page_id=66908"},"modified":"2025-11-19T16:11:54","modified_gmt":"2025-11-19T14:11:54","slug":"paastoneutraalit-kuljetukset","status":"publish","type":"page","link":"https:\/\/www.wasaline.com\/fi\/rahti\/paastoneutraalit-kuljetukset\/","title":{"rendered":"P\u00e4\u00e4st\u00f6neutraalit kuljetukset"},"content":{"rendered":"<div id='full_slider_1'  class='avia-fullwidth-slider main_color avia-shadow   avia-builder-el-0  el_before_av_heading  avia-builder-el-first   container_wrap fullsize'  ><div  class='avia-slideshow av-1c9kvh8-0bd0ed2e56659d17f0b4290e0742c88f avia-slideshow-featured av_slideshow_full avia-slide-slider av-slideshow-ui av-control-default av-slideshow-manual av-loop-once av-loop-manual-endless av-default-height-applied   avia-slideshow-1' data-slideshow-options=\"{&quot;animation&quot;:&quot;slide&quot;,&quot;autoplay&quot;:false,&quot;loop_autoplay&quot;:&quot;once&quot;,&quot;interval&quot;:5,&quot;loop_manual&quot;:&quot;manual-endless&quot;,&quot;autoplay_stopper&quot;:false,&quot;noNavigation&quot;:false,&quot;bg_slider&quot;:false,&quot;keep_padding&quot;:false,&quot;hoverpause&quot;:false,&quot;show_slide_delay&quot;:0}\"  itemprop=\"image\" itemscope=\"itemscope\" itemtype=\"https:\/\/schema.org\/ImageObject\" ><ul class='avia-slideshow-inner ' style='padding-bottom: 28.666666666667%;'><li  class='avia-slideshow-slide av-1c9kvh8-0bd0ed2e56659d17f0b4290e0742c88f__0  av-single-slide slide-1 slide-odd'><div data-rel='slideshow-1' class='avia-slide-wrap '   ><img decoding=\"async\" fetchpriority=\"high\" class=\"wp-image-26607 avia-img-lazy-loading-not-26607\"  src=\"https:\/\/www.wasaline.com\/wp-content\/uploads\/2022\/10\/Wasaline-cargo-1500x430.jpg\" width=\"1500\" height=\"430\" title='Wasaline cargo' alt='Wasaline cargo'  itemprop=\"thumbnailUrl\"   \/><\/div><\/li><\/ul><\/div><\/div><div id='after_full_slider_1'  class='main_color av_default_container_wrap container_wrap fullsize'  ><div class='container av-section-cont-open' ><div class='template-page content  av-content-full alpha units'><div class='post-entry post-entry-type-page post-entry-66908'><div class='entry-content-wrapper clearfix'>\n\n<style type=\"text\/css\" data-created_by=\"avia_inline_auto\" id=\"style-css-av-m4b58ii8-10db292d3768b922d54518aa09aaba34\">\n#top .av-special-heading.av-m4b58ii8-10db292d3768b922d54518aa09aaba34{\npadding-bottom:10px;\n}\nbody .av-special-heading.av-m4b58ii8-10db292d3768b922d54518aa09aaba34 .av-special-heading-tag .heading-char{\nfont-size:25px;\n}\n.av-special-heading.av-m4b58ii8-10db292d3768b922d54518aa09aaba34 .av-subheading{\nfont-size:15px;\n}\n<\/style>\n<div  class='av-special-heading av-m4b58ii8-10db292d3768b922d54518aa09aaba34 av-special-heading-h1 blockquote modern-quote  avia-builder-el-1  el_after_av_slideshow_full  el_before_av_video  avia-builder-el-first '><h1 class='av-special-heading-tag '  itemprop=\"headline\"  >P\u00e4\u00e4st\u00f6neutraalit kuljetukset<\/h1><div class=\"special-heading-border\"><div class=\"special-heading-inner-border\"><\/div><\/div><\/div>\n\n<style type=\"text\/css\" data-created_by=\"avia_inline_auto\" id=\"style-css-av-av_video-88b6f943d4574c5db70712f1c2fd18a9\">\n.avia-video.av-av_video-88b6f943d4574c5db70712f1c2fd18a9{\nbackground-image:url(https:\/\/www.wasaline.com\/wp-content\/uploads\/2025\/11\/Tony-Ehrs-interview-CO2-neutral.png);\n}\n<\/style>\n<div  class='avia-video av-av_video-88b6f943d4574c5db70712f1c2fd18a9 avia-video-16-9 av-html5-fullscreen-btn av-preview-image avia-video-load-always av-lazyload-immediate av-lazyload-video-embed'  itemprop=\"video\" itemtype=\"https:\/\/schema.org\/VideoObject\"  data-original_url='https:\/\/vimeo.com\/1138510073\/'><script type='text\/html' class='av-video-tmpl'><div class='avia-iframe-wrap'><iframe loading=\"lazy\" title=\"Tony Ehrs interview - Wasaline CO2 Neutral\" src=\"https:\/\/player.vimeo.com\/video\/1138510073?dnt=1&amp;app_id=122963&autoplay=0&loop=1&controls=1&muted=0\" width=\"1500\" height=\"844\" frameborder=\"0\" allow=\"autoplay; fullscreen; picture-in-picture; clipboard-write; encrypted-media; web-share\" referrerpolicy=\"strict-origin-when-cross-origin\"><\/iframe><\/div><\/script><div class='av-click-to-play-overlay'><div class=\"avia_playpause_icon\"><\/div><\/div><\/div>\n<section  class='av_textblock_section av-m4b5bcoe-51f4be615d276b2c47eabea6c77b029e '   itemscope=\"itemscope\" itemtype=\"https:\/\/schema.org\/CreativeWork\" ><div class='avia_textblock'  itemprop=\"text\" ><p>Etsittek\u00f6 asiakkaana p\u00e4\u00e4st\u00f6neutraalia kuljetusta loppuasiakkaallenne? Jotta voisimme saavuttaa EU:n asettamat p\u00e4\u00e4st\u00f6v\u00e4hennystavoitteet vuoteen 2030 menness\u00e4, meid\u00e4n kaikkien on teht\u00e4v\u00e4 aktiivisempia valintoja v\u00e4hent\u00e4\u00e4ksemme kuljetusten p\u00e4\u00e4st\u00f6j\u00e4. Kuulostaako t\u00e4m\u00e4 teist\u00e4 haasteelta?<\/p>\n<p>Ei h\u00e4t\u00e4\u00e4, me Wasalinella tarjoamme ratkaisun!<\/p>\n<p>Me tarjoamme teille ja loppuasiakkaille hiilineutraaleja kuljetuksia. Wasalinen, Gasumin ja Stena Linen v\u00e4linen yhteisty\u00f6 mahdollistaa sertifioidun, korkealaatuisen biokaasun k\u00e4yt\u00f6n Aurora Botnian p\u00e4ivitt\u00e4isess\u00e4 toiminnassa. Lis\u00e4ksi Aurora Botnia on jo varustettu akuilla.<\/p>\n<p>Wasaline on tehnyt biokaasusopimuksen Gasumin kanssa sek\u00e4 Fuel EU Maritime -poolaussopimuksen Stena Linen kanssa, mik\u00e4 mahdollistaa sen, ett\u00e4 Wasaline voi k\u00e4ytt\u00e4\u00e4 pelk\u00e4st\u00e4\u00e4n biopolttoaineita. T\u00e4m\u00e4 tekee reitist\u00e4 my\u00f6s ensimm\u00e4isen k\u00e4yt\u00f6ss\u00e4 olevan kansainv\u00e4lisen vihre\u00e4n meriliikennek\u00e4yt\u00e4v\u00e4n, Nordic Roadmapin (DNV:n johdolla) tuella. Wasalinen ilmastotavoite olla hiilineutraali oli alun perin asetettu vuodelle 2030, mutta se on siis jo nyt saavutettu.<\/p>\n<\/div><\/section>\n","protected":false},"excerpt":{"rendered":"","protected":false},"author":3,"featured_media":0,"parent":331,"menu_order":0,"comment_status":"closed","ping_status":"closed","template":"","meta":{"_acf_changed":false,"footnotes":""},"class_list":["post-66908","page","type-page","status-publish","hentry"],"acf":[],"publishpress_future_action":{"enabled":false,"date":"2026-04-22 02:42:23","action":"change-status","newStatus":"draft","terms":[],"taxonomy":"translation_priority","extraData":[]},"publishpress_future_workflow_manual_trigger":{"enabledWorkflows":[]},"_links":{"self":[{"href":"https:\/\/www.wasaline.com\/fi\/wp-json\/wp\/v2\/pages\/66908","targetHints":{"allow":["GET"]}}],"collection":[{"href":"https:\/\/www.wasaline.com\/fi\/wp-json\/wp\/v2\/pages"}],"about":[{"href":"https:\/\/www.wasaline.com\/fi\/wp-json\/wp\/v2\/types\/page"}],"author":[{"embeddable":true,"href":"https:\/\/www.wasaline.com\/fi\/wp-json\/wp\/v2\/users\/3"}],"replies":[{"embeddable":true,"href":"https:\/\/www.wasaline.com\/fi\/wp-json\/wp\/v2\/comments?post=66908"}],"version-history":[{"count":4,"href":"https:\/\/www.wasaline.com\/fi\/wp-json\/wp\/v2\/pages\/66908\/revisions"}],"predecessor-version":[{"id":78485,"href":"https:\/\/www.wasaline.com\/fi\/wp-json\/wp\/v2\/pages\/66908\/revisions\/78485"}],"up":[{"embeddable":true,"href":"https:\/\/www.wasaline.com\/fi\/wp-json\/wp\/v2\/pages\/331"}],"wp:attachment":[{"href":"https:\/\/www.wasaline.com\/fi\/wp-json\/wp\/v2\/media?parent=66908"}],"curies":[{"name":"wp","href":"https:\/\/api.w.org\/{rel}","templated":true}]}}