{"id":708,"date":"2022-07-14T13:47:16","date_gmt":"2022-07-14T11:47:16","guid":{"rendered":"https:\/\/www.wasaline.com\/?page_id=708"},"modified":"2024-12-16T21:58:44","modified_gmt":"2024-12-16T19:58:44","slug":"hyva-tietaa-rahti","status":"publish","type":"page","link":"https:\/\/www.wasaline.com\/fi\/rahti\/hyva-tietaa-rahti\/","title":{"rendered":"Hyv\u00e4 tiet\u00e4\u00e4 (rahti)"},"content":{"rendered":"\n<style type=\"text\/css\" data-created_by=\"avia_inline_auto\" id=\"style-css-av-kex4ongt-61bee04511f400e5473f1d5bd9aa035d\">\n#top .av-special-heading.av-kex4ongt-61bee04511f400e5473f1d5bd9aa035d{\npadding-bottom:10px;\n}\nbody .av-special-heading.av-kex4ongt-61bee04511f400e5473f1d5bd9aa035d .av-special-heading-tag .heading-char{\nfont-size:25px;\n}\n.av-special-heading.av-kex4ongt-61bee04511f400e5473f1d5bd9aa035d .av-subheading{\nfont-size:15px;\n}\n<\/style>\n<div  class='av-special-heading av-kex4ongt-61bee04511f400e5473f1d5bd9aa035d av-special-heading-h1 blockquote modern-quote  avia-builder-el-0  el_before_av_toggle_container  avia-builder-el-first '><h1 class='av-special-heading-tag '  itemprop=\"headline\"  >Hyv\u00e4 tiet\u00e4\u00e4 rahdista<\/h1><div class=\"special-heading-border\"><div class=\"special-heading-inner-border\"><\/div><\/div><\/div>\n<div  class='togglecontainer av-jvgsgjku-b1e2b5a3cd86459a3b0724ec5c3ac401  avia-builder-el-1  el_after_av_heading  avia-builder-el-last  toggle_close_all' >\n<section class='av_toggle_section av-2lhwcnz-5aaac9d4b637ea9bc0a97239ebcb246b'  itemscope=\"itemscope\" itemtype=\"https:\/\/schema.org\/CreativeWork\" ><div role=\"tablist\" class=\"single_toggle\" data-tags=\"{All} \"  ><p id='toggle-toggle-id-1' data-fake-id='#toggle-id-1' class='toggler  av-title-above '  itemprop=\"headline\"  role='tab' tabindex='0' aria-controls='toggle-id-1' data-slide-speed=\"200\" data-title=\"Varauksen yhteydess\u00e4 tulee antaa seuraavat tiedot\" data-title-open=\"\" data-aria_collapsed=\"Click to expand: Varauksen yhteydess\u00e4 tulee antaa seuraavat tiedot\" data-aria_expanded=\"Click to collapse: Varauksen yhteydess\u00e4 tulee antaa seuraavat tiedot\">Varauksen yhteydess\u00e4 tulee antaa seuraavat tiedot<span class=\"toggle_icon\"><span class=\"vert_icon\"><\/span><span class=\"hor_icon\"><\/span><\/span><\/p><div id='toggle-id-1' aria-labelledby='toggle-toggle-id-1' role='region' class='toggle_wrap  av-title-above'  ><div class='toggle_content invers-color '  itemprop=\"text\" ><ul>\n<li>Ajoneuvon kokonaispituus, leveys, korkeus, kokonaispaino ja rahtipaino<\/li>\n<li>Rekisterinumero<\/li>\n<li>S\u00e4hk\u00f6kytkent\u00e4<\/li>\n<li>Kuljettajien m\u00e4\u00e4r\u00e4<\/li>\n<li>Muut kuljetuksen vaatimat erityistoimenpiteet<\/li>\n<li>IMO\/ADR-tavara<\/li>\n<\/ul>\n<\/div><\/div><\/div><\/section>\n<section class='av_toggle_section av-24ezv33-af2aaf2b5326d61b065996914b8bb1e5'  itemscope=\"itemscope\" itemtype=\"https:\/\/schema.org\/CreativeWork\" ><div role=\"tablist\" class=\"single_toggle\" data-tags=\"{All} \"  ><p id='toggle-toggle-id-2' data-fake-id='#toggle-id-2' class='toggler  av-title-above '  itemprop=\"headline\"  role='tab' tabindex='0' aria-controls='toggle-id-2' data-slide-speed=\"200\" data-title=\"Wasaline kuljetta seuraavia rahtiyksik\u00f6it\u00e4\" data-title-open=\"\" data-aria_collapsed=\"Click to expand: Wasaline kuljetta seuraavia rahtiyksik\u00f6it\u00e4\" data-aria_expanded=\"Click to collapse: Wasaline kuljetta seuraavia rahtiyksik\u00f6it\u00e4\">Wasaline kuljetta seuraavia rahtiyksik\u00f6it\u00e4<span class=\"toggle_icon\"><span class=\"vert_icon\"><\/span><span class=\"hor_icon\"><\/span><\/span><\/p><div id='toggle-id-2' aria-labelledby='toggle-toggle-id-2' role='region' class='toggle_wrap  av-title-above'  ><div class='toggle_content invers-color '  itemprop=\"text\" ><ul>\n<li style=\"list-style-type: none;\"><\/li>\n<\/ul>\n<ul>\n<li>Kuorma-autot<\/li>\n<li>Trailerit<\/li>\n<li>Kontit<\/li>\n<li>Uudet autot ja auton alustat<\/li>\n<li>Ty\u00f6koneet<\/li>\n<li>Paperikasetit<\/li>\n<\/ul>\n<\/div><\/div><\/div><\/section>\n<section class='av_toggle_section av-6862kf-5435d923b82ad183433e798ad6b66862'  itemscope=\"itemscope\" itemtype=\"https:\/\/schema.org\/CreativeWork\" ><div role=\"tablist\" class=\"single_toggle\" data-tags=\"{All} \"  ><p id='toggle-toggle-id-3' data-fake-id='#toggle-id-3' class='toggler  av-title-above '  itemprop=\"headline\"  role='tab' tabindex='0' aria-controls='toggle-id-3' data-slide-speed=\"200\" data-title=\"L\u00e4ht\u00f6selvitys\" data-title-open=\"\" data-aria_collapsed=\"Click to expand: L\u00e4ht\u00f6selvitys\" data-aria_expanded=\"Click to collapse: L\u00e4ht\u00f6selvitys\">L\u00e4ht\u00f6selvitys<span class=\"toggle_icon\"><span class=\"vert_icon\"><\/span><span class=\"hor_icon\"><\/span><\/span><\/p><div id='toggle-id-3' aria-labelledby='toggle-toggle-id-3' role='region' class='toggle_wrap  av-title-above'  ><div class='toggle_content invers-color '  itemprop=\"text\" ><p>Ajoneuvojen l\u00e4ht\u00f6selvitys- ja lastausajat ovat seuraavat:<\/p>\n<ul>\n<li>1,5 tuntia ennen laivan l\u00e4ht\u00f6\u00e4 trailereille, luokitelluille rahdille ja ajoneuvoille, jotka ahtausliike vet\u00e4\u00e4 tai ajaa laivaan.<\/li>\n<li>1 tunti ennen laivan l\u00e4ht\u00f6\u00e4 kuorma-autoille, jotka kuljettajat itse ajavat laivaan.<\/li>\n<\/ul>\n<p>My\u00f6h\u00e4ss\u00e4 l\u00e4ht\u00f6selvitykseen saapunut ajoneuvo voi menett\u00e4\u00e4 paikkansa odotuslistalla olevalle ajoneuvolle.<\/p>\n<\/div><\/div><\/div><\/section>\n<section class='av_toggle_section av-1c1mqtb-a5cc4ae5e09f4329c9b66645c4547116'  itemscope=\"itemscope\" itemtype=\"https:\/\/schema.org\/CreativeWork\" ><div role=\"tablist\" class=\"single_toggle\" data-tags=\"{All} \"  ><p id='toggle-toggle-id-4' data-fake-id='#toggle-id-4' class='toggler  av-title-above '  itemprop=\"headline\"  role='tab' tabindex='0' aria-controls='toggle-id-4' data-slide-speed=\"200\" data-title=\"Maksutapa\" data-title-open=\"\" data-aria_collapsed=\"Click to expand: Maksutapa\" data-aria_expanded=\"Click to collapse: Maksutapa\">Maksutapa<span class=\"toggle_icon\"><span class=\"vert_icon\"><\/span><span class=\"hor_icon\"><\/span><\/span><\/p><div id='toggle-id-4' aria-labelledby='toggle-toggle-id-4' role='region' class='toggle_wrap  av-title-above'  ><div class='toggle_content invers-color '  itemprop=\"text\" ><ul>\n<li style=\"list-style-type: none;\">\n<ul>\n<li style=\"list-style-type: none;\"><\/li>\n<\/ul>\n<\/li>\n<\/ul>\n<p>Laskutus tai k\u00e4teis-\/korttimaksu. Ota yhteytt\u00e4 rahtivaraamoon maksutavasta sopimiseksi.<\/p>\n<\/div><\/div><\/div><\/section>\n<section class='av_toggle_section av-uui2u7-7894a40f2cfce603ae293ce6e0e82e83'  itemscope=\"itemscope\" itemtype=\"https:\/\/schema.org\/CreativeWork\" ><div role=\"tablist\" class=\"single_toggle\" data-tags=\"{All} \"  ><p id='toggle-toggle-id-5' data-fake-id='#toggle-id-5' class='toggler  av-title-above '  itemprop=\"headline\"  role='tab' tabindex='0' aria-controls='toggle-id-5' data-slide-speed=\"200\" data-title=\"Varauksen peruuttaminen\" data-title-open=\"\" data-aria_collapsed=\"Click to expand: Varauksen peruuttaminen\" data-aria_expanded=\"Click to collapse: Varauksen peruuttaminen\">Varauksen peruuttaminen<span class=\"toggle_icon\"><span class=\"vert_icon\"><\/span><span class=\"hor_icon\"><\/span><\/span><\/p><div id='toggle-id-5' aria-labelledby='toggle-toggle-id-5' role='region' class='toggle_wrap  av-title-above'  ><div class='toggle_content invers-color '  itemprop=\"text\" ><ul>\n<li style=\"list-style-type: none;\"><\/li>\n<\/ul>\n<p>Wasaline veloittaa maksun varatusta paikasta, joka j\u00e4\u00e4 k\u00e4ytt\u00e4m\u00e4tt\u00e4 ja jota ei ole peruutettu ajoissa. Varaukset kuorma-autoille tai muille ajoneuvoille, joilla on kuljettaja, tulee peruuttaa viimeist\u00e4\u00e4n tuntia ennen aluksen l\u00e4ht\u00f6aikaa. Muille yksik\u00f6ille peruutus on teht\u00e4v\u00e4 1,5 tuntia ennen l\u00e4ht\u00f6aikaa<\/p>\n<\/div><\/div><\/div><\/section>\n<\/div>\n","protected":false},"excerpt":{"rendered":"","protected":false},"author":1,"featured_media":0,"parent":331,"menu_order":0,"comment_status":"closed","ping_status":"closed","template":"","meta":{"_acf_changed":false,"footnotes":""},"class_list":["post-708","page","type-page","status-publish","hentry"],"acf":[],"publishpress_future_action":{"enabled":false,"date":"2026-04-28 09:56:55","action":"change-status","newStatus":"draft","terms":[],"taxonomy":"translation_priority","extraData":[]},"publishpress_future_workflow_manual_trigger":{"enabledWorkflows":[]},"_links":{"self":[{"href":"https:\/\/www.wasaline.com\/fi\/wp-json\/wp\/v2\/pages\/708","targetHints":{"allow":["GET"]}}],"collection":[{"href":"https:\/\/www.wasaline.com\/fi\/wp-json\/wp\/v2\/pages"}],"about":[{"href":"https:\/\/www.wasaline.com\/fi\/wp-json\/wp\/v2\/types\/page"}],"author":[{"embeddable":true,"href":"https:\/\/www.wasaline.com\/fi\/wp-json\/wp\/v2\/users\/1"}],"replies":[{"embeddable":true,"href":"https:\/\/www.wasaline.com\/fi\/wp-json\/wp\/v2\/comments?post=708"}],"version-history":[{"count":6,"href":"https:\/\/www.wasaline.com\/fi\/wp-json\/wp\/v2\/pages\/708\/revisions"}],"predecessor-version":[{"id":67602,"href":"https:\/\/www.wasaline.com\/fi\/wp-json\/wp\/v2\/pages\/708\/revisions\/67602"}],"up":[{"embeddable":true,"href":"https:\/\/www.wasaline.com\/fi\/wp-json\/wp\/v2\/pages\/331"}],"wp:attachment":[{"href":"https:\/\/www.wasaline.com\/fi\/wp-json\/wp\/v2\/media?parent=708"}],"curies":[{"name":"wp","href":"https:\/\/api.w.org\/{rel}","templated":true}]}}