{"id":722,"date":"2022-07-14T13:49:40","date_gmt":"2022-07-14T11:49:40","guid":{"rendered":"https:\/\/www.wasaline.com\/?page_id=722"},"modified":"2026-03-10T10:10:12","modified_gmt":"2026-03-10T08:10:12","slug":"yhteystiedot-rahti","status":"publish","type":"page","link":"https:\/\/www.wasaline.com\/fi\/rahti\/yhteystiedot-rahti\/","title":{"rendered":"Yhteystiedot (rahti)"},"content":{"rendered":"<div  class='flex_column av-av_one_full-c3b372ad6f1642cd7c92869ade45eb87 av_one_full  avia-builder-el-0  el_before_av_one_half  avia-builder-el-first  first flex_column_div  '     ><style type=\"text\/css\" data-created_by=\"avia_inline_auto\" id=\"style-css-av-mmkbxi9x-dd8848e80c982cca265c171c97969f9b\">\n#top .av-special-heading.av-mmkbxi9x-dd8848e80c982cca265c171c97969f9b{\npadding-bottom:10px;\n}\nbody .av-special-heading.av-mmkbxi9x-dd8848e80c982cca265c171c97969f9b .av-special-heading-tag .heading-char{\nfont-size:25px;\n}\n.av-special-heading.av-mmkbxi9x-dd8848e80c982cca265c171c97969f9b .av-subheading{\nfont-size:15px;\n}\n<\/style>\n<div  class='av-special-heading av-mmkbxi9x-dd8848e80c982cca265c171c97969f9b av-special-heading-h1 blockquote modern-quote  avia-builder-el-1  avia-builder-el-no-sibling '><h1 class='av-special-heading-tag '  itemprop=\"headline\"  >Wasaline rahdin yhteystiedot<\/h1><div class=\"special-heading-border\"><div class=\"special-heading-inner-border\"><\/div><\/div><\/div><\/div>\n<style type=\"text\/css\" data-created_by=\"avia_inline_auto\" id=\"style-css-av-3a9nekg-2a7eb90d1918d6276570a4e151c2221e\">\n.flex_column.av-3a9nekg-2a7eb90d1918d6276570a4e151c2221e{\nborder-radius:0px 0px 0px 0px;\npadding:0px 0px 0px 0px;\n}\n<\/style>\n<div  class='flex_column av-3a9nekg-2a7eb90d1918d6276570a4e151c2221e av_one_half  avia-builder-el-2  el_after_av_one_full  el_before_av_one_half  first flex_column_div av-zero-column-padding  column-top-margin'     ><section  class='av_textblock_section av-32mpfeo-dd44bb5a77f2662b20cf785c830a8854 '   itemscope=\"itemscope\" itemtype=\"https:\/\/schema.org\/CreativeWork\" ><div class='avia_textblock'  itemprop=\"text\" ><h3>Rahtivaraamon yhteystiedot<\/h3>\n<p>SUOMI: Puh. +358 207 716 812<br \/>\nRUOTSI: Puh. +46 90 185 210<br \/>\nS\u00e4hk\u00f6posti: <a href=\"mailto:cargo@wasaline.com\" target=\"_blank\" rel=\"noopener noreferrer\">cargo@wasaline.com<\/a><\/p>\n<p><strong>Aukiolon ulkopuolella yst\u00e4v\u00e4llisesti ottakaa yhteytt\u00e4 l\u00e4htev\u00e4\u00e4n terminaaliin:<\/strong><br \/>\nSuomi: +358 20 7716 816<br \/>\nRuotsi: +46 90 185 214<\/p>\n<\/div><\/section><br \/>\n<div  class='avia-button-wrap av-lxa84pa3-cc452d6466f62d6075fdd7537adaaf52-wrap avia-button-left  avia-builder-el-4  el_after_av_textblock  el_before_av_textblock '><a href='https:\/\/goo.gl\/maps\/Q3WYHhXPsqTLe3KC9'  class='avia-button av-lxa84pa3-cc452d6466f62d6075fdd7537adaaf52 av-link-btn avia-icon_select-no avia-size-large avia-position-left avia-color-theme-color'   aria-label=\"Kartta rahdin l\u00e4ht\u00f6selvitykseen\"><span class='avia_iconbox_title' >Kartta rahdin l\u00e4ht\u00f6selvitykseen<\/span><\/a><\/div><br \/>\n<section  class='av_textblock_section av-lxa850jj-59ad31808d1a975e0729b038768c1e8e '   itemscope=\"itemscope\" itemtype=\"https:\/\/schema.org\/CreativeWork\" ><div class='avia_textblock'  itemprop=\"text\" ><p>Ajo-ohje rahdin l\u00e4ht\u00f6selvitysportille (Google Maps)<\/p>\n<\/div><\/section><\/p><\/div><\/p>\n\n<style type=\"text\/css\" data-created_by=\"avia_inline_auto\" id=\"style-css-av-2cgxyps-b9d5620c8c689a026f960d2be9339da1\">\n.flex_column.av-2cgxyps-b9d5620c8c689a026f960d2be9339da1{\nborder-radius:0px 0px 0px 0px;\npadding:0px 0px 0px 0px;\n}\n<\/style>\n<div  class='flex_column av-2cgxyps-b9d5620c8c689a026f960d2be9339da1 av_one_half  avia-builder-el-6  el_after_av_one_half  el_before_av_one_full  flex_column_div av-zero-column-padding  column-top-margin'     ><section  class='av_textblock_section av-202akow-34d2237fa9fa35ea4d43d1a2172d7bc5 '   itemscope=\"itemscope\" itemtype=\"https:\/\/schema.org\/CreativeWork\" ><div class='avia_textblock'  itemprop=\"text\" ><h3 class=\"p1\"><span class=\"s1\">Rahdin asiakaspalvelun aukioloajat:<\/span><\/h3>\n<p class=\"p1\"><strong><span class=\"s1\">Ma \u2013 Pe<br \/>\n<\/span><\/strong><span class=\"s1\">Kello 8.30 \u2013 16.30 suomen aikaa<br \/>\n<\/span><span class=\"s1\">Kello 7.30 \u2013 15.30 ruotsin aikaa<\/span><span class=\"s1\">\u00a0<\/span><\/p>\n<\/div><\/section><\/div>\n<div  class='flex_column av-av_one_full-c3b372ad6f1642cd7c92869ade45eb87 av_one_full  avia-builder-el-8  el_after_av_one_half  el_before_av_one_half  first flex_column_div  column-top-margin'     ><style type=\"text\/css\" data-created_by=\"avia_inline_auto\" id=\"style-css-av-255vj8-8ab6dfb08c07f050a8818b574d2c182b\">\n#top .av-special-heading.av-255vj8-8ab6dfb08c07f050a8818b574d2c182b{\npadding-bottom:10px;\n}\nbody .av-special-heading.av-255vj8-8ab6dfb08c07f050a8818b574d2c182b .av-special-heading-tag .heading-char{\nfont-size:25px;\n}\n.av-special-heading.av-255vj8-8ab6dfb08c07f050a8818b574d2c182b .av-subheading{\nfont-size:15px;\n}\n<\/style>\n<div  class='av-special-heading av-255vj8-8ab6dfb08c07f050a8818b574d2c182b av-special-heading-h2 blockquote modern-quote  avia-builder-el-9  avia-builder-el-no-sibling '><h2 class='av-special-heading-tag '  itemprop=\"headline\"  >Rahtitiimimme<\/h2><div class=\"special-heading-border\"><div class=\"special-heading-inner-border\"><\/div><\/div><\/div><\/div>\n<style type=\"text\/css\" data-created_by=\"avia_inline_auto\" id=\"style-css-av-6tc36sg-4dd474f3612f41ca6e58f77ab1b3fad0\">\n.flex_column.av-6tc36sg-4dd474f3612f41ca6e58f77ab1b3fad0{\nborder-radius:0px 0px 0px 0px;\npadding:0px 0px 0px 0px;\n}\n<\/style>\n<div  class='flex_column av-6tc36sg-4dd474f3612f41ca6e58f77ab1b3fad0 av_one_half  avia-builder-el-10  el_after_av_one_full  el_before_av_one_half  first flex_column_div av-zero-column-padding  column-top-margin'     ><section  class='avia-team-member av-mmkbozvu-7388afa2deab88f852d3c3e3d23d6286  avia-builder-el-11  avia-builder-el-no-sibling '  itemscope=\"itemscope\" itemtype=\"https:\/\/schema.org\/Person\" ><div class=\"team-img-container\"><img decoding=\"async\" fetchpriority=\"high\" class='wp-image-1342 avia-img-lazy-loading-not-1342 avia_image avia_image_team' src=\"https:\/\/www.wasaline.com\/wp-content\/uploads\/2022\/09\/Wasaline-Tony-Ehrs-495x400.jpg\" alt='Tony Ehrs'  itemprop=\"image\"   height=\"400\" width=\"495\" srcset=\"https:\/\/www.wasaline.com\/wp-content\/uploads\/2022\/09\/Wasaline-Tony-Ehrs-495x400.jpg 495w, https:\/\/www.wasaline.com\/wp-content\/uploads\/2022\/09\/Wasaline-Tony-Ehrs-845x684.jpg 845w\" sizes=\"(max-width: 495px) 100vw, 495px\" \/><\/div><h3 class='team-member-name '  itemprop=\"name\" >Tony Ehrs<\/h3><div class='team-member-job-title '  itemprop=\"jobTitle\" >Rahtijohtaja<\/div><div class='team-member-description '  itemprop=\"description\" ><p>VAASA<br \/>\n+358 40 7681747<br \/>\n<a href=\"mailto:tony.ehrs@wasaline.com\">tony.ehrs@wasaline.com<\/a><\/p>\n<\/div><span class='hidden team-member-affiliation'  itemprop=\"affiliation\" >Wasaline<\/span><\/section><\/div><\/p>\n\n<style type=\"text\/css\" data-created_by=\"avia_inline_auto\" id=\"style-css-av-4ptlxju-69fa2660e8739831249e813ced74c9a1\">\n.flex_column.av-4ptlxju-69fa2660e8739831249e813ced74c9a1{\nborder-radius:0px 0px 0px 0px;\npadding:0px 0px 0px 0px;\n}\n<\/style>\n<div  class='flex_column av-4ptlxju-69fa2660e8739831249e813ced74c9a1 av_one_half  avia-builder-el-12  el_after_av_one_half  el_before_av_one_half  flex_column_div av-zero-column-padding  column-top-margin'     ><section  class='avia-team-member av-mmkbxzko-840e885004b0c1b85b148c97e5bd9625  avia-builder-el-13  avia-builder-el-no-sibling '  itemscope=\"itemscope\" itemtype=\"https:\/\/schema.org\/Person\" ><div class=\"team-img-container\"><img decoding=\"async\" fetchpriority=\"high\" class='wp-image-1348 avia-img-lazy-loading-not-1348 avia_image avia_image_team' src=\"https:\/\/www.wasaline.com\/wp-content\/uploads\/2022\/09\/Wasaline-Kristoffer-Pesola-495x400.jpg\" alt='Kristoffer Pesola'  itemprop=\"image\"   height=\"400\" width=\"495\" srcset=\"https:\/\/www.wasaline.com\/wp-content\/uploads\/2022\/09\/Wasaline-Kristoffer-Pesola-495x400.jpg 495w, https:\/\/www.wasaline.com\/wp-content\/uploads\/2022\/09\/Wasaline-Kristoffer-Pesola-845x684.jpg 845w\" sizes=\"(max-width: 495px) 100vw, 495px\" \/><\/div><h3 class='team-member-name '  itemprop=\"name\" >Kristoffer Pesola<\/h3><div class='team-member-job-title '  itemprop=\"jobTitle\" >Rahtimyyntip\u00e4\u00e4llikk\u00f6, Suomi ja Baltia<\/div><div class='team-member-description '  itemprop=\"description\" ><p>VAASA<br \/>\n+358 45 720 2970<br \/>\n<a href=\"mailto:kristoffer.pesola@wasaline.com\">kristoffer.pesola@wasaline.com<\/a><\/p>\n<\/div><span class='hidden team-member-affiliation'  itemprop=\"affiliation\" >Wasaline<\/span><\/section><\/div>\n<style type=\"text\/css\" data-created_by=\"avia_inline_auto\" id=\"style-css-av-av_one_half-f1f88be822a74ccd78731c222cb053c2\">\n.flex_column.av-av_one_half-f1f88be822a74ccd78731c222cb053c2{\nborder-radius:0px 0px 0px 0px;\npadding:0px 0px 0px 0px;\n}\n<\/style>\n<div  class='flex_column av-av_one_half-f1f88be822a74ccd78731c222cb053c2 av_one_half  avia-builder-el-14  el_after_av_one_half  avia-builder-el-last  first flex_column_div av-zero-column-padding  column-top-margin'     ><section  class='avia-team-member av-mmkbqoes-47835951e8b6cf4336d3ecf6b408dc29  avia-builder-el-15  avia-builder-el-no-sibling '  itemscope=\"itemscope\" itemtype=\"https:\/\/schema.org\/Person\" ><div class=\"team-img-container\"><img decoding=\"async\" fetchpriority=\"high\" class='wp-image-49998 avia-img-lazy-loading-not-49998 avia_image avia_image_team' src=\"https:\/\/www.wasaline.com\/wp-content\/uploads\/2024\/01\/ronnie-fundell-495x400.jpg\" alt='Ronnie Fundell'  itemprop=\"image\"   height=\"400\" width=\"495\" srcset=\"https:\/\/www.wasaline.com\/wp-content\/uploads\/2024\/01\/ronnie-fundell-495x400.jpg 495w, https:\/\/www.wasaline.com\/wp-content\/uploads\/2024\/01\/ronnie-fundell-845x684.jpg 845w\" sizes=\"(max-width: 495px) 100vw, 495px\" \/><\/div><h3 class='team-member-name '  itemprop=\"name\" >Ronnie Fundell<\/h3><div class='team-member-job-title '  itemprop=\"jobTitle\" >Rahtimyyntip\u00e4\u00e4llikk\u00f6, Pohjoismaat ja L\u00e4nsi-Eurooppa<\/div><div class='team-member-description '  itemprop=\"description\" ><p>UUMAJA<br \/>\n+46 79 143 6708<br \/>\n<a href=\"mailto:ronnie.fundell@wasaline.com\">ronnie.fundell@wasaline.com<\/a><\/p>\n<\/div><span class='hidden team-member-affiliation'  itemprop=\"affiliation\" >Wasaline<\/span><\/section><\/div><\/p>\n","protected":false},"excerpt":{"rendered":"","protected":false},"author":1,"featured_media":0,"parent":331,"menu_order":0,"comment_status":"closed","ping_status":"closed","template":"","meta":{"_acf_changed":false,"footnotes":""},"class_list":["post-722","page","type-page","status-publish","hentry"],"acf":[],"publishpress_future_action":{"enabled":false,"date":"2026-04-28 10:41:16","action":"change-status","newStatus":"draft","terms":[],"taxonomy":"translation_priority","extraData":[]},"publishpress_future_workflow_manual_trigger":{"enabledWorkflows":[]},"_links":{"self":[{"href":"https:\/\/www.wasaline.com\/fi\/wp-json\/wp\/v2\/pages\/722","targetHints":{"allow":["GET"]}}],"collection":[{"href":"https:\/\/www.wasaline.com\/fi\/wp-json\/wp\/v2\/pages"}],"about":[{"href":"https:\/\/www.wasaline.com\/fi\/wp-json\/wp\/v2\/types\/page"}],"author":[{"embeddable":true,"href":"https:\/\/www.wasaline.com\/fi\/wp-json\/wp\/v2\/users\/1"}],"replies":[{"embeddable":true,"href":"https:\/\/www.wasaline.com\/fi\/wp-json\/wp\/v2\/comments?post=722"}],"version-history":[{"count":13,"href":"https:\/\/www.wasaline.com\/fi\/wp-json\/wp\/v2\/pages\/722\/revisions"}],"predecessor-version":[{"id":80731,"href":"https:\/\/www.wasaline.com\/fi\/wp-json\/wp\/v2\/pages\/722\/revisions\/80731"}],"up":[{"embeddable":true,"href":"https:\/\/www.wasaline.com\/fi\/wp-json\/wp\/v2\/pages\/331"}],"wp:attachment":[{"href":"https:\/\/www.wasaline.com\/fi\/wp-json\/wp\/v2\/media?parent=722"}],"curies":[{"name":"wp","href":"https:\/\/api.w.org\/{rel}","templated":true}]}}