{"id":731,"date":"2022-07-14T13:51:08","date_gmt":"2022-07-14T11:51:08","guid":{"rendered":"https:\/\/www.wasaline.com\/?page_id=731"},"modified":"2025-05-09T10:57:55","modified_gmt":"2025-05-09T08:57:55","slug":"cargo-web","status":"publish","type":"page","link":"https:\/\/www.wasaline.com\/fi\/rahti\/cargo-web\/","title":{"rendered":"Rahtivarausportaali"},"content":{"rendered":"<div id='full_slider_1'  class='avia-fullwidth-slider main_color avia-shadow   avia-builder-el-0  el_before_av_heading  avia-builder-el-first   container_wrap fullsize'  ><div  class='avia-slideshow av-l940mcnr-92db11883dacd1129248d5f3558098ac avia-slideshow-featured_large av_slideshow_full avia-slide-slider av-slideshow-ui av-control-default av-slideshow-manual av-loop-once av-loop-manual-endless av-default-height-applied   avia-slideshow-1' data-slideshow-options=\"{&quot;animation&quot;:&quot;slide&quot;,&quot;autoplay&quot;:false,&quot;loop_autoplay&quot;:&quot;once&quot;,&quot;interval&quot;:5,&quot;loop_manual&quot;:&quot;manual-endless&quot;,&quot;autoplay_stopper&quot;:false,&quot;noNavigation&quot;:false,&quot;bg_slider&quot;:false,&quot;keep_padding&quot;:false,&quot;hoverpause&quot;:false,&quot;show_slide_delay&quot;:0}\"  itemprop=\"image\" itemscope=\"itemscope\" itemtype=\"https:\/\/schema.org\/ImageObject\" ><ul class='avia-slideshow-inner ' style='padding-bottom: 42%;'><li  class='avia-slideshow-slide av-l940mcnr-92db11883dacd1129248d5f3558098ac__0  av-single-slide slide-1 slide-odd'><div data-rel='slideshow-1' class='avia-slide-wrap '   ><img decoding=\"async\" fetchpriority=\"high\" class=\"wp-image-26607 avia-img-lazy-loading-not-26607\"  src=\"https:\/\/www.wasaline.com\/wp-content\/uploads\/2022\/10\/Wasaline-cargo-1500x630.jpg\" width=\"1500\" height=\"630\" title='Wasaline cargo' alt='Wasaline cargo'  itemprop=\"thumbnailUrl\"   \/><\/div><\/li><\/ul><\/div><\/div><div id='after_full_slider_1'  class='main_color av_default_container_wrap container_wrap fullsize'  ><div class='container av-section-cont-open' ><div class='template-page content  av-content-full alpha units'><div class='post-entry post-entry-type-page post-entry-731'><div class='entry-content-wrapper clearfix'>\n\n<style type=\"text\/css\" data-created_by=\"avia_inline_auto\" id=\"style-css-av-1wgm3b-8332883127d8deab6703c35db17af7ae\">\n#top .av-special-heading.av-1wgm3b-8332883127d8deab6703c35db17af7ae{\npadding-bottom:10px;\n}\nbody .av-special-heading.av-1wgm3b-8332883127d8deab6703c35db17af7ae .av-special-heading-tag .heading-char{\nfont-size:25px;\n}\n.av-special-heading.av-1wgm3b-8332883127d8deab6703c35db17af7ae .av-subheading{\nfont-size:15px;\n}\n<\/style>\n<div  class='av-special-heading av-1wgm3b-8332883127d8deab6703c35db17af7ae av-special-heading-h1  avia-builder-el-1  el_after_av_slideshow_full  el_before_av_textblock  avia-builder-el-first '><h1 class='av-special-heading-tag '  itemprop=\"headline\"  >Rahtivarausportaali <\/h1><div class=\"special-heading-border\"><div class=\"special-heading-inner-border\"><\/div><\/div><\/div>\n<section  class='av_textblock_section av-kbb84ltj-f5edea21a7acce04e2cfe4c4b3881118 '   itemscope=\"itemscope\" itemtype=\"https:\/\/schema.org\/CreativeWork\" ><div class='avia_textblock'  itemprop=\"text\" ><p>Olemme ylpeit\u00e4 saadessamme esitell\u00e4 uuden rahtivarausportaalimme, joka tarjoaa:<\/p>\n<ul>\n<li>Modernin ulkoasun Wasalinen v\u00e4reiss\u00e4<\/li>\n<li>Useita \u00e4lykk\u00e4it\u00e4 uusia toimintoja<\/li>\n<li>Mahdollisuuden l\u00e4hett\u00e4\u00e4 varauslinkki kuljettajalle, joka voi itse p\u00e4ivitt\u00e4\u00e4 varauksen<\/li>\n<\/ul>\n<p>Portaali on suunniteltu tehostamaan automaattisten l\u00e4ht\u00f6selvityslaitteiden k\u00e4ytt\u00f6\u00e4, jolloin prosessi nopeutuu, kun varaukset ovat valmiiksi t\u00e4ydellisi\u00e4. J\u00e4rjestelm\u00e4\u00e4 on helppo k\u00e4ytt\u00e4\u00e4 ja se on avoinna 24 tuntia vuorokaudessa, seitsem\u00e4n\u00e4 p\u00e4iv\u00e4n\u00e4 viikossa. Voit helposti varata, muuttaa ja peruuttaa matkoja. J\u00e4rjestelm\u00e4 on vastaanottavainen ja toimii hyvin sek\u00e4 mobiililaitteissa ett\u00e4 pc:ll\u00e4.<\/p>\n<p><em>Ota yhteytt\u00e4, niin kerromme mielell\u00e4mme lis\u00e4\u00e4 portaalin hy\u00f6dyist\u00e4 logistiikallenne.<\/em><\/p>\n<\/div><\/section>\n","protected":false},"excerpt":{"rendered":"","protected":false},"author":1,"featured_media":0,"parent":331,"menu_order":0,"comment_status":"closed","ping_status":"closed","template":"","meta":{"_acf_changed":false,"footnotes":""},"class_list":["post-731","page","type-page","status-publish","hentry"],"acf":[],"publishpress_future_action":{"enabled":false,"date":"2026-04-28 11:25:47","action":"change-status","newStatus":"draft","terms":[],"taxonomy":"translation_priority","extraData":[]},"publishpress_future_workflow_manual_trigger":{"enabledWorkflows":[]},"_links":{"self":[{"href":"https:\/\/www.wasaline.com\/fi\/wp-json\/wp\/v2\/pages\/731","targetHints":{"allow":["GET"]}}],"collection":[{"href":"https:\/\/www.wasaline.com\/fi\/wp-json\/wp\/v2\/pages"}],"about":[{"href":"https:\/\/www.wasaline.com\/fi\/wp-json\/wp\/v2\/types\/page"}],"author":[{"embeddable":true,"href":"https:\/\/www.wasaline.com\/fi\/wp-json\/wp\/v2\/users\/1"}],"replies":[{"embeddable":true,"href":"https:\/\/www.wasaline.com\/fi\/wp-json\/wp\/v2\/comments?post=731"}],"version-history":[{"count":5,"href":"https:\/\/www.wasaline.com\/fi\/wp-json\/wp\/v2\/pages\/731\/revisions"}],"predecessor-version":[{"id":74200,"href":"https:\/\/www.wasaline.com\/fi\/wp-json\/wp\/v2\/pages\/731\/revisions\/74200"}],"up":[{"embeddable":true,"href":"https:\/\/www.wasaline.com\/fi\/wp-json\/wp\/v2\/pages\/331"}],"wp:attachment":[{"href":"https:\/\/www.wasaline.com\/fi\/wp-json\/wp\/v2\/media?parent=731"}],"curies":[{"name":"wp","href":"https:\/\/api.w.org\/{rel}","templated":true}]}}