{"id":749,"date":"2022-07-14T13:54:31","date_gmt":"2022-07-14T11:54:31","guid":{"rendered":"https:\/\/www.wasaline.com\/?page_id=749"},"modified":"2022-10-11T11:47:22","modified_gmt":"2022-10-11T09:47:22","slug":"luokiteltu-aine","status":"publish","type":"page","link":"https:\/\/www.wasaline.com\/fi\/rahti\/luokiteltu-aine\/","title":{"rendered":"Luokiteltu aine"},"content":{"rendered":"<div id='full_slider_1'  class='avia-fullwidth-slider main_color avia-shadow   avia-builder-el-0  el_before_av_heading  avia-builder-el-first   container_wrap fullsize'  ><div  class='avia-slideshow av-l940rmoe-bec795514c2dd3427950e4bf5e8d783a avia-slideshow-featured av_slideshow_full avia-slide-slider av-slideshow-ui av-control-default av-slideshow-manual av-loop-once av-loop-manual-endless av-default-height-applied   avia-slideshow-1' data-slideshow-options=\"{&quot;animation&quot;:&quot;slide&quot;,&quot;autoplay&quot;:false,&quot;loop_autoplay&quot;:&quot;once&quot;,&quot;interval&quot;:5,&quot;loop_manual&quot;:&quot;manual-endless&quot;,&quot;autoplay_stopper&quot;:false,&quot;noNavigation&quot;:false,&quot;bg_slider&quot;:false,&quot;keep_padding&quot;:false,&quot;hoverpause&quot;:false,&quot;show_slide_delay&quot;:0}\"  itemprop=\"image\" itemscope=\"itemscope\" itemtype=\"https:\/\/schema.org\/ImageObject\" ><ul class='avia-slideshow-inner ' style='padding-bottom: 28.666666666667%;'><li  class='avia-slideshow-slide av-l940rmoe-bec795514c2dd3427950e4bf5e8d783a__0  av-single-slide slide-1 slide-odd'><div data-rel='slideshow-1' class='avia-slide-wrap '   ><img decoding=\"async\" fetchpriority=\"high\" class=\"wp-image-1146 avia-img-lazy-loading-not-1146\"  src=\"https:\/\/www.wasaline.com\/wp-content\/uploads\/2022\/08\/wasaline_2020-15-1500x430.jpg\" width=\"1500\" height=\"430\" title='Wasaline' alt='Wasaline'  itemprop=\"thumbnailUrl\"   \/><\/div><\/li><\/ul><\/div><\/div><div id='after_full_slider_1'  class='main_color av_default_container_wrap container_wrap fullsize'  ><div class='container av-section-cont-open' ><div class='template-page content  av-content-full alpha units'><div class='post-entry post-entry-type-page post-entry-749'><div class='entry-content-wrapper clearfix'>\n\n<style type=\"text\/css\" data-created_by=\"avia_inline_auto\" id=\"style-css-av-37j1rw-d706902b912edfd34ec42ba0c25f815c\">\n#top .av-special-heading.av-37j1rw-d706902b912edfd34ec42ba0c25f815c{\npadding-bottom:10px;\n}\nbody .av-special-heading.av-37j1rw-d706902b912edfd34ec42ba0c25f815c .av-special-heading-tag .heading-char{\nfont-size:25px;\n}\n.av-special-heading.av-37j1rw-d706902b912edfd34ec42ba0c25f815c .av-subheading{\nfont-size:15px;\n}\n<\/style>\n<div  class='av-special-heading av-37j1rw-d706902b912edfd34ec42ba0c25f815c av-special-heading-h1 blockquote modern-quote  avia-builder-el-1  el_after_av_slideshow_full  el_before_av_textblock  avia-builder-el-first '><h1 class='av-special-heading-tag '  itemprop=\"headline\"  >Luokiteltu aine<\/h1><div class=\"special-heading-border\"><div class=\"special-heading-inner-border\"><\/div><\/div><\/div>\n<section  class='av_textblock_section av-15qwvo0-d73e48e12a6905481db7abc7a27adb14 '   itemscope=\"itemscope\" itemtype=\"https:\/\/schema.org\/CreativeWork\" ><div class='avia_textblock'  itemprop=\"text\" ><p>Luokiteltu aine voi aiheuttaa vaaraa ihmisille, el\u00e4imille, ymp\u00e4rist\u00f6lle tai materiaaleille. Aineet on luokiteltu ominaisuuksiensa perusteella. YK:n suosituksissa on m\u00e4\u00e4riteltyn\u00e4 9 eri luokkaa. Aineen ominaisuuksien mukaan sille voidaan antaa my\u00f6s ns. toissijaisen vaaran luokka. Luokiteltujen aineiden kuormauksissa on aina otettava huomioon luokat ja mahdolliset toissijaiset vaarat ja erityism\u00e4\u00e4r\u00e4ykset.<\/p>\n<p>Me emme saa kuljettaa rahtia luokassa 1, poikkeuksena 1.4S. Emme my\u00f6sk\u00e4\u00e4n kuljeta tavaraa luokassa 7. Lis\u00e4tietoa rahtivarauksestamme.<\/p>\n<\/div><\/section>\n<div  class='togglecontainer av-jw7sszyw-7769a2328d0ff2b82ac669b6efcfd2ca  avia-builder-el-3  el_after_av_textblock  avia-builder-el-last  toggle_close_all' >\n<section class='av_toggle_section av-ox26hc-37843c39ed0e3d86539b26c74680b736'  itemscope=\"itemscope\" itemtype=\"https:\/\/schema.org\/CreativeWork\" ><div role=\"tablist\" class=\"single_toggle\" data-tags=\"{All} \"  ><p id='toggle-toggle-id-1' data-fake-id='#toggle-id-1' class='toggler  av-title-above '  itemprop=\"headline\"  role='tab' tabindex='0' aria-controls='toggle-id-1' data-slide-speed=\"200\" data-title=\"Lue lis\u00e4\u00e4\" data-title-open=\"\" data-aria_collapsed=\"Click to expand: Lue lis\u00e4\u00e4\" data-aria_expanded=\"Click to collapse: Lue lis\u00e4\u00e4\">Lue lis\u00e4\u00e4<span class=\"toggle_icon\"><span class=\"vert_icon\"><\/span><span class=\"hor_icon\"><\/span><\/span><\/p><div id='toggle-id-1' aria-labelledby='toggle-toggle-id-1' role='region' class='toggle_wrap  av-title-above'  ><div class='toggle_content invers-color '  itemprop=\"text\" ><p>Vaarallisten aineiden kuljetuksia s\u00e4\u00e4telev\u00e4t kansallisten m\u00e4\u00e4r\u00e4ysten lis\u00e4ksi kansainv\u00e4liset s\u00e4\u00e4nn\u00f6st\u00f6t ja sopimukset seuraavasti:<\/p>\n<p>Merikuljetukset: IMDG-koodi jamaatiekuljetukset: ADR(VAK)<\/p>\n<p>Wasaline noudattaa n\u00e4iden m\u00e4\u00e4r\u00e4ysten viimeisimpi\u00e4 voimassaolevia versioita.<\/p>\n<p>Vaarallisten aineiden kuljetukset tapahtuvat It\u00e4merensopimuksenmukaan.<\/p>\n<p>VAARALLISEN PAIKANVARAUSJA SELVITYS<\/p>\n<p>Vaarallisia aineita kuljettavalle ajoneuvolle on varattava laivapaikka rahtivaraamosta hyviss\u00e4 ajoin ennen laivausta. Varauksen yhteydess\u00e4 on ilmoitettava vaarallisen aineen oikea tekninen nimi (Proper Shipping Name, kauppanimi\u00e4 ei hyv\u00e4ksyt\u00e4), YK-numero, luokka, pakkausryhm\u00e4 ja mahdolliset toissijaiset vaarat. Ilmoitus on teht\u00e4v\u00e4 my\u00f6s kuljetettaessa tavaraa rajoitettuina m\u00e4\u00e4rin\u00e4 (Limited Quantity).<\/p>\n<p>Luokitellusta tavarasta on teht\u00e4v\u00e4 selvitys erillisell\u00e4 lomakkeella \u201dMultimodal Dangerous Goods Declaration\/ Dangerous Goods Declaration\u201d jonka on oltava t\u00e4ydellisesti t\u00e4ytetty. N\u00e4m\u00e4 asiakirjat on oltava l\u00e4ht\u00f6sataman rahtiselvityksess\u00e4 viimeist\u00e4\u00e4n kaksi tuntia ennen aluksen aikataulunmukaista l\u00e4ht\u00f6aikaa. Jos alkuper\u00e4iset asiakirjat seuraavat lastia ja saapuvat satamaan t\u00e4t\u00e4 ajankohtaa my\u00f6hemmin, voitte l\u00e4hett\u00e4\u00e4 kopion etuk\u00e4teen s\u00e4hk\u00f6postitse osoitteeseen cargo@wasaline.com.<\/p>\n<p>AJONEUVON\/LASTIYKSIK\u00d6N MERKINT\u00c4 JA VAARALLISTEN AINEIDEN S\u00c4ILYTYS<\/p>\n<p>Lastinantajan\/l\u00e4hett\u00e4j\u00e4n on huolehdittava siit\u00e4, ett\u00e4 kun ajoneuvo\/lastiyksikk\u00f6 tuodaan satamaan, siin\u00e4 on laivaukseen kulloinkin sovellettavien m\u00e4\u00e4r\u00e4ysten mukaiset kyltit. My\u00f6s ajoneuvossa\/lastiyksik\u00f6ss\u00e4, johon on lastattu rajoitettuna m\u00e4\u00e4r\u00e4n\u00e4 ilmoitettavaa tai alle vapaarajan olevaa tavaraa, tulee olla kyltit.<br \/>\nIMO- tai ADR-luokiteltua tavaraa ei saa s\u00e4ilytt\u00e4\u00e4 Wasalinen satama-alueella. Ajoneuvot\/lastiyksik\u00f6t on haettava\/tuotava satamaan silloin, kun laivaa puretaan\/lastataan. Asiantuntijamme rahtivaraamossa ja satamissa antavat tarvittaessa lis\u00e4tietoja luokiteltujen tavaroiden kuljetukseen liittyviss\u00e4 kysymyksiss\u00e4.<\/p>\n<\/div><\/div><\/div><\/section>\n<\/div>\n","protected":false},"excerpt":{"rendered":"","protected":false},"author":1,"featured_media":0,"parent":331,"menu_order":0,"comment_status":"closed","ping_status":"closed","template":"","meta":{"_acf_changed":false,"footnotes":""},"class_list":["post-749","page","type-page","status-publish","hentry"],"acf":[],"publishpress_future_action":{"enabled":false,"date":"2026-04-28 09:57:33","action":"change-status","newStatus":"draft","terms":[],"taxonomy":"translation_priority","extraData":[]},"publishpress_future_workflow_manual_trigger":{"enabledWorkflows":[]},"_links":{"self":[{"href":"https:\/\/www.wasaline.com\/fi\/wp-json\/wp\/v2\/pages\/749","targetHints":{"allow":["GET"]}}],"collection":[{"href":"https:\/\/www.wasaline.com\/fi\/wp-json\/wp\/v2\/pages"}],"about":[{"href":"https:\/\/www.wasaline.com\/fi\/wp-json\/wp\/v2\/types\/page"}],"author":[{"embeddable":true,"href":"https:\/\/www.wasaline.com\/fi\/wp-json\/wp\/v2\/users\/1"}],"replies":[{"embeddable":true,"href":"https:\/\/www.wasaline.com\/fi\/wp-json\/wp\/v2\/comments?post=749"}],"version-history":[{"count":3,"href":"https:\/\/www.wasaline.com\/fi\/wp-json\/wp\/v2\/pages\/749\/revisions"}],"predecessor-version":[{"id":26624,"href":"https:\/\/www.wasaline.com\/fi\/wp-json\/wp\/v2\/pages\/749\/revisions\/26624"}],"up":[{"embeddable":true,"href":"https:\/\/www.wasaline.com\/fi\/wp-json\/wp\/v2\/pages\/331"}],"wp:attachment":[{"href":"https:\/\/www.wasaline.com\/fi\/wp-json\/wp\/v2\/media?parent=749"}],"curies":[{"name":"wp","href":"https:\/\/api.w.org\/{rel}","templated":true}]}}