{"id":758,"date":"2022-07-21T08:49:36","date_gmt":"2022-07-21T06:49:36","guid":{"rendered":"https:\/\/www.wasaline.com\/?page_id=758"},"modified":"2022-10-11T11:53:34","modified_gmt":"2022-10-11T09:53:34","slug":"isps","status":"publish","type":"page","link":"https:\/\/www.wasaline.com\/fi\/rahti\/isps\/","title":{"rendered":"ISPS"},"content":{"rendered":"<div id='full_slider_1'  class='avia-fullwidth-slider main_color avia-shadow   avia-builder-el-0  el_before_av_heading  avia-builder-el-first   container_wrap fullsize'  ><div  class='avia-slideshow av-l940zgvv-5f07b5427613e9ebf80f21f75c67c543 avia-slideshow-featured av_slideshow_full avia-slide-slider av-slideshow-ui av-control-default av-slideshow-manual av-loop-once av-loop-manual-endless av-default-height-applied   avia-slideshow-1' data-slideshow-options=\"{&quot;animation&quot;:&quot;slide&quot;,&quot;autoplay&quot;:false,&quot;loop_autoplay&quot;:&quot;once&quot;,&quot;interval&quot;:5,&quot;loop_manual&quot;:&quot;manual-endless&quot;,&quot;autoplay_stopper&quot;:false,&quot;noNavigation&quot;:false,&quot;bg_slider&quot;:false,&quot;keep_padding&quot;:false,&quot;hoverpause&quot;:false,&quot;show_slide_delay&quot;:0}\"  itemprop=\"image\" itemscope=\"itemscope\" itemtype=\"https:\/\/schema.org\/ImageObject\" ><ul class='avia-slideshow-inner ' style='padding-bottom: 28.666666666667%;'><li  class='avia-slideshow-slide av-l940zgvv-5f07b5427613e9ebf80f21f75c67c543__0  av-single-slide slide-1 slide-odd'><div data-rel='slideshow-1' class='avia-slide-wrap '   ><img decoding=\"async\" fetchpriority=\"high\" class=\"wp-image-1243 avia-img-lazy-loading-not-1243\"  src=\"https:\/\/www.wasaline.com\/wp-content\/uploads\/2022\/08\/wasaline_2020-08-1500x430.jpg\" width=\"1500\" height=\"430\" title='Wasaline' alt='Wasaline'  itemprop=\"thumbnailUrl\"   \/><\/div><\/li><\/ul><\/div><\/div><div id='after_full_slider_1'  class='main_color av_default_container_wrap container_wrap fullsize'  ><div class='container av-section-cont-open' ><div class='template-page content  av-content-full alpha units'><div class='post-entry post-entry-type-page post-entry-758'><div class='entry-content-wrapper clearfix'>\n\n<style type=\"text\/css\" data-created_by=\"avia_inline_auto\" id=\"style-css-av-kex4uiv0-3925e7087a014fdc030c1eec67fde8f0\">\n#top .av-special-heading.av-kex4uiv0-3925e7087a014fdc030c1eec67fde8f0{\npadding-bottom:10px;\n}\nbody .av-special-heading.av-kex4uiv0-3925e7087a014fdc030c1eec67fde8f0 .av-special-heading-tag .heading-char{\nfont-size:25px;\n}\n.av-special-heading.av-kex4uiv0-3925e7087a014fdc030c1eec67fde8f0 .av-subheading{\nfont-size:15px;\n}\n<\/style>\n<div  class='av-special-heading av-kex4uiv0-3925e7087a014fdc030c1eec67fde8f0 av-special-heading-h3  avia-builder-el-1  el_after_av_slideshow_full  el_before_av_textblock  avia-builder-el-first '><h3 class='av-special-heading-tag '  itemprop=\"headline\"  >ISPS ja turvallisuus satamissa alk. 1.7.2004<\/h3><div class=\"special-heading-border\"><div class=\"special-heading-inner-border\"><\/div><\/div><\/div>\n<section  class='av_textblock_section av-2xqh4c6-b6fc61d5afa51faf9240b22ec28379fc '   itemscope=\"itemscope\" itemtype=\"https:\/\/schema.org\/CreativeWork\" ><div class='avia_textblock'  itemprop=\"text\" ><p>ISPS on lyhenne sanoista International Ship and Port Facility Security Code. Se on ohjeistus, jonka tarkoitus on lis\u00e4t\u00e4 meriturvallisuutta satamissa ja laivoilla. Toimielin t\u00e4m\u00e4n koodin takana on IMO (International Maritime Organization), joka toimii YK:n alaisuudessa. Kansainv\u00e4linen ISPS-koodi astui voimaan 1.7.2004. Wasalinelle ja sen asiakkaille koodi tarkoittaa seuraavaa:<\/p>\n<ul>\n<li>Satama-alueet on aidattu.<\/li>\n<li>Kaikki yksik\u00f6t on varattava etuk\u00e4teen, jotta taataan p\u00e4\u00e4sy satama-alueelle.<\/li>\n<li>Kaikkien yksik\u00f6iden mukana on oltava tavaraluettelo ja erilliset asiakirjat vaarallisille aineille.<\/li>\n<li>Y\u00f6pyminen aidatun alueen sis\u00e4puolella on kielletty.<\/li>\n<li>Kaikkiin alueelle hakeutuviin lastiyksik\u00f6iden lastiin voidaan suorittaa pistokokeita.<\/li>\n<\/ul>\n<p>ISPS-koodi jakautuu ns. turvallisuustasoihin. Ne vaihtelevat tilanteesta ja mahdollisista uhkakuvista riippuen. Maan poliisiviranomainen m\u00e4\u00e4r\u00e4\u00e4 turvallisuustasoista ja ne voivat vaihdella satamasta satamaan.<\/p>\n<\/div><\/section>\n<section  class='av_textblock_section av-2os2w9i-7bdb5c391309b3c3ad1929f098428534 '   itemscope=\"itemscope\" itemtype=\"https:\/\/schema.org\/CreativeWork\" ><div class='avia_textblock'  itemprop=\"text\" ><p><strong>LASTIN TARKISTUS<\/strong><br \/>\nISPS-koodi edellytt\u00e4\u00e4, ett\u00e4 turvallisuustaso 1:n ollessa voimassa tehd\u00e4\u00e4n pistokokeita lastista ja kuljetuskalustosta. Useammin toistuvia tarkistuksia tehd\u00e4\u00e4n turvallisuustaso 2:n ollessa voimassa. Kaikkien, jotka hakeutuvat ISPS-alueelle ja joilla on tarkoituksena matkustaa Wasalinen laivalla, tulee olla tietoisia n\u00e4ist\u00e4 vaatimuksista. Tarkastuksesta kielt\u00e4ytyminen tarkoittaa my\u00f6s matkustusoikeuden luopumisesta Wasalinella. N\u00e4m\u00e4 tarkastukset tehd\u00e4\u00e4n yhteisty\u00f6ss\u00e4 toimivaltaisten viranomaisten kanssa<\/p>\n<\/div><\/section>\n<div  class='tabcontainer av-28of9p2-7bcf479d20fe11998bd20907319b931b top_tab  avia-builder-el-4  el_after_av_textblock  avia-builder-el-last '>\n<section class='av_tab_section av_tab_section av-1ncot4m-1640ea1eb389e1cdd4d173981608171b'  itemscope=\"itemscope\" itemtype=\"https:\/\/schema.org\/CreativeWork\" ><div id='tab-id-1-tab' class='tab active_tab' role='tab' aria-selected=\"true\" tabindex=\"0\" data-fake-id='#tab-id-1' aria-controls='tab-id-1-content'  itemprop=\"headline\" >TURVALLISUUSTASO 1 (NORMAALI TILANNE)<\/div><div id='tab-id-1-content' class='tab_content active_tab_content' role='tabpanel' aria-labelledby='tab-id-1-tab' aria-hidden=\"false\"><div class='tab_inner_content invers-color'  itemprop=\"text\" ><h3>TURVALLISUUSTASO 1 (NORMAALI TILANNE)<\/h3>\n<p>Turvallisuustaso 1 on ISPS:n l\u00e4ht\u00f6kohtana eli ns. normaali taso. T\u00e4ll\u00e4 tasolla tavaraluettelolla tarkoitetaan kuljetusasiakirjaa, josta k\u00e4y ilmi vastaanottaja, l\u00e4hett\u00e4j\u00e4, kokonaispaino sek\u00e4 tavaralaji.<\/p>\n<p>KUORMA-AUTOT JA AJONEUVOT JOISSA ON KULJETTAJA<br \/>\nKaikki yksik\u00f6t on varattava etuk\u00e4teen ennen kuin niill\u00e4 on oikeus siirty\u00e4 aidatulle satama-alueelle (ISPS-alueelle). T\u00e4m\u00e4 tarkoittaa, ett\u00e4 odottaville autoille on joko teht\u00e4v\u00e4 varaus l\u00e4ht\u00f6selvityksess\u00e4 tai niiden on odotettava satama-alueen ulkopuolella. Kuljettajan on esitett\u00e4v\u00e4 tavaraluettelo l\u00e4ht\u00f6selvityksess\u00e4.<\/p>\n<p>Vaarallisia aineita kuljetettaessa on asiakirjoissa noudatettava voimassaolevia m\u00e4\u00e4r\u00e4yksi\u00e4 IMDG\/ADR-s\u00e4\u00e4nn\u00f6sten mukaan. M\u00e4\u00e4r\u00e4satamassa yksik\u00f6n on v\u00e4litt\u00f6m\u00e4sti poistuttava satama-alueelta (ISPS-alueelta).<\/p>\n<p>TAVARA (TRAILERIT, PAPERIKASETIT, KONTIT, VENEET, ALUSTAT)<br \/>\nKaikki yksik\u00f6t on varattava etuk\u00e4teen. Varaamaton yksikk\u00f6, joka saapuu satamaan p\u00e4iv\u00e4n aikana, on varattava ennen satama-alueelle (ISPS-alueelle) p\u00e4\u00e4sy\u00e4. Mahdollisista vaarallisista aineista on Wasalinelle esitett\u00e4v\u00e4 voimassaolevien s\u00e4\u00e4nn\u00f6sten vaatimukset t\u00e4ytt\u00e4v\u00e4 lastiasiakirja. J\u00e4tetty\u00e4\u00e4n kuormayksik\u00f6n laivattavaksi vetoauton kuljettajan on poistuttava satama-alueelta.<\/p>\n<p>KAPPALETAVARAKULJETUKSET<br \/>\nKappaletavarakuljetukset voidaan laivata vain erillisen sopimuksen mukaan. Tavaran luovutuksen yhteydess\u00e4 l\u00e4hett\u00e4j\u00e4n on esitett\u00e4v\u00e4 yksityiskohtainen tavaraluettelo ja t\u00e4ytett\u00e4v\u00e4 luovutustodistus.<br \/>\nKaikki kappaletavarakuljetukset tarkastetaan silm\u00e4m\u00e4\u00e4r\u00e4isesti.<\/p>\n<\/div><\/div><\/section>\n<section class='av_tab_section av_tab_section av-18rg792-15e32a2bf3dbf8bb714ab403e7114df2'  itemscope=\"itemscope\" itemtype=\"https:\/\/schema.org\/CreativeWork\" ><div id='tab-id-2-tab' class='tab' role='tab' aria-selected=\"false\" tabindex=\"0\" data-fake-id='#tab-id-2' aria-controls='tab-id-2-content'  itemprop=\"headline\" >Turvallisuustaso 2<\/div><div id='tab-id-2-content' class='tab_content' role='tabpanel' aria-labelledby='tab-id-2-tab' aria-hidden=\"true\"><div class='tab_inner_content invers-color'  itemprop=\"text\" ><h3>Turvallisuustaso 2<\/h3>\n<p>Turvallisuustaso 2 tarkoittaa korotettua valmiusastetta ISPS-alueella. T\u00e4m\u00e4n tason yksityiskohtainen tavaraluettelo tarkoittaa kuljetusasiakirjaa, josta ilmenee vastaanottaja, l\u00e4hett\u00e4j\u00e4, kokonaispaino sek\u00e4 tavaran laatu ja kollim\u00e4\u00e4r\u00e4. Yrityshenkil\u00f6llisyystodistuksella tarkoitetaan ID-korttia, joka vahvistaa kuljettajan henkil\u00f6llisyyden ja h\u00e4nen edustamansa kuljetusyrityksen. Turvallisuustaso 1 m\u00e4\u00e4r\u00e4ysten lis\u00e4ksi seuraavat vaatimukset ovat voimassa:<\/p>\n<p>KUORMA-AUTOT JA AJONEUVOT JOISSA ON KULJETTAJA<br \/>\nYksik\u00f6n on saavuttava satamaan v\u00e4hint\u00e4\u00e4n 2 tuntia ennen l\u00e4ht\u00f6\u00e4. Kuljettajan ja mahdollisen apukuljettajan on vahvistettava henkil\u00f6llisyytens\u00e4 ja esitett\u00e4v\u00e4 yrityshenkil\u00f6llisyystodistus. L\u00e4ht\u00f6selvityksess\u00e4 kuljettajan on esitett\u00e4v\u00e4 yksityiskohtainen tavaraluettelo lastista.<br \/>\nK\u00c4SITELT\u00c4V\u00c4 TAVARA (esim. trailerit, kontit, veneet, alustat)<br \/>\nYksik\u00f6n on saavuttava satamaan v\u00e4hint\u00e4\u00e4n 2 tuntia ennen l\u00e4ht\u00f6\u00e4. T\u00e4ss\u00e4 yhteydess\u00e4 on vetoauton kuljettajan vahvistettava henkil\u00f6llisyytens\u00e4 ja esitett\u00e4v\u00e4 yksityiskohtainen tavaraluettelo sek\u00e4 voimassaolevien s\u00e4\u00e4nn\u00f6sten vaatimukset t\u00e4ytt\u00e4v\u00e4 asiakirja mahdollisista vaarallisista aineista.<\/p>\n<\/div><\/div><\/section>\n<section class='av_tab_section av_tab_section av-jlrlti-43ae56849b778bf27a52d9d88ad016a0'  itemscope=\"itemscope\" itemtype=\"https:\/\/schema.org\/CreativeWork\" ><div id='tab-id-3-tab' class='tab' role='tab' aria-selected=\"false\" tabindex=\"0\" data-fake-id='#tab-id-3' aria-controls='tab-id-3-content'  itemprop=\"headline\" >Turvallisuustaso 3 <\/div><div id='tab-id-3-content' class='tab_content' role='tabpanel' aria-labelledby='tab-id-3-tab' aria-hidden=\"true\"><div class='tab_inner_content invers-color'  itemprop=\"text\" ><h3>Turvallisuustaso 3<\/h3>\n<p>Turvallisuustaso 3 on ISPS:n korkein valmiusaste. T\u00e4m\u00e4 taso astuu voimaan esim. v\u00e4litt\u00f6m\u00e4n pommiuhan tai muun vaaran uhatessa. Lastin k\u00e4sittely t\u00e4ll\u00e4 tasolla tapahtuu viranomaisten ohjeiden mukaan.<\/p>\n<\/div><\/div><\/section>\n<\/div>\n","protected":false},"excerpt":{"rendered":"","protected":false},"author":1,"featured_media":0,"parent":331,"menu_order":0,"comment_status":"closed","ping_status":"closed","template":"","meta":{"_acf_changed":false,"footnotes":""},"class_list":["post-758","page","type-page","status-publish","hentry"],"acf":[],"publishpress_future_action":{"enabled":false,"date":"2026-04-24 14:58:00","action":"change-status","newStatus":"draft","terms":[],"taxonomy":"translation_priority","extraData":[]},"publishpress_future_workflow_manual_trigger":{"enabledWorkflows":[]},"_links":{"self":[{"href":"https:\/\/www.wasaline.com\/fi\/wp-json\/wp\/v2\/pages\/758","targetHints":{"allow":["GET"]}}],"collection":[{"href":"https:\/\/www.wasaline.com\/fi\/wp-json\/wp\/v2\/pages"}],"about":[{"href":"https:\/\/www.wasaline.com\/fi\/wp-json\/wp\/v2\/types\/page"}],"author":[{"embeddable":true,"href":"https:\/\/www.wasaline.com\/fi\/wp-json\/wp\/v2\/users\/1"}],"replies":[{"embeddable":true,"href":"https:\/\/www.wasaline.com\/fi\/wp-json\/wp\/v2\/comments?post=758"}],"version-history":[{"count":3,"href":"https:\/\/www.wasaline.com\/fi\/wp-json\/wp\/v2\/pages\/758\/revisions"}],"predecessor-version":[{"id":26635,"href":"https:\/\/www.wasaline.com\/fi\/wp-json\/wp\/v2\/pages\/758\/revisions\/26635"}],"up":[{"embeddable":true,"href":"https:\/\/www.wasaline.com\/fi\/wp-json\/wp\/v2\/pages\/331"}],"wp:attachment":[{"href":"https:\/\/www.wasaline.com\/fi\/wp-json\/wp\/v2\/media?parent=758"}],"curies":[{"name":"wp","href":"https:\/\/api.w.org\/{rel}","templated":true}]}}