{"id":76674,"date":"2025-08-13T10:01:50","date_gmt":"2025-08-13T08:01:50","guid":{"rendered":"https:\/\/www.wasaline.com\/?page_id=76674"},"modified":"2025-08-13T10:01:50","modified_gmt":"2025-08-13T08:01:50","slug":"ymparistomaksu","status":"publish","type":"page","link":"https:\/\/www.wasaline.com\/fi\/ymparistomaksu\/","title":{"rendered":"Ymp\u00e4rist\u00f6maksu"},"content":{"rendered":"<div id='full_slider_1'  class='avia-fullwidth-slider main_color avia-shadow   avia-builder-el-0  el_before_av_heading  avia-builder-el-first   container_wrap fullsize'  ><div  class='avia-slideshow av-losi83lj-f4daa36f8e6257ce771f7d70b37d87ea avia-slideshow-featured av_slideshow_full avia-slide-slider av-slideshow-ui av-control-default av-slideshow-manual av-loop-once av-loop-manual-endless av-default-height-applied   avia-slideshow-1' data-slideshow-options=\"{&quot;animation&quot;:&quot;slide&quot;,&quot;autoplay&quot;:false,&quot;loop_autoplay&quot;:&quot;once&quot;,&quot;interval&quot;:5,&quot;loop_manual&quot;:&quot;manual-endless&quot;,&quot;autoplay_stopper&quot;:false,&quot;noNavigation&quot;:false,&quot;bg_slider&quot;:false,&quot;keep_padding&quot;:false,&quot;hoverpause&quot;:false,&quot;show_slide_delay&quot;:0}\"  itemprop=\"image\" itemscope=\"itemscope\" itemtype=\"https:\/\/schema.org\/ImageObject\" ><ul class='avia-slideshow-inner ' style='padding-bottom: 28.666666666667%;'><li  class='avia-slideshow-slide av-losi83lj-f4daa36f8e6257ce771f7d70b37d87ea__0  av-single-slide slide-1 slide-odd'><div data-rel='slideshow-1' class='avia-slide-wrap '   ><img decoding=\"async\" fetchpriority=\"high\" class=\"wp-image-46669 avia-img-lazy-loading-not-46669\"  src=\"https:\/\/www.wasaline.com\/wp-content\/uploads\/2023\/11\/miljobild-dawn-1500x430.jpg\" width=\"1500\" height=\"430\" title='miljobild-dawn' alt=''  itemprop=\"thumbnailUrl\"   \/><\/div><\/li><\/ul><\/div><\/div><div id='after_full_slider_1'  class='main_color av_default_container_wrap container_wrap fullsize'  ><div class='container av-section-cont-open' ><div class='template-page content  av-content-full alpha units'><div class='post-entry post-entry-type-page post-entry-76674'><div class='entry-content-wrapper clearfix'>\n\n<style type=\"text\/css\" data-created_by=\"avia_inline_auto\" id=\"style-css-av-losgvs00-d29b40dacdb2ea7132d90bf147391d23\">\n#top .av-special-heading.av-losgvs00-d29b40dacdb2ea7132d90bf147391d23{\npadding-bottom:10px;\n}\nbody .av-special-heading.av-losgvs00-d29b40dacdb2ea7132d90bf147391d23 .av-special-heading-tag .heading-char{\nfont-size:25px;\n}\n.av-special-heading.av-losgvs00-d29b40dacdb2ea7132d90bf147391d23 .av-subheading{\nfont-size:15px;\n}\n<\/style>\n<div  class='av-special-heading av-losgvs00-d29b40dacdb2ea7132d90bf147391d23 av-special-heading-h1 blockquote modern-quote modern-centered  avia-builder-el-1  el_after_av_slideshow_full  el_before_av_layout_row  avia-builder-el-no-sibling '><h1 class='av-special-heading-tag '  itemprop=\"headline\"  >Ymp\u00e4rist\u00f6maksu<\/h1><div class=\"special-heading-border\"><div class=\"special-heading-inner-border\"><\/div><\/div><\/div>\n<\/div><\/div><\/div><!-- close content main div --><\/div><\/div><div id='av-layout-grid-1'  class='av-layout-grid-container av-medp5pv-e76dcf7662498562b676a830c8dc9c6b entry-content-wrapper main_color av-flex-cells  avia-builder-el-2  el_after_av_heading  el_before_av_section  grid-row-not-first  container_wrap fullsize'  >\n\n<style type=\"text\/css\" data-created_by=\"avia_inline_auto\" id=\"style-css-av-lnvflbn-e950e77a91d1c5c137c616c3e2b86a62\">\n.flex_cell.av-lnvflbn-e950e77a91d1c5c137c616c3e2b86a62{\nvertical-align:top;\n}\n<\/style>\n<div class='flex_cell av-lnvflbn-e950e77a91d1c5c137c616c3e2b86a62 av-gridrow-cell av_one_half no_margin  avia-builder-el-3  el_before_av_cell_one_half  avia-builder-el-first  content-align-top'  ><div class='flex_cell_inner'><p>\n<style type=\"text\/css\" data-created_by=\"avia_inline_auto\" id=\"style-css-av-losia9fl-ffffc765193c32719f0e9ae4d7c0f54c\">\n#top .av-special-heading.av-losia9fl-ffffc765193c32719f0e9ae4d7c0f54c{\npadding-bottom:10px;\n}\nbody .av-special-heading.av-losia9fl-ffffc765193c32719f0e9ae4d7c0f54c .av-special-heading-tag .heading-char{\nfont-size:25px;\n}\n.av-special-heading.av-losia9fl-ffffc765193c32719f0e9ae4d7c0f54c .av-subheading{\nfont-size:15px;\n}\n<\/style>\n<div  class='av-special-heading av-losia9fl-ffffc765193c32719f0e9ae4d7c0f54c av-special-heading-h2 blockquote modern-quote  avia-builder-el-4  el_before_av_textblock  avia-builder-el-first '><h2 class='av-special-heading-tag '  itemprop=\"headline\"  >Taustaa<\/h2><div class=\"special-heading-border\"><div class=\"special-heading-inner-border\"><\/div><\/div><\/div><br \/>\n<section  class='av_textblock_section av-losgy52b-df6436eeec24e48b92a0497370977e9b '   itemscope=\"itemscope\" itemtype=\"https:\/\/schema.org\/CreativeWork\" ><div class='avia_textblock'  itemprop=\"text\" ><p><span data-teams=\"true\">Wasaline on allekirjoittanut biokaasusopimuksen Gasumin kanssa sek\u00e4 Fuel EU Maritime -poolisopimuksen Stena Linen kanssa. <\/span><span data-teams=\"true\">Sopimusten ansiosta Wasaline voi jatkossa k\u00e4ytt\u00e4\u00e4 ainoastaan biopolttoaineita. <\/span><span data-teams=\"true\">T\u00e4m\u00e4 tekee Vaasan ja Uumajan v\u00e4lisest\u00e4 reitist\u00e4 my\u00f6s ensimm\u00e4isen toiminnassa olevan kansainv\u00e4lisen vihre\u00e4n merikuljetusk\u00e4yt\u00e4v\u00e4n (Green Shipping Corridor) DNV:n johtaman Nordic Roadmap -hankkeen tuella. <\/span><\/p>\n<p><span data-teams=\"true\">Wasalinen ilmastotavoite olla hiilineutraali oli alun perin asetettu vuodelle 2030, mutta se saavutettiin jo elokuussa 2025.<\/span><\/p>\n<p><a href=\"https:\/\/www.wasaline.com\/fi\/portfolio-item\/hiilineutraali-varustamo\/\">Lue lis\u00e4\u00e4 \u2192<\/a><\/p>\n<\/div><\/section><\/p>\n<\/div><\/div>\n<style type=\"text\/css\" data-created_by=\"avia_inline_auto\" id=\"style-css-av-l6qdxyr-cde0bdb836db0387fa7058dbf4bcaae8\">\n.flex_cell.av-l6qdxyr-cde0bdb836db0387fa7058dbf4bcaae8{\nvertical-align:top;\n}\n<\/style>\n<div class='flex_cell av-l6qdxyr-cde0bdb836db0387fa7058dbf4bcaae8 av-gridrow-cell av_one_half no_margin  avia-builder-el-6  el_after_av_cell_one_half  avia-builder-el-last  content-align-top'  ><div class='flex_cell_inner'><p>\n<style type=\"text\/css\" data-created_by=\"avia_inline_auto\" id=\"style-css-av-losianul-9231fa0f01c1fc294a2c8a5570d1737c\">\n#top .av-special-heading.av-losianul-9231fa0f01c1fc294a2c8a5570d1737c{\npadding-bottom:10px;\n}\nbody .av-special-heading.av-losianul-9231fa0f01c1fc294a2c8a5570d1737c .av-special-heading-tag .heading-char{\nfont-size:25px;\n}\n.av-special-heading.av-losianul-9231fa0f01c1fc294a2c8a5570d1737c .av-subheading{\nfont-size:15px;\n}\n<\/style>\n<div  class='av-special-heading av-losianul-9231fa0f01c1fc294a2c8a5570d1737c av-special-heading-h2 blockquote modern-quote  avia-builder-el-7  el_before_av_textblock  avia-builder-el-first '><h2 class='av-special-heading-tag '  itemprop=\"headline\"  >Mihin maksu k\u00e4ytet\u00e4\u00e4n<\/h2><div class=\"special-heading-border\"><div class=\"special-heading-inner-border\"><\/div><\/div><\/div><br \/>\n<section  class='av_textblock_section av-losgzv7y-0a0f3d6a48aefda79e7bd6fc82872e2d '   itemscope=\"itemscope\" itemtype=\"https:\/\/schema.org\/CreativeWork\" ><div class='avia_textblock'  itemprop=\"text\" ><p>Vastuullisuussuunnitelmamme mukaisesti Wasaline jatkaa investointeja kest\u00e4v\u00e4n kehityksen hankkeisiin, kuten maas\u00e4hk\u00f6\u00f6n, tehokkaampiin terminaalitoimintoihin ja alusten teknisiin muutoksiin v\u00e4hent\u00e4\u00e4kseen p\u00e4\u00e4st\u00f6j\u00e4.<\/p>\n<p>Ymp\u00e4rist\u00f6maksut koskevat kaikkia lipputyyppej\u00e4mme, ja ne koskevat my\u00f6s ryhmi\u00e4 ja rahtia.<\/p>\n<p>Ymp\u00e4rist\u00f6maksun k\u00e4ytt\u00f6\u00f6noton my\u00f6t\u00e4 ETS-, satama- ja polttoainelis\u00e4maksua ei en\u00e4\u00e4 perit\u00e4.<\/p>\n<\/div><\/section><\/p>\n<\/div><\/div><\/div>\n<style type=\"text\/css\" data-created_by=\"avia_inline_auto\" id=\"style-css-av-losic2dn-a5b37af5c80f5d047439e09b074ff6fe\">\n.avia-section.av-losic2dn-a5b37af5c80f5d047439e09b074ff6fe{\nbackground-color:#efefef;\nbackground-image:unset;\n}\n<\/style>\n<div id='av_section_1'  class='avia-section av-losic2dn-a5b37af5c80f5d047439e09b074ff6fe main_color avia-section-default avia-no-border-styling  avia-builder-el-9  el_after_av_layout_row  avia-builder-el-last  avia-bg-style-scroll container_wrap fullsize'  ><div class='container av-section-cont-open' ><div class='template-page content  av-content-full alpha units'><div class='post-entry post-entry-type-page post-entry-76674'><div class='entry-content-wrapper clearfix'>\n\n<style type=\"text\/css\" data-created_by=\"avia_inline_auto\" id=\"style-css-av-losh21mz-ad68b539c555f2b26f0793f6c2e53ffb\">\n#top .av-special-heading.av-losh21mz-ad68b539c555f2b26f0793f6c2e53ffb{\npadding-bottom:10px;\n}\nbody .av-special-heading.av-losh21mz-ad68b539c555f2b26f0793f6c2e53ffb .av-special-heading-tag .heading-char{\nfont-size:25px;\n}\n.av-special-heading.av-losh21mz-ad68b539c555f2b26f0793f6c2e53ffb .av-subheading{\nfont-size:15px;\n}\n<\/style>\n<div  class='av-special-heading av-losh21mz-ad68b539c555f2b26f0793f6c2e53ffb av-special-heading-h2 blockquote modern-quote modern-centered  avia-builder-el-10  el_before_av_heading  avia-builder-el-first '><h2 class='av-special-heading-tag '  itemprop=\"headline\"  >Ymp\u00e4rist\u00f6maksut <\/h2><div class='av-subheading av-subheading_below'><p>Hinnasto 13.8.2025 alkaen<\/p>\n<\/div><div class=\"special-heading-border\"><div class=\"special-heading-inner-border\"><\/div><\/div><\/div>\n\n<style type=\"text\/css\" data-created_by=\"avia_inline_auto\" id=\"style-css-av-lpktng5v-aea157f7db69bcb7139e8d2bedcd7a75\">\n#top .av-special-heading.av-lpktng5v-aea157f7db69bcb7139e8d2bedcd7a75{\npadding-bottom:10px;\n}\nbody .av-special-heading.av-lpktng5v-aea157f7db69bcb7139e8d2bedcd7a75 .av-special-heading-tag .heading-char{\nfont-size:25px;\n}\n.av-special-heading.av-lpktng5v-aea157f7db69bcb7139e8d2bedcd7a75 .av-subheading{\nfont-size:15px;\n}\n<\/style>\n<div  class='av-special-heading av-lpktng5v-aea157f7db69bcb7139e8d2bedcd7a75 av-special-heading-h3 blockquote modern-quote  avia-builder-el-11  el_after_av_heading  el_before_av_table '><h3 class='av-special-heading-tag '  itemprop=\"headline\"  >Matkustajat<\/h3><div class=\"special-heading-border\"><div class=\"special-heading-inner-border\"><\/div><\/div><\/div>\n<div class='avia-data-table-wrap av-c2mp6f5-59c9c461f5354cd8863eb30877f4b1a5 avia_responsive_table avia-table-1'><table  class='avia-table avia-data-table avia_pricing_default  avia-builder-el-12  el_after_av_heading  el_before_av_textblock '  itemscope=\"itemscope\" itemtype=\"https:\/\/schema.org\/Table\" ><tbody><tr class='avia-heading-row'><th class=''>Matkustajatyyppi<\/th><th class=''>Yhdensuuntainen matka<\/th><th class=''>P\u00e4iv\u00e4risteily*<\/th><\/tr><tr class=''><td class=''>Aikuinen**<\/td><td class=''>2\u20ac\/22 SEK<\/td><td class=''>2\u20ac\/22 SEK<\/td><\/tr><tr class=''><td class=''>Lapsi 6-17 vuotta<\/td><td class=''>1\u20ac\/11 SEK<\/td><td class=''>1\u20ac\/11 SEK<\/td><\/tr><tr class=''><td class=''>Lapsi 0-5 vuotta<\/td><td class=''>&#8211;<\/td><td class=''>&#8211;<\/td><\/tr><\/tbody><\/table><\/div><style type='text\/css'>.avia-table-1 td:nth-of-type(1):before { content: 'Matkustajatyyppi'; } .avia-table-1 td:nth-of-type(2):before { content: 'Yhdensuuntainen matka'; } .avia-table-1 td:nth-of-type(3):before { content: 'P\u00e4iv\u00e4risteily*'; } <\/style>\n<section  class='av_textblock_section av-lpktrdyx-ee9deb0c923679435605eaf02a075ba1 '   itemscope=\"itemscope\" itemtype=\"https:\/\/schema.org\/CreativeWork\" ><div class='avia_textblock'  itemprop=\"text\" ><p>*) P\u00e4iv\u00e4risteily tai P\u00e4iv\u00e4risteily ja k\u00e4ynti maissa: meno ja paluu saman vuorokauden aikana<br \/>\n**) Koskee kaikkia matkustajia, my\u00f6s henkil\u00f6st\u00f6- ja vapaalippuja<\/p>\n<\/div><\/section>\n\n<style type=\"text\/css\" data-created_by=\"avia_inline_auto\" id=\"style-css-av-lpktxbbo-4f947a6ef022bb49f2e92e7c51b48d36\">\n#top .av-special-heading.av-lpktxbbo-4f947a6ef022bb49f2e92e7c51b48d36{\npadding-bottom:10px;\n}\nbody .av-special-heading.av-lpktxbbo-4f947a6ef022bb49f2e92e7c51b48d36 .av-special-heading-tag .heading-char{\nfont-size:25px;\n}\n.av-special-heading.av-lpktxbbo-4f947a6ef022bb49f2e92e7c51b48d36 .av-subheading{\nfont-size:15px;\n}\n<\/style>\n<div  class='av-special-heading av-lpktxbbo-4f947a6ef022bb49f2e92e7c51b48d36 av-special-heading-h3 blockquote modern-quote  avia-builder-el-14  el_after_av_textblock  el_before_av_table '><h3 class='av-special-heading-tag '  itemprop=\"headline\"  >Ajoneuvot<\/h3><div class=\"special-heading-border\"><div class=\"special-heading-inner-border\"><\/div><\/div><\/div>\n<div class='avia-data-table-wrap av-dqfvboz-144698120fadb47ed2ca0c7eff3ac40d avia_responsive_table avia-table-2'><table  class='avia-table avia-data-table avia_pricing_default  avia-builder-el-15  el_after_av_heading  el_before_av_textblock '  itemscope=\"itemscope\" itemtype=\"https:\/\/schema.org\/Table\" ><tbody><tr class='avia-heading-row'><th class=''>Ajoneuvotyyppi<\/th><th class=''>Yhdensuuntainen matka<\/th><th class=''>P\u00e4iv\u00e4risteily*<\/th><\/tr><tr class=''><td class=''>Polkupy\u00f6r\u00e4<\/td><td class=''>&#8211;<\/td><td class=''>&#8211;<\/td><\/tr><tr class=''><td class=''>Moottoripy\u00f6r\u00e4<\/td><td class=''>1\u20ac\/11 SEK<\/td><td class=''>1\u20ac\/11 SEK<\/td><\/tr><tr class=''><td class=''>Auto alle 6 m, kaikki korkeudet<\/td><td class=''>3\u20ac\/33 SEK<\/td><td class=''>3\u20ac\/33 SEK<\/td><\/tr><tr class=''><td class=''>Auto 6-9 m<\/td><td class=''>4\u20ac\/44 SEK<\/td><td class=''>4\u20ac\/44 SEK<\/td><\/tr><tr class=''><td class=''>Auto 9-12 m<\/td><td class=''>5\u20ac\/55 SEK<\/td><td class=''>5\u20ac\/55 SEK<\/td><\/tr><tr class=''><td class=''>Auto yli 12 m, linja-autot<\/td><td class=''>7,80\u20ac\/85,8 SEK<\/td><td class=''>7,80\u20ac\/85,8 SEK<\/td><\/tr><\/tbody><\/table><\/div><style type='text\/css'>.avia-table-2 td:nth-of-type(1):before { content: 'Ajoneuvotyyppi'; } .avia-table-2 td:nth-of-type(2):before { content: 'Yhdensuuntainen matka'; } .avia-table-2 td:nth-of-type(3):before { content: 'P\u00e4iv\u00e4risteily*'; } <\/style>\n<section  class='av_textblock_section av-lpktv3nt-f42fe3a7ab55ac9675ee38909cc6e109 '   itemscope=\"itemscope\" itemtype=\"https:\/\/schema.org\/CreativeWork\" ><div class='avia_textblock'  itemprop=\"text\" ><p>*) P\u00e4iv\u00e4risteily ja k\u00e4ynti maissa: meno ja paluu saman vuorokauden aikana<\/p>\n<\/div><\/section>\n\n<style type=\"text\/css\" data-created_by=\"avia_inline_auto\" id=\"style-css-av-lpktvey3-65d1464ad97044d02dddf5d715bfad51\">\n#top .av-special-heading.av-lpktvey3-65d1464ad97044d02dddf5d715bfad51{\npadding-bottom:10px;\n}\nbody .av-special-heading.av-lpktvey3-65d1464ad97044d02dddf5d715bfad51 .av-special-heading-tag .heading-char{\nfont-size:25px;\n}\n.av-special-heading.av-lpktvey3-65d1464ad97044d02dddf5d715bfad51 .av-subheading{\nfont-size:15px;\n}\n<\/style>\n<div  class='av-special-heading av-lpktvey3-65d1464ad97044d02dddf5d715bfad51 av-special-heading-h3 blockquote modern-quote  avia-builder-el-17  el_after_av_textblock  el_before_av_textblock '><h3 class='av-special-heading-tag '  itemprop=\"headline\"  >Rahti<\/h3><div class=\"special-heading-border\"><div class=\"special-heading-inner-border\"><\/div><\/div><\/div>\n<section  class='av_textblock_section av-lpktw9st-9522d3def59e67dc911ba0aabe3f5184 '   itemscope=\"itemscope\" itemtype=\"https:\/\/schema.org\/CreativeWork\" ><div class='avia_textblock'  itemprop=\"text\" ><p><a href=\"https:\/\/www.wasaline.com\/fi\/rahti\/yhteystiedot-rahti\/\">Ota yhteytt\u00e4 rahtimyyntiin<\/a> ja pyyd\u00e4 arvio<\/p>\n<\/div><\/section>\n<\/p>\n","protected":false},"excerpt":{"rendered":"","protected":false},"author":4,"featured_media":0,"parent":0,"menu_order":0,"comment_status":"closed","ping_status":"closed","template":"","meta":{"_acf_changed":false,"footnotes":""},"class_list":["post-76674","page","type-page","status-publish","hentry"],"acf":[],"publishpress_future_action":{"enabled":false,"date":"2026-04-22 01:03:06","action":"change-status","newStatus":"draft","terms":[],"taxonomy":"translation_priority","extraData":[]},"publishpress_future_workflow_manual_trigger":{"enabledWorkflows":[]},"_links":{"self":[{"href":"https:\/\/www.wasaline.com\/fi\/wp-json\/wp\/v2\/pages\/76674","targetHints":{"allow":["GET"]}}],"collection":[{"href":"https:\/\/www.wasaline.com\/fi\/wp-json\/wp\/v2\/pages"}],"about":[{"href":"https:\/\/www.wasaline.com\/fi\/wp-json\/wp\/v2\/types\/page"}],"author":[{"embeddable":true,"href":"https:\/\/www.wasaline.com\/fi\/wp-json\/wp\/v2\/users\/4"}],"replies":[{"embeddable":true,"href":"https:\/\/www.wasaline.com\/fi\/wp-json\/wp\/v2\/comments?post=76674"}],"version-history":[{"count":3,"href":"https:\/\/www.wasaline.com\/fi\/wp-json\/wp\/v2\/pages\/76674\/revisions"}],"predecessor-version":[{"id":76679,"href":"https:\/\/www.wasaline.com\/fi\/wp-json\/wp\/v2\/pages\/76674\/revisions\/76679"}],"wp:attachment":[{"href":"https:\/\/www.wasaline.com\/fi\/wp-json\/wp\/v2\/media?parent=76674"}],"curies":[{"name":"wp","href":"https:\/\/api.w.org\/{rel}","templated":true}]}}