{"id":77344,"date":"2025-09-29T15:46:48","date_gmt":"2025-09-29T13:46:48","guid":{"rendered":"https:\/\/www.wasaline.com\/?page_id=77344"},"modified":"2025-09-29T15:51:10","modified_gmt":"2025-09-29T13:51:10","slug":"baf-ymparistomaksu","status":"publish","type":"page","link":"https:\/\/www.wasaline.com\/fi\/rahti\/baf-ymparistomaksu\/","title":{"rendered":"BAF ja ymp\u00e4rist\u00f6maksu"},"content":{"rendered":"<div id='full_slider_1'  class='avia-fullwidth-slider main_color avia-shadow   avia-builder-el-0  el_before_av_hr  avia-builder-el-first   container_wrap fullsize'  ><div  class='avia-slideshow av-av_slideshow_full-5f16a0feecc1e744faeb792b1950c7b6 avia-slideshow-featured_large av_slideshow_full avia-slide-slider av-slideshow-ui av-control-hidden av-no-slider-navigation av-hide-nav-arrows av-slideshow-manual av-loop-once av-loop-manual-endless av-default-height-applied   avia-slideshow-1' data-slideshow-options=\"{&quot;animation&quot;:&quot;slide&quot;,&quot;autoplay&quot;:false,&quot;loop_autoplay&quot;:&quot;once&quot;,&quot;interval&quot;:5,&quot;loop_manual&quot;:&quot;manual-endless&quot;,&quot;autoplay_stopper&quot;:false,&quot;noNavigation&quot;:true,&quot;bg_slider&quot;:false,&quot;keep_padding&quot;:false,&quot;hoverpause&quot;:false,&quot;show_slide_delay&quot;:0}\"  itemprop=\"image\" itemscope=\"itemscope\" itemtype=\"https:\/\/schema.org\/ImageObject\" ><ul class='avia-slideshow-inner ' style='padding-bottom: 42%;'><li  class='avia-slideshow-slide av-av_slideshow_full-5f16a0feecc1e744faeb792b1950c7b6__0  av-single-slide slide-1 slide-odd'><div data-rel='slideshow-1' class='avia-slide-wrap '   ><img decoding=\"async\" fetchpriority=\"high\" class=\"wp-image-61407 avia-img-lazy-loading-not-61407\"  src=\"https:\/\/www.wasaline.com\/wp-content\/uploads\/2024\/08\/driversclub-panorama.jpg\" width=\"1500\" height=\"630\" title='driversclub-panorama' alt='Trucks waiting at port of Vaasa'  itemprop=\"thumbnailUrl\" srcset=\"https:\/\/www.wasaline.com\/wp-content\/uploads\/2024\/08\/driversclub-panorama.jpg 1500w, https:\/\/www.wasaline.com\/wp-content\/uploads\/2024\/08\/driversclub-panorama-300x126.jpg 300w, https:\/\/www.wasaline.com\/wp-content\/uploads\/2024\/08\/driversclub-panorama-1030x433.jpg 1030w, https:\/\/www.wasaline.com\/wp-content\/uploads\/2024\/08\/driversclub-panorama-768x323.jpg 768w, https:\/\/www.wasaline.com\/wp-content\/uploads\/2024\/08\/driversclub-panorama-705x296.jpg 705w\" sizes=\"(max-width: 1500px) 100vw, 1500px\" \/><\/div><\/li><\/ul><\/div><\/div><div id='after_full_slider_1'  class='main_color av_default_container_wrap container_wrap fullsize'  ><div class='container av-section-cont-open' ><div class='template-page content  av-content-full alpha units'><div class='post-entry post-entry-type-page post-entry-77344'><div class='entry-content-wrapper clearfix'>\n\n<style type=\"text\/css\" data-created_by=\"avia_inline_auto\" id=\"style-css-av-av_hr-b6c4b21a5338a2e64f386140d2cee6be\">\n#top .hr.hr-invisible.av-av_hr-b6c4b21a5338a2e64f386140d2cee6be{\nheight:20px;\n}\n<\/style>\n<div  class='hr av-av_hr-b6c4b21a5338a2e64f386140d2cee6be hr-invisible  avia-builder-el-1  el_after_av_slideshow_full  el_before_av_two_third  avia-builder-el-first '><span class='hr-inner '><span class=\"hr-inner-style\"><\/span><\/span><\/div>\n<div  class='flex_column av-av_two_third-c3b372ad6f1642cd7c92869ade45eb87 av_two_third  avia-builder-el-2  el_after_av_hr  el_before_av_one_third  first flex_column_div  '     ><style type=\"text\/css\" data-created_by=\"avia_inline_auto\" id=\"style-css-av-mg56rjd4-467b38e18108e0a1195b712d2cfa5774\">\n#top .av-special-heading.av-mg56rjd4-467b38e18108e0a1195b712d2cfa5774{\npadding-bottom:10px;\n}\nbody .av-special-heading.av-mg56rjd4-467b38e18108e0a1195b712d2cfa5774 .av-special-heading-tag .heading-char{\nfont-size:25px;\n}\n.av-special-heading.av-mg56rjd4-467b38e18108e0a1195b712d2cfa5774 .av-subheading{\nfont-size:15px;\n}\n<\/style>\n<div  class='av-special-heading av-mg56rjd4-467b38e18108e0a1195b712d2cfa5774 av-special-heading-h1 blockquote modern-quote  avia-builder-el-3  avia-builder-el-no-sibling '><h1 class='av-special-heading-tag '  itemprop=\"headline\"  >BAF (Bunker Adjustment Factor) ja ymp\u00e4rist\u00f6maksu<\/h1><div class=\"special-heading-border\"><div class=\"special-heading-inner-border\"><\/div><\/div><\/div><\/div><div  class='flex_column av-av_one_third-bf177abbbce1c9cf2c6ed92dfc2b3b8c av_one_third  avia-builder-el-4  el_after_av_two_third  el_before_av_one_full  flex_column_div av-hide-on-mobile  '     ><style type=\"text\/css\" data-created_by=\"avia_inline_auto\" id=\"style-css-av-av_image-51bed35eec7dce309caa2fb6a7ae779a\">\n.avia-image-container.av-av_image-51bed35eec7dce309caa2fb6a7ae779a img.avia_image{\nbox-shadow:none;\n}\n.avia-image-container.av-av_image-51bed35eec7dce309caa2fb6a7ae779a .av-image-caption-overlay-center{\ncolor:#ffffff;\n}\n<\/style>\n<div  class='avia-image-container av-av_image-51bed35eec7dce309caa2fb6a7ae779a av-styling- avia-align-left  avia-builder-el-5  avia-builder-el-no-sibling '   itemprop=\"image\" itemscope=\"itemscope\" itemtype=\"https:\/\/schema.org\/ImageObject\" ><div class=\"avia-image-container-inner\"><div class=\"avia-image-overlay-wrap\"><img decoding=\"async\" fetchpriority=\"high\" class='wp-image-1319 avia-img-lazy-loading-not-1319 avia_image ' src=\"https:\/\/www.wasaline.com\/wp-content\/uploads\/2022\/09\/Wasaline_Cargo_logo_blue_RGB-300x87.png\" alt='Wasaline Cargo logo' title='Wasaline Cargo logo'  height=\"87\" width=\"300\"  itemprop=\"thumbnailUrl\" srcset=\"https:\/\/www.wasaline.com\/wp-content\/uploads\/2022\/09\/Wasaline_Cargo_logo_blue_RGB-300x87.png 300w, https:\/\/www.wasaline.com\/wp-content\/uploads\/2022\/09\/Wasaline_Cargo_logo_blue_RGB-1030x298.png 1030w, https:\/\/www.wasaline.com\/wp-content\/uploads\/2022\/09\/Wasaline_Cargo_logo_blue_RGB-768x222.png 768w, https:\/\/www.wasaline.com\/wp-content\/uploads\/2022\/09\/Wasaline_Cargo_logo_blue_RGB-1536x444.png 1536w, https:\/\/www.wasaline.com\/wp-content\/uploads\/2022\/09\/Wasaline_Cargo_logo_blue_RGB-2048x592.png 2048w, https:\/\/www.wasaline.com\/wp-content\/uploads\/2022\/09\/Wasaline_Cargo_logo_blue_RGB-1500x433.png 1500w, https:\/\/www.wasaline.com\/wp-content\/uploads\/2022\/09\/Wasaline_Cargo_logo_blue_RGB-705x204.png 705w\" sizes=\"(max-width: 300px) 100vw, 300px\" \/><\/div><\/div><\/div><\/div><\/p>\n<div  class='flex_column av-av_one_full-c3b372ad6f1642cd7c92869ade45eb87 av_one_full  avia-builder-el-6  el_after_av_one_third  avia-builder-el-last  first flex_column_div  column-top-margin'     ><section  class='av_textblock_section av-mg56s95b-c87df54ec406d95087be3fde44ec5519 '   itemscope=\"itemscope\" itemtype=\"https:\/\/schema.org\/CreativeWork\" ><div class='avia_textblock'  itemprop=\"text\" ><p>Elokuuta alkaen Wasaline perii ymp\u00e4rist\u00f6maksun ETS-lis\u00e4maksun sijasta, koska toimintamme on hiilineutraalia. Ymp\u00e4rist\u00f6maksu perustuu polttoaineen kulutukseen ja hiilidioksidin markkinahintaan. <a href=\"https:\/\/www.wasaline.com\/fi\/ymparistomaksu\/\">P\u00e4ivitetyn BAF- ja ymp\u00e4rist\u00f6 maksulis\u00e4n l\u00f6yd\u00e4t t\u00e4\u00e4lt\u00e4 kotisivuiltamme.<\/a><\/p>\n<\/div><\/section><\/div>\n","protected":false},"excerpt":{"rendered":"","protected":false},"author":3,"featured_media":0,"parent":331,"menu_order":0,"comment_status":"closed","ping_status":"closed","template":"","meta":{"_acf_changed":false,"footnotes":""},"class_list":["post-77344","page","type-page","status-publish","hentry"],"acf":[],"publishpress_future_action":{"enabled":false,"date":"2026-04-28 10:00:04","action":"change-status","newStatus":"draft","terms":[],"taxonomy":"translation_priority","extraData":[]},"publishpress_future_workflow_manual_trigger":{"enabledWorkflows":[]},"_links":{"self":[{"href":"https:\/\/www.wasaline.com\/fi\/wp-json\/wp\/v2\/pages\/77344","targetHints":{"allow":["GET"]}}],"collection":[{"href":"https:\/\/www.wasaline.com\/fi\/wp-json\/wp\/v2\/pages"}],"about":[{"href":"https:\/\/www.wasaline.com\/fi\/wp-json\/wp\/v2\/types\/page"}],"author":[{"embeddable":true,"href":"https:\/\/www.wasaline.com\/fi\/wp-json\/wp\/v2\/users\/3"}],"replies":[{"embeddable":true,"href":"https:\/\/www.wasaline.com\/fi\/wp-json\/wp\/v2\/comments?post=77344"}],"version-history":[{"count":2,"href":"https:\/\/www.wasaline.com\/fi\/wp-json\/wp\/v2\/pages\/77344\/revisions"}],"predecessor-version":[{"id":77346,"href":"https:\/\/www.wasaline.com\/fi\/wp-json\/wp\/v2\/pages\/77344\/revisions\/77346"}],"up":[{"embeddable":true,"href":"https:\/\/www.wasaline.com\/fi\/wp-json\/wp\/v2\/pages\/331"}],"wp:attachment":[{"href":"https:\/\/www.wasaline.com\/fi\/wp-json\/wp\/v2\/media?parent=77344"}],"curies":[{"name":"wp","href":"https:\/\/api.w.org\/{rel}","templated":true}]}}